{"id":712,"date":"2022-11-15T21:40:07","date_gmt":"2022-11-15T21:40:07","guid":{"rendered":"https:\/\/mernokvagyok.hu\/vizgazdalkodas\/?page_id=712"},"modified":"2024-02-07T09:29:33","modified_gmt":"2024-02-07T09:29:33","slug":"tajekoztatok","status":"publish","type":"page","link":"https:\/\/mernokvagyok.hu\/vizgazdalkodas\/tajekoztatok\/","title":{"rendered":"T\u00e1j\u00e9koztat\u00f3k"},"content":{"rendered":"\n<figure class=\"wp-block-table is-style-stripes\"><table><thead><tr><th>Dokumentum c\u00edme<\/th><th>Tartalom<\/th><th>Megjelen\u00e9s d\u00e1tuma<\/th><th>Link a dokumentumhoz<\/th><\/tr><\/thead><tbody><tr><td>Szak\u00e9rt\u0151i Test\u00fclet m\u0171k\u00f6d\u00e9se<\/td><td>A Szak\u00e9rt\u0151i Test\u00fclet m\u0171k\u00f6d\u00e9s\u00e9t le\u00edr\u00f3 dokumentum<\/td><td><\/td><td><a href=\"https:\/\/mernokvagyok.hu\/vizgazdalkodas\/wp-content\/uploads\/2022\/11\/pdf2.pdf\" target=\"_blank\" rel=\"noreferrer noopener\">PDF<\/a><\/td><\/tr><\/tbody><\/table><\/figure>\n","protected":false},"excerpt":{"rendered":"<p>Dokumentum c\u00edme Tartalom Megjelen\u00e9s d\u00e1tuma Link a dokumentumhoz Szak\u00e9rt\u0151i Test\u00fclet m\u0171k\u00f6d\u00e9se A Szak\u00e9rt\u0151i Test\u00fclet m\u0171k\u00f6d\u00e9s\u00e9t le\u00edr\u00f3 dokumentum PDF<\/p>\n","protected":false},"author":871,"featured_media":0,"parent":0,"menu_order":0,"comment_status":"closed","ping_status":"closed","template":"","meta":{"_exactmetrics_skip_tracking":false,"_exactmetrics_sitenote_active":false,"_exactmetrics_sitenote_note":"","_exactmetrics_sitenote_category":0,"footnotes":""},"class_list":["post-712","page","type-page","status-publish","hentry"],"_links":{"self":[{"href":"https:\/\/mernokvagyok.hu\/vizgazdalkodas\/wp-json\/wp\/v2\/pages\/712","targetHints":{"allow":["GET"]}}],"collection":[{"href":"https:\/\/mernokvagyok.hu\/vizgazdalkodas\/wp-json\/wp\/v2\/pages"}],"about":[{"href":"https:\/\/mernokvagyok.hu\/vizgazdalkodas\/wp-json\/wp\/v2\/types\/page"}],"author":[{"embeddable":true,"href":"https:\/\/mernokvagyok.hu\/vizgazdalkodas\/wp-json\/wp\/v2\/users\/871"}],"replies":[{"embeddable":true,"href":"https:\/\/mernokvagyok.hu\/vizgazdalkodas\/wp-json\/wp\/v2\/comments?post=712"}],"version-history":[{"count":2,"href":"https:\/\/mernokvagyok.hu\/vizgazdalkodas\/wp-json\/wp\/v2\/pages\/712\/revisions"}],"predecessor-version":[{"id":1245,"href":"https:\/\/mernokvagyok.hu\/vizgazdalkodas\/wp-json\/wp\/v2\/pages\/712\/revisions\/1245"}],"wp:attachment":[{"href":"https:\/\/mernokvagyok.hu\/vizgazdalkodas\/wp-json\/wp\/v2\/media?parent=712"}],"curies":[{"name":"wp","href":"https:\/\/api.w.org\/{rel}","templated":true}]}}