{"id":633,"date":"2022-11-09T17:39:44","date_gmt":"2022-11-09T17:39:44","guid":{"rendered":"https:\/\/mernokvagyok.hu\/vizgazdalkodas\/?page_id=633"},"modified":"2025-04-10T13:58:36","modified_gmt":"2025-04-10T13:58:36","slug":"egyeb-esemenyek-rendezveynek","status":"publish","type":"page","link":"https:\/\/mernokvagyok.hu\/vizgazdalkodas\/egyeb-esemenyek-rendezveynek\/","title":{"rendered":"Egy\u00e9b esem\u00e9nyek, rendezv\u00e9ynek"},"content":{"rendered":"\n<figure class=\"wp-block-table is-style-stripes\"><table><thead><tr><th>D\u00e1tum<\/th><th>C\u00edm<\/th><th>Rendez\u0151<\/th><th>Le\u00edr\u00e1s<\/th><th>Kapcsol\u00f3d\u00f3 dokumentumok<\/th><\/tr><tr><th>2025.04.28<\/th><th>Cseppr\u0151l-cseppre: Tudatos csapad\u00e9kv\u00edz-gazd\u00e1lkod\u00e1s<\/th><th>MaSzeSz<\/th><th>A MaSzeSz tavaszi szakmai napja a csapad\u00e9kvizet, annak kezel\u00e9s\u00e9t helyezi a f\u00f3kuszba.\u00a0 Azt a rendk\u00edv\u00fcl \u00e9rt\u00e9kes term\u00e9szeti er\u0151forr\u00e1st, melynek hirtelen lez\u00fadul\u00f3 nagy mennyis\u00e9ge illetve hi\u00e1nya oly sok probl\u00e9m\u00e1t okoz.<\/th><th><a href=\"https:\/\/www.maszesz.hu\/csapadekviz-szakmai-nap\/\" target=\"_blank\" rel=\"noreferrer noopener\">Inform\u00e1ci\u00f3, program<\/a><\/th><\/tr><tr><th>2024.11.21.<\/th><th>BME \u00c9p\u00edt\u0151m\u00e9rn\u00f6ki Kar TDK Konferencia<\/th><th>BME \u00c9p\u00edt\u0151m\u00e9rn\u00f6ki Kar<\/th><th>Kari TDK dolgozatok bemutat\u00e1sa<\/th><th><a href=\"https:\/\/tdk.bme.hu\/conference\/EMK\/2024\" target=\"_blank\" rel=\"noreferrer noopener\">Inform\u00e1ci\u00f3, program<\/a><\/th><\/tr><tr><th>2023.11.29<\/th><th>IV. Orsz\u00e1gos Telep\u00fcl\u00e9si Csapad\u00e9kv\u00edz-gazd\u00e1lkod\u00e1si el\u0151ad\u00f3\u00fcl\u00e9s \u00e9s p\u00f3diumbesz\u00e9lget\u00e9s<\/th><th>NKE V\u00edztudom\u00e1nyi Kar, BM OVF V\u00edz\u00fcgyi Tudom\u00e1nyos Tan\u00e1cs, Magyar Hidrol\u00f3giai T\u00e1rsas\u00e1g, Magyar V\u00edzik\u00f6zm\u0171 Sz\u00f6vets\u00e9g<\/th><th>A rendezv\u00e9ny betekint\u00e9st ny\u00fajt a k\u00f6rk\u00f6r\u00f6s v\u00edzgazd\u00e1lkod\u00e1s folyamat\u00e1ba, r\u00e1mutat a v\u00edzgazd\u00e1lkod\u00e1s \u00e9s v\u00edzik\u00f6zm\u0171 \u00e1gazat aktu\u00e1lis szakpolitikai k\u00e9rd\u00e9seire<\/th><th><a href=\"https:\/\/ludevent.uni-nke.hu\/event\/3349\/\" target=\"_blank\" rel=\"noreferrer noopener\">Regisztr\u00e1ci\u00f3 \u00e9s program<\/a><\/th><\/tr><tr><th>2023.11.16<\/th><th>BME \u00c9p\u00edt\u0151m\u00e9rn\u00f6ki Kar TDK Konferencia<\/th><th>BME \u00c9p\u00edt\u0151m\u00e9rn\u00f6ki Kar<\/th><th>Kari TDK dolgozatok bemutat\u00e1sa<\/th><th><a href=\"https:\/\/tdk.bme.hu\/EMK\" target=\"_blank\" rel=\"noreferrer noopener\">Program<\/a><\/th><\/tr><tr><th><strong>2023.11.09<\/strong><\/th><th><strong>Foly\u00f3modellez\u00e9s \u00e9s alkalmaz\u00e1sa a gyakorlatban<\/strong><\/th><th><strong>MHT Hidraulikai \u00e9s M\u0171szaki Hidraulikai Szakoszt\u00e1lya, a B\u00e1cs-Kiskun Megyei Szervezete, a B\u00e1cs-Kun Megyei MMK-VV Szakcsoportja, az NKE V\u00edztudom\u00e1nyi Kara \u00e9s az OVF V\u00edz\u00fcgyi Tudom\u00e1nyos Tan\u00e1csa<\/strong><\/th><th><strong>Foly\u00f3modellez\u00e9s \u00e9s alkalmaz\u00e1sa a m\u00e9rn\u00f6kk\u00e9pz\u00e9sben<\/strong><\/th><th><strong><a rel=\"noreferrer noopener\" href=\"https:\/\/ludevent.uni-nke.hu\/event\/3478\/\" target=\"_blank\">Regisztr\u00e1ci\u00f3<\/a><\/strong><br><strong><a href=\"https:\/\/mernokvagyok.hu\/vizgazdalkodas\/wp-content\/uploads\/2023\/11\/B_Program_invitalas-Folyomodellezes-es-alkalmazasa-a-mernokkepzesben_20231109_.pdf\" target=\"_blank\" rel=\"noreferrer noopener\">Program<\/a><\/strong><\/th><\/tr><tr><th><strong>2023.10.26<\/strong><\/th><th>Kisv\u00edzgy\u0171jt\u0151k vizsg\u00e1lati lehet\u0151s\u00e9gei \u00e9s eredm\u00e9nyei<\/th><th>B\u00e1cs-Kiskun Megyei M\u00e9rn\u00f6ki Kamara<\/th><th>A v\u00edzgy\u0171jt\u0151k v\u00edzgazd\u00e1lkod\u00e1si jellemz\u0151inek a m\u00e9r\u00e9si \u00e9s sz\u00e1m\u00edt\u00e1si m\u00f3dszertana leg\u00fajabb fejleszt\u00e9si eredm\u00e9nyeinek a bemutat\u00e1sa<\/th><th><a href=\"https:\/\/mernokvagyok.hu\/vizgazdalkodas\/wp-content\/uploads\/2023\/11\/20231106_A_Esemenyrol-tajekoztato-program-v2.pdf\" target=\"_blank\" rel=\"noreferrer noopener\">Besz\u00e1mol\u00f3<\/a><\/th><\/tr><tr><td>2023. 10. 7-8.<\/td><td>Inzsell\u00e9r Expressz<\/td><td>Vasutazz Vel\u00fcnk<\/td><td>Inzsell\u00e9r Expressz: Budapest Keleti \u2013 Kisk\u00f6re \u2013 Szolnok \u2013 Csongr\u00e1d \u2013 Budapest Keleti \u00fatvonalon vonatoz\u00e1s L\u00e1nyi S\u00e1muel eml\u00e9k\u00e9re \u00e9s a v\u00edz\u00e9p\u00edt\u0151 m\u00e9rn\u00f6k\u00f6k tisztelet\u00e9re<\/td><td><a rel=\"noreferrer noopener\" href=\"https:\/\/www.vasutazzvelunk.hu\/\" target=\"_blank\">Inform\u00e1ci\u00f3k \u00e9s jelentkez\u00e9s <\/a><\/td><\/tr><tr><th><\/th><th><\/th><th><\/th><th><\/th><th><\/th><\/tr><\/thead><\/table><\/figure>\n","protected":false},"excerpt":{"rendered":"<p>D\u00e1tum C\u00edm Rendez\u0151 Le\u00edr\u00e1s Kapcsol\u00f3d\u00f3 dokumentumok 2025.04.28 Cseppr\u0151l-cseppre: Tudatos csapad\u00e9kv\u00edz-gazd\u00e1lkod\u00e1s MaSzeSz A MaSzeSz tavaszi szakmai napja a csapad\u00e9kvizet, annak kezel\u00e9s\u00e9t helyezi a f\u00f3kuszba.\u00a0 Azt a rendk\u00edv\u00fcl \u00e9rt\u00e9kes term\u00e9szeti er\u0151forr\u00e1st, melynek hirtelen lez\u00fadul\u00f3 nagy mennyis\u00e9ge illetve hi\u00e1nya oly sok probl\u00e9m\u00e1t okoz. Inform\u00e1ci\u00f3, program 2024.11.21. BME \u00c9p\u00edt\u0151m\u00e9rn\u00f6ki Kar TDK Konferencia BME \u00c9p\u00edt\u0151m\u00e9rn\u00f6ki Kar Kari TDK dolgozatok bemutat\u00e1sa [&hellip;]<\/p>\n","protected":false},"author":871,"featured_media":0,"parent":0,"menu_order":0,"comment_status":"closed","ping_status":"closed","template":"","meta":{"_exactmetrics_skip_tracking":false,"_exactmetrics_sitenote_active":false,"_exactmetrics_sitenote_note":"","_exactmetrics_sitenote_category":0,"footnotes":""},"class_list":["post-633","page","type-page","status-publish","hentry"],"_links":{"self":[{"href":"https:\/\/mernokvagyok.hu\/vizgazdalkodas\/wp-json\/wp\/v2\/pages\/633","targetHints":{"allow":["GET"]}}],"collection":[{"href":"https:\/\/mernokvagyok.hu\/vizgazdalkodas\/wp-json\/wp\/v2\/pages"}],"about":[{"href":"https:\/\/mernokvagyok.hu\/vizgazdalkodas\/wp-json\/wp\/v2\/types\/page"}],"author":[{"embeddable":true,"href":"https:\/\/mernokvagyok.hu\/vizgazdalkodas\/wp-json\/wp\/v2\/users\/871"}],"replies":[{"embeddable":true,"href":"https:\/\/mernokvagyok.hu\/vizgazdalkodas\/wp-json\/wp\/v2\/comments?post=633"}],"version-history":[{"count":15,"href":"https:\/\/mernokvagyok.hu\/vizgazdalkodas\/wp-json\/wp\/v2\/pages\/633\/revisions"}],"predecessor-version":[{"id":1487,"href":"https:\/\/mernokvagyok.hu\/vizgazdalkodas\/wp-json\/wp\/v2\/pages\/633\/revisions\/1487"}],"wp:attachment":[{"href":"https:\/\/mernokvagyok.hu\/vizgazdalkodas\/wp-json\/wp\/v2\/media?parent=633"}],"curies":[{"name":"wp","href":"https:\/\/api.w.org\/{rel}","templated":true}]}}