{"id":575,"date":"2022-10-26T15:32:18","date_gmt":"2022-10-26T15:32:18","guid":{"rendered":"https:\/\/mernokvagyok.hu\/vizgazdalkodas\/?page_id=575"},"modified":"2025-11-10T08:18:57","modified_gmt":"2025-11-10T08:18:57","slug":"szakertoi-ulesek","status":"publish","type":"page","link":"https:\/\/mernokvagyok.hu\/vizgazdalkodas\/szakertoi-ulesek\/","title":{"rendered":"Szak\u00e9rt\u0151i test\u00fclet \u00fcl\u00e9sek"},"content":{"rendered":"\n<div class=\"wp-block-columns is-layout-flex wp-container-core-columns-is-layout-9d6595d7 wp-block-columns-is-layout-flex\">\n<div class=\"wp-block-column is-layout-flow wp-block-column-is-layout-flow\" style=\"flex-basis:100%\">\n<figure class=\"wp-block-table is-style-stripes\"><table><thead><tr><th>D\u00e1tum<\/th><th>C\u00edm\/megnevez\u00e9s<\/th><th>Kapcsol\u00f3d\u00f3 dokumentumok<\/th><\/tr><\/thead><tbody>\n\n<tr><td>2025.10.28.<\/td><td>VVT Szak\u00e9rt\u0151i test\u00fclet 1. u\u0308le\u0301s<\/td><td><a href=\"https:\/\/mernokvagyok.hu\/vizgazdalkodas\/wp-content\/uploads\/2025\/11\/VVT-SzT_1.-ules_emlekezteto.pdf\">Eml\u00e9keztet\u0151<\/a><\/td><\/tr>\n\n<\/tbody><\/table><\/figure>\n<\/div>\n<\/div>\n","protected":false},"excerpt":{"rendered":"<p>D\u00e1tum C\u00edm\/megnevez\u00e9s Kapcsol\u00f3d\u00f3 dokumentumok 2025.10.28. VVT Szak\u00e9rt\u0151i test\u00fclet 1. u\u0308le\u0301s Eml\u00e9keztet\u0151<\/p>\n","protected":false},"author":871,"featured_media":0,"parent":0,"menu_order":0,"comment_status":"closed","ping_status":"closed","template":"","meta":{"_exactmetrics_skip_tracking":false,"_exactmetrics_sitenote_active":false,"_exactmetrics_sitenote_note":"","_exactmetrics_sitenote_category":0,"footnotes":""},"class_list":["post-575","page","type-page","status-publish","hentry"],"_links":{"self":[{"href":"https:\/\/mernokvagyok.hu\/vizgazdalkodas\/wp-json\/wp\/v2\/pages\/575","targetHints":{"allow":["GET"]}}],"collection":[{"href":"https:\/\/mernokvagyok.hu\/vizgazdalkodas\/wp-json\/wp\/v2\/pages"}],"about":[{"href":"https:\/\/mernokvagyok.hu\/vizgazdalkodas\/wp-json\/wp\/v2\/types\/page"}],"author":[{"embeddable":true,"href":"https:\/\/mernokvagyok.hu\/vizgazdalkodas\/wp-json\/wp\/v2\/users\/871"}],"replies":[{"embeddable":true,"href":"https:\/\/mernokvagyok.hu\/vizgazdalkodas\/wp-json\/wp\/v2\/comments?post=575"}],"version-history":[{"count":4,"href":"https:\/\/mernokvagyok.hu\/vizgazdalkodas\/wp-json\/wp\/v2\/pages\/575\/revisions"}],"predecessor-version":[{"id":1822,"href":"https:\/\/mernokvagyok.hu\/vizgazdalkodas\/wp-json\/wp\/v2\/pages\/575\/revisions\/1822"}],"wp:attachment":[{"href":"https:\/\/mernokvagyok.hu\/vizgazdalkodas\/wp-json\/wp\/v2\/media?parent=575"}],"curies":[{"name":"wp","href":"https:\/\/api.w.org\/{rel}","templated":true}]}}