{"id":574,"date":"2022-10-26T15:32:18","date_gmt":"2022-10-26T15:32:18","guid":{"rendered":"https:\/\/mernokvagyok.hu\/vizgazdalkodas\/?page_id=574"},"modified":"2022-11-18T07:03:47","modified_gmt":"2022-11-18T07:03:47","slug":"elnoksegi-szakertoi-testulet","status":"publish","type":"page","link":"https:\/\/mernokvagyok.hu\/vizgazdalkodas\/elnoksegi-szakertoi-testulet\/","title":{"rendered":"Szak\u00e9rt\u0151i test\u00fclet"},"content":{"rendered":"","protected":false},"excerpt":{"rendered":"","protected":false},"author":871,"featured_media":0,"parent":0,"menu_order":0,"comment_status":"closed","ping_status":"closed","template":"","meta":{"_exactmetrics_skip_tracking":false,"_exactmetrics_sitenote_active":false,"_exactmetrics_sitenote_note":"","_exactmetrics_sitenote_category":0,"footnotes":""},"class_list":["post-574","page","type-page","status-publish","hentry"],"_links":{"self":[{"href":"https:\/\/mernokvagyok.hu\/vizgazdalkodas\/wp-json\/wp\/v2\/pages\/574","targetHints":{"allow":["GET"]}}],"collection":[{"href":"https:\/\/mernokvagyok.hu\/vizgazdalkodas\/wp-json\/wp\/v2\/pages"}],"about":[{"href":"https:\/\/mernokvagyok.hu\/vizgazdalkodas\/wp-json\/wp\/v2\/types\/page"}],"author":[{"embeddable":true,"href":"https:\/\/mernokvagyok.hu\/vizgazdalkodas\/wp-json\/wp\/v2\/users\/871"}],"replies":[{"embeddable":true,"href":"https:\/\/mernokvagyok.hu\/vizgazdalkodas\/wp-json\/wp\/v2\/comments?post=574"}],"version-history":[{"count":2,"href":"https:\/\/mernokvagyok.hu\/vizgazdalkodas\/wp-json\/wp\/v2\/pages\/574\/revisions"}],"predecessor-version":[{"id":752,"href":"https:\/\/mernokvagyok.hu\/vizgazdalkodas\/wp-json\/wp\/v2\/pages\/574\/revisions\/752"}],"wp:attachment":[{"href":"https:\/\/mernokvagyok.hu\/vizgazdalkodas\/wp-json\/wp\/v2\/media?parent=574"}],"curies":[{"name":"wp","href":"https:\/\/api.w.org\/{rel}","templated":true}]}}