{"id":499,"date":"2022-10-26T15:08:43","date_gmt":"2022-10-26T15:08:43","guid":{"rendered":"https:\/\/mernokvagyok.hu\/vizgazdalkodas\/?page_id=499"},"modified":"2022-11-10T17:07:59","modified_gmt":"2022-11-10T17:07:59","slug":"torzsanyagok-szakmai-tovabbkepzes","status":"publish","type":"page","link":"https:\/\/mernokvagyok.hu\/vizgazdalkodas\/torzsanyagok-szakmai-tovabbkepzes\/","title":{"rendered":"T\u00f6rzsanyagok, szakmai tov\u00e1bbk\u00e9pz\u00e9s"},"content":{"rendered":"\n<figure class=\"wp-block-table is-style-stripes text-align-left\"><table><thead><tr><th>Dokumentum C\u00edm<\/th><th>Dokumentum r\u00f6vid tartalma<\/th><th>Megjelen\u00e9s d\u00e1tuma<\/th><th>Link<\/th><\/tr><\/thead><tbody><tr><td><strong>Ter\u00fcleti v\u00edzgazd\u00e1lkod\u00e1s hat\u00e9konys\u00e1g\u00e1nak n\u00f6vel\u00e9se innovat\u00edv technol\u00f3giakkal<\/strong><\/td><td>A kl\u00edmav\u00e1ltoz\u00e1s k\u00f6vetkezt\u00e9ben a v\u00edzgazd\u00e1lkod\u00e1sunkat meg kell v\u00e1ltoztatnunk, alkalmazkodnunk kell a megv\u00e1ltozott \u00e9ghajlathoz, az extr\u00e9m csapad\u00e9kmennyis\u00e9gekhez, illetve a h\u00f3napokig tart\u00f3 asz\u00e1lyokhoz \u00e9s a h\u0151m\u00e9rs\u00e9klet emelked\u00e9s\u00e9hez. A m\u00e1sik probl\u00e9ma a vizeink egyre nagyobb szennyez\u00e9se. Olyan technol\u00f3gi\u00e1kat kell el\u0151t\u00e9rbe helyezn\u00fcnk, melyek m\u00e9rs\u00e9kelik a k\u00f6rnyezet\u00fcnk szennyez\u00e9s\u00e9t. Nagyon fontos, hogy a bevezetend\u0151 szennyvizek min\u00e9l nagyobb fok\u00fa tiszt\u00edt\u00e1sa megt\u00f6rt\u00e9njen. A v\u00edz k\u00f6rforg\u00e1sa miatt egyre t\u00f6bb helyen t\u00f6rt\u00e9nik min\u0151s\u00e9gi v\u00e1ltoz\u00e1s az emberi tev\u00e9kenys\u00e9g hat\u00e1s\u00e1ra. A szakmai k\u00e9pz\u00e9sen k\u00e9t ilyen technol\u00f3gi\u00e1t, a term\u00e9szetk\u00f6zeli szennyv\u00edztiszt\u00edt\u00f3kat \u00e9s a z\u00f6ldtet\u0151ket mutatjuk be, melyek hat\u00e1ssal vannak mind az \u00e9p\u00fcleteink, mind a v\u00e1rosaink v\u00edzgazd\u00e1lkod\u00e1s\u00e1ra. A v\u00edzhaszn\u00e1lat n\u00f6veked\u00e9s\u00e9vel a rendelkez\u00e9sre \u00e1ll\u00f3 \u00e9desv\u00edzk\u00e9szlet cs\u00f6kken. Emiatt fontos, hogy a lakoss\u00e1gi, ipari \u00e9s mez\u0151gazdas\u00e1gi v\u00edzfelhaszn\u00e1l\u00e1sunkat cs\u00f6kkents\u00fck. Az el\u0151ad\u00e1s utols\u00f3 r\u00e9sz\u00e9ben a PTE MIK ter\u00fclet\u00e9n kialak\u00edtott kutat\u00f3telepet mutatjuk be, illetve a kutat\u00e1s eddigi r\u00e9szeredm\u00e9nyeit \u00e9s az azokb\u00f3l levonhat\u00f3 k\u00f6vetkeztet\u00e9seket.<\/td><td>2022<\/td><td><a href=\"https:\/\/mernokvagyok.hu\/vizgazdalkodas\/wp-content\/uploads\/2022\/05\/21-VVT-06-Teruleti-vizgazdalkodas-hatekonysaganak-novelese-innovativ-technologiakkalkozzetett.pdf\" target=\"_blank\" rel=\"noreferrer noopener\">PDF<\/a><\/td><\/tr><tr><td><strong>Iszapszer\u0171 hullad\u00e9kok kezel\u00e9se \u00e9s biog\u00e1z hasznos\u00edt\u00e1s<\/strong><\/td><td>T\u00f6rzsanyag r\u00f6viden: Napjainkban a k\u00f6rnyezet\u00fcnk szennyez\u00e9se egy nagyon fontos megoldand\u00f3 probl\u00e9ma. Ezt k\u00e9tf\u00e9lek\u00e9ppen<br>tudjuk cs\u00f6kkenteni: egyfel\u0151l olyan technol\u00f3gi\u00e1kat keres\u00fcnk, melyek j\u00f3val kisebb k\u00f6rnyezeti terhel\u00e9ssel b\u00edrnak, m\u00e1sfel\u0151l a<br>keletkezett szennyez\u0151 anyagokat kezelj\u00fck, \u00e1rtalmatlan\u00edtjuk. A szennyv\u00edztiszt\u00edt\u00e1s sor\u00e1n keletkez\u0151 nagy mennyis\u00e9g\u0171<br>szennyv\u00edziszapot, illetve az egy\u00e9b iszapszer\u0171 hullad\u00e9kok k\u00f6rnyezeti terhel\u00e9s\u00e9t is cs\u00f6kkenten\u00fcnk kell. A szakmai<br>tov\u00e1bbk\u00e9pz\u00e9sen az iszapszer\u0171 hullad\u00e9kok jellemz\u0151 tulajdons\u00e1gai mellett a r\u00e9sztvev\u0151k megismerik nemcsak a f\u0151bb<br>iszapkezel\u00e9si elj\u00e1r\u00e1sokat \u2013 mint a s\u0171r\u00edt\u00e9s, kondicion\u00e1l\u00e1s, v\u00edztelen\u00edt\u00e9s, anaerob ferment\u00e1ci\u00f3, komposzt\u00e1l\u00e1s, sz\u00e1r\u00edt\u00e1s, \u00e9get\u00e9s \u2013,<br>hanem az elj\u00e1r\u00e1sok technol\u00f3giai \u00e9s \u00fczemeltet\u00e9si felt\u00e9teleit is.<br>A m\u00e1sik c\u00e9l, hogy a keletkez\u0151 iszapszer\u0171 \u00e9s szil\u00e1rd hullad\u00e9kokb\u00f3l a kezel\u00e9s ut\u00e1n anaerob ferment\u00e1ci\u00f3val biog\u00e1zt nyerj\u00fcnk ki,<br>mely a meg\u00fajul\u00f3 energiaforr\u00e1sok k\u00f6z\u00e9 sorolhat\u00f3. A tov\u00e1bbk\u00e9pz\u00e9sen a biog\u00e1z-hasznos\u00edt\u00e1si lehet\u0151s\u00e9geket is bemutatjuk.<\/td><td>2022<\/td><td><a href=\"https:\/\/mernokvagyok.hu\/vizgazdalkodas\/wp-content\/uploads\/2022\/05\/21-VVT-05-Iszapszeru-hulladakok-kezelese-es-biogaz-hasznositaskozzetett.pdf\" target=\"_blank\" rel=\"noreferrer noopener\">PDF<\/a><\/td><\/tr><tr><td><strong>Korszer\u0171 viz\u00e9pit\u00e9si megold\u00e1sok<\/strong><\/td><td>A tov\u00e1bbk\u00e9pz\u00e9s a tervez\u0151i \u00e9s v\u00edzgazd\u00e1lkod\u00e1si \u00fczemeltet\u00e9si ter\u00fcleten \u00faj alkalmaz\u00e1si technol\u00f3gi\u00e1k bemutat\u00e1sa<\/td><td>2022<\/td><td><a href=\"https:\/\/mernokvagyok.hu\/vizgazdalkodas\/wp-content\/uploads\/2022\/05\/21-VVT-04-Korszeru-vizepitesi-megoldasok-2022kozzetett.pdf\" target=\"_blank\" rel=\"noreferrer noopener\">PDF<\/a><\/td><\/tr><tr><td><\/td><td><br>Az Eur\u00f3pai Uni\u00f3 \u00e1ltal alkotott ir\u00e1nyelvek c\u00e9lja, hogy egyr\u00e9szt jogalkot\u00e1si k\u00f6telezetts\u00e9get teremtsen a tag\u00e1llamok sz\u00e1m\u00e1ra valamely alapvet\u0151en<br>fontos t\u00e9mak\u00f6rben, m\u00e1sr\u00e9szt fel is \u00e1ll\u00edtsa a megalkotand\u00f3 tag\u00e1llami jogi szab\u00e1lyoz\u00e1s kereteit.<br>Ezt a c\u00e9lt szolg\u00e1lja az emberi fogyaszt\u00e1sra sz\u00e1nt v\u00edz min\u0151s\u00e9g\u00e9r\u0151l sz\u00f3l\u00f3 ir\u00e1nyelv is, egyr\u00e9szt a fontosabb iv\u00f3v\u00edz-min\u0151s\u00e9gi k\u00f6vetelm\u00e9nyek<br>r\u00f6gz\u00edt\u00e9s\u00e9vel, m\u00e1sr\u00e9sz az azok biztos\u00edt\u00e1s\u00e1hoz sz\u00fcks\u00e9ges elj\u00e1r\u00e1sok, int\u00e9zked\u00e9sek meghat\u00e1roz\u00e1s\u00e1val.<br>A t\u00e9m\u00e1val kapcsolatos, jelenleg hat\u00e1lyos magyar jogi szab\u00e1lyoz\u00e1s, els\u0151 sorban az iv\u00f3v\u00edz min\u0151s\u00e9gi k\u00f6vetelm\u00e9nyeir\u0151l \u00e9s az ellen\u0151rz\u00e9s rendj\u00e9r\u0151l sz\u00f3l\u00f3<br>201\/2001.(X.25.) korm\u00e1nyrendelet, a kor\u00e1bbi, t\u00f6bb alkalommal jelent\u0151sen m\u00f3dos\u00edtott 98\/83\/EK ir\u00e1nyelv rendelkez\u00e9sein alapul.<\/td><td>2022<\/td><td><a href=\"https:\/\/mernokvagyok.hu\/vizgazdalkodas\/wp-content\/uploads\/2022\/05\/21-VVT-02-Az-uj-EU-s-ivovizminosegi-direktivakozzetett.pdf\nIv\u00f3v\u00edzmin\u0151s\u00e9g jav\u00edt\u00e1s lehet\u0151s\u00e9gek, m\u00f3dszerek\nAz iv\u00f3v\u00edzmin\u0151s\u00e9g jav\u00edt\u00e1s\u00e1nak fontoss\u00e1g\u00e1t a kor\u00e1bban megval\u00f3s\u00edtott orsz\u00e1gos programokkal kapcsolatos tapasztalatok miatt tal\u00e1n nem is kell\nhangs\u00falyozni, b\u00e1r az felvethet\u0151 lenne, hogy nem elk\u00e9sett-e a t\u00e9ma \n2022\nhttps:\/\/mernokvagyok.hu\/vizgazdalkodas\/wp-content\/uploads\/2022\/05\/21-VVT-03-Ivovizminoseg-javitas-lehetosegek-modszerekkozzetett.pdf\" target=\"_blank\" rel=\"noreferrer noopener\">PDF<\/a><\/td><\/tr><tr><td><strong>Iv\u00f3v\u00edzmin\u0151s\u00e9g jav\u00edt\u00e1s lehet\u0151s\u00e9gek, m\u00f3dszerek<\/strong><\/td><td>Az iv\u00f3v\u00edzmin\u0151s\u00e9g jav\u00edt\u00e1s\u00e1nak fontoss\u00e1g\u00e1t a kor\u00e1bban megval\u00f3s\u00edtott orsz\u00e1gos programokkal kapcsolatos tapasztalatok miatt tal\u00e1n nem is kell<br>hangs\u00falyozni, b\u00e1r az felvethet\u0151 lenne, hogy nem elk\u00e9sett-e a t\u00e9ma t\u00e1rgyal\u00e1sa. A k\u00e9rd\u00e9s az\u00e9rt csak l\u00e1tsz\u00f3lagos, mert az \u00fczemeltet\u00e9si strukt\u00fara \u2013 \u00e9s<br>ezzel az m\u00f6g\u00f6tte \u00e1ll\u00f3 \u00e9rdekek \u2013 megv\u00e1ltoz\u00e1sa, valamint egyes beavatkoz\u00e1sok felem\u00e1s eredm\u00e9nyei miatt a szakmai d\u00f6nt\u00e9sek egy r\u00e9sze most<br>biztosan nem \u00fagy sz\u00fcletne meg, mint ahogyan p\u00e1r \u00e9vvel ezel\u0151tt megsz\u00fcletett, s\u0151t, az akkori d\u00f6nt\u00e9sek fel\u00fclvizsg\u00e1lata \u00e9s esetleges korrekci\u00f3ja<br>indokolt lehet<\/td><td>2022<\/td><td><a href=\"https:\/\/mernokvagyok.hu\/vizgazdalkodas\/wp-content\/uploads\/2022\/05\/21-VVT-03-Ivovizminoseg-javitas-lehetosegek-modszerekkozzetett.pdf\" target=\"_blank\" rel=\"noreferrer noopener\">PDF<\/a><\/td><\/tr><tr><td><strong>Az \u00faj EU-s iv\u00f3v\u00edzmin\u0151s\u00e9gi direkt\u00edva<\/strong><\/td><td>Az Eur\u00f3pai Uni\u00f3 \u00e1ltal alkotott ir\u00e1nyelvek c\u00e9lja, hogy egyr\u00e9szt jogalkot\u00e1si k\u00f6telezetts\u00e9get teremtsen a tag\u00e1llamok sz\u00e1m\u00e1ra valamely alapvet\u0151en<br>fontos t\u00e9mak\u00f6rben, m\u00e1sr\u00e9szt fel is \u00e1ll\u00edtsa a megalkotand\u00f3 tag\u00e1llami jogi szab\u00e1lyoz\u00e1s kereteit.<br>Ezt a c\u00e9lt szolg\u00e1lja az emberi fogyaszt\u00e1sra sz\u00e1nt v\u00edz min\u0151s\u00e9g\u00e9r\u0151l sz\u00f3l\u00f3 ir\u00e1nyelv is, egyr\u00e9szt a fontosabb iv\u00f3v\u00edz-min\u0151s\u00e9gi k\u00f6vetelm\u00e9nyek<br>r\u00f6gz\u00edt\u00e9s\u00e9vel, m\u00e1sr\u00e9sz az azok biztos\u00edt\u00e1s\u00e1hoz sz\u00fcks\u00e9ges elj\u00e1r\u00e1sok, int\u00e9zked\u00e9sek meghat\u00e1roz\u00e1s\u00e1val.<br>A t\u00e9m\u00e1val kapcsolatos, jelenleg hat\u00e1lyos magyar jogi szab\u00e1lyoz\u00e1s, els\u0151 sorban az iv\u00f3v\u00edz min\u0151s\u00e9gi k\u00f6vetelm\u00e9nyeir\u0151l \u00e9s az ellen\u0151rz\u00e9s rendj\u00e9r\u0151l sz\u00f3l\u00f3<br>201\/2001.(X.25.) korm\u00e1nyrendelet, a kor\u00e1bbi, t\u00f6bb alkalommal jelent\u0151sen m\u00f3dos\u00edtott 98\/83\/EK ir\u00e1nyelv rendelkez\u00e9sein alapul.<\/td><td>2022<\/td><td><a href=\"https:\/\/mernokvagyok.hu\/vizgazdalkodas\/wp-content\/uploads\/2022\/05\/21-VVT-02-Az-uj-EU-s-ivovizminosegi-direktivakozzetett.pdf\" target=\"_blank\" rel=\"noreferrer noopener\">PDF<\/a><\/td><\/tr><tr><td><strong>Vizim\u00e9rn\u00f6ki tev\u00e9kenys\u00e9g szab\u00e1lyoz\u00e1si h\u00e1ttere<\/strong><\/td><td>A v\u00edzim\u00e9rn\u00f6ki tev\u00e9kenys\u00e9get megalapoz\u00f3 v\u00edzgazd\u00e1lkod\u00e1si, k\u00f6rnyezetv\u00e9delmi, k\u00f6zigazgat\u00e1si elj\u00e1r\u00e1si t\u00f6rv\u00e9nyek ezek<br>v\u00e9grehajt\u00e1si rendeletei, egy\u00e9b v\u00edz\u00fcgyi, k\u00f6rnyezetv\u00e9delmi t\u00e1rgy\u00fa korm\u00e1nyrendeletek ismertet\u00e9se a tervez\u0151, szak\u00e9rt\u0151,<br>(felel\u0151s m\u0171szaki vezet\u0151, m\u0171szaki ellen\u0151r) v\u00edzim\u00e9rn\u00f6k n\u00e9z\u0151pontj\u00e1b\u00f3l.<\/td><td>2022<\/td><td><a href=\"https:\/\/mernokvagyok.hu\/vizgazdalkodas\/wp-content\/uploads\/2022\/05\/21-VVT-01-Vizimernoki-tevekenyseg-szabalyozasi-hatterekozzetett.pdf\" target=\"_blank\" rel=\"noreferrer noopener\">PDF<\/a><\/td><\/tr><tr><td><\/td><td><\/td><td><\/td><td><\/td><\/tr><\/tbody><\/table><\/figure>\n","protected":false},"excerpt":{"rendered":"<p>Dokumentum C\u00edm Dokumentum r\u00f6vid tartalma Megjelen\u00e9s d\u00e1tuma Link Ter\u00fcleti v\u00edzgazd\u00e1lkod\u00e1s hat\u00e9konys\u00e1g\u00e1nak n\u00f6vel\u00e9se innovat\u00edv technol\u00f3giakkal A kl\u00edmav\u00e1ltoz\u00e1s k\u00f6vetkezt\u00e9ben a v\u00edzgazd\u00e1lkod\u00e1sunkat meg kell v\u00e1ltoztatnunk, alkalmazkodnunk kell a megv\u00e1ltozott \u00e9ghajlathoz, az extr\u00e9m csapad\u00e9kmennyis\u00e9gekhez, illetve a h\u00f3napokig tart\u00f3 asz\u00e1lyokhoz \u00e9s a h\u0151m\u00e9rs\u00e9klet emelked\u00e9s\u00e9hez. A m\u00e1sik probl\u00e9ma a vizeink egyre nagyobb szennyez\u00e9se. Olyan technol\u00f3gi\u00e1kat kell el\u0151t\u00e9rbe helyezn\u00fcnk, melyek m\u00e9rs\u00e9kelik a [&hellip;]<\/p>\n","protected":false},"author":871,"featured_media":0,"parent":0,"menu_order":0,"comment_status":"closed","ping_status":"closed","template":"","meta":{"_exactmetrics_skip_tracking":false,"_exactmetrics_sitenote_active":false,"_exactmetrics_sitenote_note":"","_exactmetrics_sitenote_category":0,"footnotes":""},"class_list":["post-499","page","type-page","status-publish","hentry"],"_links":{"self":[{"href":"https:\/\/mernokvagyok.hu\/vizgazdalkodas\/wp-json\/wp\/v2\/pages\/499","targetHints":{"allow":["GET"]}}],"collection":[{"href":"https:\/\/mernokvagyok.hu\/vizgazdalkodas\/wp-json\/wp\/v2\/pages"}],"about":[{"href":"https:\/\/mernokvagyok.hu\/vizgazdalkodas\/wp-json\/wp\/v2\/types\/page"}],"author":[{"embeddable":true,"href":"https:\/\/mernokvagyok.hu\/vizgazdalkodas\/wp-json\/wp\/v2\/users\/871"}],"replies":[{"embeddable":true,"href":"https:\/\/mernokvagyok.hu\/vizgazdalkodas\/wp-json\/wp\/v2\/comments?post=499"}],"version-history":[{"count":7,"href":"https:\/\/mernokvagyok.hu\/vizgazdalkodas\/wp-json\/wp\/v2\/pages\/499\/revisions"}],"predecessor-version":[{"id":687,"href":"https:\/\/mernokvagyok.hu\/vizgazdalkodas\/wp-json\/wp\/v2\/pages\/499\/revisions\/687"}],"wp:attachment":[{"href":"https:\/\/mernokvagyok.hu\/vizgazdalkodas\/wp-json\/wp\/v2\/media?parent=499"}],"curies":[{"name":"wp","href":"https:\/\/api.w.org\/{rel}","templated":true}]}}