{"id":497,"date":"2022-10-26T15:08:42","date_gmt":"2022-10-26T15:08:42","guid":{"rendered":"https:\/\/mernokvagyok.hu\/vizgazdalkodas\/?page_id=497"},"modified":"2022-11-10T16:50:29","modified_gmt":"2022-11-10T16:50:29","slug":"vizsganaptar-jelentkezes","status":"publish","type":"page","link":"https:\/\/mernokvagyok.hu\/vizgazdalkodas\/vizsganaptar-jelentkezes\/","title":{"rendered":"Vizsganapt\u00e1r, jelentkez\u00e9s"},"content":{"rendered":"\n<p>A jogosults\u00e1gi vizsg\u00e1hoz tartoz\u00f3 vizsganapt\u00e1rat \u00e9s jelentkez\u00e9si lehet\u0151s\u00e9get itt tal\u00e1lja:<br><a href=\"https:\/\/www.mmk.hu\/ugyintezes\/vizsga\">https:\/\/www.mmk.hu\/ugyintezes\/vizsga<\/a><\/p>\n","protected":false},"excerpt":{"rendered":"<p>A jogosults\u00e1gi vizsg\u00e1hoz tartoz\u00f3 vizsganapt\u00e1rat \u00e9s jelentkez\u00e9si lehet\u0151s\u00e9get itt tal\u00e1lja:https:\/\/www.mmk.hu\/ugyintezes\/vizsga<\/p>\n","protected":false},"author":871,"featured_media":0,"parent":0,"menu_order":0,"comment_status":"closed","ping_status":"closed","template":"","meta":{"_exactmetrics_skip_tracking":false,"_exactmetrics_sitenote_active":false,"_exactmetrics_sitenote_note":"","_exactmetrics_sitenote_category":0,"footnotes":""},"class_list":["post-497","page","type-page","status-publish","hentry"],"_links":{"self":[{"href":"https:\/\/mernokvagyok.hu\/vizgazdalkodas\/wp-json\/wp\/v2\/pages\/497","targetHints":{"allow":["GET"]}}],"collection":[{"href":"https:\/\/mernokvagyok.hu\/vizgazdalkodas\/wp-json\/wp\/v2\/pages"}],"about":[{"href":"https:\/\/mernokvagyok.hu\/vizgazdalkodas\/wp-json\/wp\/v2\/types\/page"}],"author":[{"embeddable":true,"href":"https:\/\/mernokvagyok.hu\/vizgazdalkodas\/wp-json\/wp\/v2\/users\/871"}],"replies":[{"embeddable":true,"href":"https:\/\/mernokvagyok.hu\/vizgazdalkodas\/wp-json\/wp\/v2\/comments?post=497"}],"version-history":[{"count":2,"href":"https:\/\/mernokvagyok.hu\/vizgazdalkodas\/wp-json\/wp\/v2\/pages\/497\/revisions"}],"predecessor-version":[{"id":669,"href":"https:\/\/mernokvagyok.hu\/vizgazdalkodas\/wp-json\/wp\/v2\/pages\/497\/revisions\/669"}],"wp:attachment":[{"href":"https:\/\/mernokvagyok.hu\/vizgazdalkodas\/wp-json\/wp\/v2\/media?parent=497"}],"curies":[{"name":"wp","href":"https:\/\/api.w.org\/{rel}","templated":true}]}}