{"id":496,"date":"2022-10-26T15:08:42","date_gmt":"2022-10-26T15:08:42","guid":{"rendered":"https:\/\/mernokvagyok.hu\/vizgazdalkodas\/?page_id=496"},"modified":"2022-11-15T21:34:09","modified_gmt":"2022-11-15T21:34:09","slug":"felkeszulesi-segedlet-kerdesbank","status":"publish","type":"page","link":"https:\/\/mernokvagyok.hu\/vizgazdalkodas\/felkeszulesi-segedlet-kerdesbank\/","title":{"rendered":"Felk\u00e9sz\u00fcl\u00e9si seg\u00e9dlet, k\u00e9rd\u00e9sbank"},"content":{"rendered":"\n<ul class=\"wp-block-list\"><li>A Magyar M\u00e9rn\u00f6ki Kamara jogosults\u00e1gi vizsg\u00e1k \u00e1ltal\u00e1nos r\u00e9sz\u00e9vel kapcsolatos konkr\u00e9t elv\u00e1r\u00e1sokr\u00f3l itt t\u00e1j\u00e9koz\u00f3dhat: <br><a href=\"https:\/\/www.mmk.hu\/vizsga-dokumentumok\/fs_altalanos.pdf\" target=\"_blank\" rel=\"noreferrer noopener\">PDF<\/a><\/li><li>A Magyar M\u00e9rn\u00f6ki Kamara jogosults\u00e1gi vizsg\u00e1k \u00e1ltal\u00e1nos r\u00e9sz\u00e9hez felk\u00e9sz\u00fcl\u00e9st k\u00f6nny\u00edt\u0151 k\u00e9rd\u00e9ssorokat itt tal\u00e1l: <br><a href=\"https:\/\/www.mmk.hu\/dokumentumok\/altalaanos-resz-kerdesbank-0826.pdf\" target=\"_blank\" rel=\"noreferrer noopener\">PDF<\/a><\/li><li>A Magyar M\u00e9rn\u00f6ki Kamara V\u00edzgazd\u00e1lkod\u00e1si Tagozat hat\u00e1sk\u00f6r\u00e9be tartoz\u00f3 jogosults\u00e1gokr\u00f3l, a vizsg\u00e1kkal kapcsolatos konkr\u00e9t elv\u00e1r\u00e1sokr\u00f3l itt t\u00e1j\u00e9koz\u00f3dhat: <br><a href=\"https:\/\/www.mmk.hu\/vizsga-dokumentumok\/fs_vizgazdalkodas.pdf\" target=\"_blank\" rel=\"noreferrer noopener\">PDF<\/a><\/li><li>A Magyar M\u00e9rn\u00f6ki Kamara V\u00edzgazd\u00e1lkod\u00e1si Tagozat hat\u00e1sk\u00f6r\u00e9be tartoz\u00f3 jogosults\u00e1gi vizsg\u00e1khoz felk\u00e9sz\u00fcl\u00e9st k\u00f6nny\u00edt\u0151 k\u00e9rd\u00e9ssorokat itt tal\u00e1l: <br><a href=\"https:\/\/www.mmk.hu\/vizsga-dokumentumok\/kb_vizgazdalkodas.pdf\" target=\"_blank\" rel=\"noreferrer noopener\">PDF<\/a><\/li><\/ul>\n","protected":false},"excerpt":{"rendered":"<p>A Magyar M\u00e9rn\u00f6ki Kamara jogosults\u00e1gi vizsg\u00e1k \u00e1ltal\u00e1nos r\u00e9sz\u00e9vel kapcsolatos konkr\u00e9t elv\u00e1r\u00e1sokr\u00f3l itt t\u00e1j\u00e9koz\u00f3dhat: PDF A Magyar M\u00e9rn\u00f6ki Kamara jogosults\u00e1gi vizsg\u00e1k \u00e1ltal\u00e1nos r\u00e9sz\u00e9hez felk\u00e9sz\u00fcl\u00e9st k\u00f6nny\u00edt\u0151 k\u00e9rd\u00e9ssorokat itt tal\u00e1l: PDF A Magyar M\u00e9rn\u00f6ki Kamara V\u00edzgazd\u00e1lkod\u00e1si Tagozat hat\u00e1sk\u00f6r\u00e9be tartoz\u00f3 jogosults\u00e1gokr\u00f3l, a vizsg\u00e1kkal kapcsolatos konkr\u00e9t elv\u00e1r\u00e1sokr\u00f3l itt t\u00e1j\u00e9koz\u00f3dhat: PDF A Magyar M\u00e9rn\u00f6ki Kamara V\u00edzgazd\u00e1lkod\u00e1si Tagozat hat\u00e1sk\u00f6r\u00e9be tartoz\u00f3 jogosults\u00e1gi vizsg\u00e1khoz [&hellip;]<\/p>\n","protected":false},"author":871,"featured_media":0,"parent":0,"menu_order":0,"comment_status":"closed","ping_status":"closed","template":"","meta":{"_exactmetrics_skip_tracking":false,"_exactmetrics_sitenote_active":false,"_exactmetrics_sitenote_note":"","_exactmetrics_sitenote_category":0,"footnotes":""},"class_list":["post-496","page","type-page","status-publish","hentry"],"_links":{"self":[{"href":"https:\/\/mernokvagyok.hu\/vizgazdalkodas\/wp-json\/wp\/v2\/pages\/496","targetHints":{"allow":["GET"]}}],"collection":[{"href":"https:\/\/mernokvagyok.hu\/vizgazdalkodas\/wp-json\/wp\/v2\/pages"}],"about":[{"href":"https:\/\/mernokvagyok.hu\/vizgazdalkodas\/wp-json\/wp\/v2\/types\/page"}],"author":[{"embeddable":true,"href":"https:\/\/mernokvagyok.hu\/vizgazdalkodas\/wp-json\/wp\/v2\/users\/871"}],"replies":[{"embeddable":true,"href":"https:\/\/mernokvagyok.hu\/vizgazdalkodas\/wp-json\/wp\/v2\/comments?post=496"}],"version-history":[{"count":4,"href":"https:\/\/mernokvagyok.hu\/vizgazdalkodas\/wp-json\/wp\/v2\/pages\/496\/revisions"}],"predecessor-version":[{"id":710,"href":"https:\/\/mernokvagyok.hu\/vizgazdalkodas\/wp-json\/wp\/v2\/pages\/496\/revisions\/710"}],"wp:attachment":[{"href":"https:\/\/mernokvagyok.hu\/vizgazdalkodas\/wp-json\/wp\/v2\/media?parent=496"}],"curies":[{"name":"wp","href":"https:\/\/api.w.org\/{rel}","templated":true}]}}