{"id":494,"date":"2022-10-26T15:08:42","date_gmt":"2022-10-26T15:08:42","guid":{"rendered":"https:\/\/mernokvagyok.hu\/vizgazdalkodas\/?page_id=494"},"modified":"2022-11-10T17:08:29","modified_gmt":"2022-11-10T17:08:29","slug":"mesteriskolak","status":"publish","type":"page","link":"https:\/\/mernokvagyok.hu\/vizgazdalkodas\/mesteriskolak\/","title":{"rendered":"Mesteriskol\u00e1k"},"content":{"rendered":"\n<p>A Mesteriskol\u00e1k tekintet\u00e9ben a Tagozatunk illeszkedik a Magyar M\u00e9rn\u00f6ki Kamara el\u0151\u00edr\u00e1saihoz \u00e9s rendszer\u00e9hez. Err\u0151l b\u0151vebben inform\u00e1ci\u00f3t itt tal\u00e1l: <a rel=\"noreferrer noopener\" href=\"https:\/\/www.mmk.hu\/kepzesek\/mesteriskolak\" target=\"_blank\">https:\/\/www.mmk.hu\/kepzesek\/mesteriskolak<\/a><\/p>\n","protected":false},"excerpt":{"rendered":"<p>A Mesteriskol\u00e1k tekintet\u00e9ben a Tagozatunk illeszkedik a Magyar M\u00e9rn\u00f6ki Kamara el\u0151\u00edr\u00e1saihoz \u00e9s rendszer\u00e9hez. Err\u0151l b\u0151vebben inform\u00e1ci\u00f3t itt tal\u00e1l: https:\/\/www.mmk.hu\/kepzesek\/mesteriskolak<\/p>\n","protected":false},"author":871,"featured_media":0,"parent":0,"menu_order":0,"comment_status":"closed","ping_status":"closed","template":"","meta":{"_exactmetrics_skip_tracking":false,"_exactmetrics_sitenote_active":false,"_exactmetrics_sitenote_note":"","_exactmetrics_sitenote_category":0,"footnotes":""},"class_list":["post-494","page","type-page","status-publish","hentry"],"_links":{"self":[{"href":"https:\/\/mernokvagyok.hu\/vizgazdalkodas\/wp-json\/wp\/v2\/pages\/494","targetHints":{"allow":["GET"]}}],"collection":[{"href":"https:\/\/mernokvagyok.hu\/vizgazdalkodas\/wp-json\/wp\/v2\/pages"}],"about":[{"href":"https:\/\/mernokvagyok.hu\/vizgazdalkodas\/wp-json\/wp\/v2\/types\/page"}],"author":[{"embeddable":true,"href":"https:\/\/mernokvagyok.hu\/vizgazdalkodas\/wp-json\/wp\/v2\/users\/871"}],"replies":[{"embeddable":true,"href":"https:\/\/mernokvagyok.hu\/vizgazdalkodas\/wp-json\/wp\/v2\/comments?post=494"}],"version-history":[{"count":2,"href":"https:\/\/mernokvagyok.hu\/vizgazdalkodas\/wp-json\/wp\/v2\/pages\/494\/revisions"}],"predecessor-version":[{"id":688,"href":"https:\/\/mernokvagyok.hu\/vizgazdalkodas\/wp-json\/wp\/v2\/pages\/494\/revisions\/688"}],"wp:attachment":[{"href":"https:\/\/mernokvagyok.hu\/vizgazdalkodas\/wp-json\/wp\/v2\/media?parent=494"}],"curies":[{"name":"wp","href":"https:\/\/api.w.org\/{rel}","templated":true}]}}