{"id":493,"date":"2022-10-26T15:08:42","date_gmt":"2022-10-26T15:08:42","guid":{"rendered":"https:\/\/mernokvagyok.hu\/vizgazdalkodas\/?page_id=493"},"modified":"2022-11-10T16:51:07","modified_gmt":"2022-11-10T16:51:07","slug":"jogi-tovabbkepzes","status":"publish","type":"page","link":"https:\/\/mernokvagyok.hu\/vizgazdalkodas\/jogi-tovabbkepzes\/","title":{"rendered":"Jogi tov\u00e1bbk\u00e9pz\u00e9s"},"content":{"rendered":"\n<p>A k\u00e9pz\u00e9ssel kapcsolatos inform\u00e1ci\u00f3k, jelentkez\u00e9s: <a href=\"https:\/\/www.mmk.hu\/kepzesek\/online\" target=\"_blank\" rel=\"noreferrer noopener\">https:\/\/www.mmk.hu\/kepzesek\/online<\/a><\/p>\n","protected":false},"excerpt":{"rendered":"<p>A k\u00e9pz\u00e9ssel kapcsolatos inform\u00e1ci\u00f3k, jelentkez\u00e9s: https:\/\/www.mmk.hu\/kepzesek\/online<\/p>\n","protected":false},"author":871,"featured_media":0,"parent":0,"menu_order":0,"comment_status":"closed","ping_status":"closed","template":"","meta":{"_exactmetrics_skip_tracking":false,"_exactmetrics_sitenote_active":false,"_exactmetrics_sitenote_note":"","_exactmetrics_sitenote_category":0,"footnotes":""},"class_list":["post-493","page","type-page","status-publish","hentry"],"_links":{"self":[{"href":"https:\/\/mernokvagyok.hu\/vizgazdalkodas\/wp-json\/wp\/v2\/pages\/493","targetHints":{"allow":["GET"]}}],"collection":[{"href":"https:\/\/mernokvagyok.hu\/vizgazdalkodas\/wp-json\/wp\/v2\/pages"}],"about":[{"href":"https:\/\/mernokvagyok.hu\/vizgazdalkodas\/wp-json\/wp\/v2\/types\/page"}],"author":[{"embeddable":true,"href":"https:\/\/mernokvagyok.hu\/vizgazdalkodas\/wp-json\/wp\/v2\/users\/871"}],"replies":[{"embeddable":true,"href":"https:\/\/mernokvagyok.hu\/vizgazdalkodas\/wp-json\/wp\/v2\/comments?post=493"}],"version-history":[{"count":2,"href":"https:\/\/mernokvagyok.hu\/vizgazdalkodas\/wp-json\/wp\/v2\/pages\/493\/revisions"}],"predecessor-version":[{"id":670,"href":"https:\/\/mernokvagyok.hu\/vizgazdalkodas\/wp-json\/wp\/v2\/pages\/493\/revisions\/670"}],"wp:attachment":[{"href":"https:\/\/mernokvagyok.hu\/vizgazdalkodas\/wp-json\/wp\/v2\/media?parent=493"}],"curies":[{"name":"wp","href":"https:\/\/api.w.org\/{rel}","templated":true}]}}