{"id":491,"date":"2022-10-26T15:08:41","date_gmt":"2022-10-26T15:08:41","guid":{"rendered":"https:\/\/mernokvagyok.hu\/vizgazdalkodas\/?page_id=491"},"modified":"2022-11-18T07:01:30","modified_gmt":"2022-11-18T07:01:30","slug":"tajekozatato","status":"publish","type":"page","link":"https:\/\/mernokvagyok.hu\/vizgazdalkodas\/tajekozatato\/","title":{"rendered":"\u00c1ltal\u00e1nos t\u00e1j\u00e9koztat\u00f3k"},"content":{"rendered":"\n<p>Tagozatunk k\u00e9pz\u00e9si rendszere \u00e9s jogosults\u00e1gi vizsga rendszere illeszkedik a Magyar M\u00e9rn\u00f6ki Kamara k\u00e9pz\u00e9si \u00e9s jogosults\u00e1gi vizsga rendszer\u00e9hez.<\/p>\n\n\n\n<ul class=\"wp-block-list\"><li>A k\u00e9pz\u00e9sekkel kapcsolatos \u00e1ltal\u00e1nos t\u00e1j\u00e9koztat\u00f3t itt tal\u00e1l:<br><a href=\"https:\/\/www.mmk.hu\/kepzesek\/tajekoztato\" target=\"_blank\" rel=\"noreferrer noopener\">https:\/\/www.mmk.hu\/kepzesek\/tajekoztato<\/a><\/li><li>A jogosults\u00e1gi vizsg\u00e1val kapcsolatos t\u00e1j\u00e9koztat\u00f3t itt tal\u00e1lja:<br><a href=\"https:\/\/www.mmk.hu\/ugyintezes\/vizsga\" target=\"_blank\" rel=\"noreferrer noopener\">https:\/\/www.mmk.hu\/ugyintezes\/vizsga<\/a><\/li><\/ul>\n\n\n\n<p><\/p>\n","protected":false},"excerpt":{"rendered":"<p>Tagozatunk k\u00e9pz\u00e9si rendszere \u00e9s jogosults\u00e1gi vizsga rendszere illeszkedik a Magyar M\u00e9rn\u00f6ki Kamara k\u00e9pz\u00e9si \u00e9s jogosults\u00e1gi vizsga rendszer\u00e9hez. A k\u00e9pz\u00e9sekkel kapcsolatos \u00e1ltal\u00e1nos t\u00e1j\u00e9koztat\u00f3t itt tal\u00e1l:https:\/\/www.mmk.hu\/kepzesek\/tajekoztato A jogosults\u00e1gi vizsg\u00e1val kapcsolatos t\u00e1j\u00e9koztat\u00f3t itt tal\u00e1lja:https:\/\/www.mmk.hu\/ugyintezes\/vizsga<\/p>\n","protected":false},"author":871,"featured_media":0,"parent":0,"menu_order":0,"comment_status":"closed","ping_status":"closed","template":"","meta":{"_exactmetrics_skip_tracking":false,"_exactmetrics_sitenote_active":false,"_exactmetrics_sitenote_note":"","_exactmetrics_sitenote_category":0,"footnotes":""},"class_list":["post-491","page","type-page","status-publish","hentry"],"_links":{"self":[{"href":"https:\/\/mernokvagyok.hu\/vizgazdalkodas\/wp-json\/wp\/v2\/pages\/491","targetHints":{"allow":["GET"]}}],"collection":[{"href":"https:\/\/mernokvagyok.hu\/vizgazdalkodas\/wp-json\/wp\/v2\/pages"}],"about":[{"href":"https:\/\/mernokvagyok.hu\/vizgazdalkodas\/wp-json\/wp\/v2\/types\/page"}],"author":[{"embeddable":true,"href":"https:\/\/mernokvagyok.hu\/vizgazdalkodas\/wp-json\/wp\/v2\/users\/871"}],"replies":[{"embeddable":true,"href":"https:\/\/mernokvagyok.hu\/vizgazdalkodas\/wp-json\/wp\/v2\/comments?post=491"}],"version-history":[{"count":10,"href":"https:\/\/mernokvagyok.hu\/vizgazdalkodas\/wp-json\/wp\/v2\/pages\/491\/revisions"}],"predecessor-version":[{"id":750,"href":"https:\/\/mernokvagyok.hu\/vizgazdalkodas\/wp-json\/wp\/v2\/pages\/491\/revisions\/750"}],"wp:attachment":[{"href":"https:\/\/mernokvagyok.hu\/vizgazdalkodas\/wp-json\/wp\/v2\/media?parent=491"}],"curies":[{"name":"wp","href":"https:\/\/api.w.org\/{rel}","templated":true}]}}