{"id":477,"date":"2022-10-26T14:54:33","date_gmt":"2022-10-26T14:54:33","guid":{"rendered":"https:\/\/mernokvagyok.hu\/vizgazdalkodas\/?page_id=477"},"modified":"2022-11-09T18:22:42","modified_gmt":"2022-11-09T18:22:42","slug":"egyetemek","status":"publish","type":"page","link":"https:\/\/mernokvagyok.hu\/vizgazdalkodas\/egyetemek\/","title":{"rendered":"Egyetemek"},"content":{"rendered":"\n<div class=\"wp-block-columns is-layout-flex wp-container-core-columns-is-layout-9d6595d7 wp-block-columns-is-layout-flex\">\n<div class=\"wp-block-column is-layout-flow wp-block-column-is-layout-flow\">\n<figure class=\"wp-block-table\"><table><tbody><tr><td class=\"has-text-align-left\" data-align=\"left\"><strong>BUDAPESTI M\u0170SZAKI \u00c9S GAZDAS\u00c1GTUDOM\u00c1NYI EGYETEM<\/strong><\/td><\/tr><tr><td class=\"has-text-align-left\" data-align=\"left\"><a href=\"http:\/\/vit.bme.hu\/\" data-type=\"URL\" data-id=\"http:\/\/vit.bme.hu\/\" target=\"_blank\" rel=\"noreferrer noopener\">\u00c9p\u00edt\u0151m\u00e9rn\u00f6ki Kar &#8211; V\u00edz\u00e9p\u00edt\u00e9si \u00e9s V\u00edzgazd\u00e1lkod\u00e1si Tansz\u00e9k<\/a><\/td><\/tr><tr><td class=\"has-text-align-left\" data-align=\"left\"><a rel=\"noreferrer noopener\" href=\"http:\/\/vkkt.bme.hu\/\" target=\"_blank\">\u00c9p\u00edt\u0151m\u00e9rn\u00f6ki Kar &#8211; V\u00edzi K\u00f6zm\u0171 \u00e9s K\u00f6rnyezetm\u00e9rn\u00f6ki Tansz\u00e9k<\/a><\/td><\/tr><\/tbody><\/table><\/figure>\n\n\n\n<figure class=\"wp-block-table\"><table><tbody><tr><td class=\"has-text-align-left\" data-align=\"left\"><strong>\u00d3BUDAI EGYETEM<\/strong><\/td><\/tr><tr><td class=\"has-text-align-left\" data-align=\"left\"><a href=\"https:\/\/www.ymmf.hu\/index.php\/hu\/karunk\/szerv-egysegek\/ep-int\" data-type=\"URL\" data-id=\"https:\/\/www.ymmf.hu\/index.php\/hu\/karunk\/szerv-egysegek\/ep-int\" target=\"_blank\" rel=\"noreferrer noopener\">Ybl Mikl\u00f3s \u00c9p\u00edt\u00e9studom\u00e1nyi Kar &#8211; \u00c9p\u00edt\u0151m\u00e9rn\u00f6ki Int\u00e9zet<\/a><\/td><\/tr><\/tbody><\/table><\/figure>\n\n\n\n<figure class=\"wp-block-table\"><table><tbody><tr><td class=\"has-text-align-left\" data-align=\"left\"><strong>MISKOLCI EGYETEM<\/strong><\/td><\/tr><tr><td class=\"has-text-align-left\" data-align=\"left\"><a href=\"https:\/\/www.hidrotanszek.hu\/\" target=\"_blank\" rel=\"noreferrer noopener\">K\u00f6rnyezetgazd\u00e1lkod\u00e1si Int\u00e9zet &#8211; Hidrogeol\u00f3giai-M\u00e9rn\u00f6kgeol\u00f3giai Int\u00e9zeti Tansz\u00e9k<\/a><\/td><\/tr><\/tbody><\/table><\/figure>\n<\/div>\n\n\n\n<div class=\"wp-block-column is-layout-flow wp-block-column-is-layout-flow\">\n<figure class=\"wp-block-table\"><table><tbody><tr><td class=\"has-text-align-left\" data-align=\"left\"><strong>SZ\u00c9CHENYI ISTV\u00c1N EGYETEM<\/strong><\/td><\/tr><tr><td class=\"has-text-align-left\" data-align=\"left\"><a href=\"https:\/\/kep.sze.hu\/tanszekrol\" data-type=\"URL\" data-id=\"https:\/\/kep.sze.hu\/tanszekrol\" target=\"_blank\" rel=\"noreferrer noopener\">\u00c9p\u00edt\u00e9sz-, \u00c9p\u00edt\u0151- \u00e9s K\u00f6zleked\u00e9sm\u00e9rn\u00f6ki Kar &#8211; K\u00f6zleked\u00e9s\u00e9p\u00edt\u00e9si \u00e9s V\u00edzm\u00e9rn\u00f6ki Tansz\u00e9k<\/a><\/td><\/tr><\/tbody><\/table><\/figure>\n\n\n\n<figure class=\"wp-block-table\"><table><tbody><tr><td class=\"has-text-align-left\" data-align=\"left\"><strong>DEBRECENI EGYETEM<\/strong><\/td><\/tr><tr><td class=\"has-text-align-left\" data-align=\"left\"><a href=\"https:\/\/epito.unideb.hu\/\" data-type=\"URL\" data-id=\"https:\/\/epito.unideb.hu\/\" target=\"_blank\" rel=\"noreferrer noopener\">M\u0171szaki Kar &#8211; \u00c9p\u00edt\u0151m\u00e9rn\u00f6ki Tansz\u00e9k<\/a><\/td><\/tr><\/tbody><\/table><\/figure>\n\n\n\n<figure class=\"wp-block-table\"><table><tbody><tr><td class=\"has-text-align-left\" data-align=\"left\"><strong>P\u00c9CSI TUDOM\u00c1NYEGYETEM<\/strong><\/td><\/tr><tr><td class=\"has-text-align-left\" data-align=\"left\"><a href=\"https:\/\/mik.pte.hu\/szervezeti-felepites\/mernoki-es-smart-technologiak-intezet\/epitomernok-tanszek\" data-type=\"URL\" data-id=\"https:\/\/mik.pte.hu\/szervezeti-felepites\/mernoki-es-smart-technologiak-intezet\/epitomernok-tanszek\" target=\"_blank\" rel=\"noreferrer noopener\">M\u0171szaki \u00e9s Informatikai Kar &#8211; M\u00e9rn\u00f6ki \u00e9s Smart Technol\u00f3gi\u00e1k Int\u00e9zet &#8211; \u00c9p\u00edt\u0151m\u00e9rn\u00f6k Tansz\u00e9k<\/a><\/td><\/tr><\/tbody><\/table><\/figure>\n<\/div>\n\n\n\n<div class=\"wp-block-column is-layout-flow wp-block-column-is-layout-flow\">\n<figure class=\"wp-block-table\"><table><tbody><tr><td class=\"has-text-align-left\" data-align=\"left\"><strong>NEMZETI K\u00d6ZSZOLG\u00c1LATI EGYETEM<\/strong><\/td><\/tr><tr><td class=\"has-text-align-left\" data-align=\"left\"><a href=\"https:\/\/vtk.uni-nke.hu\" target=\"_blank\" rel=\"noreferrer noopener\">V\u00edztudom\u00e1nyi Kar &#8211; Ter\u00fcleti V\u00edzgazd\u00e1lkod\u00e1si Tansz\u00e9k<\/a><\/td><\/tr><tr><td class=\"has-text-align-left\" data-align=\"left\"><a rel=\"noreferrer noopener\" href=\"https:\/\/vtk.uni-nke.hu\/\" target=\"_blank\">V\u00edztudom\u00e1nyi Kar &#8211; V\u00edz- \u00e9s K\u00f6rnyezetbiztons\u00e1gi Tansz\u00e9k<\/a><\/td><\/tr><tr><td class=\"has-text-align-left\" data-align=\"left\"><a rel=\"noreferrer noopener\" href=\"https:\/\/vtk.uni-nke.hu\/\" target=\"_blank\">V\u00edztudom\u00e1nyi Kar &#8211; V\u00edz- \u00e9s K\u00f6rnyezetpolitikai Tansz\u00e9k<\/a><\/td><\/tr><tr><td class=\"has-text-align-left\" data-align=\"left\"><a rel=\"noreferrer noopener\" href=\"https:\/\/vtk.uni-nke.hu\/\" target=\"_blank\">V\u00edztudom\u00e1nyi Kar &#8211; V\u00edzell\u00e1t\u00e1si \u00e9s Csatorn\u00e1z\u00e1si Tansz\u00e9k<\/a><\/td><\/tr><tr><td class=\"has-text-align-left\" data-align=\"left\"><a rel=\"noreferrer noopener\" href=\"https:\/\/vtk.uni-nke.hu\/\" target=\"_blank\">V\u00edztudom\u00e1nyi Kar &#8211; V\u00edz\u00e9p\u00edt\u00e9si Tansz\u00e9k<\/a><\/td><\/tr><\/tbody><\/table><\/figure>\n<\/div>\n<\/div>\n\n\n\n<p><\/p>\n","protected":false},"excerpt":{"rendered":"<p>BUDAPESTI M\u0170SZAKI \u00c9S GAZDAS\u00c1GTUDOM\u00c1NYI EGYETEM \u00c9p\u00edt\u0151m\u00e9rn\u00f6ki Kar &#8211; V\u00edz\u00e9p\u00edt\u00e9si \u00e9s V\u00edzgazd\u00e1lkod\u00e1si Tansz\u00e9k \u00c9p\u00edt\u0151m\u00e9rn\u00f6ki Kar &#8211; V\u00edzi K\u00f6zm\u0171 \u00e9s K\u00f6rnyezetm\u00e9rn\u00f6ki Tansz\u00e9k \u00d3BUDAI EGYETEM Ybl Mikl\u00f3s \u00c9p\u00edt\u00e9studom\u00e1nyi Kar &#8211; \u00c9p\u00edt\u0151m\u00e9rn\u00f6ki Int\u00e9zet MISKOLCI EGYETEM K\u00f6rnyezetgazd\u00e1lkod\u00e1si Int\u00e9zet &#8211; Hidrogeol\u00f3giai-M\u00e9rn\u00f6kgeol\u00f3giai Int\u00e9zeti Tansz\u00e9k SZ\u00c9CHENYI ISTV\u00c1N EGYETEM \u00c9p\u00edt\u00e9sz-, \u00c9p\u00edt\u0151- \u00e9s K\u00f6zleked\u00e9sm\u00e9rn\u00f6ki Kar &#8211; K\u00f6zleked\u00e9s\u00e9p\u00edt\u00e9si \u00e9s V\u00edzm\u00e9rn\u00f6ki Tansz\u00e9k DEBRECENI EGYETEM M\u0171szaki Kar &#8211; [&hellip;]<\/p>\n","protected":false},"author":871,"featured_media":0,"parent":0,"menu_order":0,"comment_status":"closed","ping_status":"closed","template":"","meta":{"_exactmetrics_skip_tracking":false,"_exactmetrics_sitenote_active":false,"_exactmetrics_sitenote_note":"","_exactmetrics_sitenote_category":0,"footnotes":""},"class_list":["post-477","page","type-page","status-publish","hentry"],"_links":{"self":[{"href":"https:\/\/mernokvagyok.hu\/vizgazdalkodas\/wp-json\/wp\/v2\/pages\/477","targetHints":{"allow":["GET"]}}],"collection":[{"href":"https:\/\/mernokvagyok.hu\/vizgazdalkodas\/wp-json\/wp\/v2\/pages"}],"about":[{"href":"https:\/\/mernokvagyok.hu\/vizgazdalkodas\/wp-json\/wp\/v2\/types\/page"}],"author":[{"embeddable":true,"href":"https:\/\/mernokvagyok.hu\/vizgazdalkodas\/wp-json\/wp\/v2\/users\/871"}],"replies":[{"embeddable":true,"href":"https:\/\/mernokvagyok.hu\/vizgazdalkodas\/wp-json\/wp\/v2\/comments?post=477"}],"version-history":[{"count":2,"href":"https:\/\/mernokvagyok.hu\/vizgazdalkodas\/wp-json\/wp\/v2\/pages\/477\/revisions"}],"predecessor-version":[{"id":656,"href":"https:\/\/mernokvagyok.hu\/vizgazdalkodas\/wp-json\/wp\/v2\/pages\/477\/revisions\/656"}],"wp:attachment":[{"href":"https:\/\/mernokvagyok.hu\/vizgazdalkodas\/wp-json\/wp\/v2\/media?parent=477"}],"curies":[{"name":"wp","href":"https:\/\/api.w.org\/{rel}","templated":true}]}}