{"id":475,"date":"2022-10-26T14:54:32","date_gmt":"2022-10-26T14:54:32","guid":{"rendered":"https:\/\/mernokvagyok.hu\/vizgazdalkodas\/?page_id=475"},"modified":"2025-11-27T13:31:45","modified_gmt":"2025-11-27T13:31:45","slug":"kamarai-kituntetesek","status":"publish","type":"page","link":"https:\/\/mernokvagyok.hu\/vizgazdalkodas\/kamarai-kituntetesek\/","title":{"rendered":"Kamarai kit\u00fcntet\u00e9sek"},"content":{"rendered":"\n<figure class=\"wp-block-table is-style-stripes\"><table><thead><tr><th>N\u00e9v<\/th><th>D\u00edj<\/th><th>\u00c9vsz\u00e1m<\/th><th>Link a laud\u00e1ci\u00f3hoz vagy egy\u00e9bhez.<\/th><\/tr><\/thead><tbody><tr><td><\/td><td><\/td><td><\/td><td><\/td><\/tr><\/tbody><\/table><\/figure>\n\n\n\n<p><\/p>\n ","protected":false},"excerpt":{"rendered":"<p>N\u00e9v D\u00edj \u00c9vsz\u00e1m Link a laud\u00e1ci\u00f3hoz vagy egy\u00e9bhez.<\/p>\n","protected":false},"author":871,"featured_media":0,"parent":0,"menu_order":0,"comment_status":"closed","ping_status":"closed","template":"","meta":{"_exactmetrics_skip_tracking":false,"_exactmetrics_sitenote_active":false,"_exactmetrics_sitenote_note":"","_exactmetrics_sitenote_category":0,"footnotes":""},"class_list":["post-475","page","type-page","status-publish","hentry"],"_links":{"self":[{"href":"https:\/\/mernokvagyok.hu\/vizgazdalkodas\/wp-json\/wp\/v2\/pages\/475","targetHints":{"allow":["GET"]}}],"collection":[{"href":"https:\/\/mernokvagyok.hu\/vizgazdalkodas\/wp-json\/wp\/v2\/pages"}],"about":[{"href":"https:\/\/mernokvagyok.hu\/vizgazdalkodas\/wp-json\/wp\/v2\/types\/page"}],"author":[{"embeddable":true,"href":"https:\/\/mernokvagyok.hu\/vizgazdalkodas\/wp-json\/wp\/v2\/users\/871"}],"replies":[{"embeddable":true,"href":"https:\/\/mernokvagyok.hu\/vizgazdalkodas\/wp-json\/wp\/v2\/comments?post=475"}],"version-history":[{"count":2,"href":"https:\/\/mernokvagyok.hu\/vizgazdalkodas\/wp-json\/wp\/v2\/pages\/475\/revisions"}],"predecessor-version":[{"id":655,"href":"https:\/\/mernokvagyok.hu\/vizgazdalkodas\/wp-json\/wp\/v2\/pages\/475\/revisions\/655"}],"wp:attachment":[{"href":"https:\/\/mernokvagyok.hu\/vizgazdalkodas\/wp-json\/wp\/v2\/media?parent=475"}],"curies":[{"name":"wp","href":"https:\/\/api.w.org\/{rel}","templated":true}]}}