{"id":456,"date":"2022-10-26T14:51:41","date_gmt":"2022-10-26T14:51:41","guid":{"rendered":"https:\/\/mernokvagyok.hu\/vizgazdalkodas\/?page_id=456"},"modified":"2025-11-27T13:31:22","modified_gmt":"2025-11-27T13:31:22","slug":"tagozati-kituntetesek","status":"publish","type":"page","link":"https:\/\/mernokvagyok.hu\/vizgazdalkodas\/tagozati-kituntetesek\/","title":{"rendered":"Tagozati kit\u00fcntet\u00e9sek"},"content":{"rendered":"\n<figure class=\"wp-block-table is-style-stripes\"><table><thead><tr><th>N\u00e9v<\/th><th>D\u00edj<\/th><th>\u00c9vsz\u00e1m<\/th><th>Laud\u00e1ci\u00f3<\/th><\/tr><\/thead><tbody><tr><td>Hrehuss Gy\u00f6rgy<\/td><td>Signum Aquae<\/td><td>2025<\/td><td><a href=\"https:\/\/mernokvagyok.hu\/vizgazdalkodas\/wp-content\/uploads\/2025\/11\/Hrehuss-Gyorgy-laudacio.pdf\">PDF<\/a><\/td><\/tr><tr><td>Somodi Ferenc<\/td><td>Signum Aquae<\/td><td>2025<\/td><td><a href=\"https:\/\/mernokvagyok.hu\/vizgazdalkodas\/wp-content\/uploads\/2025\/11\/Somodi-Ferenc-laudacio.pdf\">PDF<\/a><\/td><\/tr><tr><td>Zerkovitz Tam\u00e1s<\/td><td>Signum Aquae<\/td><td>2024<\/td><td><a href=\"https:\/\/mernokvagyok.hu\/vizgazdalkodas\/wp-content\/uploads\/2024\/12\/Zerkowitz-Tamas-laudacio.pdf\" target=\"_blank\" rel=\"noreferrer noopener\">PDF<\/a><\/td><\/tr><tr><td>Bara S\u00e1ndor<\/td><td>Signum Aquae<\/td><td>2024<\/td><td><a href=\"https:\/\/mernokvagyok.hu\/vizgazdalkodas\/wp-content\/uploads\/2024\/12\/Bara-Sandor-laudacio.pdf\" target=\"_blank\" rel=\"noreferrer noopener\">PDF<\/a><\/td><\/tr><tr><td>Ift Mikl\u00f3s<\/td><td>Signum Aquae posztomusz<\/td><td><br>2023<\/td><td><a href=\"https:\/\/mernokvagyok.hu\/vizgazdalkodas\/wp-content\/uploads\/2024\/10\/20241004_Ift-Miklos-laudacio.pdf\" target=\"_blank\" rel=\"noreferrer noopener\">PDF<\/a><\/td><\/tr><tr><td>Raum L\u00e1szl\u00f3<\/td><td>Signum Aquae<\/td><td>2023<\/td><td><a href=\"https:\/\/mernokvagyok.hu\/vizgazdalkodas\/wp-content\/uploads\/2024\/10\/20241004_Raum-Laszlo-laudacio.pdf\" target=\"_blank\" rel=\"noreferrer noopener\">PDF<\/a><\/td><\/tr><tr><td>Dr. Szl\u00e1vik Lajos<\/td><td>Signum Aquae<\/td><td>2022<\/td><td><\/td><\/tr><tr><td>Horv\u00e1th Gyula<\/td><td>Signum Aquae<\/td><td>2022<\/td><td><a href=\"https:\/\/mernokvagyok.hu\/vizgazdalkodas\/wp-content\/uploads\/2023\/03\/HorvathGy_Laudacio.pdf\" target=\"_blank\" rel=\"noreferrer noopener\">PDF<\/a><\/td><\/tr><tr><td>Benedek Andr\u00e1s<\/td><td>Signum Aquae<\/td><td>2022<\/td><td><a href=\"https:\/\/mernokvagyok.hu\/vizgazdalkodas\/wp-content\/uploads\/2023\/03\/BenedekA_Laudacio.pdf\" target=\"_blank\" rel=\"noreferrer noopener\">PDF<\/a><\/td><\/tr><tr><td>Fekete Gy\u00f6rgy<\/td><td>Signum Aquae<\/td><td>2021<\/td><td><a href=\"https:\/\/mernokvagyok.hu\/vizgazdalkodas\/wp-content\/uploads\/2022\/05\/Fekete-Gyorgy-laudacio.pdf\" target=\"_blank\" rel=\"noreferrer noopener\">PDF<\/a><\/td><\/tr><tr><td>Nov\u00e1k Gyula<\/td><td>Signum Aquae<\/td><td>2021<\/td><td><a href=\"https:\/\/mernokvagyok.hu\/vizgazdalkodas\/wp-content\/uploads\/2022\/05\/Novak-Gyula-laudacio.pdf\" target=\"_blank\" rel=\"noreferrer noopener\">PDF<\/a><\/td><\/tr><tr><td>Reich Gyula<\/td><td>MMK V\u00edzgazd\u00e1lkod\u00e1si \u00e9s V\u00edz\u00e9p\u00edt\u00e9si Tagozat Tiszteletbeli Eln\u00f6ke<\/td><td>2021<\/td><td><a href=\"https:\/\/mernokvagyok.hu\/vizgazdalkodas\/wp-content\/uploads\/2022\/05\/Tiszteletbeli-elnok-Reich-Gyula-meltatasa.pdf\" target=\"_blank\" rel=\"noreferrer noopener\">PDF<\/a><\/td><\/tr><tr><td>Buchberger P\u00e1l<\/td><td>Signum Aquae<\/td><td>2020<\/td><td><a href=\"https:\/\/mernokvagyok.hu\/vizgazdalkodas\/wp-\n\ncontent\/uploads\/sites\/23\/2022\/05\/Buchberger-Pal-laudacio.pdf\" target=\"_blank\" rel=\"noreferrer noopener\">PDF<\/a><\/td><\/tr><tr><td>Hullay Gyula<\/td><td>Signum Aquae<\/td><td>2020<\/td><td><a rel=\"noreferrer noopener\" href=\"https:\/\/mernokvagyok.hu\/vizgazdalkodas\/wp-\n\ncontent\/uploads\/sites\/23\/2022\/05\/Hullay-Gyula-laudacio.pdf\" target=\"_blank\">PDF<\/a><\/td><\/tr><tr><td>N\u00e1dor Istv\u00e1n<\/td><td>Signum Aquae<\/td><td>2019<\/td><td><\/td><\/tr><tr><td>Korcsm\u00e1r Andr\u00e1s<\/td><td>Signum Aquae<\/td><td>2019<\/td><td><\/td><\/tr><tr><td>Barsin\u00e9 Pataki Etelka<\/td><td>Signum Aquae<\/td><td>2017<\/td><td><\/td><\/tr><tr><td>Kaveczki L\u00e1szl\u00f3<\/td><td>Signum Aquae<\/td><td>2017<\/td><td><\/td><\/tr><tr><td>Dr. Nagy Istv\u00e1n<\/td><td>Signum Aquae<\/td><td>2017<\/td><td><\/td><\/tr><tr><td>Reich Gyula<\/td><td>Signum Aquae<\/td><td>2017<\/td><td><\/td><\/tr><tr><td>Szakasits Gy\u00f6rgy<\/td><td>Signum Aquae<\/td><td>2015<\/td><td><\/td><\/tr><tr><td>Dr. Somly\u00f3dy L\u00e1szl\u00f3<\/td><td>Signum Aquae<\/td><td>2013<\/td><td><\/td><\/tr><tr><td>Forstner Mikl\u00f3s<\/td><td>Signum Aquae<\/td><td>2012<\/td><td><\/td><\/tr><tr><td>Dr. \u00cdjjas Istv\u00e1n<\/td><td>Signum Aquae<\/td><td>2012<\/td><td><\/td><\/tr><tr><td>M\u00f3rocza \u00c1gnes<\/td><td>Signum Aquae<\/td><td>2011<\/td><td><\/td><\/tr><tr><td>Nagy Zolt\u00e1n<\/td><td>Signum Aquae<\/td><td>2011<\/td><td><\/td><\/tr><tr><td>Baross K\u00e1roly<\/td><td>Signum Aquae<\/td><td>2009<\/td><td><\/td><\/tr><tr><td>Horv\u00e1th L\u00e1szl\u00f3<\/td><td>Signum Aquae<\/td><td>2008<\/td><td><\/td><\/tr><tr><td>Dr. Karvaly Elem\u00e9r<\/td><td>Signum Aquae<\/td><td>2008<\/td><td><\/td><\/tr><tr><td>Dr. Bogn\u00e1r Gy\u0151z\u0151<\/td><td>Signum Aquae<\/td><td>2007<\/td><td><\/td><\/tr><tr><td>Fej\u00e9r L\u00e1szl\u00f3<\/td><td>Signum Aquae<\/td><td>2007<\/td><td><\/td><\/tr><tr><td>Bartha Istv\u00e1n<\/td><td>Signum Aquae<\/td><td>2006<\/td><td><\/td><\/tr><tr><td>P\u00e1lhidy Csaba<\/td><td>Signum Aquae<\/td><td>2006<\/td><td><\/td><\/tr><tr><td>Dr. Dulovits Dezs\u0151<\/td><td>Signum Aquae<\/td><td>2005<\/td><td><\/td><\/tr><tr><td>D\u00e9kei Aur\u00e9l<\/td><td>Signum Aquae<\/td><td>2005<\/td><td><\/td><\/tr><tr><td>Hossz\u00fa Szil\u00e1rd<\/td><td>Signum Aquae posztomusz<\/td><td>2004<\/td><td><\/td><\/tr><tr><td>Kalitzka L\u00e1szl\u00f3<\/td><td>Signum Aquae posztomusz<\/td><td>2004<\/td><td><\/td><\/tr><\/tbody><\/table><\/figure> \n\n\n\n<p><\/p>\n","protected":false},"excerpt":{"rendered":"<p>N\u00e9v D\u00edj \u00c9vsz\u00e1m Laud\u00e1ci\u00f3 Hrehuss Gy\u00f6rgy Signum Aquae 2025 PDF Somodi Ferenc Signum Aquae 2025 PDF Zerkovitz Tam\u00e1s Signum Aquae 2024 PDF Bara S\u00e1ndor Signum Aquae 2024 PDF Ift Mikl\u00f3s Signum Aquae posztomusz 2023 PDF Raum L\u00e1szl\u00f3 Signum Aquae 2023 PDF Dr. Szl\u00e1vik Lajos Signum Aquae 2022 Horv\u00e1th Gyula Signum Aquae 2022 PDF Benedek Andr\u00e1s [&hellip;]<\/p>\n","protected":false},"author":871,"featured_media":0,"parent":0,"menu_order":0,"comment_status":"closed","ping_status":"closed","template":"","meta":{"_exactmetrics_skip_tracking":false,"_exactmetrics_sitenote_active":false,"_exactmetrics_sitenote_note":"","_exactmetrics_sitenote_category":0,"footnotes":""},"class_list":["post-456","page","type-page","status-publish","hentry"],"_links":{"self":[{"href":"https:\/\/mernokvagyok.hu\/vizgazdalkodas\/wp-json\/wp\/v2\/pages\/456","targetHints":{"allow":["GET"]}}],"collection":[{"href":"https:\/\/mernokvagyok.hu\/vizgazdalkodas\/wp-json\/wp\/v2\/pages"}],"about":[{"href":"https:\/\/mernokvagyok.hu\/vizgazdalkodas\/wp-json\/wp\/v2\/types\/page"}],"author":[{"embeddable":true,"href":"https:\/\/mernokvagyok.hu\/vizgazdalkodas\/wp-json\/wp\/v2\/users\/871"}],"replies":[{"embeddable":true,"href":"https:\/\/mernokvagyok.hu\/vizgazdalkodas\/wp-json\/wp\/v2\/comments?post=456"}],"version-history":[{"count":14,"href":"https:\/\/mernokvagyok.hu\/vizgazdalkodas\/wp-json\/wp\/v2\/pages\/456\/revisions"}],"predecessor-version":[{"id":1940,"href":"https:\/\/mernokvagyok.hu\/vizgazdalkodas\/wp-json\/wp\/v2\/pages\/456\/revisions\/1940"}],"wp:attachment":[{"href":"https:\/\/mernokvagyok.hu\/vizgazdalkodas\/wp-json\/wp\/v2\/media?parent=456"}],"curies":[{"name":"wp","href":"https:\/\/api.w.org\/{rel}","templated":true}]}}