{"id":455,"date":"2022-10-26T14:51:41","date_gmt":"2022-10-26T14:51:41","guid":{"rendered":"https:\/\/mernokvagyok.hu\/vizgazdalkodas\/?page_id=455"},"modified":"2025-11-03T14:13:14","modified_gmt":"2025-11-03T14:13:14","slug":"mmk-kuldottek","status":"publish","type":"page","link":"https:\/\/mernokvagyok.hu\/vizgazdalkodas\/mmk-kuldottek\/","title":{"rendered":"MMK k\u00fcld\u00f6ttek"},"content":{"rendered":"\n<figure class=\"wp-block-table is-style-stripes\"><table><thead><tr><th class=\"has-text-align-left\" data-align=\"left\"><strong>N\u00e9v<\/strong><\/th><th class=\"has-text-align-left\" data-align=\"left\"><strong>Kamarai sz\u00e1m<\/strong><\/th><\/tr><\/thead><tbody><tr><td class=\"has-text-align-left\" data-align=\"left\">Kriston \u00c1d\u00e1m<\/td><td class=\"has-text-align-left\" data-align=\"left\">02-01376<\/td><\/tr><tr><td class=\"has-text-align-left\" data-align=\"left\">D\u00e9ri Lajos<\/td><td class=\"has-text-align-left\" data-align=\"left\">18-0295<\/td><\/tr><tr><td class=\"has-text-align-left\" data-align=\"left\">\u00c1nyos J\u00f3zsef L\u00e1szl\u00f3<\/td><td class=\"has-text-align-left\" data-align=\"left\">09-01319<\/td><\/tr><tr><td class=\"has-text-align-left\" data-align=\"left\">Farkas Egonn\u00e9<\/td><td class=\"has-text-align-left\" data-align=\"left\">12-0315<\/td><\/tr><tr><td class=\"has-text-align-left\" data-align=\"left\">Dr. Dobi L\u00e1szl\u00f3<\/td><td class=\"has-text-align-left\" data-align=\"left\">06-0721<\/td><\/tr><\/tbody><\/table><\/figure>\n","protected":false},"excerpt":{"rendered":"<p>N\u00e9v Kamarai sz\u00e1m Kriston \u00c1d\u00e1m 02-01376 D\u00e9ri Lajos 18-0295 \u00c1nyos J\u00f3zsef L\u00e1szl\u00f3 09-01319 Farkas Egonn\u00e9 12-0315 Dr. Dobi L\u00e1szl\u00f3 06-0721<\/p>\n","protected":false},"author":871,"featured_media":0,"parent":0,"menu_order":0,"comment_status":"closed","ping_status":"closed","template":"","meta":{"_exactmetrics_skip_tracking":false,"_exactmetrics_sitenote_active":false,"_exactmetrics_sitenote_note":"","_exactmetrics_sitenote_category":0,"footnotes":""},"class_list":["post-455","page","type-page","status-publish","hentry"],"_links":{"self":[{"href":"https:\/\/mernokvagyok.hu\/vizgazdalkodas\/wp-json\/wp\/v2\/pages\/455","targetHints":{"allow":["GET"]}}],"collection":[{"href":"https:\/\/mernokvagyok.hu\/vizgazdalkodas\/wp-json\/wp\/v2\/pages"}],"about":[{"href":"https:\/\/mernokvagyok.hu\/vizgazdalkodas\/wp-json\/wp\/v2\/types\/page"}],"author":[{"embeddable":true,"href":"https:\/\/mernokvagyok.hu\/vizgazdalkodas\/wp-json\/wp\/v2\/users\/871"}],"replies":[{"embeddable":true,"href":"https:\/\/mernokvagyok.hu\/vizgazdalkodas\/wp-json\/wp\/v2\/comments?post=455"}],"version-history":[{"count":3,"href":"https:\/\/mernokvagyok.hu\/vizgazdalkodas\/wp-json\/wp\/v2\/pages\/455\/revisions"}],"predecessor-version":[{"id":1801,"href":"https:\/\/mernokvagyok.hu\/vizgazdalkodas\/wp-json\/wp\/v2\/pages\/455\/revisions\/1801"}],"wp:attachment":[{"href":"https:\/\/mernokvagyok.hu\/vizgazdalkodas\/wp-json\/wp\/v2\/media?parent=455"}],"curies":[{"name":"wp","href":"https:\/\/api.w.org\/{rel}","templated":true}]}}