{"id":454,"date":"2022-10-26T14:51:40","date_gmt":"2022-10-26T14:51:40","guid":{"rendered":"https:\/\/mernokvagyok.hu\/vizgazdalkodas\/?page_id=454"},"modified":"2025-10-17T17:54:23","modified_gmt":"2025-10-17T17:54:23","slug":"elnokseg","status":"publish","type":"page","link":"https:\/\/mernokvagyok.hu\/vizgazdalkodas\/elnokseg\/","title":{"rendered":"Eln\u00f6ks\u00e9g"},"content":{"rendered":"\n<figure class=\"wp-block-table is-style-stripes\"><table><thead><tr><th class=\"has-text-align-left\" data-align=\"left\">Beoszt\u00e1s<\/th><th class=\"has-text-align-left\" data-align=\"left\">N\u00e9v<\/th><th class=\"has-text-align-left\" data-align=\"left\">Tagsz\u00e1m<\/th><\/tr><\/thead><tbody><tr><td class=\"has-text-align-left\" data-align=\"left\">Eln\u00f6k<\/td><td class=\"has-text-align-left\" data-align=\"left\">Kriston \u00c1d\u00e1m<\/td><td class=\"has-text-align-left\" data-align=\"left\">02-01376<\/td><\/tr><tr><td class=\"has-text-align-left\" data-align=\"left\">Aleln\u00f6k<\/td><td class=\"has-text-align-left\" data-align=\"left\">D\u00e9ri Lajos<\/td><td class=\"has-text-align-left\" data-align=\"left\">18-0295<\/td><\/tr><tr><td class=\"has-text-align-left\" data-align=\"left\">Aleln\u00f6k<\/td><td class=\"has-text-align-left\" data-align=\"left\">\u00c1nyos J\u00f3zsef L\u00e1szl\u00f3<\/td><td class=\"has-text-align-left\" data-align=\"left\">09-01319<\/td><\/tr><tr><td class=\"has-text-align-left\" data-align=\"left\">Eln\u00f6ks\u00e9gi tag<\/td><td class=\"has-text-align-left\" data-align=\"left\">Farkas Egonn\u00e9<\/td><td class=\"has-text-align-left\" data-align=\"left\">12-0315<\/td><\/tr><tr><td class=\"has-text-align-left\" data-align=\"left\">Eln\u00f6ks\u00e9gi tag<\/td><td class=\"has-text-align-left\" data-align=\"left\">Dr. Dobi L\u00e1szl\u00f3<\/td><td class=\"has-text-align-left\" data-align=\"left\">06-0721<\/td><\/tr><tr><td class=\"has-text-align-left\" data-align=\"left\">Eln\u00f6ks\u00e9gi tag<\/td><td class=\"has-text-align-left\" data-align=\"left\">Tam\u00e1s P\u00e9ter<\/td><td class=\"has-text-align-left\" data-align=\"left\">06-0813<\/td><\/tr><tr><td class=\"has-text-align-left\" data-align=\"left\">Eln\u00f6ks\u00e9gi tag<\/td><td class=\"has-text-align-left\" data-align=\"left\">Zajzon Imre<\/td><td class=\"has-text-align-left\" data-align=\"left\">20-0197<\/td><\/tr><tr><td class=\"has-text-align-left\" data-align=\"left\">Eln\u00f6ks\u00e9gi tag<\/td><td class=\"has-text-align-left\" data-align=\"left\">Ivask\u00f3 Csaba<\/td><td class=\"has-text-align-left\" data-align=\"left\">03-0813<\/td><\/tr><tr><td class=\"has-text-align-left\" data-align=\"left\">Eln\u00f6ks\u00e9gi tag<\/td><td class=\"has-text-align-left\" data-align=\"left\">Dr. Knolm\u00e1r Marcell<\/td><td class=\"has-text-align-left\" data-align=\"left\">01-07104<\/td><\/tr><tr><td class=\"has-text-align-left\" data-align=\"left\">Eln\u00f6ks\u00e9gi tag<\/td><td class=\"has-text-align-left\" data-align=\"left\">Borza Tibor<\/td><td class=\"has-text-align-left\" data-align=\"left\">06-0827<\/td><\/tr><tr><td class=\"has-text-align-left\" data-align=\"left\">Eln\u00f6ks\u00e9gi tag<\/td><td class=\"has-text-align-left\" data-align=\"left\">Boda Bal\u00e1zs Zolt\u00e1n<\/td><td class=\"has-text-align-left\" data-align=\"left\">14-0607<\/td><\/tr><tr><td class=\"has-text-align-left\" data-align=\"left\">Eln\u00f6ks\u00e9gi tag<\/td><td class=\"has-text-align-left\" data-align=\"left\">Udud P\u00e9ter<\/td><td class=\"has-text-align-left\" data-align=\"left\">02-0358<\/td><\/tr><tr><td class=\"has-text-align-left\" data-align=\"left\">Eln\u00f6ks\u00e9gi tag<\/td><td class=\"has-text-align-left\" data-align=\"left\">Kun B\u00e9la<\/td><td class=\"has-text-align-left\" data-align=\"left\">09-0379<\/td><\/tr><\/tbody><\/table><\/figure>\n\n\n\n<p><\/p>\n","protected":false},"excerpt":{"rendered":"<p>Beoszt\u00e1s N\u00e9v Tagsz\u00e1m Eln\u00f6k Kriston \u00c1d\u00e1m 02-01376 Aleln\u00f6k D\u00e9ri Lajos 18-0295 Aleln\u00f6k \u00c1nyos J\u00f3zsef L\u00e1szl\u00f3 09-01319 Eln\u00f6ks\u00e9gi tag Farkas Egonn\u00e9 12-0315 Eln\u00f6ks\u00e9gi tag Dr. Dobi L\u00e1szl\u00f3 06-0721 Eln\u00f6ks\u00e9gi tag Tam\u00e1s P\u00e9ter 06-0813 Eln\u00f6ks\u00e9gi tag Zajzon Imre 20-0197 Eln\u00f6ks\u00e9gi tag Ivask\u00f3 Csaba 03-0813 Eln\u00f6ks\u00e9gi tag Dr. Knolm\u00e1r Marcell 01-07104 Eln\u00f6ks\u00e9gi tag Borza Tibor 06-0827 Eln\u00f6ks\u00e9gi tag [&hellip;]<\/p>\n","protected":false},"author":871,"featured_media":0,"parent":0,"menu_order":0,"comment_status":"closed","ping_status":"closed","template":"","meta":{"_exactmetrics_skip_tracking":false,"_exactmetrics_sitenote_active":false,"_exactmetrics_sitenote_note":"","_exactmetrics_sitenote_category":0,"footnotes":""},"class_list":["post-454","page","type-page","status-publish","hentry"],"_links":{"self":[{"href":"https:\/\/mernokvagyok.hu\/vizgazdalkodas\/wp-json\/wp\/v2\/pages\/454","targetHints":{"allow":["GET"]}}],"collection":[{"href":"https:\/\/mernokvagyok.hu\/vizgazdalkodas\/wp-json\/wp\/v2\/pages"}],"about":[{"href":"https:\/\/mernokvagyok.hu\/vizgazdalkodas\/wp-json\/wp\/v2\/types\/page"}],"author":[{"embeddable":true,"href":"https:\/\/mernokvagyok.hu\/vizgazdalkodas\/wp-json\/wp\/v2\/users\/871"}],"replies":[{"embeddable":true,"href":"https:\/\/mernokvagyok.hu\/vizgazdalkodas\/wp-json\/wp\/v2\/comments?post=454"}],"version-history":[{"count":6,"href":"https:\/\/mernokvagyok.hu\/vizgazdalkodas\/wp-json\/wp\/v2\/pages\/454\/revisions"}],"predecessor-version":[{"id":1787,"href":"https:\/\/mernokvagyok.hu\/vizgazdalkodas\/wp-json\/wp\/v2\/pages\/454\/revisions\/1787"}],"wp:attachment":[{"href":"https:\/\/mernokvagyok.hu\/vizgazdalkodas\/wp-json\/wp\/v2\/media?parent=454"}],"curies":[{"name":"wp","href":"https:\/\/api.w.org\/{rel}","templated":true}]}}