{"id":450,"date":"2022-10-26T14:51:40","date_gmt":"2022-10-26T14:51:40","guid":{"rendered":"https:\/\/mernokvagyok.hu\/vizgazdalkodas\/?page_id=450"},"modified":"2025-11-06T09:45:15","modified_gmt":"2025-11-06T09:45:15","slug":"elnoki-koszonto","status":"publish","type":"page","link":"https:\/\/mernokvagyok.hu\/vizgazdalkodas\/elnoki-koszonto\/","title":{"rendered":"Eln\u00f6ki k\u00f6sz\u00f6nt\u0151"},"content":{"rendered":"\n<p><strong>Tisztelt Koll\u00e9g\u00e1k, Tagjaink!<\/strong><\/p>\n\n\n\n<p>2025. okt\u00f3ber 10-\u00e9n sikeresen lezajlott Tagozatunk Tiszt\u00faj\u00edt\u00f3 Taggy\u0171l\u00e9se. Az el\u0151z\u0151 eln\u00f6ks\u00e9g lez\u00e1rta eln\u00f6ks\u00e9gi id\u0151szak\u00e1t \u00e9s megv\u00e1laszt\u00e1sra ker\u00fclt Tagozatunk \u00faj eln\u00f6ks\u00e9ge \u00e9s Szak\u00e9rt\u0151i test\u00fclete. Az \u00faj eln\u00f6ks\u00e9g az el\u0151d\u00f6k \u00e1ltal letett alapokra \u00e9p\u00edtkezve meg\u00fajult er\u0151vel folytatja a munk\u00e1t, amelyre Tagozatunkat a szakmai m\u00faltja \u00e9s hagyom\u00e1nyai is k\u00f6telezik.<\/p>\n\n\n\n<p>C\u00e9lunk, hogy szakmai kapcsolatainkat \u00e9s transzparenci\u00e1nkat fejlesztve az \u00e1gazat \u00e9s ez\u00e1ltal a tagozat fontoss\u00e1g\u00e1ra felh\u00edvjuk a figyelmet, annak elismerts\u00e9g\u00e9t magasabb szintre emelj\u00fck. Az \u00e1gazat presztizse meghat\u00e1roz\u00f3 a jelen\u00fcnk \u00e9s a j\u00f6v\u0151nk szempontj\u00e1b\u00f3l. Ezt az \u00fczenetet k\u00f6zvet\u00edtve v\u00e9gezz\u00fck munk\u00e1nkat \u00e9s felel\u0151sen j\u00e1rulunk hozz\u00e1 az \u00e1gazat kih\u00edv\u00e1sainak megold\u00e1s\u00e1hoz \u00e9s a j\u00f6v\u0151 m\u00e9rn\u00f6k-t\u00e1rsadalm\u00e1nak \u00e9p\u00edt\u00e9s\u00e9hez.<\/p>\n\n\n\n<p>Az aktu\u00e1lis eln\u00f6ks\u00e9gi ciklus sor\u00e1n az al\u00e1bbi f\u0151bb c\u00e9lokat t\u0171ztem ki:<\/p>\n\n\n\n<ol class=\"wp-block-list\">\n<li><strong>Tisztas\u00e1g \u00e9s \u00c1tl\u00e1that\u00f3s\u00e1g: &#8220;Minden Tag \u00e9rezze mag\u00e1\u00e9nak a tagozatot!&#8221;<\/strong><ol><li>Transzparens szakmai \u00e9s gazdas\u00e1gi m\u0171k\u00f6d\u00e9s. Tagjaink korrekt t\u00e1j\u00e9koztat\u00e1s\u00e1nak biztos\u00edt\u00e1sa.<\/li><\/ol>\n<ol class=\"wp-block-list\">\n<li>A tagok \u00e9s a Kamara Eln\u00f6ks\u00e9ge \u00e1ltal megfogalmazott k\u00e9rd\u00e9sekre \u00e9rdemi \u00e9s gyors v\u00e1laszok megad\u00e1sa.<\/li>\n<\/ol>\n<\/li>\n\n\n\n<li><strong>Szakmai Felel\u0151ss\u00e9g \u00e9s Eredm\u00e9nyek: &#8220;Kiv\u00e1l\u00f3 szakemberek \u00e9s sikeres Projektek!&#8221;<\/strong><ol><li>A jogosults\u00e1gi vizsgarendszer fel\u00fclvizsg\u00e1lata, \u00e1talak\u00edt\u00e1s\u00e1ra szakmai terv \u00f6ssze\u00e1ll\u00edt\u00e1sa \u00e9s bevezet\u00e9se.<\/li><\/ol>\n<ol class=\"wp-block-list\">\n<li>A tagozati projektek szakmai hozz\u00e1\u00e9rt\u00e9sen \u00e9s precizit\u00e1son alapul\u00f3 menedzsmentje.<\/li>\n<\/ol>\n<\/li>\n\n\n\n<li><strong>Meg\u00fajul\u00e1s, N\u00f6veked\u00e9s \u00e9s J\u00f6v\u0151\u00e9p\u00edt\u00e9s: &#8220;Dolgozzunk egy\u00fctt a sikerek\u00e9rt!&#8221;<\/strong><ol><li>A szakma \u00e9s az \u00e1gazat alapvet\u0151 c\u00e9ljainak hat\u00e1rozott k\u00e9pviselete.<\/li><\/ol><ol><li>A tagozaton bel\u00fcli egy\u00fcttm\u0171k\u00f6d\u00e9si rendszerek kialak\u00edt\u00e1sa.<\/li><\/ol><ol><li>A tagozati l\u00e9tsz\u00e1m mennyis\u00e9gi \u00e9s egyben min\u0151s\u00e9gi fejleszt\u00e9se.<\/li><\/ol>\n<ol class=\"wp-block-list\">\n<li>Tagok szakmai aktivit\u00e1s\u00e1nak n\u00f6vel\u00e9se tematiz\u00e1lt munkacsoportok l\u00e9trehoz\u00e1s\u00e1val.<\/li>\n<\/ol>\n<\/li>\n<\/ol>\n\n\n\n<p>K\u00f6z\u00f6s c\u00e9ljaink el\u00e9r\u00e9se \u00e9rdek\u00e9ben a tagozati munk\u00e1ban valamennyi Tagt\u00e1rsunk munk\u00e1j\u00e1ra, aktivit\u00e1s\u00e1ra \u00e9s v\u00e9lem\u00e9ny\u00e9re sz\u00e1m\u00edtunk!<\/p>\n\n\n\n<p>K\u00e9rem k\u00e9rd\u00e9s\u00fck, k\u00e9r\u00e9s\u00fck vagy kezdem\u00e9nyez\u00e9s\u00fck eset\u00e9n keressenek bizalommal!<br>Sz\u00e9p kih\u00edv\u00e1sokat, hasznos munk\u00e1t \u00e9s mindezekhez j\u00f3 eg\u00e9szs\u00e9get k\u00edv\u00e1nok!<\/p>\n\n\n\n<p>\u00dcdv\u00f6zlettel,<br>Kriston \u00c1d\u00e1m<br>MMK-VVT, eln\u00f6k<br>Tel.: +36 70\u00a0333 1112<br>E-mail: <a href=\"mailto:kriston.mmk@gmail.com\">kriston.mmk@gmail.com<\/a><\/p>\n\n\n\n<p><\/p>\n","protected":false},"excerpt":{"rendered":"<p>Tisztelt Koll\u00e9g\u00e1k, Tagjaink! 2025. okt\u00f3ber 10-\u00e9n sikeresen lezajlott Tagozatunk Tiszt\u00faj\u00edt\u00f3 Taggy\u0171l\u00e9se. Az el\u0151z\u0151 eln\u00f6ks\u00e9g lez\u00e1rta eln\u00f6ks\u00e9gi id\u0151szak\u00e1t \u00e9s megv\u00e1laszt\u00e1sra ker\u00fclt Tagozatunk \u00faj eln\u00f6ks\u00e9ge \u00e9s Szak\u00e9rt\u0151i test\u00fclete. Az \u00faj eln\u00f6ks\u00e9g az el\u0151d\u00f6k \u00e1ltal letett alapokra \u00e9p\u00edtkezve meg\u00fajult er\u0151vel folytatja a munk\u00e1t, amelyre Tagozatunkat a szakmai m\u00faltja \u00e9s hagyom\u00e1nyai is k\u00f6telezik. C\u00e9lunk, hogy szakmai kapcsolatainkat \u00e9s transzparenci\u00e1nkat [&hellip;]<\/p>\n","protected":false},"author":871,"featured_media":0,"parent":0,"menu_order":0,"comment_status":"closed","ping_status":"closed","template":"","meta":{"_exactmetrics_skip_tracking":false,"_exactmetrics_sitenote_active":false,"_exactmetrics_sitenote_note":"","_exactmetrics_sitenote_category":0,"footnotes":""},"class_list":["post-450","page","type-page","status-publish","hentry"],"_links":{"self":[{"href":"https:\/\/mernokvagyok.hu\/vizgazdalkodas\/wp-json\/wp\/v2\/pages\/450","targetHints":{"allow":["GET"]}}],"collection":[{"href":"https:\/\/mernokvagyok.hu\/vizgazdalkodas\/wp-json\/wp\/v2\/pages"}],"about":[{"href":"https:\/\/mernokvagyok.hu\/vizgazdalkodas\/wp-json\/wp\/v2\/types\/page"}],"author":[{"embeddable":true,"href":"https:\/\/mernokvagyok.hu\/vizgazdalkodas\/wp-json\/wp\/v2\/users\/871"}],"replies":[{"embeddable":true,"href":"https:\/\/mernokvagyok.hu\/vizgazdalkodas\/wp-json\/wp\/v2\/comments?post=450"}],"version-history":[{"count":3,"href":"https:\/\/mernokvagyok.hu\/vizgazdalkodas\/wp-json\/wp\/v2\/pages\/450\/revisions"}],"predecessor-version":[{"id":1808,"href":"https:\/\/mernokvagyok.hu\/vizgazdalkodas\/wp-json\/wp\/v2\/pages\/450\/revisions\/1808"}],"wp:attachment":[{"href":"https:\/\/mernokvagyok.hu\/vizgazdalkodas\/wp-json\/wp\/v2\/media?parent=450"}],"curies":[{"name":"wp","href":"https:\/\/api.w.org\/{rel}","templated":true}]}}