{"id":41,"date":"2022-02-15T18:13:13","date_gmt":"2022-02-15T18:13:13","guid":{"rendered":"https:\/\/mernokvagyok.hu\/vizgazdalkodas\/?page_id=41"},"modified":"2022-11-10T17:09:18","modified_gmt":"2022-11-10T17:09:18","slug":"szakmai-allasfoglalasok","status":"publish","type":"page","link":"https:\/\/mernokvagyok.hu\/vizgazdalkodas\/szakmai-allasfoglalasok\/","title":{"rendered":"Szakmai \u00e1ll\u00e1sfoglal\u00e1sok"},"content":{"rendered":"\n<figure class=\"wp-block-table is-style-stripes\"><table><thead><tr><th>Dokumentum C\u00edm<\/th><th>Dokumentum r\u00f6vid tartalma<\/th><th>Megjelen\u00e9s d\u00e1tuma<\/th><th>Link<\/th><\/tr><\/thead><tbody><tr><td><\/td><td><\/td><td><\/td><td><\/td><\/tr><tr><td><\/td><td><\/td><td><\/td><td><\/td><\/tr><\/tbody><\/table><\/figure>\n","protected":false},"excerpt":{"rendered":"<p>Dokumentum C\u00edm Dokumentum r\u00f6vid tartalma Megjelen\u00e9s d\u00e1tuma Link<\/p>\n","protected":false},"author":871,"featured_media":0,"parent":0,"menu_order":0,"comment_status":"closed","ping_status":"closed","template":"","meta":{"_exactmetrics_skip_tracking":false,"_exactmetrics_sitenote_active":false,"_exactmetrics_sitenote_note":"","_exactmetrics_sitenote_category":0,"footnotes":""},"class_list":["post-41","page","type-page","status-publish","hentry"],"_links":{"self":[{"href":"https:\/\/mernokvagyok.hu\/vizgazdalkodas\/wp-json\/wp\/v2\/pages\/41","targetHints":{"allow":["GET"]}}],"collection":[{"href":"https:\/\/mernokvagyok.hu\/vizgazdalkodas\/wp-json\/wp\/v2\/pages"}],"about":[{"href":"https:\/\/mernokvagyok.hu\/vizgazdalkodas\/wp-json\/wp\/v2\/types\/page"}],"author":[{"embeddable":true,"href":"https:\/\/mernokvagyok.hu\/vizgazdalkodas\/wp-json\/wp\/v2\/users\/871"}],"replies":[{"embeddable":true,"href":"https:\/\/mernokvagyok.hu\/vizgazdalkodas\/wp-json\/wp\/v2\/comments?post=41"}],"version-history":[{"count":3,"href":"https:\/\/mernokvagyok.hu\/vizgazdalkodas\/wp-json\/wp\/v2\/pages\/41\/revisions"}],"predecessor-version":[{"id":689,"href":"https:\/\/mernokvagyok.hu\/vizgazdalkodas\/wp-json\/wp\/v2\/pages\/41\/revisions\/689"}],"wp:attachment":[{"href":"https:\/\/mernokvagyok.hu\/vizgazdalkodas\/wp-json\/wp\/v2\/media?parent=41"}],"curies":[{"name":"wp","href":"https:\/\/api.w.org\/{rel}","templated":true}]}}