{"id":37,"date":"2022-02-15T18:12:47","date_gmt":"2022-02-15T18:12:47","guid":{"rendered":"https:\/\/mernokvagyok.hu\/vizgazdalkodas\/?page_id=37"},"modified":"2025-11-04T09:54:51","modified_gmt":"2025-11-04T09:54:51","slug":"ugyrend-szabalyzataink","status":"publish","type":"page","link":"https:\/\/mernokvagyok.hu\/vizgazdalkodas\/ugyrend-szabalyzataink\/","title":{"rendered":"\u00dcgyrend, szab\u00e1lyzatok"},"content":{"rendered":"\n<p>Magyar M\u00e9rn\u00f6ki Kamara \u00e1ltal\u00e1nos m\u0171k\u00f6d\u00e9sre vonatkoz\u00f3 dokumentumai<br>az al\u00e1bbi linken \u00e9rhet\u0151k el: <a href=\"https:\/\/www.mmk.hu\/informaciok\/dokumentumok\/szabalyzatok\" target=\"_blank\" rel=\"noreferrer noopener\">https:\/\/www.mmk.hu\/informaciok\/dokumentumok\/szabalyzatok<\/a><\/p>\n\n\n\n<figure class=\"wp-block-table is-style-stripes\"><table><thead><tr><th>Dokumentum c\u00edme<\/th><th>Tartalom<\/th><th>Megjelen\u00e9s d\u00e1tuma<\/th><th>Link a dokumentumhoz<\/th><\/tr><\/thead><tbody><tr><td>MMK V\u00edzgazd\u00e1lkod\u00e1si \u00e9s V\u00edz\u00e9p\u00edt\u00e9si Tagozat \u00dcgyrendje<\/td><td>2024.11.27. \u00f3ta hat\u00e1lyos hivatalos \u00fcgyrend<\/td><td>2024<\/td><td><a href=\"https:\/\/mernokvagyok.hu\/vizgazdalkodas\/wp-content\/uploads\/2025\/11\/ugyrend_Vizgazdalkodasi-es-Vizepitesi-Tagozat_2024.pdf\" target=\"_blank\" rel=\"noreferrer noopener\">PDF<\/a><\/td><\/tr><tr><td>Kit\u00fcntet\u00e9si szab\u00e1lyzat<\/td><td>MMK V\u00edzgazd\u00e1lkod\u00e1si \u00e9s V\u00edz\u00e9p\u00edt\u00e9si Tagozata \u00e1ltal adom\u00e1nyozott kit\u00fcntet\u00e9sekhez kapcsol\u00f3d\u00f3 szab\u00e1lyoz\u00e1s<\/td><td>2020. m\u00e1rcius<\/td><td><a href=\"https:\/\/mernokvagyok.hu\/vizgazdalkodas\/wp-content\/uploads\/2024\/02\/Kituntetesi-szabalyzat_2020.pdf\" target=\"_blank\" rel=\"noreferrer noopener\">PDF<\/a><\/td><\/tr><tr><td>MMK V\u00edzgazd\u00e1lkod\u00e1si \u00e9s V\u00edz\u00e9p\u00edt\u00e9si Tagozat \u00dcgyrendje<\/td><td><\/td><td>2017<\/td><td><a href=\"https:\/\/mernokvagyok.hu\/vizgazdalkodas\/wp-content\/uploads\/2022\/11\/pdf1.pdf\" target=\"_blank\" rel=\"noreferrer noopener\">PDF<\/a><\/td><\/tr><\/tbody><\/table><\/figure>\n\n\n\n<p><\/p>\n","protected":false},"excerpt":{"rendered":"<p>Magyar M\u00e9rn\u00f6ki Kamara \u00e1ltal\u00e1nos m\u0171k\u00f6d\u00e9sre vonatkoz\u00f3 dokumentumaiaz al\u00e1bbi linken \u00e9rhet\u0151k el: https:\/\/www.mmk.hu\/informaciok\/dokumentumok\/szabalyzatok Dokumentum c\u00edme Tartalom Megjelen\u00e9s d\u00e1tuma Link a dokumentumhoz MMK V\u00edzgazd\u00e1lkod\u00e1si \u00e9s V\u00edz\u00e9p\u00edt\u00e9si Tagozat \u00dcgyrendje 2024.11.27. \u00f3ta hat\u00e1lyos hivatalos \u00fcgyrend 2024 PDF Kit\u00fcntet\u00e9si szab\u00e1lyzat MMK V\u00edzgazd\u00e1lkod\u00e1si \u00e9s V\u00edz\u00e9p\u00edt\u00e9si Tagozata \u00e1ltal adom\u00e1nyozott kit\u00fcntet\u00e9sekhez kapcsol\u00f3d\u00f3 szab\u00e1lyoz\u00e1s 2020. m\u00e1rcius PDF MMK V\u00edzgazd\u00e1lkod\u00e1si \u00e9s V\u00edz\u00e9p\u00edt\u00e9si Tagozat \u00dcgyrendje 2017 [&hellip;]<\/p>\n","protected":false},"author":871,"featured_media":0,"parent":0,"menu_order":0,"comment_status":"closed","ping_status":"closed","template":"","meta":{"_exactmetrics_skip_tracking":false,"_exactmetrics_sitenote_active":false,"_exactmetrics_sitenote_note":"","_exactmetrics_sitenote_category":0,"footnotes":""},"class_list":["post-37","page","type-page","status-publish","hentry"],"_links":{"self":[{"href":"https:\/\/mernokvagyok.hu\/vizgazdalkodas\/wp-json\/wp\/v2\/pages\/37","targetHints":{"allow":["GET"]}}],"collection":[{"href":"https:\/\/mernokvagyok.hu\/vizgazdalkodas\/wp-json\/wp\/v2\/pages"}],"about":[{"href":"https:\/\/mernokvagyok.hu\/vizgazdalkodas\/wp-json\/wp\/v2\/types\/page"}],"author":[{"embeddable":true,"href":"https:\/\/mernokvagyok.hu\/vizgazdalkodas\/wp-json\/wp\/v2\/users\/871"}],"replies":[{"embeddable":true,"href":"https:\/\/mernokvagyok.hu\/vizgazdalkodas\/wp-json\/wp\/v2\/comments?post=37"}],"version-history":[{"count":20,"href":"https:\/\/mernokvagyok.hu\/vizgazdalkodas\/wp-json\/wp\/v2\/pages\/37\/revisions"}],"predecessor-version":[{"id":1804,"href":"https:\/\/mernokvagyok.hu\/vizgazdalkodas\/wp-json\/wp\/v2\/pages\/37\/revisions\/1804"}],"wp:attachment":[{"href":"https:\/\/mernokvagyok.hu\/vizgazdalkodas\/wp-json\/wp\/v2\/media?parent=37"}],"curies":[{"name":"wp","href":"https:\/\/api.w.org\/{rel}","templated":true}]}}