{"id":33,"date":"2022-02-15T18:12:21","date_gmt":"2022-02-15T18:12:21","guid":{"rendered":"https:\/\/mernokvagyok.hu\/vizgazdalkodas\/?page_id=33"},"modified":"2022-11-17T21:23:30","modified_gmt":"2022-11-17T21:23:30","slug":"historia","status":"publish","type":"page","link":"https:\/\/mernokvagyok.hu\/vizgazdalkodas\/historia\/","title":{"rendered":"Hist\u00f3ria"},"content":{"rendered":"\n<div class=\"wp-block-query is-layout-flow wp-block-query-is-layout-flow\"><ul class=\"wp-block-post-template is-layout-flow wp-block-post-template-is-layout-flow\"><li class=\"wp-block-post post-742 post type-post status-publish format-standard hentry category-historiak\">\n<h2 class=\"wp-block-post-title\">Mosonyi Emil \u00e9s D\u00e9gen Imre<\/h2>\n\n<div class=\"wp-block-post-excerpt\"><p class=\"wp-block-post-excerpt__excerpt\">Fej\u00e9r L\u00e1szl\u00f3 P\u00e1ly\u00e1juk egy id\u0151ben p\u00e1rhuzamosan, egym\u00e1s mellett futott, azt\u00e1n egyszer\u2019 s mindenkorra elv\u00e1ltak \u00fatjaik. Kettej\u00fck k\u00f6z\u00fcl D\u00e9gen Imre volt az id\u0151sebb. Persze nem sokkal, mind\u00f6ssze k\u00e9t nappal. Mosonyi (helyesebben Mahler Emil, mert ilyen n\u00e9ven sz\u00fcletett, \u00e1m diplom\u00e1j\u00e1t m\u00e1r az 1934-ben magyaros\u00edtott Mosonyi n\u00e9vre \u00e1ll\u00edtott\u00e1k ki) Budapesten, m\u00edg D\u00e9gen Miskolcon sz\u00fcletett mindketten szolid polg\u00e1ri csal\u00e1dban.<\/p><p class=\"wp-block-post-excerpt__more-text\"><a class=\"wp-block-post-excerpt__more-link\" href=\"https:\/\/mernokvagyok.hu\/vizgazdalkodas\/2022\/11\/17\/mosonyi-emil-es-degen-imre\/\">Olvasd tov\u00e1bb<\/a><\/p><\/div>\n<\/li><li class=\"wp-block-post post-740 post type-post status-publish format-standard hentry category-historiak\">\n<h2 class=\"wp-block-post-title\">A Jol\u00e1nkai csal\u00e1d<\/h2>\n\n<div class=\"wp-block-post-excerpt\"><p class=\"wp-block-post-excerpt__excerpt\">A csal\u00e1d m\u00e9rn\u00f6keinek t\u00f6rt\u00e9nete negyedik gener\u00e1ci\u00f3&nbsp;\u00f3ta egy\u00fattal&nbsp;a hazai v\u00edz\u00e9p\u00edt\u00e9s \u00e9s a k\u00f6rnyezetm\u00e9rn\u00f6ki tudom\u00e1nyok hist\u00f3ri\u00e1ja is \u2013 a Monarchia kor\u00e1t\u00f3l napjainkig. A familia tagjainak alkot\u00f3munk\u00e1ja, sorsa, sikerei \u00e9s kudarcai egybefon\u00f3dtak m\u00e1sf\u00e9l \u00e9vsz\u00e1zad politikai v\u00e1ltoz\u00e1saival, illetve \u00faj m\u0171szaki tudom\u00e1ny\u00e1gak megsz\u00fclet\u00e9s\u00e9vel. Dubniczky Mikl\u00f3s Vizek m\u00e9rn\u00f6kei A kiterjedt m\u00e9rn\u00f6kdinasztia \u2013 melynek t\u00f6rt\u00e9nete r\u00e9ges-r\u00e9gi id\u0151kig ny\u00falik vissza \u2013 alap\u00edt\u00f3ja a<\/p><p class=\"wp-block-post-excerpt__more-text\"><a class=\"wp-block-post-excerpt__more-link\" href=\"https:\/\/mernokvagyok.hu\/vizgazdalkodas\/2022\/11\/17\/a-jolankai-csalad\/\">Olvasd tov\u00e1bb<\/a><\/p><\/div>\n<\/li><li class=\"wp-block-post post-738 post type-post status-publish format-standard hentry category-historiak\">\n<h2 class=\"wp-block-post-title\">Gondolatok a Tiszav\u00f6lgyi T\u00e1rsulat 175. sz\u00fclet\u00e9snapj\u00e1n<\/h2>\n\n<div class=\"wp-block-post-excerpt\"><p class=\"wp-block-post-excerpt__excerpt\">Reich Gyula A legnagyobb magyar,&nbsp;gr\u00f3f Sz\u00e9chenyi Istv\u00e1n&nbsp;az&nbsp;Eszmet\u00f6red\u00e9kek, k\u00fcl\u00f6n\u00f6sen a Tisza-v\u00f6lgy rendez\u00e9s\u00e9t illet\u0151en&nbsp;c\u00edm\u0171, 1846-ban kiadott f\u00fczet\u00e9ben a \u201ek\u00e9rd\u00e9sben lev\u0151 \u00fcgy sikeres kifejt\u00e9s\u00e9re\u201d a k\u00f6vetkez\u0151ket \u00edrja: \u201e1.: Kimer\u00edt\u0151 m\u00e9rn\u00f6ki terv. 2.: Lehet\u0151 legnagyobb egys\u00e9g ezen tervek alkalmaz\u00e1s\u00e1ban. 3.: Egy parancsol\u00f3 \u00e9s sz\u00e1mos sz\u00f3fogad\u00f3. 4.: K\u00e9sz Cassa. 5.: Mindig \u00e9ber \u00e9s szorosan egybehangz\u00f3 felvigy\u00e1zat a v\u00e9gbevitt munk\u00e1k j\u00f3<\/p><p class=\"wp-block-post-excerpt__more-text\"><a class=\"wp-block-post-excerpt__more-link\" href=\"https:\/\/mernokvagyok.hu\/vizgazdalkodas\/2022\/11\/17\/gondolatok-a-tiszavolgyi-tarsulat-175-szuletesnapjan\/\">Olvasd tov\u00e1bb<\/a><\/p><\/div>\n<\/li><\/ul><\/div>\n","protected":false},"excerpt":{"rendered":"","protected":false},"author":871,"featured_media":0,"parent":0,"menu_order":0,"comment_status":"closed","ping_status":"closed","template":"","meta":{"_exactmetrics_skip_tracking":false,"_exactmetrics_sitenote_active":false,"_exactmetrics_sitenote_note":"","_exactmetrics_sitenote_category":0,"footnotes":""},"class_list":["post-33","page","type-page","status-publish","hentry"],"_links":{"self":[{"href":"https:\/\/mernokvagyok.hu\/vizgazdalkodas\/wp-json\/wp\/v2\/pages\/33","targetHints":{"allow":["GET"]}}],"collection":[{"href":"https:\/\/mernokvagyok.hu\/vizgazdalkodas\/wp-json\/wp\/v2\/pages"}],"about":[{"href":"https:\/\/mernokvagyok.hu\/vizgazdalkodas\/wp-json\/wp\/v2\/types\/page"}],"author":[{"embeddable":true,"href":"https:\/\/mernokvagyok.hu\/vizgazdalkodas\/wp-json\/wp\/v2\/users\/871"}],"replies":[{"embeddable":true,"href":"https:\/\/mernokvagyok.hu\/vizgazdalkodas\/wp-json\/wp\/v2\/comments?post=33"}],"version-history":[{"count":6,"href":"https:\/\/mernokvagyok.hu\/vizgazdalkodas\/wp-json\/wp\/v2\/pages\/33\/revisions"}],"predecessor-version":[{"id":745,"href":"https:\/\/mernokvagyok.hu\/vizgazdalkodas\/wp-json\/wp\/v2\/pages\/33\/revisions\/745"}],"wp:attachment":[{"href":"https:\/\/mernokvagyok.hu\/vizgazdalkodas\/wp-json\/wp\/v2\/media?parent=33"}],"curies":[{"name":"wp","href":"https:\/\/api.w.org\/{rel}","templated":true}]}}