{"id":31,"date":"2022-02-15T18:12:08","date_gmt":"2022-02-15T18:12:08","guid":{"rendered":"https:\/\/mernokvagyok.hu\/vizgazdalkodas\/?page_id=31"},"modified":"2025-11-27T13:30:38","modified_gmt":"2025-11-27T13:30:38","slug":"dijak-kituntetesek","status":"publish","type":"page","link":"https:\/\/mernokvagyok.hu\/vizgazdalkodas\/dijak-kituntetesek\/","title":{"rendered":"D\u00edjak, kit\u00fcntet\u00e9sek"},"content":{"rendered":"\n<div class=\"wp-block-file\"><a id=\"wp-block-file--media-da558092-0ed0-4872-9b71-3fad73eb3199\" href=\"https:\/\/mernokvagyok.hu\/vizgazdalkodas\/wp-content\/uploads\/2022\/05\/Buchberger-Pal-laudacio.pdf\"> <\/a><\/div>\n\n\n<p>V\u00edzgazd\u00e1lkod\u00e1si \u00e9s V\u00edz\u00e9p\u00edt\u00e9si Tagozat kit\u00fcntet\u00e9sei: <a href=\"https:\/\/mernokvagyok.hu\/vizgazdalkodas\/tagozati-kituntetesek\/\" target=\"_blank\" rel=\"noopener\">link<\/a><\/p>\n<p>Magyar M\u00e9rn\u00f6ki Kamra kit\u00fcntet\u00e9sei: <a href=\"https:\/\/mernokvagyok.hu\/vizgazdalkodas\/kamarai-kituntetesek\/\" target=\"_blank\" rel=\"noopener\" data-wplink-edit=\"true\">link<\/a><\/p>  ","protected":false},"excerpt":{"rendered":"<p>V\u00edzgazd\u00e1lkod\u00e1si \u00e9s V\u00edz\u00e9p\u00edt\u00e9si Tagozat kit\u00fcntet\u00e9sei: link Magyar M\u00e9rn\u00f6ki Kamra kit\u00fcntet\u00e9sei: link<\/p>\n","protected":false},"author":871,"featured_media":0,"parent":0,"menu_order":0,"comment_status":"closed","ping_status":"closed","template":"","meta":{"_exactmetrics_skip_tracking":false,"_exactmetrics_sitenote_active":false,"_exactmetrics_sitenote_note":"","_exactmetrics_sitenote_category":0,"footnotes":""},"class_list":["post-31","page","type-page","status-publish","hentry"],"_links":{"self":[{"href":"https:\/\/mernokvagyok.hu\/vizgazdalkodas\/wp-json\/wp\/v2\/pages\/31","targetHints":{"allow":["GET"]}}],"collection":[{"href":"https:\/\/mernokvagyok.hu\/vizgazdalkodas\/wp-json\/wp\/v2\/pages"}],"about":[{"href":"https:\/\/mernokvagyok.hu\/vizgazdalkodas\/wp-json\/wp\/v2\/types\/page"}],"author":[{"embeddable":true,"href":"https:\/\/mernokvagyok.hu\/vizgazdalkodas\/wp-json\/wp\/v2\/users\/871"}],"replies":[{"embeddable":true,"href":"https:\/\/mernokvagyok.hu\/vizgazdalkodas\/wp-json\/wp\/v2\/comments?post=31"}],"version-history":[{"count":30,"href":"https:\/\/mernokvagyok.hu\/vizgazdalkodas\/wp-json\/wp\/v2\/pages\/31\/revisions"}],"predecessor-version":[{"id":1890,"href":"https:\/\/mernokvagyok.hu\/vizgazdalkodas\/wp-json\/wp\/v2\/pages\/31\/revisions\/1890"}],"wp:attachment":[{"href":"https:\/\/mernokvagyok.hu\/vizgazdalkodas\/wp-json\/wp\/v2\/media?parent=31"}],"curies":[{"name":"wp","href":"https:\/\/api.w.org\/{rel}","templated":true}]}}