{"id":29,"date":"2022-02-15T18:11:51","date_gmt":"2022-02-15T18:11:51","guid":{"rendered":"https:\/\/mernokvagyok.hu\/vizgazdalkodas\/?page_id=29"},"modified":"2025-11-06T09:39:48","modified_gmt":"2025-11-06T09:39:48","slug":"szakertoi-testulet-mukodese","status":"publish","type":"page","link":"https:\/\/mernokvagyok.hu\/vizgazdalkodas\/szakertoi-testulet-mukodese\/","title":{"rendered":"Szak\u00e9rt\u0151i test\u00fclet"},"content":{"rendered":"\n<figure class=\"wp-block-table is-style-stripes\"><table><thead><tr><th class=\"has-text-align-left\" data-align=\"left\">N\u00e9v<\/th><th class=\"has-text-align-left\" data-align=\"left\">Tagsz\u00e1m<\/th><\/tr><\/thead><tbody><tr><td class=\"has-text-align-left\" data-align=\"left\">Somodi Ferenc \u2013 eln\u00f6k<\/td><td class=\"has-text-align-left\" data-align=\"left\">19-0040<\/td><\/tr><tr><td class=\"has-text-align-left\" data-align=\"left\">Rosza P\u00e9ter<\/td><td class=\"has-text-align-left\" data-align=\"left\">01-7965<\/td><\/tr><tr><td class=\"has-text-align-left\" data-align=\"left\">H\u00e1fra M\u00e1ty\u00e1s R\u00f3bert<\/td><td class=\"has-text-align-left\" data-align=\"left\">16-0392<\/td><\/tr><tr><td class=\"has-text-align-left\" data-align=\"left\">Dr. Patziger Mikl\u00f3s<\/td><td class=\"has-text-align-left\" data-align=\"left\">01-12928<\/td><\/tr><tr><td class=\"has-text-align-left\" data-align=\"left\">Erd\u00e9sz B\u00e9la S\u00e1ndor<\/td><td class=\"has-text-align-left\" data-align=\"left\">04-0023<\/td><\/tr><tr><td class=\"has-text-align-left\" data-align=\"left\">Dr. Hancz Gabriella<\/td><td class=\"has-text-align-left\" data-align=\"left\">09-0702<\/td><\/tr><tr><td class=\"has-text-align-left\" data-align=\"left\">Fejes L\u0151rinc<\/td><td class=\"has-text-align-left\" data-align=\"left\">10-00585<\/td><\/tr><tr><td class=\"has-text-align-left\" data-align=\"left\">Horv\u00e1th Szabolcs<\/td><td class=\"has-text-align-left\" data-align=\"left\">02-0900<\/td><\/tr><tr><td class=\"has-text-align-left\" data-align=\"left\">Kapolcsi Imre<\/td><td class=\"has-text-align-left\" data-align=\"left\">18-0051<\/td><\/tr><tr><td class=\"has-text-align-left\" data-align=\"left\">Alexy Rezs\u0151 Zolt\u00e1n<\/td><td class=\"has-text-align-left\" data-align=\"left\">14-0049<\/td><\/tr><tr><td class=\"has-text-align-left\" data-align=\"left\">Horv\u00e1th Gyula<\/td><td class=\"has-text-align-left\" data-align=\"left\">07-0226<\/td><\/tr><tr><td class=\"has-text-align-left\" data-align=\"left\">Szabolcsi Bal\u00e1zs<\/td><td class=\"has-text-align-left\" data-align=\"left\">15-01010<\/td><\/tr><\/tbody><\/table><\/figure>\n","protected":false},"excerpt":{"rendered":"<p>N\u00e9v Tagsz\u00e1m Somodi Ferenc \u2013 eln\u00f6k 19-0040 Rosza P\u00e9ter 01-7965 H\u00e1fra M\u00e1ty\u00e1s R\u00f3bert 16-0392 Dr. Patziger Mikl\u00f3s 01-12928 Erd\u00e9sz B\u00e9la S\u00e1ndor 04-0023 Dr. Hancz Gabriella 09-0702 Fejes L\u0151rinc 10-00585 Horv\u00e1th Szabolcs 02-0900 Kapolcsi Imre 18-0051 Alexy Rezs\u0151 Zolt\u00e1n 14-0049 Horv\u00e1th Gyula 07-0226 Szabolcsi Bal\u00e1zs 15-01010<\/p>\n","protected":false},"author":871,"featured_media":0,"parent":0,"menu_order":0,"comment_status":"closed","ping_status":"closed","template":"","meta":{"_exactmetrics_skip_tracking":false,"_exactmetrics_sitenote_active":false,"_exactmetrics_sitenote_note":"","_exactmetrics_sitenote_category":0,"footnotes":""},"class_list":["post-29","page","type-page","status-publish","hentry"],"_links":{"self":[{"href":"https:\/\/mernokvagyok.hu\/vizgazdalkodas\/wp-json\/wp\/v2\/pages\/29","targetHints":{"allow":["GET"]}}],"collection":[{"href":"https:\/\/mernokvagyok.hu\/vizgazdalkodas\/wp-json\/wp\/v2\/pages"}],"about":[{"href":"https:\/\/mernokvagyok.hu\/vizgazdalkodas\/wp-json\/wp\/v2\/types\/page"}],"author":[{"embeddable":true,"href":"https:\/\/mernokvagyok.hu\/vizgazdalkodas\/wp-json\/wp\/v2\/users\/871"}],"replies":[{"embeddable":true,"href":"https:\/\/mernokvagyok.hu\/vizgazdalkodas\/wp-json\/wp\/v2\/comments?post=29"}],"version-history":[{"count":8,"href":"https:\/\/mernokvagyok.hu\/vizgazdalkodas\/wp-json\/wp\/v2\/pages\/29\/revisions"}],"predecessor-version":[{"id":1805,"href":"https:\/\/mernokvagyok.hu\/vizgazdalkodas\/wp-json\/wp\/v2\/pages\/29\/revisions\/1805"}],"wp:attachment":[{"href":"https:\/\/mernokvagyok.hu\/vizgazdalkodas\/wp-json\/wp\/v2\/media?parent=29"}],"curies":[{"name":"wp","href":"https:\/\/api.w.org\/{rel}","templated":true}]}}