{"id":274,"date":"2022-05-24T19:36:13","date_gmt":"2022-05-24T19:36:13","guid":{"rendered":"https:\/\/mernokvagyok.hu\/vizgazdalkodas\/?page_id=274"},"modified":"2022-05-24T19:36:40","modified_gmt":"2022-05-24T19:36:40","slug":"a-jolankai-csalad","status":"publish","type":"page","link":"https:\/\/mernokvagyok.hu\/vizgazdalkodas\/historia\/a-jolankai-csalad\/","title":{"rendered":"A Jol\u00e1nkai csal\u00e1d"},"content":{"rendered":"\n<\/p>\n<p><strong>Egy vizes m\u00e9rn\u00f6kdinasztia<\/strong><\/p>\n<p>\n\n\n\n<\/p>\n<p style=\"text-align: justify\"><em><strong>A csal\u00e1d m\u00e9rn\u00f6keinek t\u00f6rt\u00e9nete negyedik gener\u00e1ci\u00f3<\/strong><\/em><em><strong> \u00f3ta egy<\/strong><\/em><em><strong>\u00fattal<\/strong><\/em><em><strong> a hazai v\u00edz\u00e9p\u00edt\u00e9s \u00e9s a k\u00f6rnyezetm\u00e9rn\u00f6ki tudom\u00e1nyok hist\u00f3ri\u00e1ja is \u2013 a Monarchia kor\u00e1t\u00f3l napjainkig. A familia tagjainak alkot\u00f3munk\u00e1ja, sorsa, sikerei \u00e9s kudarcai egybefon\u00f3dtak m\u00e1sf\u00e9l \u00e9vsz\u00e1zad politikai v\u00e1ltoz\u00e1saival, illetve \u00faj m\u0171szaki tudom\u00e1ny\u00e1gak megsz\u00fclet\u00e9s\u00e9vel.<\/strong><\/em><\/p>\n<p style=\"text-align: justify\">\n\n\n\n<\/p>\n<p style=\"text-align: justify\"><em>Dubniczky Mikl\u00f3s<\/em><\/p>\n<p style=\"text-align: justify\">\n\n\n\n<\/p>\n<p style=\"text-align: justify\"><strong>Vizek m\u00e9rn\u00f6kei<\/strong><\/p>\n<p style=\"text-align: justify\">\n\n\n\n<\/p>\n<p style=\"text-align: justify\">A kiterjedt m\u00e9rn\u00f6kdinasztia \u2013 melynek t\u00f6rt\u00e9nete r\u00e9ges-r\u00e9gi id\u0151kig ny\u00falik vissza \u2013 alap\u00edt\u00f3ja a Baden-W\u00fcrttembergb\u0151l Pestre elsz\u00e1rmazott Kaiser fam\u00edlia sarja, <em>Kaiser-Jol\u00e1nkai Gyula<\/em> (1849-1893) m\u00e9rn\u00f6k volt, aki egykoron az Arad-Csan\u00e1di Egyes\u00fclt Vasutak f\u0151p\u00e9nzt\u00e1rnokak\u00e9nt kereste kenyer\u00e9t. Fia <em>Jol\u00e1nkai Vilmos<\/em> (1878-1944) m\u00e1r v\u00edz\u00e9p\u00edt\u0151 m\u00e9rn\u00f6kk\u00e9nt, az orsz\u00e1g egyik legterm\u00e9kenyebb m\u0171t\u00e1rgy-\u00e9p\u00edt\u0151jek\u00e9nt futott be figyelemrem\u00e9lt\u00f3an sikeres alkot\u00f3i p\u00e1ly\u00e1t. A J\u00f3zsef N\u00e1dor M\u0171szaki Egyetemen szerzett diploma ut\u00e1n B\u00e1csk\u00e1ban, a Ferencz-Csatorna T\u00e1rsas\u00e1gn\u00e1l v\u00e1llalt \u00e1ll\u00e1st, \u00e9s csaknem k\u00e9t \u00e9vtizedes szolg\u00e1lata sor\u00e1n \u2013 v\u00e9gigj\u00e1rva a v\u00e1llalati rangl\u00e9tr\u00e1t \u2013 a t\u00e1rsas\u00e1g igazgat\u00f3-f\u0151m\u00e9rn\u00f6ke lett. A jugoszl\u00e1v megsz\u00e1ll\u00e1st k\u00f6vet\u0151en a f\u0151v\u00e1rosba k\u00f6lt\u00f6z\u00f6tt, ahol a F\u00f6ldm\u0171vel\u00e9s\u00fcgyi Miniszt\u00e9riumban, a v\u00edz\u00fcgyi igazgat\u00e1sban helyezkedett el. A nagy gazdas\u00e1gi vil\u00e1gv\u00e1ls\u00e1g kipattan\u00e1s\u00e1t k\u00f6vet\u0151en, 1930-ban fi\u00e1val, a friss diplom\u00e1s <em>Jol\u00e1nkai Gyul\u00e1val<\/em> (1906-1976) m\u00e9rn\u00f6kirod\u00e1t alap\u00edtott, \u00e9s igen sikeres tervez\u0151i tev\u00e9kenys\u00e9g\u00e9nek sz\u00e1mos megval\u00f3sult m\u00e9rn\u00f6ki m\u0171t\u00e1rgy (hidak, csatorn\u00e1k, \u00e1rv\u00edzv\u00e9delmi l\u00e9tes\u00edtm\u00e9nyek) lett az eredm\u00e9nye. Legjelent\u0151sebb ismert munk\u00e1ja a tassi zsilip volt. A Jol\u00e1nkai fam\u00edlia csal\u00e1di legend\u00e1riuma szerint a r\u00e1ckevei Duna\u00e1g \u00e9s a Duna bal partj\u00e1n l\u00e9v\u0151 szinte minden jelent\u0151sebb m\u0171t\u00e1rgy Budapest \u00e9s Solt k\u00f6z\u00f6tt Jol\u00e1nkai Vilmos \u00e9s fia, Gyula alkot\u00e1sa \u2013 kiv\u00e9ve a Kvassay-zsilipet \u00e9s csatlakoz\u00f3 m\u0171veit, ez ut\u00f3bbinak viszont ap\u00f3sa, <em>Mattyasovszky Gyula<\/em> (1886-1959) okl. v\u00edzm\u00e9rn\u00f6k volt az igazgat\u00f3ja csaknem h\u00e1rom \u00e9vtizeden \u00e1t.<\/p>\n<p style=\"text-align: justify\">\n\n\n\n<\/p>\n<p style=\"text-align: justify\">Jol\u00e1nkai Gyula munk\u00e1ss\u00e1g\u00e1nak els\u0151, 1929-49 k\u00f6z\u00f6tti id\u0151szak\u00e1ban k\u00fcl\u00f6nb\u00f6z\u0151 v\u00edz\u00fcgyi hivatalokban, majd az Orsz\u00e1gos V\u00edz\u00fcgyi F\u0151igazgat\u00f3s\u00e1g \u00e9p\u00edtkez\u00e9sein\u00e9l \u00e9s tervez\u00e9sein\u00e9l dolgozott. 1950-t\u0151l a M\u00e9ly\u00e9pterv, majd a Viziterv tervez\u00e9si oszt\u00e1ly\u00e1t vezette \u00e9s olyan orsz\u00e1gos jelent\u0151s\u00e9g\u0171 l\u00e9tes\u00edtm\u00e9nyek tervez\u00e9si munk\u00e1it ir\u00e1ny\u00edtotta, mint a Tiszal\u00f6ki V\u00edzl\u00e9pcs\u0151, a Keleti-f\u0151csatorna, a tiszavasv\u00e1ri zsilip vagy a Budapesti Nemzeti \u00e9s Szabadkik\u00f6t\u0151 fejleszt\u00e9se. 56-os szerepv\u00e1llal\u00e1sa miatt \u2013 a M\u00e9ly\u00e9pterv \u00e9s az Uvaterv egyes\u00edtett forradalmi munk\u00e1stan\u00e1cs\u00e1nak eln\u00f6ke volt \u2013 vezet\u0151i beoszt\u00e1sra alkalmatlannak min\u0151s\u00edtett\u00e9k \u00e9s csup\u00e1n beosztott tervez\u0151k\u00e9nt gyakorolhatta hivat\u00e1s\u00e1t. Emigr\u00e1ci\u00f3ban \u00e9l\u0151 ismer\u0151sei, k\u00f6zt\u00fck <em>prof. dr. Mosonyi Emil<\/em> szereztek neki k\u00fclf\u00f6ld\u00f6n \u00e1ll\u00e1st. El\u0151bb Egyiptomban, a helu\u00e1ni er\u0151m\u0171 \u00e9p\u00edt\u00e9s\u00e9n\u00e9l l\u00e1tott el tervez\u0151i \u00e9s szak\u00e9rt\u0151i feladatokat, majd az asz\u00e1ly s\u00fajtotta afrikai orsz\u00e1goknak ny\u00fajtott ENSZ seg\u00e9lyprogram keret\u00e9ben lett a vil\u00e1gszervezet \u00c9lelmez\u00e9si \u00e9s Mez\u0151gazdas\u00e1gi Szervezete, a FAO szak\u00e9rt\u0151je \u00e9s projektmenedzsere Gh\u00e1n\u00e1ban. \u0150 ir\u00e1ny\u00edtotta a hatvanas \u00e9vekben a nyugat-afrikai orsz\u00e1g v\u00edzk\u00e9szlet-gazd\u00e1lkod\u00e1si \u00e9s mez\u0151gazdas\u00e1gi ter\u00fclethasznos\u00edt\u00e1si keretterv\u00e9nek kidolgoz\u00e1s\u00e1t. K\u00e9s\u0151bb D\u00e9l-Jemen r\u00e9sz\u00e9re k\u00e9sz\u00edtett \u00e1tfog\u00f3 tervet az orsz\u00e1g v\u00edzgazd\u00e1lkod\u00e1s\u00e1nak fejleszt\u00e9s\u00e9re, majd 1968-1970 k\u00f6z\u00f6tt Szom\u00e1lia v\u00edzgazd\u00e1lkod\u00e1si tervez\u00e9si munk\u00e1latait ir\u00e1ny\u00edtotta. Hazat\u00e9rve a Vituki tudom\u00e1nyos tan\u00e1csad\u00f3jak\u00e9nt, oszt\u00e1lyvezet\u0151i beoszt\u00e1sban az \u00e1rv\u00edzv\u00e9delmi g\u00e1tak v\u00e9d\u0151k\u00e9pess\u00e9g\u00e9nek n\u00f6vel\u00e9s\u00e9re ir\u00e1nyul\u00f3 kutat\u00e1sokat koordin\u00e1lta, 1971-t\u0151l pedig az Orsz\u00e1gos V\u00edzgazd\u00e1lkod\u00e1si Hivatal megb\u00edz\u00e1s\u00e1b\u00f3l a Kisk\u00f6rei-v\u00edzl\u00e9pcs\u0151 \u00e9s \u00f6nt\u00f6z\u0151rendszerei beruh\u00e1z\u00e1s\u00e1nak k\u00f6zponti vezet\u0151je lett. T\u00f6bb tervv\u00e1ltozatot dolgozott ki a magyar-csehszlov\u00e1k Duna-szakasz k\u00e9tl\u00e9pcs\u0151s v\u00edzer\u0151-hasznos\u00edt\u00e1s\u00e1ra, illetve a teljes Duna-Tisza v\u00edzrendszer haj\u00f3zhat\u00f3s\u00e1g\u00e1nak megold\u00e1s\u00e1ra.<\/p>\n<p style=\"text-align: justify\">\n\n\n\n<\/p>\n<p style=\"text-align: justify\">M\u00e1rton fia mez\u0151gazdas\u00e1gi g\u00e9p\u00e9szm\u00e9rn\u00f6k lett, ma a Szent Istv\u00e1n Egyetem int\u00e9zetigazgat\u00f3 egyetemi professzora, G\u00e9za fia pedig \u2013 az el\u0151d\u00f6k nyomdokain haladva \u2013 v\u00edzm\u00e9rn\u00f6knek tanult. S lett maga is egyetemi professzor.<\/p>\n<p style=\"text-align: justify\">\n\n\n\n<\/p>\n<p style=\"text-align: justify\"><strong>Gh\u00e1n\u00e1t\u00f3l a Berkley egyetemig<\/strong><\/p>\n<p style=\"text-align: justify\">\n\n\n\n<\/p>\n<p style=\"text-align: justify\">\u201eAp\u00e1m azt mondta: fiam, egyr\u00e9szt k\u00f6vetned illene az \u0151seidet, m\u00e1sr\u00e9szt es\u00e9lyed sincs m\u00e1shov\u00e1 beker\u00fclni, mint a M\u0171egyetemre. De ide sem lesz egyszer\u0171\u201d \u2013 eml\u00e9kszik vissza Dr. Jol\u00e1nkai G\u00e9za. \u201e\u00d6tvenhat ut\u00e1n voltunk n\u00e9gy \u00e9vvel. Ap\u00e1m megb\u00e9lyegzett ember volt, nekem meg hi\u00e1ba volt kit\u0171n\u0151 \u00e9retts\u00e9gim \u00e9s maxim\u00e1lis felv\u00e9teli pontsz\u00e1mom, t\u00e9nyleg nem vettek fel. A Vitukiban kezdtem dolgozni, lap\u00e1toltam a s\u00f3dert a balatoni hidraulikus kismint\u00e1ba. Ap\u00e1m pedig \u2013 aki sosem szeretett sz\u00edvess\u00e9get k\u00e9rni, de ekkor vett egy m\u00e9ly l\u00e9legzetet \u00e9s \u2013 felkereste <em>D\u00e9gen Imr\u00e9t<\/em>, a v\u00edz\u00fcgy utols\u00f3 nagyhatalm\u00fa vezet\u0151j\u00e9t, aki azt\u00e1n lesz\u00f3lt a M\u0171egyetem p\u00e1rttitk\u00e1rs\u00e1g\u00e1ra, hogy a Jol\u00e1nkai gyerek\u00e9t maxim\u00e1lis pontsz\u00e1mmal fel kellene venni. \u00cdgy ker\u00fcltem v\u00e9g\u00fcl 1960 november\u00e9ben a BME-re.\u201d<\/p>\n<p style=\"text-align: justify\">\n\n\n\n<\/p>\n<p style=\"text-align: justify\">Jol\u00e1nkai G\u00e9za m\u00e1r gyerekkor\u00e1ban b\u0151s\u00e9ges \u00edzel\u00edt\u0151t kapott a m\u00e9rn\u00f6ki hivat\u00e1sr\u00f3l. Mint mondja, n\u00e1luk err\u0151l sz\u00f3lt az \u00e9let. \u201eAp\u00e1m pragmatikus ember volt. Hitte \u00e9s tette is: a munka minden bajnak ellenszere. Miut\u00e1n egyetemista lettem, szinte minden fontosabb munk\u00e1j\u00e1t megbesz\u00e9lte velem. Frissen v\u00e9gzett m\u00e9rn\u00f6kk\u00e9nt pedig, a hatvanas dek\u00e1d derek\u00e1n megh\u00edvott mag\u00e1hoz Gh\u00e1n\u00e1ba, ahol hidrol\u00f3giai helysz\u00edni m\u00e9r\u00e9sekben vettem r\u00e9szt a helyi \u00e1llami \u00e9p\u00edt\u0151ipari v\u00e1llalat a GNCC alkalmaz\u00e1s\u00e1ban. \u00dattalan vid\u00e9keken egy Landrover terepj\u00e1r\u00f3val r\u00f3ttam a feh\u00e9r ember \u00e1ltal sosem l\u00e1tott helyeket. M\u00e9rtem v\u00edz\u00e1ll\u00e1st, v\u00edzhozamot.\u201d<\/p>\n<p style=\"text-align: justify\">\n\n\n\n<\/p>\n<p style=\"text-align: justify\">Hatvanhatban m\u00e1r a Vituki tudom\u00e1nyos seg\u00e9dmunkat\u00e1rsa, \u00e9s megkapja els\u0151 komolyabb munk\u00e1it: a kis v\u00f6lgyz\u00e1r\u00f3g\u00e1tak \u00e1rapaszt\u00f3 m\u0171t\u00e1rgyainak vizsg\u00e1lat\u00e1t, majd az oroszl\u00e1nyi er\u0151m\u0171 h\u0171t\u0151tav\u00e1nak vizsg\u00e1lat\u00e1t, ahol a c\u00e9l annak kider\u00edt\u00e9se volt, mi\u00e9rt nem h\u0171t rendesen a t\u00f3. Nagy s\u0171r\u0171s\u00e9g\u0171 \u00e1raml\u00e1si- \u00e9s v\u00edzh\u0151fok m\u00e9r\u00e9seket v\u00e9gzett a tavon cs\u00f3nakb\u00f3l, melynek mindenkori hely\u00e9t \u2013 GPS m\u00e9g nem l\u00e9v\u00e9n \u2013 k\u00e9t, a parton elhelyezett teodolit seg\u00edts\u00e9g\u00e9vel hat\u00e1rozt\u00e1k meg. R\u00e9szletes \u00e1raml\u00e1stani \u00e9s elkevered\u00e9si modellt k\u00e9sz\u00edt a t\u00f3ra. Ennek k\u00f6ze van a v\u00edzmin\u0151s\u00e9gi modellez\u00e9shez is \u00e9s ez\u00e9rt a fiatal kutat\u00f3ra fel is figyel <em>dr. Benedek P\u00e1l<\/em>, a V\u00edzmin\u0151s\u00e9gv\u00e9delmi Int\u00e9zet igazgat\u00f3ja, s \u00e1th\u00edvja szervezet\u00e9hez, ahol \u00e9pp egy nagyszab\u00e1s\u00fa v\u00edzmin\u0151s\u00e9gszab\u00e1lyoz\u00e1si WHO-s mintaprojekt kezd\u0151dik. \u201eAz egyik mintater\u00fclet a Saj\u00f3 volt, ahol nagysz\u00e1m\u00fa helysz\u00edni m\u00e9r\u00e9st v\u00e9gezt\u00fcnk a vezet\u00e9semmel. Az adatok feldolgoz\u00e1s\u00e1hoz matematikai modellt k\u00e9sz\u00edtettem, \u00e9s azt \u2013 mivel a Vitukiban akkoriban m\u00e9g nem volt sz\u00e1m\u00edt\u00f3g\u00e9p \u2013 a M\u0171egyetem komputer\u00e9n futtattuk le. Ezek az akkor nagyon \u00fajszer\u0171 sz\u00e1m\u00edt\u00f3g\u00e9pes v\u00edzmin\u0151s\u00e9gi modellez\u00e9si eredm\u00e9nyek k\u00e9pezt\u00e9k egyetemi doktori disszert\u00e1ci\u00f3m t\u00e1rgy\u00e1t is. Ehhez j\u00e1rult m\u00e9g az a hatalmas ismeretanyag, amit a WHO projekt keret\u00e9ben \u00f6szt\u00f6nd\u00edjask\u00e9nt f\u00e9l\u00e9ves tanulm\u00e1ny\u00faton az Egyes\u00fclt \u00c1llamokban szereztem. Az USA-ban felkerestem mindazokat az egyetemeket \u00e9s kutat\u00f3int\u00e9zeteket, ahol v\u00edzmin\u0151s\u00e9gszab\u00e1lyoz\u00e1si t\u00e9mak\u00f6r\u00f6kkel is foglalkoztak, a k\u00f6rnyezetv\u00e9delmi \u00fcgyn\u00f6ks\u00e9gt\u0151l kezdve a MIT-n, a Cornellen \u00e9s az Army Corps of Engineers-en kereszt\u00fcl a Berkley egyetemig.\u201d<\/p>\n<p style=\"text-align: justify\">\n\n\n\n<\/p>\n<p style=\"text-align: justify\"><strong>B\u00e1ba \u00e9s sz\u00fcl\u00e9szorvos<\/strong><\/p>\n<p style=\"text-align: justify\">\n\n\n\n<\/p>\n<p style=\"text-align: justify\">Ekkoriban, a hetvenes \u00e9vek elej\u00e9n sz\u00fcletett meg a sz\u00e1m\u00edt\u00f3g\u00e9pes matematikai modellez\u00e9s, s e tudom\u00e1nyter\u00fclet sz\u00fcl\u0151szob\u00e1j\u00e1ban Jol\u00e1nkai G\u00e9za is ott b\u00e1b\u00e1skodott. Viszonylag fiatalon t\u00f6rt be a tudom\u00e1nyos \u00e9lvonalba, \u00e9s ebben az a k\u00f6r\u00fclm\u00e9ny is seg\u00edtette, hogy a Vituki kiv\u00e1l\u00f3 szakmai kapcsolatokat \u00e1polt a B\u00e9cs melletti Laxenburgban m\u0171k\u00f6d\u0151 Nemzetk\u00f6zi Alkalmazott Rendszerelemz\u00e9si Int\u00e9zettel (IIASA), ahol sok projektben vehetett r\u00e9szt. A Vitukiban a Balatonnal \u00e9s a t\u00f3 v\u00edzmin\u0151s\u00e9g\u00e9t meghat\u00e1roz\u00f3 nem-pontszer\u0171 szennyez\u00e9ssel, ennek nyom\u00e1n pedig az eutrofiz\u00e1l\u00f3d\u00e1ssal kezdett foglalkozni. Ez a munk\u00e1ja 2008-ig \u00e9vente ism\u00e9tl\u0151d\u00f6tt sok helysz\u00edni m\u00e9r\u00e9st \u00e9s modell sz\u00e1m\u00edt\u00e1st ig\u00e9nyl\u0151 helyezet \u00e9rt\u00e9kel\u00e9ssel. Kutat\u00e1si eredm\u00e9nyeit sz\u00e9les k\u00f6rben publik\u00e1lja, az UNESCO kiad\u00e1s\u00e1ban k\u00f6nyvet is \u00edr nemzetk\u00f6zi szerz\u0151-szerkeszt\u0151 g\u00e1rd\u00e1val a nem pontszer\u0171 szennyez\u00e9sr\u0151l, a nyolcvanas \u00e9vek elej\u00e9n pedig m\u00e1r v\u00e1logathat a konferencia-megh\u00edv\u00e1sok k\u00f6z\u00f6tt. \u201e\u00c1tker\u00fcltem a Vituki Hidrol\u00f3giai Int\u00e9zet\u00e9be azzal a c\u00e9llal, hogy felsz\u00edni vizek oszt\u00e1lya vezet\u0151jek\u00e9nt t\u00f6rekedjek a vizeink mennyis\u00e9gi \u00e9s min\u0151s\u00e9gi vizsg\u00e1lat\u00e1nak egy\u00fcttes szeml\u00e9let\u00e9re \u00e9s kezel\u00e9s\u00e9re. Nincs t\u00fal j\u00f3 eml\u00e9kem err\u0151l a f\u00e1rads\u00e1gos \u00e9s rengeteg adminisztrat\u00edv munk\u00e1t is jelent\u0151 h\u00e9t-nyolc esztend\u0151r\u0151l, mert m\u00e1r ekkor megkezd\u0151d\u00f6tt a Vituki financi\u00e1lis t\u00f6nkret\u00e9tele, f\u0151k\u00e9nt a mindenkori f\u0151hat\u00f3s\u00e1g \u00e1ltal megrendelet, de ki nem fizetett kutat\u00e1sok miatt. Mindm\u00e1ig roppantul f\u00e1j\u00f3 eml\u00e9kem, hogy ekkor t\u00f6rt\u00e9nt az \u00e1ltalam vezetett balatonszemesi kutat\u00f3\u00e1llom\u00e1s bez\u00e1r\u00e1sa is, \u00e9s minden, a t\u00f3val kapcsolatos hidrol\u00f3giai \u00e9s v\u00edzmin\u0151s\u00e9gi munka befejez\u00e9se.\u201d<\/p>\n<p style=\"text-align: justify\">\n\n\n\n<\/p>\n<p style=\"text-align: justify\">M\u00e1r a Vituki V\u00edzmin\u0151s\u00e9gv\u00e9delmi Int\u00e9zet\u00e9nek tudom\u00e1nyos igazgat\u00f3helyettese, amikor \u00f6kotonokkal (szeg\u00e9lyt\u00e1rsul\u00e1sokkal) kezd el foglalkozni, dolgozik Toulouse-ban, a Zala foly\u00f3 ment\u00e9n \u00e9s a Kis-Balatonon, s bej\u00e1rja az \u00e9szaki f\u00e9lteke legjelent\u0151sebb mocsarait. Az \u00f6koton \u00e9s a mocs\u00e1r projektek sora vezetett az \u00f6kohidrol\u00f3gia, mint interdiszciplin\u00e1ris tudom\u00e1nyter\u00fclet megsz\u00fclet\u00e9s\u00e9hez, amelyn\u00e9l Jol\u00e1nkai G\u00e9za m\u00e1r \u2013 folytatva a medicin\u00e1lis anal\u00f3gi\u00e1t \u2013 nem csak b\u00e1b\u00e1skodik, hanem annak egyik sz\u00fcl\u0151orvosa lesz, hovatov\u00e1bb err\u0151l \u00edrja akad\u00e9miai nagydoktori \u00e9rtekez\u00e9s\u00e9t is. Kutat, publik\u00e1l, tan\u00edt. \u00c9s az UNESCO t\u00e1mogat\u00e1s\u00e1val (<em>B\u00edr\u00f3 Istv\u00e1n<\/em> informatikus m\u00e9rn\u00f6k seg\u00edts\u00e9g\u00e9vel) megalkotja egyik f\u0151m\u0171v\u00e9t, azt a sz\u00e1m\u00edt\u00f3g\u00e9pes oktat\u00f3i programot, ami azt\u00e1n megalapozza egyre sz\u00e9lesebb k\u00f6r\u0171 hazai \u00e9s nemzetk\u00f6zi oktat\u00e1si tev\u00e9kenys\u00e9g\u00e9t, s ami az\u00f3ta is kedvelt fels\u0151oktat\u00e1si szoftver sz\u00e9les e vil\u00e1gon. Tan\u00edtott Br\u00fcsszelben \u00e9s Leuven-ben (10 \u00e9vig vend\u00e9g professzork\u00e9nt), Upsala-ban \u00e9s Link\u00f6pping-ben. Oktatott az ELTE-n, a K\u00f6z\u00e9p-Eur\u00f3pa Egyetemen \u00e9s a Debreceni Egyetem M\u0171szaki Kar\u00e1n. V\u00edzm\u00e9rn\u00f6kk\u00e9nt pedig orsz\u00e1gos l\u00e9pt\u00e9k\u0171, illetve nemzetk\u00f6zi integr\u00e1lt monitoring \u00e9s modellez\u00e9si projekteken dolgozik (Tisza projekt, LIFE Szigetk\u00f6z), el\u0151bb Phare, k\u00e9s\u0151bb uni\u00f3s programok keret\u00e9ben. Mik\u00f6zben Debrecenben katedr\u00e1t kap, f\u00e9l\u00e1ll\u00e1sban a Vitukiban (a vil\u00e1gh\u00edr\u0171 v\u00edz\u00fcgyi int\u00e9zm\u00e9ny r\u00e9mt\u00f6rt\u00e9netnek is beill\u0151 likvid\u00e1l\u00e1s\u00e1ig) visz nagyszab\u00e1s\u00fa uni\u00f3s kutat\u00e1si munk\u00e1kat t\u00f6bbnyire projekt vezet\u0151k\u00e9nt, koordin\u00e1tork\u00e9nt.<\/p>\n<p style=\"text-align: justify\">\n\n\n\n<\/p>\n<p style=\"text-align: justify\"><strong>Tov\u00e1bb az ap\u00e1k nyomdokain<\/strong><\/p>\n<p style=\"text-align: justify\">\n\n\n\n<\/p>\n<p style=\"text-align: justify\">\u201eA Climate Water \u00e9s a PSI-Connect elnevez\u00e9s\u0171 projektek egyar\u00e1nt az \u00e9ghajlatv\u00e1ltoz\u00e1s \u00e9l\u0151vizeinkre gyakorolt hat\u00e1saival foglalkoztak, \u00e9s ezeket az\u00e9rt v\u00e1llaltam be, hogy a programmal j\u00e1r\u00f3 tetemes bev\u00e9tellel magam is hozz\u00e1j\u00e1rulhassak a Vituki megment\u00e9s\u00e9hez. Mint tudjuk, s\u00falyosan t\u00e9vedtem. Rengeteget dolgoztam a k\u00e9t projekten, szinte fel sem \u00e1lltam a g\u00e9p mell\u0151l. De azt\u00e1n az els\u0151k k\u00f6z\u00f6tt r\u00fagtak ki a Vitukib\u00f3l, m\u00e1rcsak az\u00e9rt is, mert egyetemi tan\u00e1ri \u00e1ll\u00e1som volt Debrecenben. Gondolt\u00e1k, nem fogok \u00e9hen halni. Elkeser\u00edt\u0151 k\u00f6r\u00fclm\u00e9nyek k\u00f6zepette dolgoztunk akkort\u00e1jt a Vitukiban. F\u0171t\u00e9sre sem volt m\u00e1r p\u00e9nz, \u00fagyhogy az \u00f6sszes meleg ruh\u00e1mat felv\u00e9ve dolgoztam. Az eg\u00e9sz helyzett\u0151l olyan t\u00falmunka-stressz- p\u00e1nik depresszi\u00f3t kaptam, hogy n\u00e9h\u00e1ny h\u00f3nap alatt harminc kil\u00f3t fogytam, iszonyatos rosszull\u00e9tek k\u00f6zepette. Ek\u00f6zben z\u00e1rtam le a k\u00e9t projektet sikeresen\u201d<\/p>\n<p style=\"text-align: justify\">\n\n\n\n<\/p>\n<p style=\"text-align: justify\">A M\u0171egyetem V\u00edzi K\u00f6zm\u0171 \u00e9s K\u00f6rnyezetm\u00e9rn\u00f6k Tansz\u00e9k\u00e9n besz\u00e9lget\u00fcnk, a 36 esztend\u0151s Jol\u00e1nkai Zsolt munkahely\u00e9n, akinek a f\u0151 kutat\u00e1si ter\u00fclete a hidrol\u00f3giai-, hidraulikai-, v\u00edzk\u00e9szletkock\u00e1zati modellez\u00e9s. \u201eAbszol\u00fat m\u00e9rt\u00e9kben befoly\u00e1solta p\u00e1lyav\u00e1laszt\u00e1somat ap\u00e1m p\u00e9ld\u00e1ja. Mindig is az a fajta term\u00e9szetk\u00f6zeli m\u00e9rn\u00f6ki vil\u00e1g \u00e1llt a legk\u00f6zelebb hozz\u00e1m, amiben \u0151 mozgott. A nagyon szigor\u00fa, k\u00e9pletekben gondolkod\u00f3 m\u00e9rn\u00f6ki vil\u00e1g messze \u00e1ll t\u0151lem. Viszonylag hamar, m\u00e1r a gimn\u00e1ziumi \u00e9vek alatt eld\u0151lt, hogy a M\u0171egyetemre jelentkezem. Nem az \u00e9p\u00edt\u0151m\u00e9rn\u00f6ki karon kezdtem, hanem a g\u00e9p\u00e9szm\u00e9rn\u00f6kin, de el\u00e9g gyorsan r\u00e1\u00e9reztem, hogy rossz helyen vagyok. 2006-ban szereztem diplom\u00e1t, majd k\u00e9t \u00e9ves angliai k\u00f6zm\u0171tervez\u0151i kit\u00e9r\u0151 ut\u00e1n visszat\u00e9rtem a k\u00f6rnyezetm\u00e9rn\u00f6ki tansz\u00e9kre. Egy\u00e9bk\u00e9nt itt is az apai vonal k\u00f6sz\u00f6n vissza, az a terepmunk\u00e1s, modellez\u0151s, k\u00f6rnyezetm\u00e9rn\u00f6ki szakmagyakorl\u00e1s, ami mindig vonzott.\u201d<\/p>\n<p style=\"text-align: justify\">\n\n\n\n<\/p>\n<p style=\"text-align: justify\">Jol\u00e1nkai G\u00e9za sokat besz\u00e9lt otthon m\u00e9rn\u00f6ki munk\u00e1j\u00e1r\u00f3l. Amikor pedig n\u00e9gy fia k\u00f6z\u00fcl az egyetlenk\u00e9nt m\u00e9rn\u00f6knek tanul\u00f3 Zsolt egyetemi hallgat\u00f3 lett, m\u00e1r dolgoztak is k\u00f6z\u00f6sen, s\u0151t \u2013 l\u00e9v\u00e9n hasonl\u00f3 szakter\u00fcleten m\u0171k\u00f6dnek \u2013 olykor m\u00e9g ma is el\u0151fordul, hogy szakmai k\u00e9rd\u00e9sekben egyeztetnek. Zsolt szerint \u0151 is \u00e9desapja pragmatikus gondolkod\u00e1s\u00e1t hordozza, a megoldand\u00f3 feladatokat mindig a kivitelezhet\u0151s\u00e9g, a gyakorlatiass\u00e1g fel\u0151l k\u00f6zel\u00edti meg.<\/p>\n<p style=\"text-align: justify\">\n\n\n\n<\/p>\n<p style=\"text-align: justify\">\u201eNagyon j\u00f3 ember volt az ap\u00e1m, akit nagyon tiszteltem. T\u00fal sokat nem kellett szenvednem att\u00f3l, hogy egy ideig \u00e9n voltam a szakm\u00e1ban a kis Jol\u00e1nkai\u201d \u2013 mondja Jol\u00e1nkai G\u00e9za. \u201eIgen, val\u00f3ban l\u00e9tezik egyfajta elv\u00e1r\u00e1s a k\u00f6zvetlen k\u00f6rnyezetemben az \u0151s\u00f6k teljes\u00edtm\u00e9nye miatt, de enn\u00e9l fontosabb szerintem az az elv\u00e1r\u00e1s, amit saj\u00e1t mag\u00e1val szemben t\u00e1maszt az ember \u2013 folytatja a gondolatot Jol\u00e1nkai Zsolt. \u201eHogy Jol\u00e1nkaik\u00e9nt nem lehet akarmit letenni az asztalra. Ez egy magasabb elv\u00e1r\u00e1s \u00e9s persze id\u0151nk\u00e9nt teher is.\u201d<\/p>\n<p style=\"text-align: justify\">\n\n\n\n<\/p>\n<p style=\"text-align: justify\"><strong>A munkam\u00e1ni\u00e1s professzor \u00e9s az \u00e9lesesz\u0171 kisfick\u00f3<\/strong><\/p>\n<p style=\"text-align: justify\">\n\n\n\n<\/p>\n<p style=\"text-align: justify\">Jol\u00e1nkai G\u00e9za v\u00e9g\u00fcl az \u00e9l\u00e9nkz\u00f6ld mozgalmak m\u00e9regz\u00f6ld mozgalm\u00e1rjainak b\u0171neir\u0151l, a v\u00edzm\u00e9rn\u00f6ks\u00e9g \u00e1ltal Kvassay \u00f3ta elfelejtett fokgazd\u00e1lkod\u00e1s jelent\u0151s\u00e9g\u00e9r\u0151l besz\u00e9l, meg arr\u00f3l, hogy B\u0151s-Nagymaros \u00f3ta sokan igyekeztek ebben az orsz\u00e1gban beler\u00fagni egyet a hazai v\u00edz\u00fcgybe. Szenved\u00e9lyesen besz\u00e9l. N\u00e9ha indulatosan. Persze neh\u00e9z, kacif\u00e1ntos \u00fcgyek ezek. Hetven esztend\u0151s, amikor az \u00f6kohidrol\u00f3gia megalkot\u00e1s\u00e1\u00e9rt tisztikeresztet vehet \u00e1t. \u201eMunkam\u00e1ni\u00e1s vagyok, aki csak akkor boldog, ha rengeteget mel\u00f3zhat. M\u00e1r kisgyerekk\u00e9nt is azt lestem, hol vannak elv\u00e9gzend\u0151 feladatok. Maximalista voltam vil\u00e1g \u00e9letemben. Kaptam is miatta gyomorfek\u00e9lyt meg m\u00e1s nyavaly\u00e1kat.\u201d<\/p>\n<p style=\"text-align: justify\">\n\n\n\n<\/p>\n<p style=\"text-align: justify\">Ha teheti, bring\u00e1val j\u00e1r mindenhov\u00e1. Ez a kedvenc k\u00f6zleked\u00e9si eszk\u00f6ze, m\u00e1sf\u00e9lszer megker\u00fclte a f\u00f6ldet jobb\u00e1ra az orsz\u00e1gon bel\u00fcl. M\u00e1ig is tan\u00edt Debrecenben. Lelkesen oktatja az \u00f6kohidrol\u00f3gia \u00e9s a V\u00edzi-k\u00f6rnyezetv\u00e9delem tudom\u00e1ny\u00e1t, \u00e9s rem\u00e9nykedik, hogy csak megsz\u00fcletik majd az a gener\u00e1ci\u00f3, amely meg\u00e9rti merre van a ki\u00fat a vizeinket \u00e9s v\u00edzi \u00f6kosziszt\u00e9m\u00e1inkat fenyeget\u0151 vesz\u00e9lyek al\u00f3l, s tal\u00e1n egyszer lesz m\u00e9g neves v\u00edz\u00fcgyi kutat\u00f3k\u00f6zpontja az orsz\u00e1gnak. Szabadidej\u00e9ben \u00edr. Most megint k\u00f6nyvet. \u201eLegink\u00e1bb a v\u00edz \u00e9s az \u00e9let kapcsolat\u00e1r\u00f3l fog sz\u00f3lni, de rem\u00e9nyein szerint m\u00e1sk\u00e9ppen, mint ahogyan m\u00e9rn\u00f6k\u00f6k szoktak. Olvasm\u00e1nyosabban, j\u00f3pof\u00e1s\u00edtva, hogy el lehessen adni. Vid\u00e1m k\u00f6nyv lesz, komoly t\u00e9m\u00e1kr\u00f3l.\u201d<\/p>\n<p style=\"text-align: justify\">\n\n\n\n<\/p>\n<p style=\"text-align: justify\">Zsolt kisfia, a h\u00e1rom\u00e9ves <em>Vilmos<\/em> a legifjabb Jol\u00e1nkai. A nagyapa szerint a \u201erendk\u00edv\u00fcl \u00e9lesesz\u0171 kisfick\u00f3\u201d pici kora \u00f3ta remekbe szabott mondatokban fejezi ki mag\u00e1t. M\u00e1r-m\u00e1r irodalmi st\u00edlusban. \u201eNagyon rem\u00e9lem, \u00fagy folytat\u00f3dik a m\u00e9rn\u00f6kdinasztia t\u00f6rt\u00e9nete, hogy a kis Vilmos felcseperedve szint\u00e9n v\u00edzm\u00e9rn\u00f6k lesz. Az ut\u00f3dok k\u00f6z\u00fcl egy valakinek illene az lennie.\u201d<\/p>\n<p style=\"text-align: justify\">\n\n\n\n<\/p>\n<p style=\"text-align: justify\">\u201eAp\u00e1m soha nem vert minket korb\u00e1ccsal, hogy m\u00e1rpedig m\u00e9rn\u00f6k\u00f6k legy\u00fcnk, \u00e9s ezt \u00e9n sem fogom megtenni\u201d \u2013 veszi \u00e1t a sz\u00f3t Jol\u00e1nkai Zsolt. \u201eNy\u00edlv\u00e1n, ha j\u00f3 a p\u00e9lda, akkor a fiam is k\u00f6vetni fogja el\u0151djei nyomdokait. De nem fogom k\u00fcl\u00f6n erre kapacit\u00e1lni a gyereket. Az sosem j\u00f3, ha valaki olyan szakm\u00e1t gyakorol, amit nem mag\u00e1nak v\u00e1laszt.\u201d<\/p>\n<p>\n","protected":false},"excerpt":{"rendered":"<p>Egy vizes m\u00e9rn\u00f6kdinasztia A csal\u00e1d m\u00e9rn\u00f6keinek t\u00f6rt\u00e9nete negyedik gener\u00e1ci\u00f3 \u00f3ta egy\u00fattal a hazai v\u00edz\u00e9p\u00edt\u00e9s \u00e9s a k\u00f6rnyezetm\u00e9rn\u00f6ki tudom\u00e1nyok hist\u00f3ri\u00e1ja is \u2013 a Monarchia kor\u00e1t\u00f3l napjainkig. A familia tagjainak alkot\u00f3munk\u00e1ja, sorsa, sikerei \u00e9s kudarcai egybefon\u00f3dtak m\u00e1sf\u00e9l \u00e9vsz\u00e1zad politikai v\u00e1ltoz\u00e1saival, illetve \u00faj m\u0171szaki tudom\u00e1ny\u00e1gak megsz\u00fclet\u00e9s\u00e9vel. Dubniczky Mikl\u00f3s Vizek m\u00e9rn\u00f6kei A kiterjedt m\u00e9rn\u00f6kdinasztia \u2013 melynek t\u00f6rt\u00e9nete r\u00e9ges-r\u00e9gi id\u0151kig [&hellip;]<\/p>\n","protected":false},"author":871,"featured_media":0,"parent":33,"menu_order":0,"comment_status":"closed","ping_status":"closed","template":"","meta":{"_exactmetrics_skip_tracking":false,"_exactmetrics_sitenote_active":false,"_exactmetrics_sitenote_note":"","_exactmetrics_sitenote_category":0,"footnotes":""},"class_list":["post-274","page","type-page","status-publish","hentry"],"_links":{"self":[{"href":"https:\/\/mernokvagyok.hu\/vizgazdalkodas\/wp-json\/wp\/v2\/pages\/274","targetHints":{"allow":["GET"]}}],"collection":[{"href":"https:\/\/mernokvagyok.hu\/vizgazdalkodas\/wp-json\/wp\/v2\/pages"}],"about":[{"href":"https:\/\/mernokvagyok.hu\/vizgazdalkodas\/wp-json\/wp\/v2\/types\/page"}],"author":[{"embeddable":true,"href":"https:\/\/mernokvagyok.hu\/vizgazdalkodas\/wp-json\/wp\/v2\/users\/871"}],"replies":[{"embeddable":true,"href":"https:\/\/mernokvagyok.hu\/vizgazdalkodas\/wp-json\/wp\/v2\/comments?post=274"}],"version-history":[{"count":1,"href":"https:\/\/mernokvagyok.hu\/vizgazdalkodas\/wp-json\/wp\/v2\/pages\/274\/revisions"}],"predecessor-version":[{"id":279,"href":"https:\/\/mernokvagyok.hu\/vizgazdalkodas\/wp-json\/wp\/v2\/pages\/274\/revisions\/279"}],"up":[{"embeddable":true,"href":"https:\/\/mernokvagyok.hu\/vizgazdalkodas\/wp-json\/wp\/v2\/pages\/33"}],"wp:attachment":[{"href":"https:\/\/mernokvagyok.hu\/vizgazdalkodas\/wp-json\/wp\/v2\/media?parent=274"}],"curies":[{"name":"wp","href":"https:\/\/api.w.org\/{rel}","templated":true}]}}