{"id":24,"date":"2022-02-15T18:10:53","date_gmt":"2022-02-15T18:10:53","guid":{"rendered":"https:\/\/mernokvagyok.hu\/vizgazdalkodas\/?page_id=24"},"modified":"2026-03-30T11:06:18","modified_gmt":"2026-03-30T11:06:18","slug":"tisztsegviselok-kuldottek","status":"publish","type":"page","link":"https:\/\/mernokvagyok.hu\/vizgazdalkodas\/tisztsegviselok-kuldottek\/","title":{"rendered":"Tiszts\u00e9gvisel\u0151k, k\u00fcld\u00f6ttek"},"content":{"rendered":"\n<h2 class=\"wp-block-heading\">Eln\u00f6ks\u00e9g<\/h2>\n\n\n\n<figure class=\"wp-block-table is-style-stripes\"><table><thead><tr><th class=\"has-text-align-left\" data-align=\"left\">Beoszt\u00e1s<\/th><th class=\"has-text-align-left\" data-align=\"left\">N\u00e9v<\/th><th class=\"has-text-align-left\" data-align=\"left\">Tagsz\u00e1m<\/th><\/tr><\/thead><tbody><tr><td class=\"has-text-align-left\" data-align=\"left\">Eln\u00f6k<\/td><td class=\"has-text-align-left\" data-align=\"left\">Kriston \u00c1d\u00e1m<\/td><td class=\"has-text-align-left\" data-align=\"left\">02-01376<\/td><\/tr><tr><td class=\"has-text-align-left\" data-align=\"left\">Aleln\u00f6k<\/td><td class=\"has-text-align-left\" data-align=\"left\">D\u00e9ri Lajos<\/td><td class=\"has-text-align-left\" data-align=\"left\">18-0295<\/td><\/tr><tr><td class=\"has-text-align-left\" data-align=\"left\">Aleln\u00f6k<\/td><td class=\"has-text-align-left\" data-align=\"left\">\u00c1nyos J\u00f3zsef L\u00e1szl\u00f3<\/td><td class=\"has-text-align-left\" data-align=\"left\">09-01319<\/td><\/tr><tr><td class=\"has-text-align-left\" data-align=\"left\">Eln\u00f6ks\u00e9gi tag<\/td><td class=\"has-text-align-left\" data-align=\"left\">Tam\u00e1s P\u00e9ter<\/td><td class=\"has-text-align-left\" data-align=\"left\">06-0813<\/td><\/tr><tr><td class=\"has-text-align-left\" data-align=\"left\">Eln\u00f6ks\u00e9gi tag<\/td><td class=\"has-text-align-left\" data-align=\"left\">Zajzon Imre<\/td><td class=\"has-text-align-left\" data-align=\"left\">20-0197<\/td><\/tr><tr><td class=\"has-text-align-left\" data-align=\"left\">Eln\u00f6ks\u00e9gi tag<\/td><td class=\"has-text-align-left\" data-align=\"left\">Dr. Dobi L\u00e1szl\u00f3<\/td><td class=\"has-text-align-left\" data-align=\"left\">06-0721<\/td><\/tr><tr><td class=\"has-text-align-left\" data-align=\"left\">Eln\u00f6ks\u00e9gi tag<\/td><td class=\"has-text-align-left\" data-align=\"left\">Farkas Egonn\u00e9<\/td><td class=\"has-text-align-left\" data-align=\"left\">12-0315<\/td><\/tr><tr><td class=\"has-text-align-left\" data-align=\"left\">Eln\u00f6ks\u00e9gi tag<\/td><td class=\"has-text-align-left\" data-align=\"left\">Ivask\u00f3 Csaba<\/td><td class=\"has-text-align-left\" data-align=\"left\">03-0813<\/td><\/tr><tr><td class=\"has-text-align-left\" data-align=\"left\">Eln\u00f6ks\u00e9gi tag<\/td><td class=\"has-text-align-left\" data-align=\"left\">Dr. Knolm\u00e1r Marcell<\/td><td class=\"has-text-align-left\" data-align=\"left\">01-07104<\/td><\/tr><tr><td class=\"has-text-align-left\" data-align=\"left\">Eln\u00f6ks\u00e9gi tag<\/td><td class=\"has-text-align-left\" data-align=\"left\">Borza Tibor<\/td><td class=\"has-text-align-left\" data-align=\"left\">06-0827<\/td><\/tr><tr><td class=\"has-text-align-left\" data-align=\"left\">Eln\u00f6ks\u00e9gi tag<\/td><td class=\"has-text-align-left\" data-align=\"left\">Boda Bal\u00e1zs Zolt\u00e1n<\/td><td class=\"has-text-align-left\" data-align=\"left\">14-0607<\/td><\/tr><tr><td class=\"has-text-align-left\" data-align=\"left\">Eln\u00f6ks\u00e9gi tag<\/td><td class=\"has-text-align-left\" data-align=\"left\">Udud P\u00e9ter<\/td><td class=\"has-text-align-left\" data-align=\"left\">02-0358<\/td><\/tr><tr><td class=\"has-text-align-left\" data-align=\"left\">Eln\u00f6ks\u00e9gi tag<\/td><td class=\"has-text-align-left\" data-align=\"left\">Kun B\u00e9la<\/td><td class=\"has-text-align-left\" data-align=\"left\">09-0379<\/td><\/tr><\/tbody><\/table><\/figure>\n\n\n\n<hr class=\"wp-block-separator has-css-opacity is-style-wide\"\/>\n\n\n\n<h2 class=\"wp-block-heading\">MMK K\u00fcld\u00f6ttek<\/h2>\n\n\n\n<figure class=\"wp-block-table is-style-stripes\"><table><thead><tr><th class=\"has-text-align-left\" data-align=\"left\"><strong>N\u00e9v<\/strong><\/th><th class=\"has-text-align-left\" data-align=\"left\"><strong>Kamarai sz\u00e1m<\/strong><\/th><\/tr><\/thead><tbody><tr><td class=\"has-text-align-left\" data-align=\"left\">Kriston \u00c1d\u00e1m<\/td><td class=\"has-text-align-left\" data-align=\"left\">02-01376<\/td><\/tr><tr><td class=\"has-text-align-left\" data-align=\"left\">D\u00e9ri Lajos<\/td><td class=\"has-text-align-left\" data-align=\"left\">18-0295<\/td><\/tr><tr><td class=\"has-text-align-left\" data-align=\"left\">\u00c1nyos J\u00f3zsef L\u00e1szl\u00f3<\/td><td class=\"has-text-align-left\" data-align=\"left\">09-01319<\/td><\/tr><tr><td class=\"has-text-align-left\" data-align=\"left\">Farkas Egonn\u00e9<\/td><td class=\"has-text-align-left\" data-align=\"left\">12-0315<\/td><\/tr><tr><td class=\"has-text-align-left\" data-align=\"left\">Dr. Dobi L\u00e1szl\u00f3<\/td><td class=\"has-text-align-left\" data-align=\"left\">06-0721<\/td><\/tr><\/tbody><\/table><\/figure>\n\n\n\n<hr class=\"wp-block-separator has-css-opacity is-style-wide\"\/>\n\n\n\n<h2 class=\"wp-block-heading\">V\u00edzgazd\u00e1lkod\u00e1si \u00e9s V\u00edz\u00e9p\u00edt\u00e9si Tagozat Szak\u00e9rt\u0151i Test\u00fclet<\/h2>\n\n\n\n<figure class=\"wp-block-table is-style-stripes\"><table><thead><tr><th class=\"has-text-align-left\" data-align=\"left\">N\u00e9v<\/th><th class=\"has-text-align-left\" data-align=\"left\">Kamarai sz\u00e1m<\/th><\/tr><\/thead><tbody><tr><td class=\"has-text-align-left\" data-align=\"left\">Somodi Ferenc<\/td><td class=\"has-text-align-left\" data-align=\"left\">19-0040<\/td><\/tr><tr><td class=\"has-text-align-left\" data-align=\"left\">Rosza P\u00e9ter<\/td><td class=\"has-text-align-left\" data-align=\"left\">01-7965<\/td><\/tr><tr><td class=\"has-text-align-left\" data-align=\"left\">H\u00e1fra M\u00e1ty\u00e1s R\u00f3bert<\/td><td class=\"has-text-align-left\" data-align=\"left\">16-0392<\/td><\/tr><tr><td class=\"has-text-align-left\" data-align=\"left\">Dr. Patziger Mikl\u00f3s<\/td><td class=\"has-text-align-left\" data-align=\"left\">01-12928<\/td><\/tr><tr><td class=\"has-text-align-left\" data-align=\"left\">Erd\u00e9sz B\u00e9la S\u00e1ndor<\/td><td class=\"has-text-align-left\" data-align=\"left\">04-0023<\/td><\/tr><tr><td class=\"has-text-align-left\" data-align=\"left\">Dr. Hancz Gabriella<\/td><td class=\"has-text-align-left\" data-align=\"left\">09-0702<\/td><\/tr><tr><td class=\"has-text-align-left\" data-align=\"left\">Fejes L\u0151rinc<\/td><td class=\"has-text-align-left\" data-align=\"left\">10-00585<\/td><\/tr><tr><td class=\"has-text-align-left\" data-align=\"left\">Horv\u00e1th Szabolcs<\/td><td class=\"has-text-align-left\" data-align=\"left\">02-0900<\/td><\/tr><tr><td class=\"has-text-align-left\" data-align=\"left\">Kapolcsi Imre<\/td><td class=\"has-text-align-left\" data-align=\"left\">18-0051<\/td><\/tr><tr><td class=\"has-text-align-left\" data-align=\"left\">Alexy Rezs\u0151 Zolt\u00e1n<\/td><td class=\"has-text-align-left\" data-align=\"left\">14-0049<\/td><\/tr><tr><td class=\"has-text-align-left\" data-align=\"left\">Horv\u00e1th Gyula<\/td><td class=\"has-text-align-left\" data-align=\"left\">07-0226<\/td><\/tr><tr><td class=\"has-text-align-left\" data-align=\"left\">Szabolcsi Bal\u00e1zs<\/td><td class=\"has-text-align-left\" data-align=\"left\">15-01010<\/td><\/tr><\/tbody><\/table><\/figure>\n","protected":false},"excerpt":{"rendered":"<p>Eln\u00f6ks\u00e9g Beoszt\u00e1s N\u00e9v Tagsz\u00e1m Eln\u00f6k Kriston \u00c1d\u00e1m 02-01376 Aleln\u00f6k D\u00e9ri Lajos 18-0295 Aleln\u00f6k \u00c1nyos J\u00f3zsef L\u00e1szl\u00f3 09-01319 Eln\u00f6ks\u00e9gi tag Tam\u00e1s P\u00e9ter 06-0813 Eln\u00f6ks\u00e9gi tag Zajzon Imre 20-0197 Eln\u00f6ks\u00e9gi tag Dr. Dobi L\u00e1szl\u00f3 06-0721 Eln\u00f6ks\u00e9gi tag Farkas Egonn\u00e9 12-0315 Eln\u00f6ks\u00e9gi tag Ivask\u00f3 Csaba 03-0813 Eln\u00f6ks\u00e9gi tag Dr. Knolm\u00e1r Marcell 01-07104 Eln\u00f6ks\u00e9gi tag Borza Tibor 06-0827 Eln\u00f6ks\u00e9gi [&hellip;]<\/p>\n","protected":false},"author":871,"featured_media":0,"parent":0,"menu_order":0,"comment_status":"closed","ping_status":"closed","template":"","meta":{"_exactmetrics_skip_tracking":false,"_exactmetrics_sitenote_active":false,"_exactmetrics_sitenote_note":"","_exactmetrics_sitenote_category":0,"footnotes":""},"class_list":["post-24","page","type-page","status-publish","hentry"],"_links":{"self":[{"href":"https:\/\/mernokvagyok.hu\/vizgazdalkodas\/wp-json\/wp\/v2\/pages\/24","targetHints":{"allow":["GET"]}}],"collection":[{"href":"https:\/\/mernokvagyok.hu\/vizgazdalkodas\/wp-json\/wp\/v2\/pages"}],"about":[{"href":"https:\/\/mernokvagyok.hu\/vizgazdalkodas\/wp-json\/wp\/v2\/types\/page"}],"author":[{"embeddable":true,"href":"https:\/\/mernokvagyok.hu\/vizgazdalkodas\/wp-json\/wp\/v2\/users\/871"}],"replies":[{"embeddable":true,"href":"https:\/\/mernokvagyok.hu\/vizgazdalkodas\/wp-json\/wp\/v2\/comments?post=24"}],"version-history":[{"count":8,"href":"https:\/\/mernokvagyok.hu\/vizgazdalkodas\/wp-json\/wp\/v2\/pages\/24\/revisions"}],"predecessor-version":[{"id":2217,"href":"https:\/\/mernokvagyok.hu\/vizgazdalkodas\/wp-json\/wp\/v2\/pages\/24\/revisions\/2217"}],"wp:attachment":[{"href":"https:\/\/mernokvagyok.hu\/vizgazdalkodas\/wp-json\/wp\/v2\/media?parent=24"}],"curies":[{"name":"wp","href":"https:\/\/api.w.org\/{rel}","templated":true}]}}