{"id":22,"date":"2022-02-15T18:10:18","date_gmt":"2022-02-15T18:10:18","guid":{"rendered":"https:\/\/mernokvagyok.hu\/vizgazdalkodas\/?page_id=22"},"modified":"2025-11-27T13:32:14","modified_gmt":"2025-11-27T13:32:14","slug":"bemutatkozas","status":"publish","type":"page","link":"https:\/\/mernokvagyok.hu\/vizgazdalkodas\/bemutatkozas\/","title":{"rendered":"Bemutatkoz\u00e1s"},"content":{"rendered":"<p style=\"text-align: justify\"><strong>Tisztelt Koll\u00e9g\u00e1k, Tagjaink!<\/strong><\/p>\n<p style=\"text-align: justify\">2021. szeptember 9-\u00e9n sikeresen lezajlott a Tagozatunk Tiszt\u00faj\u00edt\u00f3 Taggy\u0171l\u00e9se, lez\u00e1rtuk az elm\u00falt id\u0151szakot \u00e9s megv\u00e1lasztottuk a Tagozatunk \u00faj eln\u00f6ks\u00e9g\u00e9t \u00e9s Szak\u00e9rt\u0151i test\u00fclet\u00e9t. Az \u00faj eln\u00f6ks\u00e9g folytatni szeretn\u00e9 azt a munk\u00e1t, amelyre Tagozatunkat a szakmai m\u00faltja \u00e9s a hagyom\u00e1nyai k\u00f6telezik. E mellett az eln\u00f6ks\u00e9g meg\u00fajult er\u0151vel l\u00e1tott neki azon feladatok elv\u00e9gez\u00e9s\u00e9hez, amelyek az egyes kamarai, ill. tagozati f\u00f3rumokon \u2013 \u00edgy a taggy\u0171l\u00e9sen is \u2013 elhangzottak \u00e9s sz\u00fcks\u00e9gesek ahhoz, hogy a Tagozatunk meghat\u00e1roz\u00f3 szakmai szerepl\u0151je legyen a m\u00e9rn\u00f6ki h\u00e9tk\u00f6znapoknak, megfeleljen tagjaink szakmai elv\u00e1r\u00e1sainak.<\/p>\n<p style=\"text-align: justify\">Tagozatunk m\u00faltja k\u00f6telez. Alakul\u00f3 taggy\u0171l\u00e9se 1990. janu\u00e1r 17-\u00e9n az Uvaterv-M\u00e9ly\u00e9pterv f\u00f6ldszinti nagyterm\u00e9ben volt, ekkor m\u00e9g a M\u00e9rn\u00f6k Egylet keretein bel\u00fcl. Tagozatunk szakmai elk\u00f6telezetts\u00e9ge innent\u0151l kezd\u0151dik. Itt engedjenek meg egy szem\u00e9lyes megjegyz\u00e9st. Valamikor a megalakul\u00e1ssal egy id\u0151ben, mint az utols\u00f3 f\u00e9l\u00e9v\u00e9re k\u00e9sz\u00fcl\u0151 egyetemista ekkor kaptam k\u00e9zhez a diploma feladatomat. \u00c9s az\u00f3ta sok id\u0151 eltelt, sokat v\u00e1ltozott a m\u00e9rn\u00f6ki szakma a vil\u00e1g k\u00f6r\u00fcl\u00f6tt\u00fcnk, de lehet azt mondani, hogy ebben a v\u00e1ltoz\u00f3 k\u00f6rnyezetben egy \u00e1lland\u00f3s\u00e1got biztos fel tudunk mutatni, a Tagozatunkat.<\/p>\n<p style=\"text-align: justify\">Meg\u00fajult tagozati honlapunk elind\u00edt\u00e1s\u00e1val egy r\u00e9gi ig\u00e9ny teljes\u00fcl. Legyen egy hely, legyen egy f\u00f3rum ahol az inform\u00e1ci\u00f3k megjelenhetnek, ahol kapcsolatban lehet\u00fcnk egym\u00e1ssal, ahol l\u00e1ttathatjuk a tagozat h\u00e9tk\u00f6znapjait, tev\u00e9kenys\u00e9g\u00e9t. Mert sokan vagyunk \u00e9s sok k\u00f6z\u00f6s dolgunk van, amit \u00e9rdemes egym\u00e1ssal megosztani. A tagozat \u00f6nmag\u00e1ban nem l\u00e9tezik. A tagozat a tagjai \u00e1ltal v\u00e1lik egy m\u0171k\u00f6d\u0151 szervezett\u00e9 \u00e9s a tagjai \u00e9ltetik, m\u0171k\u00f6dtetik.<\/p>\n<p style=\"text-align: justify\">A honlapunk is a tagjaink \u00e1ltal v\u00e1lhat hasznoss\u00e1 \u00e9s ehhez k\u00e9rj\u00fck tagjaink szakmai k\u00f6zrem\u0171k\u00f6d\u00e9s\u00e9t, sz\u00e1m\u00edtunk minden kedves koll\u00e9ga aktivit\u00e1s\u00e1ra! Azzal a rem\u00e9nnyel tessz\u00fck ezt, hogy az erre ford\u00edtott id\u0151 sokszorosan fog megt\u00e9r\u00fclni a h\u00e9tk\u00f6znapokban a szakmai tev\u00e9kenys\u00e9geink sor\u00e1n. K\u00e9rem kezdj\u00fck el k\u00f6z\u00f6sen haszn\u00e1lni szervezni, \u00e9p\u00edteni a honlapunkat ezzel is t\u00e1mogatva tagozatunk hat\u00e9kony m\u0171k\u00f6d\u00e9st.<\/p>\n<p style=\"text-align: justify\">Mindenkinek j\u00f3 b\u00f6ng\u00e9sz\u00e9st \u00e9s v\u00e1rva \u00e9szrev\u00e9teleiket, seg\u00edt\u0151 k\u00f6zrem\u0171k\u00f6d\u00e9s\u00fcket, \u00fcdv\u00f6zlettel,<\/p>\n<p style=\"text-align: justify\">Jancs\u00f3 B\u00e9la<br \/>\nMMK-VVT eln\u00f6k<\/p>\n","protected":false},"excerpt":{"rendered":"<p>Tisztelt Koll\u00e9g\u00e1k, Tagjaink! 2021. szeptember 9-\u00e9n sikeresen lezajlott a Tagozatunk Tiszt\u00faj\u00edt\u00f3 Taggy\u0171l\u00e9se, lez\u00e1rtuk az elm\u00falt id\u0151szakot \u00e9s megv\u00e1lasztottuk a Tagozatunk \u00faj eln\u00f6ks\u00e9g\u00e9t \u00e9s Szak\u00e9rt\u0151i test\u00fclet\u00e9t. Az \u00faj eln\u00f6ks\u00e9g folytatni szeretn\u00e9 azt a munk\u00e1t, amelyre Tagozatunkat a szakmai m\u00faltja \u00e9s a hagyom\u00e1nyai k\u00f6telezik. E mellett az eln\u00f6ks\u00e9g meg\u00fajult er\u0151vel l\u00e1tott neki azon feladatok elv\u00e9gez\u00e9s\u00e9hez, amelyek az [&hellip;]<\/p>\n","protected":false},"author":871,"featured_media":0,"parent":0,"menu_order":0,"comment_status":"closed","ping_status":"closed","template":"","meta":{"_exactmetrics_skip_tracking":false,"_exactmetrics_sitenote_active":false,"_exactmetrics_sitenote_note":"","_exactmetrics_sitenote_category":0,"footnotes":""},"class_list":["post-22","page","type-page","status-publish","hentry"],"_links":{"self":[{"href":"https:\/\/mernokvagyok.hu\/vizgazdalkodas\/wp-json\/wp\/v2\/pages\/22","targetHints":{"allow":["GET"]}}],"collection":[{"href":"https:\/\/mernokvagyok.hu\/vizgazdalkodas\/wp-json\/wp\/v2\/pages"}],"about":[{"href":"https:\/\/mernokvagyok.hu\/vizgazdalkodas\/wp-json\/wp\/v2\/types\/page"}],"author":[{"embeddable":true,"href":"https:\/\/mernokvagyok.hu\/vizgazdalkodas\/wp-json\/wp\/v2\/users\/871"}],"replies":[{"embeddable":true,"href":"https:\/\/mernokvagyok.hu\/vizgazdalkodas\/wp-json\/wp\/v2\/comments?post=22"}],"version-history":[{"count":5,"href":"https:\/\/mernokvagyok.hu\/vizgazdalkodas\/wp-json\/wp\/v2\/pages\/22\/revisions"}],"predecessor-version":[{"id":1941,"href":"https:\/\/mernokvagyok.hu\/vizgazdalkodas\/wp-json\/wp\/v2\/pages\/22\/revisions\/1941"}],"wp:attachment":[{"href":"https:\/\/mernokvagyok.hu\/vizgazdalkodas\/wp-json\/wp\/v2\/media?parent=22"}],"curies":[{"name":"wp","href":"https:\/\/api.w.org\/{rel}","templated":true}]}}