{"id":1889,"date":"2025-11-27T12:19:34","date_gmt":"2025-11-27T12:19:34","guid":{"rendered":"https:\/\/mernokvagyok.hu\/vizgazdalkodas\/?page_id=1889"},"modified":"2026-03-16T08:04:53","modified_gmt":"2026-03-16T08:04:53","slug":"dijazotti-jeloltallitas","status":"publish","type":"page","link":"https:\/\/mernokvagyok.hu\/vizgazdalkodas\/dijazotti-jeloltallitas\/","title":{"rendered":"D\u00edjazotti jel\u00f6lt\u00e1ll\u00edt\u00e1s"},"content":{"rendered":"<p>Jel\u00f6l\u00e9s az adott d\u00edj jel\u00f6lt\u00e1ll\u00edt\u00e1si id\u0151szaka alatt lesz el\u00e9rhet\u0151.  <\/p>\n<div class=\"award-sections\">\n<p>  <!-- Jel\u00f6l\u00e9si id\u0151szak: december 1 \u2013 janu\u00e1r 20 --><\/p>\n<div class=\"award-section\">\n<div class=\"award-section-title\">\n      Jel\u00f6l\u00e9si id\u0151szak (december 1 \u2013 janu\u00e1r 20)\n    <\/div>\n<table class=\"award-table\">\n<thead>\n<tr>\n<th>Adom\u00e1nyoz\u00f3 szervezet: Energia\u00fcgyi Miniszt\u00e9rium<\/th>\n<\/tr>\n<\/thead>\n<tbody>\n<tr>\n<td>\n            <a class=\"award-btn\" href=\"\/vizgazdalkodas\/vasarhelyi-pal-dij\/\" data-start=\"2025-12-01\" data-end=\"2026-01-21\" title=\"december 1 \u2013 janu\u00e1r 20 k\u00f6z\u00f6tt\"><br \/>\n              V\u00e1s\u00e1rhelyi P\u00e1l D\u00edj \u2013 Jel\u00f6l\u00e9s<br \/>\n            <\/a><\/p>\n<p>            <a class=\"award-btn\" href=\"\/vizgazdalkodas\/kvassay-jeno-emlekerem-jeloles\/\" data-start=\"2025-12-01\" data-end=\"2026-01-21\" title=\"december 1 \u2013 janu\u00e1r 20 k\u00f6z\u00f6tt\"><br \/>\n              Kvassay Jen\u0151 Eml\u00e9k\u00e9rem \u2013 Jel\u00f6l\u00e9s<br \/>\n            <\/a>\n          <\/td>\n<\/tr>\n<\/tbody>\n<\/table><\/div>\n<div class=\"award-section\">\n<div class=\"award-section-title\">\n    Jel\u00f6l\u00e9si id\u0151szak: janu\u00e1r 19 \u2013 febru\u00e1r 20\n  <\/div>\n<table class=\"award-table\">\n<thead>\n<tr>\n<th>Adom\u00e1nyoz\u00f3 szervezet: MMK<\/th>\n<\/tr>\n<\/thead>\n<tbody>\n<tr>\n<td>\n         <a class=\"award-btn\" href=\"\/vizgazdalkodas\/zielinski-szilard-dij-jeloles\/\" data-start=\"2026-01-19\" data-end=\"2026-02-21\" title=\"janu\u00e1r 19 \u2013 febru\u00e1r 20 k\u00f6z\u00f6tt\"> Zielinski Szil\u00e1rd D\u00edj \u2013 Jel\u00f6l\u00e9s<\/a><\/p>\n<p>         <a class=\"award-btn\" href=\"\/vizgazdalkodas\/ev-mernoke-aranygyuru-dij-jeloles\/\" data-start=\"2026-01-19\" data-end=\"2026-02-21\">\u00c9v m\u00e9rn\u00f6ke aranygy\u0171r\u0171 d\u00edj \u2013 Jel\u00f6l\u00e9s<\/a>\n        <\/td>\n<\/tr>\n<\/tbody>\n<\/table>\n<\/div>\n<div class=\"award-section\">\n<div class=\"award-section-title\">\n    Jel\u00f6l\u00e9si id\u0151szak: febru\u00e1r 1 \u2013 \u00e1prilis 30\n  <\/div>\n<table class=\"award-table\">\n<thead>\n<tr>\n<th>Adom\u00e1nyoz\u00f3 szervezet: VVT Tagozat<\/th>\n<\/tr>\n<\/thead>\n<tbody>\n<tr>\n<td>\n          <a class=\"award-btn\" href=\"\/vizgazdalkodas\/signum-aquae-dij-jeloles\/\" data-start=\"2026-02-01\" data-end=\"2026-04-30\"><br \/>\n            Signum Aquae D\u00edj \u2013 Jel\u00f6l\u00e9s<br \/>\n          <\/a>\n        <\/td>\n<\/tr>\n<\/tbody>\n<\/table>\n<\/div>\n<p>  <!-- Jel\u00f6l\u00e9si id\u0151szak: m\u00e1jus 1 \u2013 m\u00e1jus 31 --><\/p>\n<div class=\"award-section\">\n<div class=\"award-section-title\">\n      Jel\u00f6l\u00e9si id\u0151szak (m\u00e1jus 1 \u2013 m\u00e1jus 31)\n    <\/div>\n<table class=\"award-table\">\n<thead>\n<tr>\n<th>Adom\u00e1nyoz\u00f3 szervezet: Energia\u00fcgyi Miniszt\u00e9rium<\/th>\n<\/tr>\n<\/thead>\n<tbody>\n<tr>\n<td>\n            <a class=\"award-btn\" href=\"\/vizgazdalkodas\/miniszteri-elismero-oklevel-jeloles\/\" data-start=\"2026-05-01\" data-end=\"2026-05-30\" title=\"m\u00e1jus 1 \u2013 m\u00e1jus 31 k\u00f6z\u00f6tt\"><br \/>\n              Miniszteri elismer\u0151 oklev\u00e9l  \u2013 Jel\u00f6l\u00e9s<br \/>\n            <\/a>\n          <\/td>\n<\/tr>\n<\/tbody>\n<\/table><\/div>\n<\/div>\n","protected":false},"excerpt":{"rendered":"<p>Jel\u00f6l\u00e9s az adott d\u00edj jel\u00f6lt\u00e1ll\u00edt\u00e1si id\u0151szaka alatt lesz el\u00e9rhet\u0151. Jel\u00f6l\u00e9si id\u0151szak (december 1 \u2013 janu\u00e1r 20) Adom\u00e1nyoz\u00f3 szervezet: Energia\u00fcgyi Miniszt\u00e9rium V\u00e1s\u00e1rhelyi P\u00e1l D\u00edj \u2013 Jel\u00f6l\u00e9s Kvassay Jen\u0151 Eml\u00e9k\u00e9rem \u2013 Jel\u00f6l\u00e9s Jel\u00f6l\u00e9si id\u0151szak: janu\u00e1r 19 \u2013 febru\u00e1r 20 Adom\u00e1nyoz\u00f3 szervezet: MMK Zielinski Szil\u00e1rd D\u00edj \u2013 Jel\u00f6l\u00e9s \u00c9v m\u00e9rn\u00f6ke aranygy\u0171r\u0171 d\u00edj \u2013 Jel\u00f6l\u00e9s Jel\u00f6l\u00e9si id\u0151szak: febru\u00e1r 1 [&hellip;]<\/p>\n","protected":false},"author":2,"featured_media":0,"parent":0,"menu_order":0,"comment_status":"closed","ping_status":"closed","template":"","meta":{"_exactmetrics_skip_tracking":false,"_exactmetrics_sitenote_active":false,"_exactmetrics_sitenote_note":"","_exactmetrics_sitenote_category":0,"footnotes":""},"class_list":["post-1889","page","type-page","status-publish","hentry"],"_links":{"self":[{"href":"https:\/\/mernokvagyok.hu\/vizgazdalkodas\/wp-json\/wp\/v2\/pages\/1889","targetHints":{"allow":["GET"]}}],"collection":[{"href":"https:\/\/mernokvagyok.hu\/vizgazdalkodas\/wp-json\/wp\/v2\/pages"}],"about":[{"href":"https:\/\/mernokvagyok.hu\/vizgazdalkodas\/wp-json\/wp\/v2\/types\/page"}],"author":[{"embeddable":true,"href":"https:\/\/mernokvagyok.hu\/vizgazdalkodas\/wp-json\/wp\/v2\/users\/2"}],"replies":[{"embeddable":true,"href":"https:\/\/mernokvagyok.hu\/vizgazdalkodas\/wp-json\/wp\/v2\/comments?post=1889"}],"version-history":[{"count":32,"href":"https:\/\/mernokvagyok.hu\/vizgazdalkodas\/wp-json\/wp\/v2\/pages\/1889\/revisions"}],"predecessor-version":[{"id":2220,"href":"https:\/\/mernokvagyok.hu\/vizgazdalkodas\/wp-json\/wp\/v2\/pages\/1889\/revisions\/2220"}],"wp:attachment":[{"href":"https:\/\/mernokvagyok.hu\/vizgazdalkodas\/wp-json\/wp\/v2\/media?parent=1889"}],"curies":[{"name":"wp","href":"https:\/\/api.w.org\/{rel}","templated":true}]}}