{"id":1860,"date":"2025-11-17T09:26:51","date_gmt":"2025-11-17T09:26:51","guid":{"rendered":"https:\/\/mernokvagyok.hu\/vizgazdalkodas\/?page_id=1860"},"modified":"2025-11-27T13:10:44","modified_gmt":"2025-11-27T13:10:44","slug":"signum-aquae-dij-jeloles","status":"publish","type":"page","link":"https:\/\/mernokvagyok.hu\/vizgazdalkodas\/signum-aquae-dij-jeloles\/","title":{"rendered":"Signum Aquae d\u00edj &#8211; jel\u00f6l\u00e9s"},"content":{"rendered":"<p>A Magyar M\u00e9rn\u00f6ki Kamara V\u00edzgazd\u00e1lkod\u00e1si \u00e9s V\u00edz\u00e9p\u00edt\u00e9si Tagozata az alkot\u00f3 m\u00e9rn\u00f6k\u00f6k szakmai tev\u00e9kenys\u00e9g\u00e9nek elismer\u00e9s\u00e9re d\u00edjat alap\u00edtott a Tagozati \u00dcgyrend 4. pontj\u00e1ban biztos\u00edtott joga szerint \u201cSIGNUM AQUAE\u201d elnevez\u00e9ssel. <\/p>\n<p>A d\u00edj adom\u00e1nyoz\u00e1s\u00e1nak felt\u00e9tele:<br \/>\nA Tagozat minden \u00e9vben egy alkalommal adom\u00e1nyozhatja a ,,SIGNUM AQUAE&#8221; d\u00edjat, legfeljebb k\u00e9t f\u0151 r\u00e9sz\u00e9re, akik szakmai, etikai szempontb\u00f3l \u00e9rdemesnek min\u0151s\u00fclnek az elismer\u00e9sre.<br \/>\nA d\u00edj posztumusz is adom\u00e1nyozhat\u00f3.<br \/>\nA d\u00edjat a Tagozat eln\u00f6ke adja \u00e1t a Tagozat taggy\u0171l\u00e9s\u00e9n, vagy kib\u0151v\u00edtett eln\u00f6ks\u00e9gi \u00fcl\u00e9s\u00e9n. <\/p>\n<p>A d\u00edj megtestes\u00edt\u00e9se:<br \/>\nA d\u00edjat jelk\u00e9pez\u0151 9,5 cm \u00e1tm\u00e9r\u0151j\u0171 bronz plakett egy lev\u00e9len leg\u00f6rd\u00fcl\u0151 v\u00edzcseppet \u00e1br\u00e1zol. A lev\u00e9l kiemelkedik a plakett s\u00edkj\u00e1b\u00f3l, negat\u00edv form\u00e1val vissza is hajlik r\u00e1. A lev\u00e9l \u00e9s a leg\u00f6rd\u00fcl\u0151 v\u00edzcsepp egy\u00fctt fejezi ki, hogy a v\u00edz az \u00e9let forr\u00e1sa, a term\u00e9szet m\u00e1ssal nem p\u00f3tolhat\u00f3 alkot\u00f3 eleme, aminek a sors\u00e1t a t\u00e1rsadalom nagyr\u00e9szt a vizes m\u00e9rn\u00f6k\u00f6kre b\u00edzta. A \u201eSIGNUM AQUAE\u201d v\u00e9s\u00e9ssel is ell\u00e1tott plakett V\u00edgh Tam\u00e1s Kossuth-d\u00edjas szobr\u00e1sz- \u00e9s \u00e9remm\u0171v\u00e9sz alkot\u00e1sa.<br \/>\nA d\u00edjhoz d\u00edszoklev\u00e9l is \u00e1tad\u00e1sra ker\u00fcl. <\/p>\n<p>A \u201eSIGNUM AQUAE&#8221; D\u00cdJ oda\u00edt\u00e9l\u00e9s\u00e9vel elismert tev\u00e9kenys\u00e9gek:<br \/>\nA &#8220;SIGNUM AQUAE&#8221; d\u00edj a v\u00edzgazd\u00e1lkod\u00e1s \u00e9s v\u00edz\u00e9p\u00edt\u00e9s ter\u00fclet\u00e9n v\u00e9gzett alkot\u00f3 m\u00e9rn\u00f6ki tev\u00e9kenys\u00e9g\u00e9rt<br \/>\nA d\u00edj adom\u00e1nyozhat\u00f3 annak a m\u00e9rn\u00f6knek, aki<br \/>\n\u2022\ttagja a Tagozatnak,<br \/>\n\u2022\tolyan \u00fajszer\u0171 kiemelked\u0151 m\u00e9rn\u00f6ki alkot\u00e1st hozott l\u00e9tre, amely m\u00e9lt\u00f3 arra, hogy elismer\u00e9sben r\u00e9szes\u00fclj\u00f6n alkot\u00f3ja. <\/p>\n<p>A \u201eSIGNUM AQUAE&#8221; d\u00edj a v\u00edzgazd\u00e1lkod\u00e1si \u00e9s v\u00edz\u00e9p\u00edt\u00e9si ter\u00fclet\u00e9n v\u00e9gzett \u00e9letm\u0171\u00e9rt a d\u00edjat az a 65 \u00e9ven fel\u00fcli m\u00e9rn\u00f6k kaphatja, aki kiemelked\u0151en sokat tett a<br \/>\n\u2022\tv\u00edzgazd\u00e1lkod\u00e1s, v\u00edz\u00e9p\u00edt\u00e9s fejleszt\u00e9se,<br \/>\n\u2022\tmagas sz\u00ednvonal\u00fa m\u00e9rn\u00f6ki munka,<br \/>\n\u2022\tm\u00e9rn\u00f6ki tev\u00e9kenys\u00e9g elismertet\u00e9se<br \/>\n\u00e9rdek\u00e9ben \u00e9s munk\u00e1j\u00e1val hozz\u00e1j\u00e1rult a v\u00edzim\u00e9rn\u00f6ki szakter\u00fcleten tev\u00e9kenyked\u0151 m\u00e9rn\u00f6k\u00f6k szakmai, t\u00e1rsadalmi elismer\u00e9s\u00e9hez. A d\u00edj posztumusz 65 \u00e9ves kor el\u0151tt is adom\u00e1nyozhat\u00f3.<\/p>\n<script type=\"text\/javascript\">\n\/* <![CDATA[ *\/\nvar gform;gform||(document.addEventListener(\"gform_main_scripts_loaded\",function(){gform.scriptsLoaded=!0}),document.addEventListener(\"gform\/theme\/scripts_loaded\",function(){gform.themeScriptsLoaded=!0}),window.addEventListener(\"DOMContentLoaded\",function(){gform.domLoaded=!0}),gform={domLoaded:!1,scriptsLoaded:!1,themeScriptsLoaded:!1,isFormEditor:()=>\"function\"==typeof InitializeEditor,callIfLoaded:function(o){return!(!gform.domLoaded||!gform.scriptsLoaded||!gform.themeScriptsLoaded&&!gform.isFormEditor()||(gform.isFormEditor()&&console.warn(\"The use of gform.initializeOnLoaded() is deprecated in the form editor context and will be removed in Gravity Forms 3.1.\"),o(),0))},initializeOnLoaded:function(o){gform.callIfLoaded(o)||(document.addEventListener(\"gform_main_scripts_loaded\",()=>{gform.scriptsLoaded=!0,gform.callIfLoaded(o)}),document.addEventListener(\"gform\/theme\/scripts_loaded\",()=>{gform.themeScriptsLoaded=!0,gform.callIfLoaded(o)}),window.addEventListener(\"DOMContentLoaded\",()=>{gform.domLoaded=!0,gform.callIfLoaded(o)}))},hooks:{action:{},filter:{}},addAction:function(o,r,e,t){gform.addHook(\"action\",o,r,e,t)},addFilter:function(o,r,e,t){gform.addHook(\"filter\",o,r,e,t)},doAction:function(o){gform.doHook(\"action\",o,arguments)},applyFilters:function(o){return gform.doHook(\"filter\",o,arguments)},removeAction:function(o,r){gform.removeHook(\"action\",o,r)},removeFilter:function(o,r,e){gform.removeHook(\"filter\",o,r,e)},addHook:function(o,r,e,t,n){null==gform.hooks[o][r]&&(gform.hooks[o][r]=[]);var d=gform.hooks[o][r];null==n&&(n=r+\"_\"+d.length),gform.hooks[o][r].push({tag:n,callable:e,priority:t=null==t?10:t})},doHook:function(r,o,e){var t;if(e=Array.prototype.slice.call(e,1),null!=gform.hooks[r][o]&&((o=gform.hooks[r][o]).sort(function(o,r){return o.priority-r.priority}),o.forEach(function(o){\"function\"!=typeof(t=o.callable)&&(t=window[t]),\"action\"==r?t.apply(null,e):e[0]=t.apply(null,e)})),\"filter\"==r)return e[0]},removeHook:function(o,r,t,n){var e;null!=gform.hooks[o][r]&&(e=(e=gform.hooks[o][r]).filter(function(o,r,e){return!!(null!=n&&n!=o.tag||null!=t&&t!=o.priority)}),gform.hooks[o][r]=e)}});\n\/* ]]> *\/\n<\/script>\n\n                <div class='gf_browser_gecko gform_wrapper gravity-theme gform-theme--no-framework' data-form-theme='gravity-theme' data-form-index='0' id='gform_wrapper_6' ><form method='post' enctype='multipart\/form-data'  id='gform_6'  action='\/vizgazdalkodas\/wp-json\/wp\/v2\/pages\/1860' data-formid='6' novalidate>\n                        <div class='gform-body gform_body'><div id='gform_fields_6' class='gform_fields top_label form_sublabel_below description_below validation_below'><div id=\"field_6_14\" class=\"gfield gfield--type-section gfield--input-type-section gsection field_sublabel_below gfield--no-description field_description_below field_validation_below gfield_visibility_visible\"  ><h3 class=\"gsection_title\">Jel\u00f6l\u0151<\/h3><\/div><div id=\"field_6_1\" class=\"gfield gfield--type-text gfield--input-type-text gfield_contains_required field_sublabel_below gfield--no-description field_description_below field_validation_below gfield_visibility_visible\"  ><label class='gfield_label gform-field-label' for='input_6_1'>Jel\u00f6l\u0151 neve<span class=\"gfield_required\"><span class=\"gfield_required gfield_required_text\">(K\u00f6telez\u0151)<\/span><\/span><\/label><div class='ginput_container ginput_container_text'><input name='input_1' id='input_6_1' type='text' value='' class='large'     aria-required=\"true\" aria-invalid=\"false\"   \/><\/div><\/div><div id=\"field_6_4\" class=\"gfield gfield--type-text gfield--input-type-text gfield--width-full gfield_contains_required field_sublabel_below gfield--no-description field_description_below field_validation_below gfield_visibility_visible\"  ><label class='gfield_label gform-field-label' for='input_6_4'>Jel\u00f6l\u0151 kamarai sz\u00e1ma<span class=\"gfield_required\"><span class=\"gfield_required gfield_required_text\">(K\u00f6telez\u0151)<\/span><\/span><\/label><div class='ginput_container ginput_container_text'><input name='input_4' id='input_6_4' type='text' value='' class='large'     aria-required=\"true\" aria-invalid=\"false\"   \/><\/div><\/div><fieldset id=\"field_6_6\" class=\"gfield gfield--type-checkbox gfield--type-choice gfield--input-type-checkbox gfield--width-full gfield_contains_required field_sublabel_below gfield--no-description field_description_below field_validation_below gfield_visibility_visible\"  ><legend class='gfield_label gform-field-label gfield_label_before_complex' >Tagozat<span class=\"gfield_required\"><span class=\"gfield_required gfield_required_text\">(K\u00f6telez\u0151)<\/span><\/span><\/legend><div class='ginput_container ginput_container_checkbox'><div class='gfield_checkbox ' id='input_6_6'><div class='gchoice gchoice_6_6_1'>\n\t\t\t\t\t\t\t\t<input class='gfield-choice-input' name='input_6.1' type='checkbox'  value='Kijelentem, hogy a VVT tagja vagyok \u00e9s jel\u00f6ltjeim is VVT tagok'  id='choice_6_6_1'   \/>\n\t\t\t\t\t\t\t\t<label for='choice_6_6_1' id='label_6_6_1' class='gform-field-label gform-field-label--type-inline'>Kijelentem, hogy a VVT tagja vagyok \u00e9s jel\u00f6ltjeim is VVT tagok<\/label>\n\t\t\t\t\t\t\t<\/div><\/div><\/div><\/fieldset><div id=\"field_6_3\" class=\"gfield gfield--type-text gfield--input-type-text gfield--width-full gfield_contains_required field_sublabel_below gfield--no-description field_description_below field_validation_below gfield_visibility_visible\"  ><label class='gfield_label gform-field-label' for='input_6_3'>Jel\u00f6l\u0151 email c\u00edme<span class=\"gfield_required\"><span class=\"gfield_required gfield_required_text\">(K\u00f6telez\u0151)<\/span><\/span><\/label><div class='ginput_container ginput_container_text'><input name='input_3' id='input_6_3' type='text' value='' class='large'     aria-required=\"true\" aria-invalid=\"false\"   \/><\/div><\/div><div id=\"field_6_18\" class=\"gfield gfield--type-section gfield--input-type-section gsection field_sublabel_below gfield--no-description field_description_below field_validation_below gfield_visibility_visible\"  ><h3 class=\"gsection_title\">Els\u0151 jel\u00f6lt<\/h3><\/div><div id=\"field_6_8\" class=\"gfield gfield--type-text gfield--input-type-text gfield--width-full gfield_contains_required field_sublabel_below gfield--no-description field_description_below field_validation_below gfield_visibility_visible\"  ><label class='gfield_label gform-field-label' for='input_6_8'>Els\u0151 jel\u00f6lt neve<span class=\"gfield_required\"><span class=\"gfield_required gfield_required_text\">(K\u00f6telez\u0151)<\/span><\/span><\/label><div class='ginput_container ginput_container_text'><input name='input_8' id='input_6_8' type='text' value='' class='large'     aria-required=\"true\" aria-invalid=\"false\"   \/><\/div><\/div><div id=\"field_6_9\" class=\"gfield gfield--type-text gfield--input-type-text gfield--width-full gfield_contains_required field_sublabel_below gfield--no-description field_description_below field_validation_below gfield_visibility_visible\"  ><label class='gfield_label gform-field-label' for='input_6_9'>Els\u0151 jel\u00f6lt kamarai sz\u00e1ma<span class=\"gfield_required\"><span class=\"gfield_required gfield_required_text\">(K\u00f6telez\u0151)<\/span><\/span><\/label><div class='ginput_container ginput_container_text'><input name='input_9' id='input_6_9' type='text' value='' class='large'     aria-required=\"true\" aria-invalid=\"false\"   \/><\/div><\/div><div id=\"field_6_10\" class=\"gfield gfield--type-textarea gfield--input-type-textarea gfield--width-full gfield_contains_required field_sublabel_below gfield--no-description field_description_below field_validation_below gfield_visibility_visible\"  ><label class='gfield_label gform-field-label' for='input_6_10'>Els\u0151 jel\u00f6l\u00e9s indokl\u00e1sa, r\u00f6vid laud\u00e1ci\u00f3<span class=\"gfield_required\"><span class=\"gfield_required gfield_required_text\">(K\u00f6telez\u0151)<\/span><\/span><\/label><div class='ginput_container ginput_container_textarea'><textarea name='input_10' id='input_6_10' class='textarea large'     aria-required=\"true\" aria-invalid=\"false\"   rows='10' cols='50'><\/textarea><\/div><\/div><div id=\"field_6_17\" class=\"gfield gfield--type-section gfield--input-type-section gsection field_sublabel_below gfield--no-description field_description_below field_validation_below gfield_visibility_visible\"  ><h3 class=\"gsection_title\">M\u00e1sodik jel\u00f6lt<\/h3><\/div><div id=\"field_6_16\" class=\"gfield gfield--type-text gfield--input-type-text gfield--width-full field_sublabel_below gfield--no-description field_description_below field_validation_below gfield_visibility_visible\"  ><label class='gfield_label gform-field-label' for='input_6_16'>M\u00e1sodik jel\u00f6lt neve<\/label><div class='ginput_container ginput_container_text'><input name='input_16' id='input_6_16' type='text' value='' class='large'      aria-invalid=\"false\"   \/><\/div><\/div><div id=\"field_6_20\" class=\"gfield gfield--type-text gfield--input-type-text gfield--width-full field_sublabel_below gfield--no-description field_description_below field_validation_below gfield_visibility_visible\"  ><label class='gfield_label gform-field-label' for='input_6_20'>M\u00e1sodik  jel\u00f6lt kamarai sz\u00e1ma<\/label><div class='ginput_container ginput_container_text'><input name='input_20' id='input_6_20' type='text' value='' class='large'      aria-invalid=\"false\"   \/><\/div><\/div><div id=\"field_6_21\" class=\"gfield gfield--type-textarea gfield--input-type-textarea gfield--width-full field_sublabel_below gfield--no-description field_description_below field_validation_below gfield_visibility_visible\"  ><label class='gfield_label gform-field-label' for='input_6_21'>M\u00e1sodik  jel\u00f6l\u00e9s indokl\u00e1sa, r\u00f6vid laud\u00e1ci\u00f3<\/label><div class='ginput_container ginput_container_textarea'><textarea name='input_21' id='input_6_21' class='textarea large'      aria-invalid=\"false\"   rows='10' cols='50'><\/textarea><\/div><\/div><div id=\"field_6_13\" class=\"gfield gfield--type-section gfield--input-type-section gsection field_sublabel_below gfield--no-description field_description_below field_validation_below gfield_visibility_visible\"  ><h3 class=\"gsection_title\">Harmadik jel\u00f6lt<\/h3><\/div><div id=\"field_6_15\" class=\"gfield gfield--type-text gfield--input-type-text gfield--width-full field_sublabel_below gfield--no-description field_description_below field_validation_below gfield_visibility_visible\"  ><label class='gfield_label gform-field-label' for='input_6_15'>Harmadik jel\u00f6lt neve<\/label><div class='ginput_container ginput_container_text'><input name='input_15' id='input_6_15' type='text' value='' class='large'      aria-invalid=\"false\"   \/><\/div><\/div><div id=\"field_6_22\" class=\"gfield gfield--type-text gfield--input-type-text gfield--width-full field_sublabel_below gfield--no-description field_description_below field_validation_below gfield_visibility_visible\"  ><label class='gfield_label gform-field-label' for='input_6_22'>Harmadik jel\u00f6lt kamarai sz\u00e1ma<\/label><div class='ginput_container ginput_container_text'><input name='input_22' id='input_6_22' type='text' value='' class='large'      aria-invalid=\"false\"   \/><\/div><\/div><div id=\"field_6_23\" class=\"gfield gfield--type-textarea gfield--input-type-textarea gfield--width-full field_sublabel_below gfield--no-description field_description_below field_validation_below gfield_visibility_visible\"  ><label class='gfield_label gform-field-label' for='input_6_23'>Harmadik jel\u00f6l\u00e9s indokl\u00e1sa, r\u00f6vid laud\u00e1ci\u00f3<\/label><div class='ginput_container ginput_container_textarea'><textarea name='input_23' id='input_6_23' class='textarea large'      aria-invalid=\"false\"   rows='10' cols='50'><\/textarea><\/div><\/div><\/div><\/div>\n        <div class='gform-footer gform_footer top_label'> <input type='submit' id='gform_submit_button_6' class='gform_button button' onclick='gform.submission.handleButtonClick(this);' data-submission-type='submit' value='Elk\u00fcld'  \/> \n            <input type='hidden' class='gform_hidden' name='gform_submission_method' data-js='gform_submission_method_6' value='postback' \/>\n            <input type='hidden' class='gform_hidden' name='gform_theme' data-js='gform_theme_6' id='gform_theme_6' value='gravity-theme' \/>\n            <input type='hidden' class='gform_hidden' name='gform_style_settings' data-js='gform_style_settings_6' id='gform_style_settings_6' value='[]' \/>\n            <input type='hidden' class='gform_hidden' name='is_submit_6' value='1' \/>\n            <input type='hidden' class='gform_hidden' name='gform_submit' value='6' \/>\n            \n            <input type='hidden' class='gform_hidden' name='gform_unique_id' value='' \/>\n            <input type='hidden' class='gform_hidden' name='state_6' value='WyJ7XCI2LjFcIjpcIjllOGQzY2YzNDMxODI4MDljZGYxYTQ5YWRmMDFkMTM0XCJ9IiwiNDNlM2I0ZWNkMmZjM2FhYTA5YzAyNzM3ZjhhMjc1NGYiXQ==' \/>\n            <input type='hidden' autocomplete='off' class='gform_hidden' name='gform_target_page_number_6' id='gform_target_page_number_6' value='0' \/>\n            <input type='hidden' autocomplete='off' class='gform_hidden' name='gform_source_page_number_6' id='gform_source_page_number_6' value='1' \/>\n            <input type='hidden' name='gform_field_values' value='' \/>\n            \n        <\/div>\n                        <\/form>\n                        <\/div><script type=\"text\/javascript\">\n\/* <![CDATA[ *\/\n gform.initializeOnLoaded( function() {gformInitSpinner( 6, 'https:\/\/mernokvagyok.hu\/vizgazdalkodas\/wp-content\/plugins\/gravityforms\/images\/spinner.svg', true );jQuery('#gform_ajax_frame_6').on('load',function(){var contents = jQuery(this).contents().find('*').html();var is_postback = contents.indexOf('GF_AJAX_POSTBACK') >= 0;if(!is_postback){return;}var form_content = jQuery(this).contents().find('#gform_wrapper_6');var is_confirmation = jQuery(this).contents().find('#gform_confirmation_wrapper_6').length > 0;var is_redirect = contents.indexOf('gformRedirect(){') >= 0;var is_form = form_content.length > 0 && ! is_redirect && ! is_confirmation;var mt = parseInt(jQuery('html').css('margin-top'), 10) + parseInt(jQuery('body').css('margin-top'), 10) + 100;if(is_form){jQuery('#gform_wrapper_6').html(form_content.html());if(form_content.hasClass('gform_validation_error')){jQuery('#gform_wrapper_6').addClass('gform_validation_error');} else {jQuery('#gform_wrapper_6').removeClass('gform_validation_error');}setTimeout( function() { \/* delay the scroll by 50 milliseconds to fix a bug in chrome *\/  }, 50 );if(window['gformInitDatepicker']) {gformInitDatepicker();}if(window['gformInitPriceFields']) {gformInitPriceFields();}var current_page = jQuery('#gform_source_page_number_6').val();gformInitSpinner( 6, 'https:\/\/mernokvagyok.hu\/vizgazdalkodas\/wp-content\/plugins\/gravityforms\/images\/spinner.svg', true );jQuery(document).trigger('gform_page_loaded', [6, current_page]);window['gf_submitting_6'] = false;}else if(!is_redirect){var confirmation_content = jQuery(this).contents().find('.GF_AJAX_POSTBACK').html();if(!confirmation_content){confirmation_content = contents;}jQuery('#gform_wrapper_6').replaceWith(confirmation_content);jQuery(document).trigger('gform_confirmation_loaded', [6]);window['gf_submitting_6'] = false;wp.a11y.speak(jQuery('#gform_confirmation_message_6').text());}else{jQuery('#gform_6').append(contents);if(window['gformRedirect']) {gformRedirect();}}jQuery(document).trigger(\"gform_pre_post_render\", [{ formId: \"6\", currentPage: \"current_page\", abort: function() { this.preventDefault(); } }]);        if (event && event.defaultPrevented) {                return;        }        const gformWrapperDiv = document.getElementById( \"gform_wrapper_6\" );        if ( gformWrapperDiv ) {            const visibilitySpan = document.createElement( \"span\" );            visibilitySpan.id = \"gform_visibility_test_6\";            gformWrapperDiv.insertAdjacentElement( \"afterend\", visibilitySpan );        }        const visibilityTestDiv = document.getElementById( \"gform_visibility_test_6\" );        let postRenderFired = false;        function triggerPostRender() {            if ( postRenderFired ) {                return;            }            postRenderFired = true;            gform.core.triggerPostRenderEvents( 6, current_page );            if ( visibilityTestDiv ) {                visibilityTestDiv.parentNode.removeChild( visibilityTestDiv );            }        }        function debounce( func, wait, immediate ) {            var timeout;            return function() {                var context = this, args = arguments;                var later = function() {                    timeout = null;                    if ( !immediate ) func.apply( context, args );                };                var callNow = immediate && !timeout;                clearTimeout( timeout );                timeout = setTimeout( later, wait );                if ( callNow ) func.apply( context, args );            };        }        const debouncedTriggerPostRender = debounce( function() {            triggerPostRender();        }, 200 );        if ( visibilityTestDiv && visibilityTestDiv.offsetParent === null ) {            const observer = new MutationObserver( ( mutations ) => {                mutations.forEach( ( mutation ) => {                    if ( mutation.type === 'attributes' && visibilityTestDiv.offsetParent !== null ) {                        debouncedTriggerPostRender();                        observer.disconnect();                    }                });            });            observer.observe( document.body, {                attributes: true,                childList: false,                subtree: true,                attributeFilter: [ 'style', 'class' ],            });        } else {            triggerPostRender();        }    } );} ); \n\/* ]]> *\/\n<\/script>\n\n","protected":false},"excerpt":{"rendered":"<p>A Magyar M\u00e9rn\u00f6ki Kamara V\u00edzgazd\u00e1lkod\u00e1si \u00e9s V\u00edz\u00e9p\u00edt\u00e9si Tagozata az alkot\u00f3 m\u00e9rn\u00f6k\u00f6k szakmai tev\u00e9kenys\u00e9g\u00e9nek elismer\u00e9s\u00e9re d\u00edjat alap\u00edtott a Tagozati \u00dcgyrend 4. pontj\u00e1ban biztos\u00edtott joga szerint \u201cSIGNUM AQUAE\u201d elnevez\u00e9ssel. A d\u00edj adom\u00e1nyoz\u00e1s\u00e1nak felt\u00e9tele: A Tagozat minden \u00e9vben egy alkalommal adom\u00e1nyozhatja a ,,SIGNUM AQUAE&#8221; d\u00edjat, legfeljebb k\u00e9t f\u0151 r\u00e9sz\u00e9re, akik szakmai, etikai szempontb\u00f3l \u00e9rdemesnek min\u0151s\u00fclnek az elismer\u00e9sre. A [&hellip;]<\/p>\n","protected":false},"author":2,"featured_media":0,"parent":0,"menu_order":0,"comment_status":"closed","ping_status":"closed","template":"","meta":{"_exactmetrics_skip_tracking":false,"_exactmetrics_sitenote_active":false,"_exactmetrics_sitenote_note":"","_exactmetrics_sitenote_category":0,"footnotes":""},"class_list":["post-1860","page","type-page","status-publish","hentry"],"_links":{"self":[{"href":"https:\/\/mernokvagyok.hu\/vizgazdalkodas\/wp-json\/wp\/v2\/pages\/1860","targetHints":{"allow":["GET"]}}],"collection":[{"href":"https:\/\/mernokvagyok.hu\/vizgazdalkodas\/wp-json\/wp\/v2\/pages"}],"about":[{"href":"https:\/\/mernokvagyok.hu\/vizgazdalkodas\/wp-json\/wp\/v2\/types\/page"}],"author":[{"embeddable":true,"href":"https:\/\/mernokvagyok.hu\/vizgazdalkodas\/wp-json\/wp\/v2\/users\/2"}],"replies":[{"embeddable":true,"href":"https:\/\/mernokvagyok.hu\/vizgazdalkodas\/wp-json\/wp\/v2\/comments?post=1860"}],"version-history":[{"count":4,"href":"https:\/\/mernokvagyok.hu\/vizgazdalkodas\/wp-json\/wp\/v2\/pages\/1860\/revisions"}],"predecessor-version":[{"id":1928,"href":"https:\/\/mernokvagyok.hu\/vizgazdalkodas\/wp-json\/wp\/v2\/pages\/1860\/revisions\/1928"}],"wp:attachment":[{"href":"https:\/\/mernokvagyok.hu\/vizgazdalkodas\/wp-json\/wp\/v2\/media?parent=1860"}],"curies":[{"name":"wp","href":"https:\/\/api.w.org\/{rel}","templated":true}]}}