{"id":1855,"date":"2025-11-17T09:25:39","date_gmt":"2025-11-17T09:25:39","guid":{"rendered":"https:\/\/mernokvagyok.hu\/vizgazdalkodas\/?page_id=1855"},"modified":"2025-11-27T13:07:51","modified_gmt":"2025-11-27T13:07:51","slug":"zielinski-szilard-dij-jeloles","status":"publish","type":"page","link":"https:\/\/mernokvagyok.hu\/vizgazdalkodas\/zielinski-szilard-dij-jeloles\/","title":{"rendered":"ZIELINSKI SZIL\u00c1RD D\u00cdJ &#8211; jel\u00f6l\u00e9s"},"content":{"rendered":"<p>A Zielinski Szil\u00e1rd d\u00edj a m\u00e9rn\u00f6ki rendtart\u00e1sr\u00f3l sz\u00f3l\u00f3 1923. \u00e9vi XVII. t\u00f6rv\u00e9nycikk alapj\u00e1n 1924-ben megalak\u00edtott Budapesti M\u00e9rn\u00f6ki Kamara els\u0151 eln\u00f6ke tisztelet\u00e9re \u00e9s eml\u00e9kezet\u00e9re ker\u00fclt megalap\u00edt\u00e1sra.<br \/>\nA jel\u00f6l\u00e9sre sz\u00f3l\u00f3 felh\u00edv\u00e1st \u00e9vente az MMK eln\u00f6ks\u00e9ge javaslat\u00e1ra az Orsz\u00e1gos F\u0151titk\u00e1rs\u00e1g adja ki.<br \/>\nA kit\u00fcntet\u0151 d\u00edjra a ter\u00fcleti m\u00e9rn\u00f6ki kamar\u00e1k eln\u00f6ks\u00e9gei \u00e9s a szakmai tagozatok eln\u00f6ks\u00e9gei tehetnek indokol\u00e1ssal ell\u00e1tott javaslatot. A javaslatokat az MMK Orsz\u00e1gos Titk\u00e1rs\u00e1g\u00e1ra kell eljuttatni.<\/p>\n<p>A kit\u00fcntet\u0151 d\u00edjat az kaphatja:<br \/>\na) akinek a kiemelked\u0151 m\u00e9rn\u00f6ki szolg\u00e1ltat\u00e1sai nyom\u00e1n magas sz\u00ednvonal\u00fa m\u00e9rn\u00f6ki alkot\u00e1sok val\u00f3sultak meg, vagy<br \/>\nb) aki alkot\u00f3i tev\u00e9kenys\u00e9g\u00e9n t\u00falmen\u0151en a m\u00e9rn\u00f6k\u00f6k k\u00e9pz\u00e9s\u00e9vel \u00e9s tov\u00e1bbk\u00e9pz\u00e9s\u00e9vel, tudom\u00e1nyos tev\u00e9kenys\u00e9g\u00e9vel jelent\u0151sen hozz\u00e1j\u00e1rult a m\u0171szaki ismeretek fejleszt\u00e9s\u00e9hez, terjeszt\u00e9s\u00e9hez, vagy<br \/>\nc) aki a kamara elismertet\u00e9se, eredm\u00e9nyes m\u0171k\u00f6d\u00e9se \u00e9rdek\u00e9ben tart\u00f3san kiemelked\u0151 tev\u00e9kenys\u00e9get fejtett ki.<br \/>\n\u2022\tA Zielinski Szil\u00e1rd d\u00edj egy \u00e9vben legfeljebb 4 szem\u00e9ly r\u00e9sz\u00e9re \u00edt\u00e9lhet\u0151 oda. Kollekt\u00edv alkot\u00f3csoport tagjai a kit\u00fcntet\u0151 d\u00edjat megosztva is megkaphatj\u00e1k.<br \/>\n\u2022\tA be\u00e9rkezett javaslatok k\u00f6z\u00fcl az MMK eln\u00f6k\u00e9b\u0151l \u00e9s aleln\u00f6keib\u0151l \u00e1ll\u00f3 test\u00fclet \u2013 test\u00fcleti tag \u00e9rintetts\u00e9ge eset\u00e9n az eln\u00f6ks\u00e9g \u00e1ltal helyette felk\u00e9rt tiszts\u00e9gvisel\u0151 \u2013 javaslatot tesz a kit\u00fcntetettek szem\u00e9ly\u00e9re, valamint a p\u00e9nzjutalom m\u00e9rt\u00e9k\u00e9re.<br \/>\n\u2022\tA MMK eln\u00f6ks\u00e9ge a 2.1.4. pont szerinti javaslatot d\u00f6nt\u00e9sekor figyelembe veszi.<br \/>\n\u2022\tA d\u00edj: OKLEV\u00c9L, p\u00e9nzjutalommal.<br \/>\n\u2022\tA kit\u00fcntet\u00e9s \u00e9vente egy alkalommal \u00fcnnep\u00e9lyes keretek k\u00f6z\u00f6tt ker\u00fcl \u00e1tad\u00e1sra. A kit\u00fcntettek \u00e9let\u00fatj\u00e1t a M\u00e9rn\u00f6k \u00dajs\u00e1g ismerteti r\u00e9szletesen.<\/p>\n<script type=\"text\/javascript\">\n\/* <![CDATA[ *\/\nvar gform;gform||(document.addEventListener(\"gform_main_scripts_loaded\",function(){gform.scriptsLoaded=!0}),document.addEventListener(\"gform\/theme\/scripts_loaded\",function(){gform.themeScriptsLoaded=!0}),window.addEventListener(\"DOMContentLoaded\",function(){gform.domLoaded=!0}),gform={domLoaded:!1,scriptsLoaded:!1,themeScriptsLoaded:!1,isFormEditor:()=>\"function\"==typeof InitializeEditor,callIfLoaded:function(o){return!(!gform.domLoaded||!gform.scriptsLoaded||!gform.themeScriptsLoaded&&!gform.isFormEditor()||(gform.isFormEditor()&&console.warn(\"The use of gform.initializeOnLoaded() is deprecated in the form editor context and will be removed in Gravity Forms 3.1.\"),o(),0))},initializeOnLoaded:function(o){gform.callIfLoaded(o)||(document.addEventListener(\"gform_main_scripts_loaded\",()=>{gform.scriptsLoaded=!0,gform.callIfLoaded(o)}),document.addEventListener(\"gform\/theme\/scripts_loaded\",()=>{gform.themeScriptsLoaded=!0,gform.callIfLoaded(o)}),window.addEventListener(\"DOMContentLoaded\",()=>{gform.domLoaded=!0,gform.callIfLoaded(o)}))},hooks:{action:{},filter:{}},addAction:function(o,r,e,t){gform.addHook(\"action\",o,r,e,t)},addFilter:function(o,r,e,t){gform.addHook(\"filter\",o,r,e,t)},doAction:function(o){gform.doHook(\"action\",o,arguments)},applyFilters:function(o){return gform.doHook(\"filter\",o,arguments)},removeAction:function(o,r){gform.removeHook(\"action\",o,r)},removeFilter:function(o,r,e){gform.removeHook(\"filter\",o,r,e)},addHook:function(o,r,e,t,n){null==gform.hooks[o][r]&&(gform.hooks[o][r]=[]);var d=gform.hooks[o][r];null==n&&(n=r+\"_\"+d.length),gform.hooks[o][r].push({tag:n,callable:e,priority:t=null==t?10:t})},doHook:function(r,o,e){var t;if(e=Array.prototype.slice.call(e,1),null!=gform.hooks[r][o]&&((o=gform.hooks[r][o]).sort(function(o,r){return o.priority-r.priority}),o.forEach(function(o){\"function\"!=typeof(t=o.callable)&&(t=window[t]),\"action\"==r?t.apply(null,e):e[0]=t.apply(null,e)})),\"filter\"==r)return e[0]},removeHook:function(o,r,t,n){var e;null!=gform.hooks[o][r]&&(e=(e=gform.hooks[o][r]).filter(function(o,r,e){return!!(null!=n&&n!=o.tag||null!=t&&t!=o.priority)}),gform.hooks[o][r]=e)}});\n\/* ]]> *\/\n<\/script>\n\n                <div class='gf_browser_gecko gform_wrapper gravity-theme gform-theme--no-framework' data-form-theme='gravity-theme' data-form-index='0' id='gform_wrapper_4' ><form method='post' enctype='multipart\/form-data'  id='gform_4'  action='\/vizgazdalkodas\/wp-json\/wp\/v2\/pages\/1855' data-formid='4' novalidate>\n                        <div class='gform-body gform_body'><div id='gform_fields_4' class='gform_fields top_label form_sublabel_below description_below validation_below'><div id=\"field_4_14\" class=\"gfield gfield--type-section gfield--input-type-section gsection field_sublabel_below gfield--no-description field_description_below field_validation_below gfield_visibility_visible\"  ><h3 class=\"gsection_title\">Jel\u00f6l\u0151<\/h3><\/div><div id=\"field_4_1\" class=\"gfield gfield--type-text gfield--input-type-text gfield_contains_required field_sublabel_below gfield--no-description field_description_below field_validation_below gfield_visibility_visible\"  ><label class='gfield_label gform-field-label' for='input_4_1'>Jel\u00f6l\u0151 neve<span class=\"gfield_required\"><span class=\"gfield_required gfield_required_text\">(K\u00f6telez\u0151)<\/span><\/span><\/label><div class='ginput_container ginput_container_text'><input name='input_1' id='input_4_1' type='text' value='' class='large'     aria-required=\"true\" aria-invalid=\"false\"   \/><\/div><\/div><div id=\"field_4_4\" class=\"gfield gfield--type-text gfield--input-type-text gfield--width-full gfield_contains_required field_sublabel_below gfield--no-description field_description_below field_validation_below gfield_visibility_visible\"  ><label class='gfield_label gform-field-label' for='input_4_4'>Jel\u00f6l\u0151 kamarai sz\u00e1ma<span class=\"gfield_required\"><span class=\"gfield_required gfield_required_text\">(K\u00f6telez\u0151)<\/span><\/span><\/label><div class='ginput_container ginput_container_text'><input name='input_4' id='input_4_4' type='text' value='' class='large'     aria-required=\"true\" aria-invalid=\"false\"   \/><\/div><\/div><fieldset id=\"field_4_6\" class=\"gfield gfield--type-checkbox gfield--type-choice gfield--input-type-checkbox gfield--width-full gfield_contains_required field_sublabel_below gfield--no-description field_description_below field_validation_below gfield_visibility_visible\"  ><legend class='gfield_label gform-field-label gfield_label_before_complex' >Tagozat<span class=\"gfield_required\"><span class=\"gfield_required gfield_required_text\">(K\u00f6telez\u0151)<\/span><\/span><\/legend><div class='ginput_container ginput_container_checkbox'><div class='gfield_checkbox ' id='input_4_6'><div class='gchoice gchoice_4_6_1'>\n\t\t\t\t\t\t\t\t<input class='gfield-choice-input' name='input_6.1' type='checkbox'  value='Kijelentem, hogy a VVT tagja vagyok \u00e9s jel\u00f6ltjeim is VVT tagok'  id='choice_4_6_1'   \/>\n\t\t\t\t\t\t\t\t<label for='choice_4_6_1' id='label_4_6_1' class='gform-field-label gform-field-label--type-inline'>Kijelentem, hogy a VVT tagja vagyok \u00e9s jel\u00f6ltjeim is VVT tagok<\/label>\n\t\t\t\t\t\t\t<\/div><\/div><\/div><\/fieldset><div id=\"field_4_3\" class=\"gfield gfield--type-text gfield--input-type-text gfield--width-full gfield_contains_required field_sublabel_below gfield--no-description field_description_below field_validation_below gfield_visibility_visible\"  ><label class='gfield_label gform-field-label' for='input_4_3'>Jel\u00f6l\u0151 email c\u00edme<span class=\"gfield_required\"><span class=\"gfield_required gfield_required_text\">(K\u00f6telez\u0151)<\/span><\/span><\/label><div class='ginput_container ginput_container_text'><input name='input_3' id='input_4_3' type='text' value='' class='large'     aria-required=\"true\" aria-invalid=\"false\"   \/><\/div><\/div><div id=\"field_4_18\" class=\"gfield gfield--type-section gfield--input-type-section gsection field_sublabel_below gfield--no-description field_description_below field_validation_below gfield_visibility_visible\"  ><h3 class=\"gsection_title\">Els\u0151 jel\u00f6lt<\/h3><\/div><div id=\"field_4_8\" class=\"gfield gfield--type-text gfield--input-type-text gfield--width-full gfield_contains_required field_sublabel_below gfield--no-description field_description_below field_validation_below gfield_visibility_visible\"  ><label class='gfield_label gform-field-label' for='input_4_8'>Els\u0151 jel\u00f6lt neve<span class=\"gfield_required\"><span class=\"gfield_required gfield_required_text\">(K\u00f6telez\u0151)<\/span><\/span><\/label><div class='ginput_container ginput_container_text'><input name='input_8' id='input_4_8' type='text' value='' class='large'     aria-required=\"true\" aria-invalid=\"false\"   \/><\/div><\/div><div id=\"field_4_9\" class=\"gfield gfield--type-text gfield--input-type-text gfield--width-full gfield_contains_required field_sublabel_below gfield--no-description field_description_below field_validation_below gfield_visibility_visible\"  ><label class='gfield_label gform-field-label' for='input_4_9'>Els\u0151 jel\u00f6lt kamarai sz\u00e1ma<span class=\"gfield_required\"><span class=\"gfield_required gfield_required_text\">(K\u00f6telez\u0151)<\/span><\/span><\/label><div class='ginput_container ginput_container_text'><input name='input_9' id='input_4_9' type='text' value='' class='large'     aria-required=\"true\" aria-invalid=\"false\"   \/><\/div><\/div><div id=\"field_4_10\" class=\"gfield gfield--type-textarea gfield--input-type-textarea gfield--width-full gfield_contains_required field_sublabel_below gfield--no-description field_description_below field_validation_below gfield_visibility_visible\"  ><label class='gfield_label gform-field-label' for='input_4_10'>Els\u0151 jel\u00f6l\u00e9s indokl\u00e1sa, r\u00f6vid laud\u00e1ci\u00f3<span class=\"gfield_required\"><span class=\"gfield_required gfield_required_text\">(K\u00f6telez\u0151)<\/span><\/span><\/label><div class='ginput_container ginput_container_textarea'><textarea name='input_10' id='input_4_10' class='textarea large'     aria-required=\"true\" aria-invalid=\"false\"   rows='10' cols='50'><\/textarea><\/div><\/div><div id=\"field_4_17\" class=\"gfield gfield--type-section gfield--input-type-section gsection field_sublabel_below gfield--no-description field_description_below field_validation_below gfield_visibility_visible\"  ><h3 class=\"gsection_title\">M\u00e1sodik jel\u00f6lt<\/h3><\/div><div id=\"field_4_16\" class=\"gfield gfield--type-text gfield--input-type-text gfield--width-full field_sublabel_below gfield--no-description field_description_below field_validation_below gfield_visibility_visible\"  ><label class='gfield_label gform-field-label' for='input_4_16'>M\u00e1sodik jel\u00f6lt neve<\/label><div class='ginput_container ginput_container_text'><input name='input_16' id='input_4_16' type='text' value='' class='large'      aria-invalid=\"false\"   \/><\/div><\/div><div id=\"field_4_20\" class=\"gfield gfield--type-text gfield--input-type-text gfield--width-full field_sublabel_below gfield--no-description field_description_below field_validation_below gfield_visibility_visible\"  ><label class='gfield_label gform-field-label' for='input_4_20'>M\u00e1sodik  jel\u00f6lt kamarai sz\u00e1ma<\/label><div class='ginput_container ginput_container_text'><input name='input_20' id='input_4_20' type='text' value='' class='large'      aria-invalid=\"false\"   \/><\/div><\/div><div id=\"field_4_21\" class=\"gfield gfield--type-textarea gfield--input-type-textarea gfield--width-full field_sublabel_below gfield--no-description field_description_below field_validation_below gfield_visibility_visible\"  ><label class='gfield_label gform-field-label' for='input_4_21'>M\u00e1sodik  jel\u00f6l\u00e9s indokl\u00e1sa, r\u00f6vid laud\u00e1ci\u00f3<\/label><div class='ginput_container ginput_container_textarea'><textarea name='input_21' id='input_4_21' class='textarea large'      aria-invalid=\"false\"   rows='10' cols='50'><\/textarea><\/div><\/div><div id=\"field_4_13\" class=\"gfield gfield--type-section gfield--input-type-section gsection field_sublabel_below gfield--no-description field_description_below field_validation_below gfield_visibility_visible\"  ><h3 class=\"gsection_title\">Harmadik jel\u00f6lt<\/h3><\/div><div id=\"field_4_15\" class=\"gfield gfield--type-text gfield--input-type-text gfield--width-full field_sublabel_below gfield--no-description field_description_below field_validation_below gfield_visibility_visible\"  ><label class='gfield_label gform-field-label' for='input_4_15'>Harmadik jel\u00f6lt neve<\/label><div class='ginput_container ginput_container_text'><input name='input_15' id='input_4_15' type='text' value='' class='large'      aria-invalid=\"false\"   \/><\/div><\/div><div id=\"field_4_22\" class=\"gfield gfield--type-text gfield--input-type-text gfield--width-full field_sublabel_below gfield--no-description field_description_below field_validation_below gfield_visibility_visible\"  ><label class='gfield_label gform-field-label' for='input_4_22'>Harmadik jel\u00f6lt kamarai sz\u00e1ma<\/label><div class='ginput_container ginput_container_text'><input name='input_22' id='input_4_22' type='text' value='' class='large'      aria-invalid=\"false\"   \/><\/div><\/div><div id=\"field_4_23\" class=\"gfield gfield--type-textarea gfield--input-type-textarea gfield--width-full field_sublabel_below gfield--no-description field_description_below field_validation_below gfield_visibility_visible\"  ><label class='gfield_label gform-field-label' for='input_4_23'>Harmadik jel\u00f6l\u00e9s indokl\u00e1sa, r\u00f6vid laud\u00e1ci\u00f3<\/label><div class='ginput_container ginput_container_textarea'><textarea name='input_23' id='input_4_23' class='textarea large'      aria-invalid=\"false\"   rows='10' cols='50'><\/textarea><\/div><\/div><\/div><\/div>\n        <div class='gform-footer gform_footer top_label'> <input type='submit' id='gform_submit_button_4' class='gform_button button' onclick='gform.submission.handleButtonClick(this);' data-submission-type='submit' value='Elk\u00fcld'  \/> \n            <input type='hidden' class='gform_hidden' name='gform_submission_method' data-js='gform_submission_method_4' value='postback' \/>\n            <input type='hidden' class='gform_hidden' name='gform_theme' data-js='gform_theme_4' id='gform_theme_4' value='gravity-theme' \/>\n            <input type='hidden' class='gform_hidden' name='gform_style_settings' data-js='gform_style_settings_4' id='gform_style_settings_4' value='[]' \/>\n            <input type='hidden' class='gform_hidden' name='is_submit_4' value='1' \/>\n            <input type='hidden' class='gform_hidden' name='gform_submit' value='4' \/>\n            \n            <input type='hidden' class='gform_hidden' name='gform_unique_id' value='' \/>\n            <input type='hidden' class='gform_hidden' name='state_4' value='WyJ7XCI2LjFcIjpcIjllOGQzY2YzNDMxODI4MDljZGYxYTQ5YWRmMDFkMTM0XCJ9IiwiNDNlM2I0ZWNkMmZjM2FhYTA5YzAyNzM3ZjhhMjc1NGYiXQ==' \/>\n            <input type='hidden' autocomplete='off' class='gform_hidden' name='gform_target_page_number_4' id='gform_target_page_number_4' value='0' \/>\n            <input type='hidden' autocomplete='off' class='gform_hidden' name='gform_source_page_number_4' id='gform_source_page_number_4' value='1' \/>\n            <input type='hidden' name='gform_field_values' value='' \/>\n            \n        <\/div>\n                        <\/form>\n                        <\/div><script type=\"text\/javascript\">\n\/* <![CDATA[ *\/\n gform.initializeOnLoaded( function() {gformInitSpinner( 4, 'https:\/\/mernokvagyok.hu\/vizgazdalkodas\/wp-content\/plugins\/gravityforms\/images\/spinner.svg', true );jQuery('#gform_ajax_frame_4').on('load',function(){var contents = jQuery(this).contents().find('*').html();var is_postback = contents.indexOf('GF_AJAX_POSTBACK') >= 0;if(!is_postback){return;}var form_content = jQuery(this).contents().find('#gform_wrapper_4');var is_confirmation = jQuery(this).contents().find('#gform_confirmation_wrapper_4').length > 0;var is_redirect = contents.indexOf('gformRedirect(){') >= 0;var is_form = form_content.length > 0 && ! is_redirect && ! is_confirmation;var mt = parseInt(jQuery('html').css('margin-top'), 10) + parseInt(jQuery('body').css('margin-top'), 10) + 100;if(is_form){jQuery('#gform_wrapper_4').html(form_content.html());if(form_content.hasClass('gform_validation_error')){jQuery('#gform_wrapper_4').addClass('gform_validation_error');} else {jQuery('#gform_wrapper_4').removeClass('gform_validation_error');}setTimeout( function() { \/* delay the scroll by 50 milliseconds to fix a bug in chrome *\/  }, 50 );if(window['gformInitDatepicker']) {gformInitDatepicker();}if(window['gformInitPriceFields']) {gformInitPriceFields();}var current_page = jQuery('#gform_source_page_number_4').val();gformInitSpinner( 4, 'https:\/\/mernokvagyok.hu\/vizgazdalkodas\/wp-content\/plugins\/gravityforms\/images\/spinner.svg', true );jQuery(document).trigger('gform_page_loaded', [4, current_page]);window['gf_submitting_4'] = false;}else if(!is_redirect){var confirmation_content = jQuery(this).contents().find('.GF_AJAX_POSTBACK').html();if(!confirmation_content){confirmation_content = contents;}jQuery('#gform_wrapper_4').replaceWith(confirmation_content);jQuery(document).trigger('gform_confirmation_loaded', [4]);window['gf_submitting_4'] = false;wp.a11y.speak(jQuery('#gform_confirmation_message_4').text());}else{jQuery('#gform_4').append(contents);if(window['gformRedirect']) {gformRedirect();}}jQuery(document).trigger(\"gform_pre_post_render\", [{ formId: \"4\", currentPage: \"current_page\", abort: function() { this.preventDefault(); } }]);        if (event && event.defaultPrevented) {                return;        }        const gformWrapperDiv = document.getElementById( \"gform_wrapper_4\" );        if ( gformWrapperDiv ) {            const visibilitySpan = document.createElement( \"span\" );            visibilitySpan.id = \"gform_visibility_test_4\";            gformWrapperDiv.insertAdjacentElement( \"afterend\", visibilitySpan );        }        const visibilityTestDiv = document.getElementById( \"gform_visibility_test_4\" );        let postRenderFired = false;        function triggerPostRender() {            if ( postRenderFired ) {                return;            }            postRenderFired = true;            gform.core.triggerPostRenderEvents( 4, current_page );            if ( visibilityTestDiv ) {                visibilityTestDiv.parentNode.removeChild( visibilityTestDiv );            }        }        function debounce( func, wait, immediate ) {            var timeout;            return function() {                var context = this, args = arguments;                var later = function() {                    timeout = null;                    if ( !immediate ) func.apply( context, args );                };                var callNow = immediate && !timeout;                clearTimeout( timeout );                timeout = setTimeout( later, wait );                if ( callNow ) func.apply( context, args );            };        }        const debouncedTriggerPostRender = debounce( function() {            triggerPostRender();        }, 200 );        if ( visibilityTestDiv && visibilityTestDiv.offsetParent === null ) {            const observer = new MutationObserver( ( mutations ) => {                mutations.forEach( ( mutation ) => {                    if ( mutation.type === 'attributes' && visibilityTestDiv.offsetParent !== null ) {                        debouncedTriggerPostRender();                        observer.disconnect();                    }                });            });            observer.observe( document.body, {                attributes: true,                childList: false,                subtree: true,                attributeFilter: [ 'style', 'class' ],            });        } else {            triggerPostRender();        }    } );} ); \n\/* ]]> *\/\n<\/script>\n\n","protected":false},"excerpt":{"rendered":"<p>A Zielinski Szil\u00e1rd d\u00edj a m\u00e9rn\u00f6ki rendtart\u00e1sr\u00f3l sz\u00f3l\u00f3 1923. \u00e9vi XVII. t\u00f6rv\u00e9nycikk alapj\u00e1n 1924-ben megalak\u00edtott Budapesti M\u00e9rn\u00f6ki Kamara els\u0151 eln\u00f6ke tisztelet\u00e9re \u00e9s eml\u00e9kezet\u00e9re ker\u00fclt megalap\u00edt\u00e1sra. A jel\u00f6l\u00e9sre sz\u00f3l\u00f3 felh\u00edv\u00e1st \u00e9vente az MMK eln\u00f6ks\u00e9ge javaslat\u00e1ra az Orsz\u00e1gos F\u0151titk\u00e1rs\u00e1g adja ki. A kit\u00fcntet\u0151 d\u00edjra a ter\u00fcleti m\u00e9rn\u00f6ki kamar\u00e1k eln\u00f6ks\u00e9gei \u00e9s a szakmai tagozatok eln\u00f6ks\u00e9gei tehetnek indokol\u00e1ssal ell\u00e1tott [&hellip;]<\/p>\n","protected":false},"author":2,"featured_media":0,"parent":0,"menu_order":0,"comment_status":"closed","ping_status":"closed","template":"","meta":{"_exactmetrics_skip_tracking":false,"_exactmetrics_sitenote_active":false,"_exactmetrics_sitenote_note":"","_exactmetrics_sitenote_category":0,"footnotes":""},"class_list":["post-1855","page","type-page","status-publish","hentry"],"_links":{"self":[{"href":"https:\/\/mernokvagyok.hu\/vizgazdalkodas\/wp-json\/wp\/v2\/pages\/1855","targetHints":{"allow":["GET"]}}],"collection":[{"href":"https:\/\/mernokvagyok.hu\/vizgazdalkodas\/wp-json\/wp\/v2\/pages"}],"about":[{"href":"https:\/\/mernokvagyok.hu\/vizgazdalkodas\/wp-json\/wp\/v2\/types\/page"}],"author":[{"embeddable":true,"href":"https:\/\/mernokvagyok.hu\/vizgazdalkodas\/wp-json\/wp\/v2\/users\/2"}],"replies":[{"embeddable":true,"href":"https:\/\/mernokvagyok.hu\/vizgazdalkodas\/wp-json\/wp\/v2\/comments?post=1855"}],"version-history":[{"count":2,"href":"https:\/\/mernokvagyok.hu\/vizgazdalkodas\/wp-json\/wp\/v2\/pages\/1855\/revisions"}],"predecessor-version":[{"id":1923,"href":"https:\/\/mernokvagyok.hu\/vizgazdalkodas\/wp-json\/wp\/v2\/pages\/1855\/revisions\/1923"}],"wp:attachment":[{"href":"https:\/\/mernokvagyok.hu\/vizgazdalkodas\/wp-json\/wp\/v2\/media?parent=1855"}],"curies":[{"name":"wp","href":"https:\/\/api.w.org\/{rel}","templated":true}]}}