{"id":1849,"date":"2025-11-17T09:24:03","date_gmt":"2025-11-17T09:24:03","guid":{"rendered":"https:\/\/mernokvagyok.hu\/vizgazdalkodas\/?page_id=1849"},"modified":"2025-11-27T13:06:31","modified_gmt":"2025-11-27T13:06:31","slug":"kvassay-jeno-emlekerem-jeloles","status":"publish","type":"page","link":"https:\/\/mernokvagyok.hu\/vizgazdalkodas\/kvassay-jeno-emlekerem-jeloles\/","title":{"rendered":"Kvassay Jen\u0151 Eml\u00e9k\u00e9rem &#8211; jel\u00f6l\u00e9s"},"content":{"rendered":"<p>\u2022\tAz Energia\u00fcgyi Miniszter \u00e1ltal adom\u00e1nyozhat\u00f3 szakmai \u00e9rem.<br \/>\n\u2022\tA Kvassay Jen\u0151 Eml\u00e9k\u00e9rem a v\u00edz\u00fcgyi szakter\u00fcleten huzamosabb id\u0151szakon kereszt\u00fcl<br \/>\n\u2022\tv\u00e9gzett magas sz\u00ednvonal\u00fa, kiemelked\u0151en eredm\u00e9nyes munka elismer\u00e9s\u00e9re adom\u00e1nyozhat\u00f3.<br \/>\n\u2022\tA Kvassay Jen\u0151 Eml\u00e9k\u00e9rem \u00e9vente legfeljebb 12 f\u0151 r\u00e9sz\u00e9re adom\u00e1nyozhat\u00f3.<br \/>\n\u2022\tA Kvassay Jen\u0151 Eml\u00e9k\u00e9remhez az adom\u00e1nyoz\u00f3 okirat \u00e9s \u00e9rem j\u00e1r.<br \/>\n\u2022\tA Kvassay Jen\u0151 Eml\u00e9k\u00e9rem bronzb\u00f3l k\u00e9sz\u00fclt, \u00e1tm\u00e9r\u0151je 80 mm, vastags\u00e1ga 3 mm. El\u0151lapj\u00e1n<br \/>\n\u2022\tKvassay Jen\u0151t \u00e1br\u00e1zol\u00f3 domborm\u0171 (mellk\u00e9p) l\u00e1that\u00f3, a domborm\u0171 alatt \u201eKvassay Jen\u0151 1850\u20131919\u201d felirat, a h\u00e1toldal\u00e1n Magyarorsz\u00e1g c\u00edmere helyezkedik el.<br \/>\n\u2022\tA Kvassay Jen\u0151 Eml\u00e9k\u00e9rem \u00e1tad\u00e1s\u00e1ra a V\u00edz Vil\u00e1gnapja (m\u00e1rcius 22.), valamint \u00e1llami \u00e9s nemzeti \u00fcnnepek alkalm\u00e1b\u00f3l ker\u00fclhet sor.<br \/>\n<\/p>\n","protected":false},"excerpt":{"rendered":"<p>\u2022 Az Energia\u00fcgyi Miniszter \u00e1ltal adom\u00e1nyozhat\u00f3 szakmai \u00e9rem. \u2022 A Kvassay Jen\u0151 Eml\u00e9k\u00e9rem a v\u00edz\u00fcgyi szakter\u00fcleten huzamosabb id\u0151szakon kereszt\u00fcl \u2022 v\u00e9gzett magas sz\u00ednvonal\u00fa, kiemelked\u0151en eredm\u00e9nyes munka elismer\u00e9s\u00e9re adom\u00e1nyozhat\u00f3. \u2022 A Kvassay Jen\u0151 Eml\u00e9k\u00e9rem \u00e9vente legfeljebb 12 f\u0151 r\u00e9sz\u00e9re adom\u00e1nyozhat\u00f3. \u2022 A Kvassay Jen\u0151 Eml\u00e9k\u00e9remhez az adom\u00e1nyoz\u00f3 okirat \u00e9s \u00e9rem j\u00e1r. \u2022 A Kvassay Jen\u0151 Eml\u00e9k\u00e9rem [&hellip;]<\/p>\n","protected":false},"author":2,"featured_media":0,"parent":0,"menu_order":0,"comment_status":"closed","ping_status":"closed","template":"","meta":{"_exactmetrics_skip_tracking":false,"_exactmetrics_sitenote_active":false,"_exactmetrics_sitenote_note":"","_exactmetrics_sitenote_category":0,"footnotes":""},"class_list":["post-1849","page","type-page","status-publish","hentry"],"_links":{"self":[{"href":"https:\/\/mernokvagyok.hu\/vizgazdalkodas\/wp-json\/wp\/v2\/pages\/1849","targetHints":{"allow":["GET"]}}],"collection":[{"href":"https:\/\/mernokvagyok.hu\/vizgazdalkodas\/wp-json\/wp\/v2\/pages"}],"about":[{"href":"https:\/\/mernokvagyok.hu\/vizgazdalkodas\/wp-json\/wp\/v2\/types\/page"}],"author":[{"embeddable":true,"href":"https:\/\/mernokvagyok.hu\/vizgazdalkodas\/wp-json\/wp\/v2\/users\/2"}],"replies":[{"embeddable":true,"href":"https:\/\/mernokvagyok.hu\/vizgazdalkodas\/wp-json\/wp\/v2\/comments?post=1849"}],"version-history":[{"count":2,"href":"https:\/\/mernokvagyok.hu\/vizgazdalkodas\/wp-json\/wp\/v2\/pages\/1849\/revisions"}],"predecessor-version":[{"id":1922,"href":"https:\/\/mernokvagyok.hu\/vizgazdalkodas\/wp-json\/wp\/v2\/pages\/1849\/revisions\/1922"}],"wp:attachment":[{"href":"https:\/\/mernokvagyok.hu\/vizgazdalkodas\/wp-json\/wp\/v2\/media?parent=1849"}],"curies":[{"name":"wp","href":"https:\/\/api.w.org\/{rel}","templated":true}]}}