{"id":1843,"date":"2025-11-17T09:19:14","date_gmt":"2025-11-17T09:19:14","guid":{"rendered":"https:\/\/mernokvagyok.hu\/vizgazdalkodas\/?page_id=1843"},"modified":"2025-11-27T13:02:58","modified_gmt":"2025-11-27T13:02:58","slug":"vasarhelyi-pal-dij","status":"publish","type":"page","link":"https:\/\/mernokvagyok.hu\/vizgazdalkodas\/vasarhelyi-pal-dij\/","title":{"rendered":"V\u00e1s\u00e1rhelyi P\u00e1l D\u00edj &#8211; jel\u00f6l\u00e9s"},"content":{"rendered":"<p>\u2022\tA miniszter \u00e1ltal adom\u00e1nyozhat\u00f3 szakmai d\u00edj.<br \/>\n\u2022\tV\u00e1s\u00e1rhelyi P\u00e1l-d\u00edj adom\u00e1nyozhat\u00f3 a v\u00edz\u00fcgy \u00e9rdek\u00e9ben v\u00e9gzett kimagasl\u00f3, p\u00e9ldamutat\u00f3 tev\u00e9kenys\u00e9g, valamint \u00e9letm\u0171 elismer\u00e9sek\u00e9nt.<br \/>\n\u2022\t\u00c9vente legfeljebb 5 V\u00e1s\u00e1rhelyi P\u00e1l-d\u00edj adom\u00e1nyozhat\u00f3.<br \/>\n\u2022\tA V\u00e1s\u00e1rhelyi P\u00e1l d\u00edjhoz adom\u00e1nyoz\u00f3 okirat \u00e9s \u00e9rem, tov\u00e1bb\u00e1 brutt\u00f3 750.000 Ft p\u00e9nzjutalom j\u00e1r.<br \/>\n\u2022\tA V\u00e1s\u00e1rhelyi P\u00e1l d\u00edj d\u00edszdobozban elhelyezett ez\u00fcst\u00e9rem, amelyhez adom\u00e1nyoz\u00f3 okirat j\u00e1r.<br \/>\n\u2022\tAz \u00e9rem 42,5 mm \u00e1tm\u00e9r\u0151j\u0171, 3 mm vastag. El\u0151lapj\u00e1n V\u00e1s\u00e1rhelyi P\u00e1l mellk\u00e9pe, alatta \u201eV\u00e1s\u00e1rhelyi P\u00e1l D\u00edj\u201d felirat l\u00e1that\u00f3. H\u00e1toldal\u00e1n Magyarorsz\u00e1g egym\u00e1st keresztez\u0151 t\u00f6lgy- \u00e9s bab\u00e9r\u00e1ggal \u00f6vezett c\u00edmere helyezkedik el, amelyet az \u201eENERGIA\u00dcGYI MINISZTER\u201d felirat vesz k\u00f6r\u00fcl.<br \/>\n\u2022\tA V\u00e1s\u00e1rhelyi P\u00e1l-d\u00edj \u00e1tad\u00e1s\u00e1ra a V\u00edz Vil\u00e1gnapja (m\u00e1rcius 22.) alkalm\u00e1b\u00f3l ker\u00fclhet sor.<\/p>\n\n","protected":false},"excerpt":{"rendered":"<p>\u2022 A miniszter \u00e1ltal adom\u00e1nyozhat\u00f3 szakmai d\u00edj. \u2022 V\u00e1s\u00e1rhelyi P\u00e1l-d\u00edj adom\u00e1nyozhat\u00f3 a v\u00edz\u00fcgy \u00e9rdek\u00e9ben v\u00e9gzett kimagasl\u00f3, p\u00e9ldamutat\u00f3 tev\u00e9kenys\u00e9g, valamint \u00e9letm\u0171 elismer\u00e9sek\u00e9nt. \u2022 \u00c9vente legfeljebb 5 V\u00e1s\u00e1rhelyi P\u00e1l-d\u00edj adom\u00e1nyozhat\u00f3. \u2022 A V\u00e1s\u00e1rhelyi P\u00e1l d\u00edjhoz adom\u00e1nyoz\u00f3 okirat \u00e9s \u00e9rem, tov\u00e1bb\u00e1 brutt\u00f3 750.000 Ft p\u00e9nzjutalom j\u00e1r. \u2022 A V\u00e1s\u00e1rhelyi P\u00e1l d\u00edj d\u00edszdobozban elhelyezett ez\u00fcst\u00e9rem, amelyhez adom\u00e1nyoz\u00f3 okirat j\u00e1r. [&hellip;]<\/p>\n","protected":false},"author":2,"featured_media":0,"parent":0,"menu_order":0,"comment_status":"closed","ping_status":"closed","template":"","meta":{"_exactmetrics_skip_tracking":false,"_exactmetrics_sitenote_active":false,"_exactmetrics_sitenote_note":"","_exactmetrics_sitenote_category":0,"footnotes":""},"class_list":["post-1843","page","type-page","status-publish","hentry"],"_links":{"self":[{"href":"https:\/\/mernokvagyok.hu\/vizgazdalkodas\/wp-json\/wp\/v2\/pages\/1843","targetHints":{"allow":["GET"]}}],"collection":[{"href":"https:\/\/mernokvagyok.hu\/vizgazdalkodas\/wp-json\/wp\/v2\/pages"}],"about":[{"href":"https:\/\/mernokvagyok.hu\/vizgazdalkodas\/wp-json\/wp\/v2\/types\/page"}],"author":[{"embeddable":true,"href":"https:\/\/mernokvagyok.hu\/vizgazdalkodas\/wp-json\/wp\/v2\/users\/2"}],"replies":[{"embeddable":true,"href":"https:\/\/mernokvagyok.hu\/vizgazdalkodas\/wp-json\/wp\/v2\/comments?post=1843"}],"version-history":[{"count":4,"href":"https:\/\/mernokvagyok.hu\/vizgazdalkodas\/wp-json\/wp\/v2\/pages\/1843\/revisions"}],"predecessor-version":[{"id":1921,"href":"https:\/\/mernokvagyok.hu\/vizgazdalkodas\/wp-json\/wp\/v2\/pages\/1843\/revisions\/1921"}],"wp:attachment":[{"href":"https:\/\/mernokvagyok.hu\/vizgazdalkodas\/wp-json\/wp\/v2\/media?parent=1843"}],"curies":[{"name":"wp","href":"https:\/\/api.w.org\/{rel}","templated":true}]}}