{"id":164,"date":"2022-05-24T17:18:16","date_gmt":"2022-05-24T17:18:16","guid":{"rendered":"https:\/\/mernokvagyok.hu\/vizgazdalkodas\/?page_id=164"},"modified":"2022-05-24T17:21:15","modified_gmt":"2022-05-24T17:21:15","slug":"bokenyiek","status":"publish","type":"page","link":"https:\/\/mernokvagyok.hu\/vizgazdalkodas\/partnereink\/bokenyiek\/","title":{"rendered":"B\u00f6k\u00e9nyiek"},"content":{"rendered":"\n<div class=\"wp-block-columns is-layout-flex wp-container-core-columns-is-layout-9d6595d7 wp-block-columns-is-layout-flex\">\n<div class=\"wp-block-column is-layout-flow wp-block-column-is-layout-flow\">\n<figure class=\"wp-block-table\"><table><tbody><tr><td class=\"has-text-align-left\" data-align=\"left\"><strong>Magyar V\u00edzik\u00f6zm\u0171&nbsp;Sz\u00f6vets\u00e9g<\/strong><\/td><\/tr><tr><td class=\"has-text-align-left\" data-align=\"left\"><a href=\"https:\/\/www.maviz.org\/\" target=\"_blank\" rel=\"noreferrer noopener\">https:\/\/www.maviz.org\/<\/a><\/td><\/tr><\/tbody><\/table><\/figure>\n\n\n\n<figure class=\"wp-block-table\"><table><tbody><tr><td class=\"has-text-align-left\" data-align=\"left\"><strong>GWP Magyarorsz\u00e1g Alap\u00edtv\u00e1ny<\/strong><\/td><\/tr><tr><td class=\"has-text-align-left\" data-align=\"left\"><a href=\"http:\/\/www.gwpmo.hu\/\" target=\"_blank\" rel=\"noreferrer noopener\">http:\/\/www.gwpmo.hu\/<\/a><\/td><\/tr><\/tbody><\/table><\/figure>\n<\/div>\n\n\n\n<div class=\"wp-block-column is-layout-flow wp-block-column-is-layout-flow\">\n<figure class=\"wp-block-table\"><table><tbody><tr><td class=\"has-text-align-left\" data-align=\"left\"><strong>V\u00edzgazd\u00e1lkod\u00e1si T\u00e1rsulatok Orsz\u00e1gos Sz\u00f6vets\u00e9ge<\/strong><\/td><\/tr><tr><td class=\"has-text-align-left\" data-align=\"left\"><a href=\"http:\/\/www.tir.hu\/\" target=\"_blank\" rel=\"noreferrer noopener\">http:\/\/www.tir.hu\/<\/a><\/td><\/tr><\/tbody><\/table><\/figure>\n\n\n\n<figure class=\"wp-block-table\"><table><tbody><tr><td class=\"has-text-align-left\" data-align=\"left\"><strong>Magyar V\u00edz\u2010&nbsp;\u00e9s Szennyv\u00edztechnikai Sz\u00f6vets\u00e9g<\/strong><\/td><\/tr><tr><td class=\"has-text-align-left\" data-align=\"left\"><a href=\"https:\/\/www.maszesz.hu\/\" target=\"_blank\" rel=\"noreferrer noopener\">https:\/\/www.maszesz.hu\/<\/a><\/td><\/tr><\/tbody><\/table><\/figure>\n<\/div>\n\n\n\n<div class=\"wp-block-column is-layout-flow wp-block-column-is-layout-flow\">\n<figure class=\"wp-block-table\"><table><tbody><tr><td class=\"has-text-align-left\" data-align=\"left\"><strong>Magyar Hidrol\u00f3giai T\u00e1rsas\u00e1g<\/strong><\/td><\/tr><tr><td class=\"has-text-align-left\" data-align=\"left\"><a href=\"http:\/\/www.hidrologia.hu\/mht\/\" target=\"_blank\" rel=\"noreferrer noopener\">http:\/\/www.hidrologia.hu\/mht\/<\/a><\/td><\/tr><\/tbody><\/table><\/figure>\n<\/div>\n<\/div>\n\n\n\n<p><\/p>\n","protected":false},"excerpt":{"rendered":"<p>Magyar V\u00edzik\u00f6zm\u0171&nbsp;Sz\u00f6vets\u00e9g https:\/\/www.maviz.org\/ GWP Magyarorsz\u00e1g Alap\u00edtv\u00e1ny http:\/\/www.gwpmo.hu\/ V\u00edzgazd\u00e1lkod\u00e1si T\u00e1rsulatok Orsz\u00e1gos Sz\u00f6vets\u00e9ge http:\/\/www.tir.hu\/ Magyar V\u00edz\u2010&nbsp;\u00e9s Szennyv\u00edztechnikai Sz\u00f6vets\u00e9g https:\/\/www.maszesz.hu\/ Magyar Hidrol\u00f3giai T\u00e1rsas\u00e1g http:\/\/www.hidrologia.hu\/mht\/<\/p>\n","protected":false},"author":871,"featured_media":0,"parent":35,"menu_order":0,"comment_status":"closed","ping_status":"closed","template":"","meta":{"_exactmetrics_skip_tracking":false,"_exactmetrics_sitenote_active":false,"_exactmetrics_sitenote_note":"","_exactmetrics_sitenote_category":0,"footnotes":""},"class_list":["post-164","page","type-page","status-publish","hentry"],"_links":{"self":[{"href":"https:\/\/mernokvagyok.hu\/vizgazdalkodas\/wp-json\/wp\/v2\/pages\/164","targetHints":{"allow":["GET"]}}],"collection":[{"href":"https:\/\/mernokvagyok.hu\/vizgazdalkodas\/wp-json\/wp\/v2\/pages"}],"about":[{"href":"https:\/\/mernokvagyok.hu\/vizgazdalkodas\/wp-json\/wp\/v2\/types\/page"}],"author":[{"embeddable":true,"href":"https:\/\/mernokvagyok.hu\/vizgazdalkodas\/wp-json\/wp\/v2\/users\/871"}],"replies":[{"embeddable":true,"href":"https:\/\/mernokvagyok.hu\/vizgazdalkodas\/wp-json\/wp\/v2\/comments?post=164"}],"version-history":[{"count":2,"href":"https:\/\/mernokvagyok.hu\/vizgazdalkodas\/wp-json\/wp\/v2\/pages\/164\/revisions"}],"predecessor-version":[{"id":169,"href":"https:\/\/mernokvagyok.hu\/vizgazdalkodas\/wp-json\/wp\/v2\/pages\/164\/revisions\/169"}],"up":[{"embeddable":true,"href":"https:\/\/mernokvagyok.hu\/vizgazdalkodas\/wp-json\/wp\/v2\/pages\/35"}],"wp:attachment":[{"href":"https:\/\/mernokvagyok.hu\/vizgazdalkodas\/wp-json\/wp\/v2\/media?parent=164"}],"curies":[{"name":"wp","href":"https:\/\/api.w.org\/{rel}","templated":true}]}}