{"id":107,"date":"2022-02-15T18:36:31","date_gmt":"2022-02-15T18:36:31","guid":{"rendered":"https:\/\/mernokvagyok.hu\/vizgazdalkodas\/?page_id=107"},"modified":"2022-11-10T17:14:53","modified_gmt":"2022-11-10T17:14:53","slug":"tervezesi-segedletek-utmutatok","status":"publish","type":"page","link":"https:\/\/mernokvagyok.hu\/vizgazdalkodas\/tervezesi-segedletek-utmutatok\/","title":{"rendered":"Tervez\u00e9si seg\u00e9dletek, \u00fatmutat\u00f3k"},"content":{"rendered":"\n<figure class=\"wp-block-table is-style-stripes\"><table><thead><tr><th>Dokumentum C\u00edm<\/th><th>Megjelen\u00e9s d\u00e1tuma<\/th><th>Link<\/th><\/tr><\/thead><tbody><tr><td><strong>Szakmai u\u0301tmutato\u0301 vi\u0301zile\u0301tesi\u0301tme\u0301ny tervez\u0151k sza\u0301ma\u0301ra<\/strong><\/td><td>2020.09<\/td><td><a href=\"https:\/\/mernokvagyok.hu\/vizgazdalkodas\/wp-content\/uploads\/2022\/05\/Szakmai-u%CC%81tmutato%CC%81-vi%CC%81zile%CC%81tesi%CC%81tme%CC%81ny-tervezo%CC%8Bk-sza%CC%81ma%CC%81ra_117-VVT.pdf\" target=\"_blank\" rel=\"noreferrer noopener\">PDF<\/a><\/td><\/tr><tr><td><strong>Csapade\u0301kvi\u0301zgazda\u0301lkoda\u0301s terveze\u0301si ko\u0308vetelme\u0301nyei<\/strong><\/td><td>2019<\/td><td><a href=\"https:\/\/mernokvagyok.hu\/vizgazdalkodas\/wp-content\/uploads\/2022\/05\/Csapade%CC%81kvi%CC%81zgazda%CC%81lkoda%CC%81s-terveze%CC%81si-ko%CC%88vetelme%CC%81nyei_201-VVT.pdf\" target=\"_blank\" rel=\"noreferrer noopener\">PDF<\/a><\/td><\/tr><tr><td><strong>Tervez\u00e9si seg\u00e9dlet a v\u00edztermel\u0151 kutakhoz<\/strong><\/td><td>2017.11.30<\/td><td><a href=\"https:\/\/mernokvagyok.hu\/vizgazdalkodas\/wp-content\/uploads\/2022\/05\/06-VVT-2017_tervezesi-segedlet-a-viztermelo-kutakhoz-1.pdf\" target=\"_blank\" rel=\"noreferrer noopener\">Seg\u00e9dlet<\/a><br><a rel=\"noreferrer noopener\" href=\"https:\/\/mernokvagyok.hu\/vizgazdalkodas\/wp-content\/uploads\/2022\/05\/06-VVT-2017_tervezesi-segedlet-a-viztermelo-kutakhoz_1melleklet-1.pdf\" target=\"_blank\">1. mell\u00e9klet<\/a><br><a rel=\"noreferrer noopener\" href=\"https:\/\/mernokvagyok.hu\/vizgazdalkodas\/wp-content\/uploads\/2022\/05\/06-VVT-2017_tervezesi-segedlet-a-viztermelo-kutakhoz_2melleklet-1.pdf\" target=\"_blank\">2. mell\u00e9klet<\/a><br><a rel=\"noreferrer noopener\" href=\"https:\/\/mernokvagyok.hu\/vizgazdalkodas\/wp-content\/uploads\/2022\/05\/06-VVT-2017_tervezesi-segedlet-a-viztermelo-kutakhoz_3melleklet-1.pdf\" target=\"_blank\">3. mell\u00e9klet<\/a><br><a rel=\"noreferrer noopener\" href=\"https:\/\/mernokvagyok.hu\/vizgazdalkodas\/wp-content\/uploads\/2022\/05\/06-VVT-2017_tervezesi-segedlet-a-viztermelo-kutakhoz_4melleklet-1.pdf\" target=\"_blank\">4. mell\u00e9klet<\/a><br><a rel=\"noreferrer noopener\" href=\"https:\/\/mernokvagyok.hu\/vizgazdalkodas\/wp-content\/uploads\/2022\/05\/06-VVT-2017_tervezesi-segedlet-a-viztermelo-kutakhoz_5melleklet-1.pdf\" target=\"_blank\">5. mell\u00e9klet<\/a><br><a rel=\"noreferrer noopener\" href=\"https:\/\/mernokvagyok.hu\/vizgazdalkodas\/wp-content\/uploads\/2022\/05\/06-VVT-2017_tervezesi-segedlet-a-viztermelo-kutakhoz_6melleklet-1.pdf\" target=\"_blank\">6. mell\u00e9klet<\/a><br><a rel=\"noreferrer noopener\" href=\"https:\/\/mernokvagyok.hu\/vizgazdalkodas\/wp-content\/uploads\/2022\/05\/06-VVT-2017_tervezesi-segedlet-a-viztermelo-kutakhoz_7melleklet-1.pdf\" target=\"_blank\">7. mell\u00e9klet<\/a><br><a rel=\"noreferrer noopener\" href=\"https:\/\/mernokvagyok.hu\/vizgazdalkodas\/wp-content\/uploads\/2022\/05\/06-VVT-2017_tervezesi-segedlet-a-viztermelo-kutakhoz_8melleklet-1.pdf\" target=\"_blank\">8. mell\u00e9klet<\/a><br><a rel=\"noreferrer noopener\" href=\"https:\/\/mernokvagyok.hu\/vizgazdalkodas\/wp-content\/uploads\/2022\/05\/06-VVT-2017_tervezesi-segedlet-a-viztermelo-kutakhoz_9melleklet-1.pdf\" target=\"_blank\">9. mell\u00e9klet<\/a><br><a rel=\"noreferrer noopener\" href=\"https:\/\/mernokvagyok.hu\/vizgazdalkodas\/wp-content\/uploads\/2022\/05\/06-VVT-2017_tervezesi-segedlet-a-viztermelo-kutakhoz_10melleklet-1.pdf\" target=\"_blank\">10. mell\u00e9klet<\/a><\/td><\/tr><tr><td><strong>Seg\u00e9dlet Telepul\u00e9si V\u00edzk\u00e1relh\u00e1r\u00edt\u00e1shoz<\/strong><\/td><td>2015.04<\/td><td><a href=\"https:\/\/mernokvagyok.hu\/vizgazdalkodas\/wp-content\/uploads\/2022\/05\/VVT-2015_segedlet-telepulesi-vizkarelharitashoz.pdf\" target=\"_blank\" rel=\"noreferrer noopener\">PDF<\/a><\/td><\/tr><tr><td><strong>Seg\u00e9dlet V\u00edz\u00e9p\u00edtm\u00e9nyek K\u00f6rnyezeti Tervez\u00e9s\u00e9hez<\/strong><\/td><td>2012<\/td><td><a href=\"https:\/\/mernokvagyok.hu\/vizgazdalkodas\/wp-content\/uploads\/2022\/05\/VVT-2012_segedlet-vizep-korny-tervezesehez.pdf\" target=\"_blank\" rel=\"noreferrer noopener\">PDF<\/a><\/td><\/tr><\/tbody><\/table><\/figure>\n","protected":false},"excerpt":{"rendered":"<p>Dokumentum C\u00edm Megjelen\u00e9s d\u00e1tuma Link Szakmai u\u0301tmutato\u0301 vi\u0301zile\u0301tesi\u0301tme\u0301ny tervez\u0151k sza\u0301ma\u0301ra 2020.09 PDF Csapade\u0301kvi\u0301zgazda\u0301lkoda\u0301s terveze\u0301si ko\u0308vetelme\u0301nyei 2019 PDF Tervez\u00e9si seg\u00e9dlet a v\u00edztermel\u0151 kutakhoz 2017.11.30 Seg\u00e9dlet1. mell\u00e9klet2. mell\u00e9klet3. mell\u00e9klet4. mell\u00e9klet5. mell\u00e9klet6. mell\u00e9klet7. mell\u00e9klet8. mell\u00e9klet9. mell\u00e9klet10. mell\u00e9klet Seg\u00e9dlet Telepul\u00e9si V\u00edzk\u00e1relh\u00e1r\u00edt\u00e1shoz 2015.04 PDF Seg\u00e9dlet V\u00edz\u00e9p\u00edtm\u00e9nyek K\u00f6rnyezeti Tervez\u00e9s\u00e9hez 2012 PDF<\/p>\n","protected":false},"author":871,"featured_media":0,"parent":0,"menu_order":0,"comment_status":"closed","ping_status":"closed","template":"","meta":{"_exactmetrics_skip_tracking":false,"_exactmetrics_sitenote_active":false,"_exactmetrics_sitenote_note":"","_exactmetrics_sitenote_category":0,"footnotes":""},"class_list":["post-107","page","type-page","status-publish","hentry"],"_links":{"self":[{"href":"https:\/\/mernokvagyok.hu\/vizgazdalkodas\/wp-json\/wp\/v2\/pages\/107","targetHints":{"allow":["GET"]}}],"collection":[{"href":"https:\/\/mernokvagyok.hu\/vizgazdalkodas\/wp-json\/wp\/v2\/pages"}],"about":[{"href":"https:\/\/mernokvagyok.hu\/vizgazdalkodas\/wp-json\/wp\/v2\/types\/page"}],"author":[{"embeddable":true,"href":"https:\/\/mernokvagyok.hu\/vizgazdalkodas\/wp-json\/wp\/v2\/users\/871"}],"replies":[{"embeddable":true,"href":"https:\/\/mernokvagyok.hu\/vizgazdalkodas\/wp-json\/wp\/v2\/comments?post=107"}],"version-history":[{"count":11,"href":"https:\/\/mernokvagyok.hu\/vizgazdalkodas\/wp-json\/wp\/v2\/pages\/107\/revisions"}],"predecessor-version":[{"id":692,"href":"https:\/\/mernokvagyok.hu\/vizgazdalkodas\/wp-json\/wp\/v2\/pages\/107\/revisions\/692"}],"wp:attachment":[{"href":"https:\/\/mernokvagyok.hu\/vizgazdalkodas\/wp-json\/wp\/v2\/media?parent=107"}],"curies":[{"name":"wp","href":"https:\/\/api.w.org\/{rel}","templated":true}]}}