{"id":33,"date":"2021-02-25T11:15:45","date_gmt":"2021-02-25T10:15:45","guid":{"rendered":"https:\/\/mernokvagyok.hu\/tanacsadas\/?page_id=33"},"modified":"2024-06-18T09:09:09","modified_gmt":"2024-06-18T07:09:09","slug":"aktualis-palyazati-informaciok","status":"publish","type":"page","link":"https:\/\/mernokvagyok.hu\/tanacsadas\/?page_id=33","title":{"rendered":"Aktu\u00e1lis p\u00e1ly\u00e1zati inform\u00e1ci\u00f3k"},"content":{"rendered":"\n<p>(friss\u00edtve: 2024. 06. 18.)<\/p>\n\n\n\n<h4 class=\"wp-block-heading\"><strong>Tisztelt \u00c9rdekl\u0151d\u0151!<\/strong><\/h4>\n\n\n\n<p>Az al\u00e1bbiakban olvashatja a Kamara \u00e1ltal \u00f6sszegy\u0171jt\u00f6tt p\u00e1ly\u00e1zatokr\u00f3l sz\u00f3l\u00f3 r\u00f6vid t\u00e1j\u00e9koztat\u00e1sunkat. A p\u00e1ly\u00e1zatokr\u00f3l b\u0151vebb inform\u00e1ci\u00f3t az egyes p\u00e1ly\u00e1zatokkal kapcsolatos \u00f6sszefoglal\u00f3k alatti linken tal\u00e1lhat. K\u00e9rj\u00fck, hogy a p\u00e1ly\u00e1zatokkal kapcsolatos k\u00e9rd\u00e9seikkel k\u00f6zvetlen\u00fcl a p\u00e1ly\u00e1zatot ki\u00edr\u00f3k honlapj\u00e1n megjel\u00f6lt kapcsolattart\u00f3t keress\u00e9k, mivel a Magyar M\u00e9rn\u00f6ki Kamara a p\u00e1ly\u00e1zatokr\u00f3l t\u00e1j\u00e9koztat\u00e1st ad, azonban azok lebonyol\u00edt\u00e1s\u00e1ban nem vesz r\u00e9szt.<\/p>\n\n\n\n<p>A p\u00e1ly\u00e1zatokban megjelent esetleges t\u00e9ves inform\u00e1ci\u00f3k tekintet\u00e9ben a Magyar M\u00e9rn\u00f6ki Kamara felel\u0151ss\u00e9get nem v\u00e1llal.<\/p>\n\n\n\n<blockquote class=\"wp-block-quote is-layout-flow wp-block-quote-is-layout-flow\">\n<p><strong>Amennyiben szeretne \u00e9rtes\u00fclni a legfrissebb p\u00e1ly\u00e1zatokr\u00f3l k\u00e9rj\u00fck jelentkezzen h\u00edrlevel\u00fcnkre az al\u00e1bbi c\u00edmen:<em> <a href=\"mailto:tanacsadas@mmk.hu\" target=\"_blank\" rel=\"noreferrer noopener\">tanacsadas@mmk.hu<\/a><\/em> <\/strong><br><strong>Szolg\u00e1ltat\u00e1sunkat negyed\u00e9ves rendszeress\u00e9ggel, vagy a p\u00e1ly\u00e1zatok megjelen\u00e9s\u00e9hez igazod\u00f3an teljes\u00edtj\u00fck.<\/strong><\/p>\n<\/blockquote>\n\n\n\n<hr class=\"wp-block-separator has-css-opacity\"\/>\n\n\n\n<h4 class=\"wp-block-heading has-vivid-red-color has-text-color has-link-color wp-elements-5f842160a32925f6328673badc08adf8\"><strong>Lakoss\u00e1gi \u00e9rdekl\u0151d\u0151k r\u00e9sz\u00e9re sz\u00f3l\u00f3 p\u00e1ly\u00e1zatok:<\/strong><\/h4>\n\n\n\n<figure class=\"wp-block-table aligncenter is-style-stripes\"><table><tbody><tr><td colspan=\"2\"><strong>1. \u201eOTTHONFEL\u00daJ\u00cdT\u00c1SI PROGRAM LAKOSS\u00c1GI ENERGIAHAT\u00c9KONYS\u00c1GI BERUH\u00c1Z\u00c1SOK MEGVAL\u00d3S\u00cdT\u00c1S\u00c1HOZ\u201d<\/strong><\/td><\/tr><tr><td>C\u00e9lja:<\/td><td>Megjelent az \u201eOtthonfel\u00faj\u00edt\u00e1si Program Lakoss\u00e1gi energiahat\u00e9konys\u00e1gi beruh\u00e1z\u00e1sok megval\u00f3s\u00edt\u00e1s\u00e1hoz\u201d c\u00edm\u0171 (RRF-REP-10.13.1-24 k\u00f3dsz\u00e1m\u00fa) felh\u00edv\u00e1sa.<br><br>A Hitelprogram c\u00e9lja a mag\u00e1nberuh\u00e1z\u00e1sok \u00f6szt\u00f6nz\u00e9se \u00e9s a magyarorsz\u00e1gi lak\u00f3\u00e9p\u00fcletek energiahat\u00e9konys\u00e1gi \u00e1gazat\u00e1ban a h\u00e1ztart\u00e1sok finansz\u00edroz\u00e1shoz val\u00f3 hozz\u00e1f\u00e9r\u00e9s\u00e9nek jav\u00edt\u00e1sa, tov\u00e1bb\u00e1 a lakoss\u00e1gi szektor energiafelhaszn\u00e1l\u00e1s\u00e1nak cs\u00f6kkent\u00e9se kombin\u00e1lt k\u00f6lcs\u00f6nnel \u00e9s vissza nem t\u00e9r\u00edtend\u0151 t\u00e1mogat\u00e1ssal.<\/td><\/tr><tr><td>Beny\u00fajthat\u00f3:<\/td><td><strong>2024. j\u00falius 1-t\u0151l &#8211; 2025. december 31-ig<\/strong>\u00a0(vagy a forr\u00e1s kimer\u00fcl\u00e9s\u00e9ig)<\/td><\/tr><tr><td>Link:<\/td><td><a href=\"https:\/\/www.palyazat.gov.hu\/programok\/helyreallitasi-es-ellenallokepessegi-terv\/rrf\/rrf-rep-10131-24\/dokumentumok\">P\u00e1ly\u00e1zati dokumentumok el\u00e9rhet\u0151s\u00e9gi linkje<\/a><\/td><\/tr><tr><td>Egy\u00e9b inform\u00e1ci\u00f3:<\/td><td>Az Otthonfel\u00faj\u00edt\u00e1si Program <strong>az 1990. december 31-e el\u0151tt haszn\u00e1latbav\u00e9teli enged\u00e9lyt <\/strong>kapott, \u00e9letvitelszer\u0171en lakott, egy- \u00e9s t\u00f6bblak\u00e1sos csal\u00e1di h\u00e1zakra terjed ki.<br><br>A k\u00f6lcs\u00f6n \u00e9s vissza nem t\u00e9r\u00edtend\u0151 t\u00e1mogat\u00e1s ny\u00fajt\u00e1s\u00e1nak alap felt\u00e9tele, hogy a Projekt megval\u00f3s\u00edt\u00e1s\u00e1t megel\u0151z\u0151 fejleszt\u00e9s el\u0151tti (kiindul\u00f3) \u00e1llapothoz k\u00e9pest \u00e9p\u00fcletenk\u00e9nt <strong>legal\u00e1bb 30%-os m\u00e9rt\u00e9k\u0171 primerenergia-fogyaszt\u00e1s cs\u00f6kken\u00e9st sz\u00fcks\u00e9ges el\u00e9rni <\/strong>az Otthonfel\u00faj\u00edt\u00e1si Program keret\u00e9ben finansz\u00edrozott energetikai korszer\u0171s\u00edt\u00e9s eredm\u00e9nyek\u00e9nt, melyet hiteles energetikai tan\u00fas\u00edtv\u00e1nnyal sz\u00fcks\u00e9ges al\u00e1t\u00e1masztani.<\/td><\/tr><\/tbody><\/table><\/figure>\n\n\n\n<p><\/p>\n\n\n\n<hr class=\"wp-block-separator has-css-opacity\"\/>\n\n\n\n<h4 class=\"wp-block-heading has-vivid-red-color has-text-color has-link-color wp-elements-a8e3cde9951bcb9df0707a44d576cac4\"><strong>V\u00e1llalkoz\u00f3k r\u00e9sz\u00e9re sz\u00f3l\u00f3 egyedi p\u00e1ly\u00e1zatok<\/strong>:<strong><\/strong><\/h4>\n\n\n\n<figure class=\"wp-block-table aligncenter is-style-stripes\"><table><tbody><tr><td class=\"has-text-align-left\" data-align=\"left\" colspan=\"2\"><strong>1. MGF\u00dc Energetikai Tan\u00e1csad\u00e1si Voucher Program<\/strong><\/td><\/tr><tr><td class=\"has-text-align-left\" data-align=\"left\">C\u00e9lja:<\/td><td>A Hitelprogram keret\u00e9ben olyan z\u00f6ld beruh\u00e1z\u00e1sok finansz\u00edroz\u00e1sa lehets\u00e9ges, amelyek eredm\u00e9nye:<br>&#8211; a hitelfelvev\u0151 tev\u00e9kenys\u00e9g\u00e9hez kapcsol\u00f3d\u00f3, megl\u00e9v\u0151 \u00e9p\u00fcletek energiahat\u00e9konys\u00e1g\u00e1nak jav\u00edt\u00e1sa, vagy<br>&#8211; a v\u00e1llalkoz\u00e1s m\u0171k\u00f6d\u00e9s\u00e9hez sz\u00fcks\u00e9ges energiafelhaszn\u00e1l\u00e1son bel\u00fcl a meg\u00fajul\u00f3 energiafelhaszn\u00e1l\u00e1s n\u00f6vel\u00e9se, valamint<br>&#8211; ezen tev\u00e9kenys\u00e9gek el\u0151k\u00e9sz\u00edt\u00e9s\u00e9hez, elv\u00e9gz\u00e9s\u00e9hez \u00e9s befejez\u00e9s\u00e9hez sz\u00fcks\u00e9ges egy\u00e9b, kieg\u00e9sz\u00edt\u0151 tev\u00e9kenys\u00e9gek.<br>A Hitelprogram a k\u00f6rnyezeti fenntarthat\u00f3s\u00e1g el\u0151mozd\u00edt\u00e1sa, az \u00e9ghajlati v\u00e1ltoz\u00e1sok enyh\u00edt\u00e9se mellett seg\u00edti a v\u00e1llalkoz\u00e1sok fejl\u0151d\u00e9s\u00e9t, versenyk\u00e9pess\u00e9g\u00fck meg\u0151rz\u00e9s\u00e9t \u00e9s ez\u00e1ltal a munkahelyek b\u0151v\u00edt\u00e9s\u00e9t, megtart\u00e1s\u00e1t is.<\/td><\/tr><tr><td class=\"has-text-align-left\" data-align=\"left\">Beny\u00fajthat\u00f3:<\/td><td><strong>&nbsp;2024. m\u00e1jus 2. 12:00 \u00f3r\u00e1t\u00f3l &#8211; 2024. j\u00fanius 3. 23:59 \u00f3r\u00e1ig lehet beny\u00fajtani.<\/strong><\/td><\/tr><tr><td class=\"has-text-align-left\" data-align=\"left\">Link:<\/td><td><a href=\"https:\/\/vali.hu\/energetikai-voucher-program\">https:\/\/vali.hu\/energetikai-voucher-program<\/a><\/td><\/tr><tr><td class=\"has-text-align-left\" data-align=\"left\">Egy\u00e9b inform\u00e1ci\u00f3:<\/td><td>A felh\u00edv\u00e1s az al\u00e1bbi linken \u00e9rhet\u0151 el:<br><a href=\"https:\/\/vali.hu\/static\/MGFU_voucher_cimzetti_felhivas.pdf\">https:\/\/vali.hu\/static\/MGFU_voucher_cimzetti_felhivas.pdf<\/a><br><br>Energiahat\u00e9konys\u00e1gi beruh\u00e1z\u00e1sok megval\u00f3s\u00edt\u00e1s\u00e1hoz, az MFB V\u00e1llalati energiahat\u00e9konys\u00e1gi hitelprogramja az al\u00e1bbi linken \u00e9rhet\u0151 el:<br><a href=\"https:\/\/www.mfb.hu\/vallalkozasok\/mukodo\/hitel\/mfb-vallalati-energiahatekonysagi-hitelprogram-t211-p211\">https:\/\/www.mfb.hu\/vallalkozasok\/mukodo\/hitel\/mfb-vallalati-energiahatekonysagi-hitelprogram-t211-p211<\/a><\/td><\/tr><\/tbody><\/table><\/figure>\n","protected":false},"excerpt":{"rendered":"<p>(friss\u00edtve: 2024. 06. 18.) Tisztelt \u00c9rdekl\u0151d\u0151! Az al\u00e1bbiakban olvashatja a Kamara \u00e1ltal \u00f6sszegy\u0171jt\u00f6tt p\u00e1ly\u00e1zatokr\u00f3l sz\u00f3l\u00f3 r\u00f6vid t\u00e1j\u00e9koztat\u00e1sunkat. A p\u00e1ly\u00e1zatokr\u00f3l b\u0151vebb inform\u00e1ci\u00f3t az [&hellip;]<\/p>\n","protected":false},"author":3,"featured_media":0,"parent":0,"menu_order":0,"comment_status":"closed","ping_status":"closed","template":"","meta":{"_exactmetrics_skip_tracking":false,"_exactmetrics_sitenote_active":false,"_exactmetrics_sitenote_note":"","_exactmetrics_sitenote_category":0,"footnotes":""},"class_list":["post-33","page","type-page","status-publish","hentry"],"_links":{"self":[{"href":"https:\/\/mernokvagyok.hu\/tanacsadas\/index.php?rest_route=\/wp\/v2\/pages\/33","targetHints":{"allow":["GET"]}}],"collection":[{"href":"https:\/\/mernokvagyok.hu\/tanacsadas\/index.php?rest_route=\/wp\/v2\/pages"}],"about":[{"href":"https:\/\/mernokvagyok.hu\/tanacsadas\/index.php?rest_route=\/wp\/v2\/types\/page"}],"author":[{"embeddable":true,"href":"https:\/\/mernokvagyok.hu\/tanacsadas\/index.php?rest_route=\/wp\/v2\/users\/3"}],"replies":[{"embeddable":true,"href":"https:\/\/mernokvagyok.hu\/tanacsadas\/index.php?rest_route=%2Fwp%2Fv2%2Fcomments&post=33"}],"version-history":[{"count":29,"href":"https:\/\/mernokvagyok.hu\/tanacsadas\/index.php?rest_route=\/wp\/v2\/pages\/33\/revisions"}],"predecessor-version":[{"id":299,"href":"https:\/\/mernokvagyok.hu\/tanacsadas\/index.php?rest_route=\/wp\/v2\/pages\/33\/revisions\/299"}],"wp:attachment":[{"href":"https:\/\/mernokvagyok.hu\/tanacsadas\/index.php?rest_route=%2Fwp%2Fv2%2Fmedia&parent=33"}],"curies":[{"name":"wp","href":"https:\/\/api.w.org\/{rel}","templated":true}]}}