{"id":27,"date":"2021-02-25T11:08:53","date_gmt":"2021-02-25T10:08:53","guid":{"rendered":"https:\/\/mernokvagyok.hu\/tanacsadas\/?page_id=27"},"modified":"2024-04-30T12:26:44","modified_gmt":"2024-04-30T10:26:44","slug":"fooldal-tajekoztato","status":"publish","type":"page","link":"https:\/\/mernokvagyok.hu\/tanacsadas\/","title":{"rendered":"T\u00e1j\u00e9koztat\u00f3"},"content":{"rendered":"\n<p>Az Orsz\u00e1ggy\u0171l\u00e9s m\u00f3dos\u00edtotta az <a href=\"http:\/\/njt.hu\/cgi_bin\/njt_doc.cgi?docid=175684\" target=\"_blank\" rel=\"noreferrer noopener\">energiahat\u00e9konys\u00e1gr\u00f3l sz\u00f3l\u00f3 2015. \u00e9vi LVII. t\u00f6rv\u00e9nyt<\/a> (Ehat.), amely a Magyar M\u00e9rn\u00f6ki Kamara (MMK) szervezet\u00e9be telep\u00edtette a lakoss\u00e1gi \u00e9s kisv\u00e1llalkoz\u00f3i energetikai tan\u00e1csad\u00e1st.<\/p>\n\n\n\n<p>Az Ehat. 21. \u00a7 (4) bekezd\u00e9se alapj\u00e1n az al\u00e1bbi feladatokat v\u00e9gzi a MMK:<\/p>\n\n\n\n<p><em>\u201e21. \u00a7<\/em> <em>(4) A Magyar M\u00e9rn\u00f6ki Kamara<\/em><\/p>\n\n\n\n<p><em>a) a <strong>v\u00e1llalkoz\u00e1sok<\/strong> sz\u00e1m\u00e1ra <strong>ingyenes energetikai tan\u00e1csad\u00e1st<\/strong> biztos\u00edt, valamint <strong>nyomon k\u00f6veti<\/strong> a tan\u00e1csad\u00e1s k\u00f6vetkezt\u00e9ben <strong>el\u00e9rt energiamegtakar\u00edt\u00e1s m\u00e9rt\u00e9k\u00e9t<\/strong>,<\/em><\/p>\n\n\n\n<p><em>b) <strong>\u00f6szt\u00f6nzi a kis- \u00e9s k\u00f6z\u00e9pv\u00e1llalkoz\u00e1sokat energetikai audit\u00e1l\u00e1s<\/strong> lefolytat\u00e1s\u00e1ra \u00e9s az auditokban foglalt aj\u00e1nl\u00e1sok v\u00e9grehajt\u00e1s\u00e1ra,<\/em><\/p>\n\n\n\n<p><em>c) a <strong>lakoss\u00e1g<\/strong> sz\u00e1m\u00e1ra <strong>ingyenes energetikai tan\u00e1csad\u00e1st<\/strong> biztos\u00edt, valamint <strong>nyomon k\u00f6veti<\/strong> a tan\u00e1csad\u00e1s k\u00f6vetkezt\u00e9ben <strong>el\u00e9rt energiamegtakar\u00edt\u00e1s m\u00e9rt\u00e9k\u00e9t<\/strong>,<\/em><\/p>\n\n\n\n<p><em>d) <strong>t\u00e1j\u00e9koztat\u00e1st<\/strong> ny\u00fajt az el\u00e9rhet\u0151 <strong>energiahat\u00e9konys\u00e1gi p\u00e1ly\u00e1zatokr\u00f3l,<\/strong><\/em><\/p>\n\n\n\n<p><em>e) <strong>t\u00e1j\u00e9koztat\u00e1st<\/strong> ny\u00fajt az \u00e9p\u00fcletek energetikai jellemz\u0151inek tan\u00fas\u00edt\u00e1s\u00e1r\u00f3l sz\u00f3l\u00f3 korm\u00e1nyrendelet szerinti <strong>energiahat\u00e9konys\u00e1gi tan\u00fas\u00edtv\u00e1nyokr\u00f3l<\/strong>, ezek rendeltet\u00e9s\u00e9r\u0151l \u00e9s c\u00e9lj\u00e1r\u00f3l, a k\u00f6lts\u00e9ghat\u00e9kony int\u00e9zked\u00e9sekr\u0151l, fel\u00faj\u00edt\u00e1si tan\u00e1csad\u00e1s keret\u00e9ben az \u00e9p\u00fclet energiahat\u00e9konys\u00e1g\u00e1nak jav\u00edt\u00e1s\u00e1t szolg\u00e1l\u00f3 p\u00e9nz\u00fcgyi eszk\u00f6z\u00f6kr\u0151l, valamint a fosszilis t\u00fczel\u0151anyaggal m\u0171k\u00f6d\u0151 kaz\u00e1nok fenntarthat\u00f3bb alternat\u00edv\u00e1val val\u00f3 helyettes\u00edt\u00e9s\u00e9r\u0151l.\u201d<\/em><\/p>\n\n\n\n<p>A tan\u00e1csad\u00e1s az ig\u00e9nybe vev\u0151k r\u00e9sz\u00e9re a fenti szab\u00e1lyoz\u00e1s \u00e9rtelm\u00e9ben ingyenes, amennyiben v\u00e1llalj\u00e1k a nyomon k\u00f6vet\u00e9ssel \u00f6sszef\u00fcgg\u0151 k\u00f6telezetts\u00e9geket. Ennek r\u00e9szleteir\u0151l az egyes men\u00fcpontokban tal\u00e1lhat\u00f3 t\u00e1j\u00e9koztat\u00f3kban olvashat\u00f3k tov\u00e1bbi inform\u00e1ci\u00f3k.<\/p>\n\n\n\n<hr class=\"wp-block-separator has-css-opacity\"\/>\n\n\n\n<h4 class=\"wp-block-heading\"><strong><span class=\"has-inline-color has-vivid-red-color\">A tan\u00e1csad\u00e1sr\u00f3l \u00e1ltal\u00e1noss\u00e1gban<\/span><\/strong><\/h4>\n\n\n\n<figure class=\"wp-block-image size-large\"><img loading=\"lazy\" decoding=\"async\" width=\"1024\" height=\"188\" src=\"\/tanacsadas\/wp-content\/uploads\/2021\/02\/01-Fo\u030bmenu\u0308_Tana\u0301csada\u0301s-menete-1024x188.png\" alt=\"\" class=\"wp-image-109\" srcset=\"https:\/\/mernokvagyok.hu\/tanacsadas\/wp-content\/uploads\/2021\/02\/01-Fo\u030bmenu\u0308_Tana\u0301csada\u0301s-menete-1024x188.png 1024w, https:\/\/mernokvagyok.hu\/tanacsadas\/wp-content\/uploads\/2021\/02\/01-Fo\u030bmenu\u0308_Tana\u0301csada\u0301s-menete-300x55.png 300w, https:\/\/mernokvagyok.hu\/tanacsadas\/wp-content\/uploads\/2021\/02\/01-Fo\u030bmenu\u0308_Tana\u0301csada\u0301s-menete-768x141.png 768w, https:\/\/mernokvagyok.hu\/tanacsadas\/wp-content\/uploads\/2021\/02\/01-Fo\u030bmenu\u0308_Tana\u0301csada\u0301s-menete-1536x283.png 1536w, https:\/\/mernokvagyok.hu\/tanacsadas\/wp-content\/uploads\/2021\/02\/01-Fo\u030bmenu\u0308_Tana\u0301csada\u0301s-menete-2048x377.png 2048w, https:\/\/mernokvagyok.hu\/tanacsadas\/wp-content\/uploads\/2021\/02\/01-Fo\u030bmenu\u0308_Tana\u0301csada\u0301s-menete-830x153.png 830w, https:\/\/mernokvagyok.hu\/tanacsadas\/wp-content\/uploads\/2021\/02\/01-Fo\u030bmenu\u0308_Tana\u0301csada\u0301s-menete-230x42.png 230w, https:\/\/mernokvagyok.hu\/tanacsadas\/wp-content\/uploads\/2021\/02\/01-Fo\u030bmenu\u0308_Tana\u0301csada\u0301s-menete-350x64.png 350w, https:\/\/mernokvagyok.hu\/tanacsadas\/wp-content\/uploads\/2021\/02\/01-Fo\u030bmenu\u0308_Tana\u0301csada\u0301s-menete-480x88.png 480w\" sizes=\"auto, (max-width: 1024px) 100vw, 1024px\" \/><\/figure>\n\n\n\n<p>Annak \u00e9rdek\u00e9ben, hogy a tan\u00e1csad\u00e1s megfelel\u0151en megalapozott \u00e9s dokument\u00e1lt legyen, a Kamara \u00f6ssze\u00e1ll\u00edtott k\u00fcl\u00f6n-k\u00fcl\u00f6n a lakoss\u00e1g, valamint a v\u00e1llalkoz\u00e1sok eset\u00e9ben kit\u00f6ltend\u0151 \u00e1llapotfelv\u00e9teli adatlapokat. Az ig\u00e9nybe vev\u0151kre szabott adatfelv\u00e9teli lapok megtal\u00e1lhat\u00f3k \u00e9s let\u00f6lthet\u0151k az egyes men\u00fcpontokb\u00f3l.<\/p>\n\n\n\n<p>Az \u00e1llapotfelv\u00e9teli adatlap \u00f6ssze\u00e1ll\u00edt\u00e1s\u00e1nak legf\u0151bb c\u00e9lja, hogy k\u00e9pet kapjunk a tan\u00e1csad\u00e1sban \u00e9rintett \u00e9p\u00fclet, illetve az ott v\u00e9gzett tev\u00e9kenys\u00e9ggel \u00f6sszef\u00fcgg\u0151 energiafelhaszn\u00e1l\u00e1si szok\u00e1sokr\u00f3l.<\/p>\n\n\n\n<p>M\u00e1sik fontos c\u00e9lja, hogy az \u00f6sszehasonl\u00edthat\u00f3s\u00e1g \u00e9rdek\u00e9ben legyen egy kiindul\u00f3 \u00e1llapotot tartalmaz\u00f3 alapdokumentum, majd pedig a tan\u00e1csad\u00e1s alapj\u00e1n elv\u00e9gzett energiahat\u00e9konys\u00e1gn\u00f6vel\u0151 int\u00e9zked\u00e9sek ut\u00e1ni \u00e1llapotfelm\u00e9r\u00e9s. E k\u00e9t dokumentum \u00f6sszevet\u00e9s\u00e9vel biztos\u00edthat\u00f3 az eredm\u00e9nyess\u00e9g m\u00e9r\u00e9se.<\/p>\n\n\n\n<p>A tan\u00e1csad\u00e1s \u00edgy, egy\u00e9rtelm\u0171en adatokhoz k\u00f6t\u00f6tt elemz\u00e9sre t\u00e1maszkodhat, amelyet vagy az \u00e9rdekl\u0151d\u0151, vagy a k\u00e9rd\u00e9s feltev\u0151je t\u00f6lt ki a tan\u00e1csad\u00e1s t\u00e1rgy\u00e1t jelent\u0151 \u00e9p\u00fcletr\u0151l az eredm\u00e9nyes tan\u00e1csad\u00e1shoz sz\u00fcks\u00e9ges adatokkal. A tan\u00e1csad\u00e1s dokument\u00e1l\u00e1sa egyben a tan\u00e1csad\u00f3 d\u00edjaz\u00e1s\u00e1nak alapja is.<\/p>\n\n\n\n<hr class=\"wp-block-separator has-css-opacity\"\/>\n\n\n\n<h4 class=\"wp-block-heading\"><strong><span class=\"has-inline-color has-vivid-red-color\">A tan\u00e1csad\u00e1s menete<\/span><\/strong><\/h4>\n\n\n\n<p>A tan\u00e1csad\u00e1s ig\u00e9nybev\u00e9tel\u00e9re el\u0151zetes id\u0151pontegyeztet\u00e9st k\u00f6vet\u0151en on-line fel\u00fcleten, szem\u00e9lyesen, vagy a kit\u00f6lt\u00f6tt \u00e9s al\u00e1\u00edrt adatfelv\u00e9teli lap elektronikusan, illetve postai \u00faton t\u00f6rt\u00e9n\u0151 megk\u00fcld\u00e9s\u00e9vel ny\u00edlik lehet\u0151s\u00e9g. A tan\u00e1csad\u00e1s folyamat\u00e1nak r\u00e9szleteir\u0151l az egyes men\u00fcpontokban olvashat tov\u00e1bbiakat.<\/p>\n\n\n\n<p>Az adatfelv\u00e9teli lap kit\u00f6lt\u00e9s\u00e9hez ig\u00e9ny szerint telefonon (<a>+3630\/460-9623<\/a>), vagy emailben (<a href=\"mailto:tanacsadas@mmk.hu\">tanacsadas@mmk.hu<\/a>) seg\u00edts\u00e9get ny\u00fajtunk. A telefonsz\u00e1m a telefonos \u00fcgyf\u00e9lfogad\u00e1si id\u0151ben (h\u00e9tf\u0151, szerda 9:00-12:00 \u00f3ra k\u00f6z\u00f6tt, kedd, cs\u00fct\u00f6rt\u00f6k 13:00-16:00 \u00f3ra k\u00f6z\u00f6tt) h\u00edvhat\u00f3.<\/p>\n\n\n\n<p>A csatoland\u00f3 mell\u00e9kleteket a kit\u00f6lt\u00e9st k\u00f6vet\u0151en beszkennelve, vagy postai \u00faton el kell juttatni a kamara adatfelv\u00e9telez\u0151je r\u00e9sz\u00e9re. K\u00e9s\u0151bbiekben v\u00e1rhat\u00f3, hogy lakoss\u00e1gi f\u00f3rum keret\u00e9ben is lehet\u0151s\u00e9g lesz a konzult\u00e1ci\u00f3 ig\u00e9nybev\u00e9tel\u00e9re.<\/p>\n\n\n\n<p>Amennyiben rendelkez\u00e9sre \u00e1ll a sz\u00fcks\u00e9ges inform\u00e1ci\u00f3 a konzult\u00e1ci\u00f3 elv\u00e9gz\u00e9s\u00e9hez, a Kamara k\u00e9pvisel\u0151je egyezteti a konzult\u00e1ci\u00f3 id\u0151pontj\u00e1t, m\u00f3dj\u00e1t, ismerteti a tan\u00e1csad\u00e1s ig\u00e9nybev\u00e9tel\u00e9nek felt\u00e9teleit, az ig\u00e9nybe vev\u0151 \u00e1ltal v\u00e1llaland\u00f3 felt\u00e9teleket, valamint jelzi az esetleges nyitott k\u00e9rd\u00e9seket.<\/p>\n\n\n\n<p>A megbesz\u00e9lt id\u0151pontban a Kamara tan\u00e1csad\u00f3ja felveszi a kapcsolatot az \u00e9rdekl\u0151d\u0151vel. Amennyiben minden inform\u00e1ci\u00f3 ismert, a tan\u00e1csad\u00f3 r\u00f6vid \u00e1ttekint\u00e9s alapj\u00e1n felv\u00e1zolja a lehets\u00e9ges energiamegtakar\u00edt\u00e1st eredm\u00e9nyez\u0151 javaslatokat, a k\u00fcl\u00f6nb\u00f6z\u0151 alternat\u00edv\u00e1kat. Sz\u00fcks\u00e9g szerint pontos\u00edtja az ig\u00e9nybe vev\u0151vel a megl\u00e9v\u0151 \u00e1llapotot, haszn\u00e1lati szok\u00e1sokat, a tan\u00e1csad\u00e1sra feltett k\u00e9rd\u00e9seket. Lehet\u0151s\u00e9g szerint komplex \u00e1ttekint\u00e9st adva az egyedi ig\u00e9nyekhez igazodva. A tan\u00e1csad\u00f3 az ig\u00e9nybe vev\u0151 menet k\u00f6zben felmer\u00fcl\u0151 k\u00e9rd\u00e9seit megv\u00e1laszolja.<\/p>\n\n\n\n<p>A tan\u00e1csad\u00e1s z\u00e1r\u00e1sak\u00e9nt a sz\u00f3ban elhangzottakr\u00f3l:<\/p>\n\n\n\n<ul class=\"wp-block-list\">\n<li>a javasolt alternat\u00edv\u00e1kr\u00f3l;<\/li>\n\n\n\n<li>a k\u00fcl\u00f6nb\u00f6z\u0151 tervez\u0151i, illetve energetikus szakember bevon\u00e1s\u00e1t ig\u00e9nyl\u0151 feladatokr\u00f3l \u00e9s<\/li>\n\n\n\n<li>a szakemberek fellelhet\u0151s\u00e9g\u00e9nek m\u00f3djair\u00f3l;<\/li>\n\n\n\n<li>az aktu\u00e1lis energiahat\u00e9konys\u00e1gi beruh\u00e1z\u00e1sokat seg\u00edt\u0151 p\u00e1ly\u00e1zati lehet\u0151s\u00e9gekr\u0151l<\/li>\n<\/ul>\n\n\n\n<p>\u00edr\u00e1sos eml\u00e9keztet\u0151 k\u00e9sz\u00fcl. Az eml\u00e9keztet\u0151 &#8211; terjedelm\u00e9t\u0151l f\u00fcgg\u0151en &#8211; ut\u00f3lag is k\u00e9sz\u00fclhet \u00e9s elektronikusan vagy postai \u00faton ker\u00fcl eljuttat\u00e1sra az ig\u00e9nybe vev\u0151nek.<\/p>\n\n\n\n<p><strong>Felh\u00edvjuk figyelm\u00e9t!<\/strong><\/p>\n\n\n\n<p>A tan\u00e1csad\u00e1s keret\u00e9ben a tan\u00e1csad\u00f3:<\/p>\n\n\n\n<ul class=\"wp-block-list\">\n<li><strong>a megold\u00e1s lehets\u00e9ges \u00e9s javasolt ir\u00e1ny\u00e1r\u00f3l<\/strong>, m\u00f3dj\u00e1r\u00f3l, eszk\u00f6zeir\u0151l, a megold\u00e1sban lehets\u00e9ges k\u00f6zrem\u0171k\u00f6d\u0151k fellelhet\u0151s\u00e9g\u00e9r\u0151l \u00e9s a figyelembe veend\u0151 legfontosabb szempontokr\u00f3l ad t\u00e1j\u00e9koztat\u00e1st;\n<ul class=\"wp-block-list\">\n<li><strong>nem v\u00e9gez tervez\u00e9si jogosults\u00e1got ig\u00e9nyl\u0151 feladatokat<\/strong>, a tan\u00e1csad\u00e1s nem tervez\u00e9s, nem a megold\u00e1s r\u00e9szleteinek kidolgoz\u00e1s\u00e1t \u00e9s\/vagy a megold\u00e1s helysz\u00edni adapt\u00e1ci\u00f3j\u00e1t jelenti;<\/li>\n\n\n\n<li><strong>nem k\u00e9sz\u00edt energetikai tan\u00fas\u00edtv\u00e1nyt, nem v\u00e9gez energetikai auditot, vesztes\u00e9gfelt\u00e1r\u00e1st, helysz\u00edni m\u00e9r\u00e9seket<\/strong>, azonban tartalmazhatja ezek elv\u00e9gz\u00e9s\u00e9nek sz\u00fcks\u00e9gess\u00e9g\u00e9t \u00e9s t\u00e1j\u00e9koztathat arr\u00f3l, hogy hol tal\u00e1lhat\u00f3k meg az e tev\u00e9kenys\u00e9gek v\u00e9gz\u00e9s\u00e9re jogosult szem\u00e9lyek \u00e9s szervezetek<strong>;<\/strong><\/li>\n\n\n\n<li><strong>nem javasol konkr\u00e9t be\u00e9p\u00edtend\u0151 eszk\u00f6zt \u00e9s konkr\u00e9t technol\u00f3gi\u00e1t, k\u00e9sz\u00fcl\u00e9k t\u00edpust<\/strong>;<\/li>\n\n\n\n<li><strong>nem javasol konkr\u00e9t szem\u00e9lyt, c\u00e9get a tervez\u00e9s, kivitelez\u00e9s elv\u00e9gz\u00e9s\u00e9re<\/strong>.<\/li>\n<\/ul>\n<\/li>\n<\/ul>\n\n\n\n<hr class=\"wp-block-separator has-css-opacity\"\/>\n\n\n\n<h4 class=\"wp-block-heading\"><strong><span class=\"has-inline-color has-vivid-red-color\">A tan\u00e1csad\u00e1s alapj\u00e1n el\u00e9rt energiamegtakar\u00edt\u00e1s nyomon k\u00f6vet\u00e9se<\/span><\/strong><\/h4>\n\n\n\n<p>Az adatok megismerhet\u0151s\u00e9g\u00e9n \u00e9s feldolgoz\u00e1s\u00e1n t\u00fal, annak \u00e9rdek\u00e9ben, hogy a tan\u00e1csad\u00e1s alapj\u00e1n megval\u00f3s\u00edtott energiahat\u00e9konys\u00e1gi beavatkoz\u00e1sok eredm\u00e9nyess\u00e9ge nyomon k\u00f6vethet\u0151 legyen, az ig\u00e9nybe vev\u0151nek v\u00e1llalnia kell, hogy:<\/p>\n\n\n\n<ol class=\"wp-block-list\" style=\"list-style-type:lower-alpha\">\n<li>az energiahat\u00e9konys\u00e1gi <strong>beavatkoz\u00e1s megval\u00f3sul\u00e1s\u00e1t<\/strong> k\u00f6vet\u0151 15 napon bel\u00fcl \u00edr\u00e1sban t\u00e1j\u00e9koztatja a MMK-t az adatfelv\u00e9telez\u0151 \u00fatj\u00e1n (ennek el\u0151seg\u00edt\u00e9s\u00e9re egy bejelent\u0151 nyomtatv\u00e1ny ker\u00fclt \u00f6ssze\u00e1ll\u00edt\u00e1sra);<\/li>\n\n\n\n<li>amennyiben k\u00e9sz\u00fcl tan\u00fas\u00edt\u00f3 szakember \u00e1ltal ki\u00e1ll\u00edtott <strong>hiteles energetikai tan\u00fas\u00edtv\u00e1ny<\/strong> a megval\u00f3s\u00edtott energiahat\u00e9konys\u00e1gi beavatkoz\u00e1sokat k\u00f6vet\u0151 \u00e1llapotr\u00f3l, azt a ki\u00e1ll\u00edt\u00e1st k\u00f6vet\u0151 15 napon bel\u00fcl m\u00e1solatban a MMK rendelkez\u00e9s\u00e9re bocs\u00e1tja;<\/li>\n\n\n\n<li>az <strong>energiafelhaszn\u00e1l\u00e1s v\u00e1ltoz\u00e1s\u00e1nak (megtakar\u00edt\u00e1s\/n\u00f6veked\u00e9s) t\u00e9nyleges m\u00e9rt\u00e9k\u00e9r\u0151l<\/strong> a nyomon k\u00f6vethet\u0151s\u00e9g \u00e9rdek\u00e9ben, a megval\u00f3s\u00edt\u00e1st k\u00f6vet\u0151 6 h\u00f3napon bel\u00fcl az adatfelv\u00e9teli lap \u00e9s a tan\u00e1csad\u00e1s sor\u00e1n megjel\u00f6lt mell\u00e9kletek ism\u00e9telt beny\u00fajt\u00e1s\u00e1val nyilatkozik.<\/li>\n<\/ol>\n\n\n\n<p><strong>A tan\u00e1csad\u00e1si szolg\u00e1ltat\u00e1sunk hamarosan elindul, addig is tekintse \u00e1t a fenti men\u00fcpontokban olvashat\u00f3 inform\u00e1ci\u00f3kat, illetve felmer\u00fcl\u0151 k\u00e9rd\u00e9seivel forduljon hozz\u00e1nk a <\/strong><a href=\"mailto:tanacsadas@mmk.hu\"><strong>tanacsadas@mmk.hu<\/strong><\/a><strong> c\u00edmre \u00edrt e-mailben.<\/strong><\/p>\n\n\n\n<hr class=\"wp-block-separator has-css-opacity\"\/>\n\n\n\n<h4 class=\"wp-block-heading\"><strong><span class=\"has-inline-color has-vivid-red-color\">Gyakran feltett k\u00e9rd\u00e9sek<\/span><\/strong><\/h4>\n\n\n\n<p><strong>Kell fizetni a tan\u00e1csad\u00e1s\u00e9rt?<\/strong><br>Nem, azonban a nyomon k\u00f6vet\u00e9si k\u00f6telezetts\u00e9get teljes\u00edteni kell, ez a tan\u00e1csad\u00e1s \u201e\u00e1ra\u201d.<\/p>\n\n\n\n<p><strong>Hogyan vehet\u0151 ig\u00e9nybe a tan\u00e1csad\u00e1s?<\/strong><br>On-line fel\u00fcleten, szem\u00e9lyesen (amint a jelenlegi korl\u00e1toz\u00e1sok felold\u00e1sra ker\u00fclnek), elektronikusan vagy postai \u00faton beny\u00fajtott adatfelv\u00e9teli lap \u00e9s sz\u00fcks\u00e9ges mell\u00e9kleteinek megl\u00e9te eset\u00e9n. Az adatfelv\u00e9teli lapok let\u00f6lthet\u0151k az egyes men\u00fcpontokb\u00f3l.<\/p>\n\n\n\n<p><strong>Kell id\u0151pontot foglalni az on-line tan\u00e1csad\u00e1shoz?<\/strong><br>Igen. Az on-line tan\u00e1csad\u00e1st el\u0151zetes id\u0151pontegyeztet\u00e9s mellet tudjuk biztos\u00edtani, melyet a kit\u00f6lt\u00f6tt adatlap be\u00e9rkez\u00e9s\u00e9t k\u00f6vet\u0151en pontos\u00edtunk \u00d6nnel.<\/p>\n\n\n\n<p><strong>Hol van lehet\u0151s\u00e9g a szem\u00e9lyes tan\u00e1csad\u00e1s ig\u00e9nybev\u00e9tel\u00e9re?<\/strong><br>Jelenleg szem\u00e9lyes tan\u00e1csad\u00e1sra nincs lehet\u0151s\u00e9g, amint a jelenlegi korl\u00e1toz\u00e1sok felold\u00e1sra ker\u00fclnek elind\u00edtjuk ezt a v\u00e1ltozatot is. A szem\u00e9lyes tan\u00e1csad\u00e1st Budapesten a MMK sz\u00e9khely\u00e9n fogjuk biztos\u00edtani. Folyamatban van a ter\u00fcleti tan\u00e1csad\u00f3 h\u00e1l\u00f3zat l\u00e9trehoz\u00e1sa ez\u00e9rt k\u00e9rj\u00fck k\u00eds\u00e9rje figyelemmel honlapunkat az aktu\u00e1lis inform\u00e1ci\u00f3k\u00e9rt, a tov\u00e1bbi tan\u00e1csad\u00f3 pontok el\u00e9rhet\u0151s\u00e9g\u00e9\u00e9rt.<\/p>\n\n\n\n<p><strong>Hol kaphatok el\u0151zetesen inform\u00e1ci\u00f3t a tan\u00e1csad\u00e1sr\u00f3l?<\/strong><br>Inform\u00e1ci\u00f3k\u00e9rt \u00edrjon nek\u00fcnk e-mailt a <a href=\"mailto:energetika@mmk.hu\">tanacsadas@mmk.hu<\/a> c\u00edmre. N\u00e9h\u00e1ny munkanapon bel\u00fcl visszajelentkez\u00fcnk a v\u00e1lasszal.<\/p>\n\n\n\n<hr class=\"wp-block-separator has-css-opacity\"\/>\n\n\n\n<h4 class=\"wp-block-heading has-vivid-red-color has-text-color has-link-color wp-elements-2dd2f845251d47d07d16bc782b0ddd2b\"><strong>Fontosabb jogszab\u00e1lyok<\/strong><\/h4>\n\n\n\n<p><a href=\"http:\/\/njt.hu\/cgi_bin\/njt_doc.cgi?docid=175684\" target=\"_blank\" rel=\"noreferrer noopener\">2015. \u00e9vi LVII. t\u00f6rv\u00e9ny az energiahat\u00e9konys\u00e1gr\u00f3l<\/a><\/p>\n\n\n\n<p><a href=\"http:\/\/njt.hu\/cgi_bin\/njt_doc.cgi?docid=175714\" target=\"_blank\" rel=\"noreferrer noopener\">122\/2015. (V. 26.) Korm. rendelet az energiahat\u00e9konys\u00e1gr\u00f3l sz\u00f3l\u00f3 t\u00f6rv\u00e9ny v\u00e9grehajt\u00e1s\u00e1r\u00f3l<\/a><\/p>\n\n\n\n<p><a href=\"http:\/\/www.njt.hu\/cgi_bin\/njt_doc.cgi?docid=119391\" target=\"_blank\" rel=\"noreferrer noopener\">176\/2008.(VI.30.) Korm. rendelet az \u00e9p\u00fcletek energetikai jellemz\u0151inek tan\u00fas\u00edt\u00e1s\u00e1r\u00f3l<\/a><\/p>\n\n\n\n<p><a href=\"https:\/\/njt.hu\/search\/-:8X20:2023:9:-:-:-:-:-:-:-\/1\/10\">9\/2023. (V. 25.) EKM rendelet az \u00e9p\u00fcletek energetikai jellemz\u0151inek meghat\u00e1roz\u00e1s\u00e1r\u00f3l<\/a><\/p>\n\n\n\n<p>(Hat\u00e1lyon k\u00edv\u00fcl 2023. okt\u00f3ber 31-t\u0151l:&nbsp;<a href=\"http:\/\/njt.hu\/cgi_bin\/njt_doc.cgi?docid=101820\" target=\"_blank\" rel=\"noreferrer noopener\">7\/2006. (V. 24.) TNM rendelet<\/a>)<\/p>\n","protected":false},"excerpt":{"rendered":"<p>Az Orsz\u00e1ggy\u0171l\u00e9s m\u00f3dos\u00edtotta az energiahat\u00e9konys\u00e1gr\u00f3l sz\u00f3l\u00f3 2015. \u00e9vi LVII. t\u00f6rv\u00e9nyt (Ehat.), amely a Magyar M\u00e9rn\u00f6ki Kamara (MMK) szervezet\u00e9be telep\u00edtette a lakoss\u00e1gi \u00e9s [&hellip;]<\/p>\n","protected":false},"author":3,"featured_media":0,"parent":0,"menu_order":0,"comment_status":"closed","ping_status":"closed","template":"","meta":{"_exactmetrics_skip_tracking":false,"_exactmetrics_sitenote_active":false,"_exactmetrics_sitenote_note":"","_exactmetrics_sitenote_category":0,"footnotes":""},"class_list":["post-27","page","type-page","status-publish","hentry"],"_links":{"self":[{"href":"https:\/\/mernokvagyok.hu\/tanacsadas\/index.php?rest_route=\/wp\/v2\/pages\/27","targetHints":{"allow":["GET"]}}],"collection":[{"href":"https:\/\/mernokvagyok.hu\/tanacsadas\/index.php?rest_route=\/wp\/v2\/pages"}],"about":[{"href":"https:\/\/mernokvagyok.hu\/tanacsadas\/index.php?rest_route=\/wp\/v2\/types\/page"}],"author":[{"embeddable":true,"href":"https:\/\/mernokvagyok.hu\/tanacsadas\/index.php?rest_route=\/wp\/v2\/users\/3"}],"replies":[{"embeddable":true,"href":"https:\/\/mernokvagyok.hu\/tanacsadas\/index.php?rest_route=%2Fwp%2Fv2%2Fcomments&post=27"}],"version-history":[{"count":15,"href":"https:\/\/mernokvagyok.hu\/tanacsadas\/index.php?rest_route=\/wp\/v2\/pages\/27\/revisions"}],"predecessor-version":[{"id":296,"href":"https:\/\/mernokvagyok.hu\/tanacsadas\/index.php?rest_route=\/wp\/v2\/pages\/27\/revisions\/296"}],"wp:attachment":[{"href":"https:\/\/mernokvagyok.hu\/tanacsadas\/index.php?rest_route=%2Fwp%2Fv2%2Fmedia&parent=27"}],"curies":[{"name":"wp","href":"https:\/\/api.w.org\/{rel}","templated":true}]}}