{"id":84,"date":"2021-04-13T09:51:43","date_gmt":"2021-04-13T07:51:43","guid":{"rendered":"https:\/\/mernokvagyok.hu\/kozlekedesi\/?page_id=84"},"modified":"2021-04-13T09:51:44","modified_gmt":"2021-04-13T07:51:44","slug":"tagozati-kepzesi-kiadvanyok","status":"publish","type":"page","link":"https:\/\/mernokvagyok.hu\/kozlekedesi\/tagozati-kepzesi-kiadvanyok\/","title":{"rendered":"Tagozati k\u00e9pz\u00e9si kiadv\u00e1nyok"},"content":{"rendered":"","protected":false},"excerpt":{"rendered":"","protected":false},"author":873,"featured_media":0,"parent":0,"menu_order":0,"comment_status":"closed","ping_status":"closed","template":"","meta":{"footnotes":""},"class_list":["post-84","page","type-page","status-publish","hentry"],"_links":{"self":[{"href":"https:\/\/mernokvagyok.hu\/kozlekedesi\/wp-json\/wp\/v2\/pages\/84","targetHints":{"allow":["GET"]}}],"collection":[{"href":"https:\/\/mernokvagyok.hu\/kozlekedesi\/wp-json\/wp\/v2\/pages"}],"about":[{"href":"https:\/\/mernokvagyok.hu\/kozlekedesi\/wp-json\/wp\/v2\/types\/page"}],"author":[{"embeddable":true,"href":"https:\/\/mernokvagyok.hu\/kozlekedesi\/wp-json\/wp\/v2\/users\/873"}],"replies":[{"embeddable":true,"href":"https:\/\/mernokvagyok.hu\/kozlekedesi\/wp-json\/wp\/v2\/comments?post=84"}],"version-history":[{"count":1,"href":"https:\/\/mernokvagyok.hu\/kozlekedesi\/wp-json\/wp\/v2\/pages\/84\/revisions"}],"predecessor-version":[{"id":85,"href":"https:\/\/mernokvagyok.hu\/kozlekedesi\/wp-json\/wp\/v2\/pages\/84\/revisions\/85"}],"wp:attachment":[{"href":"https:\/\/mernokvagyok.hu\/kozlekedesi\/wp-json\/wp\/v2\/media?parent=84"}],"curies":[{"name":"wp","href":"https:\/\/api.w.org\/{rel}","templated":true}]}}