{"id":833,"date":"2021-06-08T14:56:58","date_gmt":"2021-06-08T12:56:58","guid":{"rendered":"https:\/\/mernokvagyok.hu\/kozlekedesi\/?page_id=833"},"modified":"2021-06-08T15:42:16","modified_gmt":"2021-06-08T13:42:16","slug":"mesteriskolak","status":"publish","type":"page","link":"https:\/\/mernokvagyok.hu\/kozlekedesi\/mesteriskolak\/","title":{"rendered":"Mesteriskol\u00e1k"},"content":{"rendered":"\n<p><a href=\"https:\/\/www.mmk.hu\/kepzesek\/mesteriskolak\">https:\/\/www.mmk.hu\/kepzesek\/mesteriskolak<\/a><\/p>\n\n\n\n<h3 class=\"wp-block-heading\">K\u00f6zleked\u00e9si tagozat \u00e1ltal szervezett mesteriskola<\/h3>\n\n\n\n<p><em>felt\u00f6lt\u00e9s alatt<\/em><\/p>\n","protected":false},"excerpt":{"rendered":"<p>https:\/\/www.mmk.hu\/kepzesek\/mesteriskolak K\u00f6zleked\u00e9si tagozat \u00e1ltal szervezett mesteriskola felt\u00f6lt\u00e9s alatt<\/p>\n","protected":false},"author":873,"featured_media":0,"parent":0,"menu_order":0,"comment_status":"closed","ping_status":"closed","template":"","meta":{"footnotes":""},"class_list":["post-833","page","type-page","status-publish","hentry"],"_links":{"self":[{"href":"https:\/\/mernokvagyok.hu\/kozlekedesi\/wp-json\/wp\/v2\/pages\/833","targetHints":{"allow":["GET"]}}],"collection":[{"href":"https:\/\/mernokvagyok.hu\/kozlekedesi\/wp-json\/wp\/v2\/pages"}],"about":[{"href":"https:\/\/mernokvagyok.hu\/kozlekedesi\/wp-json\/wp\/v2\/types\/page"}],"author":[{"embeddable":true,"href":"https:\/\/mernokvagyok.hu\/kozlekedesi\/wp-json\/wp\/v2\/users\/873"}],"replies":[{"embeddable":true,"href":"https:\/\/mernokvagyok.hu\/kozlekedesi\/wp-json\/wp\/v2\/comments?post=833"}],"version-history":[{"count":3,"href":"https:\/\/mernokvagyok.hu\/kozlekedesi\/wp-json\/wp\/v2\/pages\/833\/revisions"}],"predecessor-version":[{"id":864,"href":"https:\/\/mernokvagyok.hu\/kozlekedesi\/wp-json\/wp\/v2\/pages\/833\/revisions\/864"}],"wp:attachment":[{"href":"https:\/\/mernokvagyok.hu\/kozlekedesi\/wp-json\/wp\/v2\/media?parent=833"}],"curies":[{"name":"wp","href":"https:\/\/api.w.org\/{rel}","templated":true}]}}