{"id":828,"date":"2021-06-08T14:54:08","date_gmt":"2021-06-08T12:54:08","guid":{"rendered":"https:\/\/mernokvagyok.hu\/kozlekedesi\/?page_id=828"},"modified":"2021-06-08T14:58:48","modified_gmt":"2021-06-08T12:58:48","slug":"jogi-tovabbkepzes","status":"publish","type":"page","link":"https:\/\/mernokvagyok.hu\/kozlekedesi\/jogi-tovabbkepzes\/","title":{"rendered":"Jogi tov\u00e1bbk\u00e9pz\u00e9s"},"content":{"rendered":"\n<p><a href=\"https:\/\/www.mmk.hu\/kepzesek\/online\">https:\/\/www.mmk.hu\/kepzesek\/online<\/a><\/p>\n","protected":false},"excerpt":{"rendered":"<p>https:\/\/www.mmk.hu\/kepzesek\/online<\/p>\n","protected":false},"author":873,"featured_media":0,"parent":0,"menu_order":0,"comment_status":"closed","ping_status":"closed","template":"","meta":{"footnotes":""},"class_list":["post-828","page","type-page","status-publish","hentry"],"_links":{"self":[{"href":"https:\/\/mernokvagyok.hu\/kozlekedesi\/wp-json\/wp\/v2\/pages\/828","targetHints":{"allow":["GET"]}}],"collection":[{"href":"https:\/\/mernokvagyok.hu\/kozlekedesi\/wp-json\/wp\/v2\/pages"}],"about":[{"href":"https:\/\/mernokvagyok.hu\/kozlekedesi\/wp-json\/wp\/v2\/types\/page"}],"author":[{"embeddable":true,"href":"https:\/\/mernokvagyok.hu\/kozlekedesi\/wp-json\/wp\/v2\/users\/873"}],"replies":[{"embeddable":true,"href":"https:\/\/mernokvagyok.hu\/kozlekedesi\/wp-json\/wp\/v2\/comments?post=828"}],"version-history":[{"count":3,"href":"https:\/\/mernokvagyok.hu\/kozlekedesi\/wp-json\/wp\/v2\/pages\/828\/revisions"}],"predecessor-version":[{"id":837,"href":"https:\/\/mernokvagyok.hu\/kozlekedesi\/wp-json\/wp\/v2\/pages\/828\/revisions\/837"}],"wp:attachment":[{"href":"https:\/\/mernokvagyok.hu\/kozlekedesi\/wp-json\/wp\/v2\/media?parent=828"}],"curies":[{"name":"wp","href":"https:\/\/api.w.org\/{rel}","templated":true}]}}