{"id":819,"date":"2021-06-08T14:38:57","date_gmt":"2021-06-08T12:38:57","guid":{"rendered":"https:\/\/mernokvagyok.hu\/kozlekedesi\/?page_id=819"},"modified":"2021-06-08T15:56:12","modified_gmt":"2021-06-08T13:56:12","slug":"szakmai-kiadvanyok-3","status":"publish","type":"page","link":"https:\/\/mernokvagyok.hu\/kozlekedesi\/szakmai-kiadvanyok-3\/","title":{"rendered":"Szakmai kiadv\u00e1nyok"},"content":{"rendered":"\n<h3 class=\"wp-block-heading\">Seg\u00e9dletek, \u00fatmutat\u00f3k<\/h3>\n\n\n\n<p>Berencsi Mikl\u00f3s &#8211; Szakmai (k\u00f6zleked\u00e9si) K\u00e9pz\u00e9s &#8211; Ker\u00e9kp\u00e1ros-bar\u00e1t k\u00f6zleked\u00e9s<\/p>\n\n\n\n<figure class=\"wp-block-embed is-type-rich is-provider-beagyazas-kezelo wp-block-embed-beagyazas-kezelo wp-embed-aspect-16-9 wp-has-aspect-ratio\"><div class=\"wp-block-embed__wrapper\">\n<iframe title=\"Berencsi Mikl\u00f3s - Szakmai (k\u00f6zleked\u00e9si) K\u00e9pz\u00e9s - Ker\u00e9kp\u00e1ros-bar\u00e1t k\u00f6zleked\u00e9s\" width=\"1170\" height=\"658\" src=\"https:\/\/www.youtube.com\/embed\/FjdZi5GJkDY?feature=oembed\" frameborder=\"0\" allow=\"accelerometer; autoplay; clipboard-write; encrypted-media; gyroscope; picture-in-picture\" allowfullscreen><\/iframe>\n<\/div><\/figure>\n\n\n\n<p> <\/p>\n\n\n\n<h3 class=\"wp-block-heading\">Tanulm\u00e1nyok, esettanulm\u00e1nyok<\/h3>\n\n\n\n<p><em>felt\u00f6lt\u00e9s alatt<\/em><\/p>\n\n\n\n<h3 class=\"wp-block-heading\">FAP anyagok<\/h3>\n\n\n\n<p><a href=\"https:\/\/www.mmk.hu\/bejelentkezes.html?url=%2ftagjainknak%2fsegedletek%2ffap\">https:\/\/www.mmk.hu\/bejelentkezes.html?url=%2ftagjainknak%2fsegedletek%2ffap<\/a><\/p>\n\n\n\n<h3 class=\"wp-block-heading\">Alapfogalmak<\/h3>\n\n\n\n<p><a href=\"https:\/\/ume.kozut.hu\/alapfogalmak\">https:\/\/ume.kozut.hu\/alapfogalmak<\/a><\/p>\n\n\n\n<p><a href=\"https:\/\/maut.hu\/mautdata\/mediat%c3%a1r\/fogalmak\/Alapfogalmak_2021_marcius.pdf\">https:\/\/maut.hu\/mautdata\/mediat%c3%a1r\/fogalmak\/Alapfogalmak_2021_marcius.pdf<\/a><\/p>\n","protected":false},"excerpt":{"rendered":"<p>Seg\u00e9dletek, \u00fatmutat\u00f3k Berencsi Mikl\u00f3s &#8211; Szakmai (k\u00f6zleked\u00e9si) K\u00e9pz\u00e9s &#8211; Ker\u00e9kp\u00e1ros-bar\u00e1t k\u00f6zleked\u00e9s Tanulm\u00e1nyok, esettanulm\u00e1nyok felt\u00f6lt\u00e9s alatt FAP anyagok https:\/\/www.mmk.hu\/bejelentkezes.html?url=%2ftagjainknak%2fsegedletek%2ffap Alapfogalmak https:\/\/ume.kozut.hu\/alapfogalmak https:\/\/maut.hu\/mautdata\/mediat%c3%a1r\/fogalmak\/Alapfogalmak_2021_marcius.pdf<\/p>\n","protected":false},"author":873,"featured_media":0,"parent":0,"menu_order":0,"comment_status":"closed","ping_status":"closed","template":"","meta":{"footnotes":""},"class_list":["post-819","page","type-page","status-publish","hentry"],"_links":{"self":[{"href":"https:\/\/mernokvagyok.hu\/kozlekedesi\/wp-json\/wp\/v2\/pages\/819","targetHints":{"allow":["GET"]}}],"collection":[{"href":"https:\/\/mernokvagyok.hu\/kozlekedesi\/wp-json\/wp\/v2\/pages"}],"about":[{"href":"https:\/\/mernokvagyok.hu\/kozlekedesi\/wp-json\/wp\/v2\/types\/page"}],"author":[{"embeddable":true,"href":"https:\/\/mernokvagyok.hu\/kozlekedesi\/wp-json\/wp\/v2\/users\/873"}],"replies":[{"embeddable":true,"href":"https:\/\/mernokvagyok.hu\/kozlekedesi\/wp-json\/wp\/v2\/comments?post=819"}],"version-history":[{"count":7,"href":"https:\/\/mernokvagyok.hu\/kozlekedesi\/wp-json\/wp\/v2\/pages\/819\/revisions"}],"predecessor-version":[{"id":863,"href":"https:\/\/mernokvagyok.hu\/kozlekedesi\/wp-json\/wp\/v2\/pages\/819\/revisions\/863"}],"wp:attachment":[{"href":"https:\/\/mernokvagyok.hu\/kozlekedesi\/wp-json\/wp\/v2\/media?parent=819"}],"curies":[{"name":"wp","href":"https:\/\/api.w.org\/{rel}","templated":true}]}}