{"id":813,"date":"2021-06-08T14:28:09","date_gmt":"2021-06-08T12:28:09","guid":{"rendered":"https:\/\/mernokvagyok.hu\/kozlekedesi\/?page_id=813"},"modified":"2021-06-11T15:26:10","modified_gmt":"2021-06-11T13:26:10","slug":"a-szakmat-erinto-jogszabalyok","status":"publish","type":"page","link":"https:\/\/mernokvagyok.hu\/kozlekedesi\/a-szakmat-erinto-jogszabalyok\/","title":{"rendered":"A szakm\u00e1t \u00e9rint\u0151 jogszab\u00e1lyok"},"content":{"rendered":"\n<p><\/p>\n\n\n\n<h4 class=\"wp-block-heading\">K\u00f6z\u00fati t\u00e1rgy\u00fa jogszab\u00e1lyok: <a href=\"https:\/\/mernokvagyok.hu\/kozlekedesi\/kozuti-targyu-jogszabalyok\/\">ITT<\/a><\/h4>\n\n\n\n<h4 class=\"wp-block-heading\">Vas\u00fati t\u00e1rgy\u00fa jogszab\u00e1lyok: <a href=\"https:\/\/mernokvagyok.hu\/kozlekedesi\/vasuti-targyu-jogszabalyok\/\">ITT<\/a><\/h4>\n\n\n\n<h4 class=\"wp-block-heading\">\u00c9p\u00edt\u00e9s\u00fcgyi jogszab\u00e1lyok: <a href=\"https:\/\/mernokvagyok.hu\/kozlekedesi\/epitesugyi-jogszabalyok\/\">ITT<\/a><\/h4>\n\n\n\n<h4 class=\"wp-block-heading\">K\u00f6rnyezet-, v\u00edz- \u00e9s term\u00e9szetv\u00e9delmi jogszab\u00e1lyok: <a href=\"https:\/\/mernokvagyok.hu\/kozlekedesi\/kornyezet-viz-es-termeszetvedelmi-jogszabalyok\/\">ITT<\/a><\/h4>\n","protected":false},"excerpt":{"rendered":"<p>K\u00f6z\u00fati t\u00e1rgy\u00fa jogszab\u00e1lyok: ITT Vas\u00fati t\u00e1rgy\u00fa jogszab\u00e1lyok: ITT \u00c9p\u00edt\u00e9s\u00fcgyi jogszab\u00e1lyok: ITT K\u00f6rnyezet-, v\u00edz- \u00e9s term\u00e9szetv\u00e9delmi jogszab\u00e1lyok: ITT<\/p>\n","protected":false},"author":873,"featured_media":0,"parent":0,"menu_order":0,"comment_status":"closed","ping_status":"closed","template":"","meta":{"footnotes":""},"class_list":["post-813","page","type-page","status-publish","hentry"],"_links":{"self":[{"href":"https:\/\/mernokvagyok.hu\/kozlekedesi\/wp-json\/wp\/v2\/pages\/813","targetHints":{"allow":["GET"]}}],"collection":[{"href":"https:\/\/mernokvagyok.hu\/kozlekedesi\/wp-json\/wp\/v2\/pages"}],"about":[{"href":"https:\/\/mernokvagyok.hu\/kozlekedesi\/wp-json\/wp\/v2\/types\/page"}],"author":[{"embeddable":true,"href":"https:\/\/mernokvagyok.hu\/kozlekedesi\/wp-json\/wp\/v2\/users\/873"}],"replies":[{"embeddable":true,"href":"https:\/\/mernokvagyok.hu\/kozlekedesi\/wp-json\/wp\/v2\/comments?post=813"}],"version-history":[{"count":5,"href":"https:\/\/mernokvagyok.hu\/kozlekedesi\/wp-json\/wp\/v2\/pages\/813\/revisions"}],"predecessor-version":[{"id":915,"href":"https:\/\/mernokvagyok.hu\/kozlekedesi\/wp-json\/wp\/v2\/pages\/813\/revisions\/915"}],"wp:attachment":[{"href":"https:\/\/mernokvagyok.hu\/kozlekedesi\/wp-json\/wp\/v2\/media?parent=813"}],"curies":[{"name":"wp","href":"https:\/\/api.w.org\/{rel}","templated":true}]}}