{"id":802,"date":"2021-06-08T14:42:33","date_gmt":"2021-06-08T12:42:33","guid":{"rendered":"https:\/\/mernokvagyok.hu\/kozlekedesi\/?page_id=802"},"modified":"2025-01-31T15:51:12","modified_gmt":"2025-01-31T14:51:12","slug":"elnoksegi-ulesek","status":"publish","type":"page","link":"https:\/\/mernokvagyok.hu\/kozlekedesi\/elnoksegi-ulesek\/","title":{"rendered":"Eln\u00f6ks\u00e9gi \u00fcl\u00e9sek"},"content":{"rendered":"\n<p>A 2025. \u00e9vi eln\u00f6ks\u00e9gi id\u0151pontjai hamarosan publik\u00e1l\u00e1sra ker\u00fclnek. <\/p>\n\n\n\n<p><\/p>\n\n\n\n<p>A kor\u00e1bbi eln\u00f6ks\u00e9gi \u00fcl\u00e9sek hat\u00e1rozatai <a href=\"https:\/\/mernokvagyok.hu\/kozlekedesi\/elnoksegi-ulesek-elnoksegi-hatarozatai\/\" data-type=\"URL\" data-id=\"https:\/\/mernokvagyok.hu\/kozlekedesi\/elnoksegi-ulesek-elnoksegi-hatarozatai\/\">IDE<\/a> kattintva el\u00e9rhet\u0151ek.<\/p>\n","protected":false},"excerpt":{"rendered":"<p>A 2025. \u00e9vi eln\u00f6ks\u00e9gi id\u0151pontjai hamarosan publik\u00e1l\u00e1sra ker\u00fclnek. A kor\u00e1bbi eln\u00f6ks\u00e9gi \u00fcl\u00e9sek hat\u00e1rozatai IDE kattintva el\u00e9rhet\u0151ek.<\/p>\n","protected":false},"author":873,"featured_media":0,"parent":0,"menu_order":0,"comment_status":"closed","ping_status":"closed","template":"","meta":{"footnotes":""},"class_list":["post-802","page","type-page","status-publish","hentry"],"_links":{"self":[{"href":"https:\/\/mernokvagyok.hu\/kozlekedesi\/wp-json\/wp\/v2\/pages\/802","targetHints":{"allow":["GET"]}}],"collection":[{"href":"https:\/\/mernokvagyok.hu\/kozlekedesi\/wp-json\/wp\/v2\/pages"}],"about":[{"href":"https:\/\/mernokvagyok.hu\/kozlekedesi\/wp-json\/wp\/v2\/types\/page"}],"author":[{"embeddable":true,"href":"https:\/\/mernokvagyok.hu\/kozlekedesi\/wp-json\/wp\/v2\/users\/873"}],"replies":[{"embeddable":true,"href":"https:\/\/mernokvagyok.hu\/kozlekedesi\/wp-json\/wp\/v2\/comments?post=802"}],"version-history":[{"count":5,"href":"https:\/\/mernokvagyok.hu\/kozlekedesi\/wp-json\/wp\/v2\/pages\/802\/revisions"}],"predecessor-version":[{"id":1645,"href":"https:\/\/mernokvagyok.hu\/kozlekedesi\/wp-json\/wp\/v2\/pages\/802\/revisions\/1645"}],"wp:attachment":[{"href":"https:\/\/mernokvagyok.hu\/kozlekedesi\/wp-json\/wp\/v2\/media?parent=802"}],"curies":[{"name":"wp","href":"https:\/\/api.w.org\/{rel}","templated":true}]}}