{"id":796,"date":"2021-06-08T14:00:48","date_gmt":"2021-06-08T12:00:48","guid":{"rendered":"https:\/\/mernokvagyok.hu\/kozlekedesi\/?page_id=796"},"modified":"2025-11-19T11:38:44","modified_gmt":"2025-11-19T10:38:44","slug":"tagozati-ugyrend","status":"publish","type":"page","link":"https:\/\/mernokvagyok.hu\/kozlekedesi\/tagozati-ugyrend\/","title":{"rendered":"\u00dcgyrend, SZMSZ"},"content":{"rendered":"\n<p>A K\u00f6zleked\u00e9si Tagozat hat\u00e1lyos \u00fcgyrendje az al\u00e1bbi dokumentumban olvashat\u00f3:<\/p>\n\n\n\n<p><a href=\"https:\/\/mernokvagyok.hu\/kozlekedesi\/wp-content\/uploads\/2025\/11\/Kozlekedesi_Tagozat_Ugyrend_2025.pdf\" data-type=\"link\" data-id=\"https:\/\/mernokvagyok.hu\/kozlekedesi\/wp-content\/uploads\/2025\/11\/Kozlekedesi_Tagozat_Ugyrend_2025.pdf\">K\u00f6zleked\u00e9si Tagozat &#8211; \u00dcgyrend 2025<\/a><\/p>\n\n\n\n<p><\/p>\n","protected":false},"excerpt":{"rendered":"<p>A K\u00f6zleked\u00e9si Tagozat hat\u00e1lyos \u00fcgyrendje az al\u00e1bbi dokumentumban olvashat\u00f3: K\u00f6zleked\u00e9si Tagozat &#8211; \u00dcgyrend 2025<\/p>\n","protected":false},"author":873,"featured_media":0,"parent":0,"menu_order":0,"comment_status":"closed","ping_status":"closed","template":"","meta":{"footnotes":""},"class_list":["post-796","page","type-page","status-publish","hentry"],"_links":{"self":[{"href":"https:\/\/mernokvagyok.hu\/kozlekedesi\/wp-json\/wp\/v2\/pages\/796","targetHints":{"allow":["GET"]}}],"collection":[{"href":"https:\/\/mernokvagyok.hu\/kozlekedesi\/wp-json\/wp\/v2\/pages"}],"about":[{"href":"https:\/\/mernokvagyok.hu\/kozlekedesi\/wp-json\/wp\/v2\/types\/page"}],"author":[{"embeddable":true,"href":"https:\/\/mernokvagyok.hu\/kozlekedesi\/wp-json\/wp\/v2\/users\/873"}],"replies":[{"embeddable":true,"href":"https:\/\/mernokvagyok.hu\/kozlekedesi\/wp-json\/wp\/v2\/comments?post=796"}],"version-history":[{"count":7,"href":"https:\/\/mernokvagyok.hu\/kozlekedesi\/wp-json\/wp\/v2\/pages\/796\/revisions"}],"predecessor-version":[{"id":1915,"href":"https:\/\/mernokvagyok.hu\/kozlekedesi\/wp-json\/wp\/v2\/pages\/796\/revisions\/1915"}],"wp:attachment":[{"href":"https:\/\/mernokvagyok.hu\/kozlekedesi\/wp-json\/wp\/v2\/media?parent=796"}],"curies":[{"name":"wp","href":"https:\/\/api.w.org\/{rel}","templated":true}]}}