{"id":751,"date":"2021-06-08T12:47:45","date_gmt":"2021-06-08T10:47:45","guid":{"rendered":"https:\/\/mernokvagyok.hu\/kozlekedesi\/?page_id=751"},"modified":"2022-05-25T16:21:02","modified_gmt":"2022-05-25T14:21:02","slug":"a-tagozatt-kuldottjei","status":"publish","type":"page","link":"https:\/\/mernokvagyok.hu\/kozlekedesi\/a-tagozatt-kuldottjei\/","title":{"rendered":"A tagozat k\u00fcld\u00f6ttjei"},"content":{"rendered":"\n<h3 class=\"has-text-color wp-block-heading\" style=\"color:#0071a1\">A tagozat k\u00fcld\u00f6ttgy\u0171l\u00e9s\u00e9nek tagjai<\/h3>\n\n\n\n<div class=\"wp-block-columns is-layout-flex wp-container-core-columns-is-layout-9d6595d7 wp-block-columns-is-layout-flex\"><\/div>\n\n\n\n<figure class=\"wp-block-table is-style-stripes\"><table><tbody><tr><td><strong>Sorsz.<\/strong><\/td><td><strong>Kamarai sz\u00e1m<\/strong><\/td><td><strong>N\u00e9v<\/strong><\/td><\/tr><tr><td>1<\/td><td>01-6263<\/td><td>Adrovitz Mikl\u00f3s<\/td><\/tr><tr><td>2<\/td><td>14-00814<\/td><td>Andr\u00e1s Erik<\/td><\/tr><tr><td>3<\/td><td>01-14682<\/td><td>Asb\u00f3th Szabolcs<\/td><\/tr><tr><td>4<\/td><td>01-10032<\/td><td>Balogh Imre<\/td><\/tr><tr><td>5<\/td><td>11-0176<\/td><td>Barab\u00e1s Zsolt<\/td><\/tr><tr><td>6<\/td><td>13-11611<\/td><td>Barna Zsolt<\/td><\/tr><tr><td>7<\/td><td>01-11823<\/td><td>Beller Roland<\/td><\/tr><tr><td>8<\/td><td>01-8655<\/td><td>Berki Zsolt Dr.<\/td><\/tr><tr><td>9<\/td><td>13-11738<\/td><td>Bokory G\u00e1bor<\/td><\/tr><tr><td>10<\/td><td>01-7238<\/td><td>Boldvai Ern\u0151<\/td><\/tr><tr><td>11<\/td><td>06-0349<\/td><td>Bombolya Erzs\u00e9bet<\/td><\/tr><tr><td>12<\/td><td>10-0529<\/td><td>Botos \u00c9va<\/td><\/tr><tr><td>13<\/td><td>18-0486<\/td><td>B\u00f6r\u00f6cz Mikl\u00f3s<\/td><\/tr><tr><td>14<\/td><td>11-0579<\/td><td>Bukovics L\u00e1szl\u00f3<\/td><\/tr><tr><td>15<\/td><td>20-0342<\/td><td>B\u00fcki Zolt\u00e1n<\/td><\/tr><tr><td>16<\/td><td>01-1840<\/td><td>Cholnokyn\u00e9 Ferenczi \u00c9va<\/td><\/tr><tr><td>17<\/td><td><a href=\"mailto:csatlosne.dani.agnes@szabolcs.kozut.hu\">15-0545<\/a><\/td><td>Csatl\u00f3sn\u00e9 Dani \u00c1gnes<\/td><\/tr><tr><td>18<\/td><td>01-8279<\/td><td>Csord\u00e1s Erika<\/td><\/tr><tr><td>19<\/td><td>01-1487<\/td><td>Csorja Zsuzsanna dr.<\/td><\/tr><tr><td>20<\/td><td>07-0355<\/td><td>Csorna L\u00e1szl\u00f3<\/td><\/tr><tr><td>21<\/td><td>14-0176<\/td><td>Dam\u00e1sdi Mikl\u00f3s<\/td><\/tr><tr><td>22<\/td><td><a href=\"mailto:danko.andras@szabolcs.gov.hu\">15-0670<\/a><\/td><td>Dank\u00f3 Andr\u00e1s<\/td><\/tr><tr><td>23<\/td><td>13-9485<\/td><td>D\u00e1vid G\u00e1bor<\/td><\/tr><tr><td>24<\/td><td>01-11420<\/td><td>Devecseri Anik\u00f3<\/td><\/tr><tr><td>25<\/td><td>13-3416<\/td><td>Dobrocsi Tam\u00e1s<\/td><\/tr><tr><td>26<\/td><td>05-51269<\/td><td>Drot\u00e1r Judit<\/td><\/tr><tr><td>27<\/td><td>01-11543<\/td><td>Dulicz L\u00e1szl\u00f3<\/td><\/tr><tr><td>28<\/td><td>14-0019<\/td><td>Endr\u00e9di J\u00e1nos<\/td><\/tr><tr><td>29<\/td><td>01-12402<\/td><td>Ercs\u00e9nyi Bal\u00e1zs<\/td><\/tr><tr><td>30<\/td><td>01-0012<\/td><td>Erd\u00e9lyi Zs\u00f3fia<\/td><\/tr><tr><td>31<\/td><td>01-6001<\/td><td>Feller Tibor<\/td><\/tr><tr><td>32<\/td><td>01-11181<\/td><td>Felm\u00e9ri B\u00e9la<\/td><\/tr><tr><td>33<\/td><td>13-0602<\/td><td>Fi Istv\u00e1n Dr.<\/td><\/tr><tr><td>34<\/td><td>08-0455<\/td><td>Freiler L\u00e1szl\u00f3<\/td><\/tr><tr><td>35<\/td><td>09-0864<\/td><td>F\u00fcl\u00f6p Zolt\u00e1n<\/td><\/tr><tr><td>36<\/td><td>08-0689<\/td><td>Ga\u00e1l L\u00e1szl\u00f3 &nbsp;&nbsp;&nbsp;&nbsp; &nbsp;<\/td><\/tr><tr><td>37<\/td><td><a href=\"mailto:koviterv@gmail.com\">15-0164<\/a><\/td><td>Gell\u00e9n L\u00e1szl\u00f3<\/td><\/tr><tr><td>38<\/td><td>17-0621<\/td><td>G\u0151b\u00f6l\u00f6s M\u00e1rton<\/td><\/tr><tr><td>39<\/td><td>06-0680<\/td><td>G\u00f6r\u00f6g Be\u00e1ta<\/td><\/tr><tr><td>40<\/td><td>07-0866<\/td><td>Grimm Viktor<\/td><\/tr><tr><td>41<\/td><td>13-1263<\/td><td>Gyebn\u00e1r P\u00e9tern\u00e9<\/td><\/tr><tr><td>42<\/td><td>07-0584<\/td><td>Hajnal J\u00e1nos<\/td><\/tr><tr><td>43<\/td><td>01-4102<\/td><td>Halmos Benedek<\/td><\/tr><tr><td>44<\/td><td>01-11169<\/td><td>Hamarn\u00e9 Szab\u00f3 M\u00e1ria<\/td><\/tr><tr><td>45<\/td><td>01-5295<\/td><td>Heckenast Judit<\/td><\/tr><tr><td>46<\/td><td>13-2729<\/td><td>Hegyi Zolt\u00e1n<\/td><\/tr><tr><td>47<\/td><td>01-1267<\/td><td>Horv\u00e1th Adri\u00e1n<\/td><\/tr><tr><td>48<\/td><td>02-01411<\/td><td>Horv\u00e1th Orsolya<\/td><\/tr><tr><td>49<\/td><td>01-16365<\/td><td>Igazv\u00f6lgyi Zsuzsanna Dr.<\/td><\/tr><tr><td>50<\/td><td>09-01246<\/td><td>Iski L\u00e1szl\u00f3<\/td><\/tr><tr><td>51<\/td><td>03-0060<\/td><td>Iv\u00e1nyi Istv\u00e1n<\/td><\/tr><tr><td>52<\/td><td>13-8785<\/td><td>J\u00e1kli Zolt\u00e1n<\/td><\/tr><tr><td>53<\/td><td>01-14961<\/td><td>Juh\u00e1sz J\u00e1nos Dr.<\/td><\/tr><tr><td>54<\/td><td>01-11990<\/td><td>K\u00e1di Ott\u00f3<\/td><\/tr><tr><td>55<\/td><td>01-3562<\/td><td>K\u00e1lnoki Kis S\u00e1ndor<\/td><\/tr><tr><td>56<\/td><td>06-0151<\/td><td>Katona J\u00e1nos<\/td><\/tr><tr><td>57<\/td><td>01-1916<\/td><td>Keresztes L\u00e1szl\u00f3<\/td><\/tr><tr><td>58<\/td><td>13-4823<\/td><td>K\u00e9ri Erzs\u00e9bet<\/td><\/tr><tr><td>59<\/td><td>01-1276<\/td><td>Keszthelyi Tibor<\/td><\/tr><tr><td>60<\/td><td>01-5845<\/td><td>Kisgy\u00f6rgy Lajos Dr.<\/td><\/tr><tr><td>61<\/td><td>01-1213<\/td><td>Kiss K\u00e1roly<\/td><\/tr><tr><td>62<\/td><td>09-0759<\/td><td>Kocsis T\u00fcnde<\/td><\/tr><tr><td>63<\/td><td>02-0620<\/td><td>Koller L\u00e1szl\u00f3<\/td><\/tr><tr><td>64<\/td><td>11-0012<\/td><td>Komj\u00e1thy L\u00e1szl\u00f3 Endre<\/td><\/tr><tr><td>65<\/td><td>01-3968<\/td><td>Kov\u00e1cs \u00c1kos S\u00e1ndor<\/td><\/tr><tr><td>66<\/td><td>01-1285<\/td><td>Kov\u00e1cs \u00c9va<\/td><\/tr><tr><td>67<\/td><td>16-0568<\/td><td>Kov\u00e1cs Ferenc<\/td><\/tr><tr><td>68<\/td><td>19-0162<\/td><td>Kov\u00e1cs G\u00e9za<\/td><\/tr><tr><td>69<\/td><td>18-0029<\/td><td>Kov\u00e1cs Jen\u0151 Istv\u00e1n<\/td><\/tr><tr><td>70<\/td><td>16-0081<\/td><td>Kov\u00e1cs K\u00e1roly<\/td><\/tr><tr><td>71<\/td><td>01-16133<\/td><td>Kov\u00e1csn\u00e9 N\u00e9meth Kl\u00e1ra<\/td><\/tr><tr><td>72<\/td><td>01-1913<\/td><td>K\u0151r\u00f6si G\u00e1bor<\/td><\/tr><tr><td>73<\/td><td>02-0842<\/td><td>L\u00e1donyi \u00c1kos<\/td><\/tr><tr><td>74<\/td><td>13-2738<\/td><td>Lakits Gy\u00f6rgy<\/td><\/tr><tr><td>75<\/td><td>19-0876<\/td><td>Lantai Gyula<\/td><\/tr><tr><td>76<\/td><td>03-0203<\/td><td>Liszkai P\u00e1l<\/td><\/tr><tr><td>77<\/td><td>16-0792<\/td><td>Litkei B\u00e1lint<\/td><\/tr><tr><td>78<\/td><td>11-0760<\/td><td>Magyar \u00c1kos<\/td><\/tr><tr><td>79<\/td><td>01-11571<\/td><td>Mangel J\u00e1nos<\/td><\/tr><tr><td>80<\/td><td>05-0081<\/td><td>Matl\u00e1k S\u00e1ndor<\/td><\/tr><tr><td>81<\/td><td>01-1289<\/td><td>Matuzn\u00e9 Harasta M\u00f3nika<\/td><\/tr><tr><td>82<\/td><td>01-1193<\/td><td>M\u00e1ty\u00e1ssy L\u00e1szl\u00f3<\/td><\/tr><tr><td>83<\/td><td>13-12106<\/td><td>Mih\u00e1lffy Krisztina<\/td><\/tr><tr><td>84<\/td><td>01-2741<\/td><td>Mikecz Andrea<\/td><\/tr><tr><td>85<\/td><td>20-00912<\/td><td>Mik\u00f3 R\u00f3bert Bal\u00e1zs<\/td><\/tr><tr><td>86<\/td><td>08-01310<\/td><td>Miletics D\u00e1niel Dr.<\/td><\/tr><tr><td>87<\/td><td>01-1294<\/td><td>Moln\u00e1r L\u00e1szl\u00f3<\/td><\/tr><tr><td>88<\/td><td>01-8656<\/td><td>Monigl J\u00e1nos Dr.<\/td><\/tr><tr><td>89<\/td><td>01-8894<\/td><td>N\u00e1dasdy Tam\u00e1s<\/td><\/tr><tr><td>90<\/td><td>04-0300<\/td><td>Nagy J\u00f3zsef<\/td><\/tr><tr><td>91<\/td><td>08-1142<\/td><td>Nagy Richard &nbsp;&nbsp;<\/td><\/tr><tr><td>92<\/td><td>17-00827<\/td><td>Nepp Attila<\/td><\/tr><tr><td>93<\/td><td>02-1149<\/td><td>Nevodenszki Szilvia M\u00e1ria<\/td><\/tr><tr><td>94<\/td><td>08-0882<\/td><td>Nyitrai Zsolt &nbsp;&nbsp; &nbsp;<\/td><\/tr><tr><td>95<\/td><td>01-3223<\/td><td>Orosz Csaba dr.<\/td><\/tr><tr><td>96<\/td><td>03-0128<\/td><td>P\u00e1pai Lajos<\/td><\/tr><tr><td>97<\/td><td>01-5207<\/td><td>Pej K\u00e1lm\u00e1n<\/td><\/tr><tr><td>98<\/td><td>01-11180<\/td><td>Pelik\u00e1n Mih\u00e1ly<\/td><\/tr><tr><td>99<\/td><td>01-56893<\/td><td>Perj\u00e9s Tam\u00e1s<\/td><\/tr><tr><td>100<\/td><td>01-2321<\/td><td>Pet\u0151 Zolt\u00e1n<\/td><\/tr><tr><td>101<\/td><td>07-0239<\/td><td>Pol\u00e1nyi P\u00e9ter<\/td><\/tr><tr><td>102<\/td><td>03-0389<\/td><td>R\u00e1cz S\u00e1ndor<\/td><\/tr><tr><td>103<\/td><td>17-0456<\/td><td>Rag\u00f3 Roland<\/td><\/tr><tr><td>104<\/td><td>01-1766<\/td><td>R\u00e9dly L\u00e1szl\u00f3<\/td><\/tr><tr><td>105<\/td><td>01-9270<\/td><td>R\u00f3na Tivadar<\/td><\/tr><tr><td>106<\/td><td>05-1110<\/td><td>Sajtos Tibor<\/td><\/tr><tr><td>107<\/td><td>09-0005<\/td><td>S\u00e1ri Mih\u00e1ly<\/td><\/tr><tr><td>108<\/td><td>20-0240<\/td><td>Schlemmer Tam\u00e1s<\/td><\/tr><tr><td>109<\/td><td>01-1218<\/td><td>Schulek J\u00e1nos<\/td><\/tr><tr><td>110<\/td><td>01-11393<\/td><td>Schv\u00e1b Zolt\u00e1n G\u00e1bor Dr.<\/td><\/tr><tr><td>111<\/td><td>01-10778<\/td><td>Sipos Bal\u00e1zs<\/td><\/tr><tr><td>112<\/td><td>18-0105<\/td><td>Stangl Imre<\/td><\/tr><tr><td>113<\/td><td>19-0117<\/td><td>Sturcz Mih\u00e1ly<\/td><\/tr><tr><td>114<\/td><td>01-15731<\/td><td>Szab\u00f3 Bence Gyula<\/td><\/tr><tr><td>115<\/td><td>18-0493<\/td><td>Szab\u00f3 Eszter<\/td><\/tr><tr><td>116<\/td><td>09-0121<\/td><td>Szab\u00f3 Istv\u00e1n<\/td><\/tr><tr><td>117<\/td><td>09-0217<\/td><td>Szab\u00f3 Istv\u00e1n J\u00f3zsef<\/td><\/tr><tr><td>118<\/td><td>03-0591<\/td><td>Szab\u00f3 S\u00e1ndor<\/td><\/tr><tr><td>119<\/td><td>01-6887<\/td><td>Szakos P\u00e1l dr.<\/td><\/tr><tr><td>120<\/td><td><a href=\"mailto:szemerey@krampacsbt.hu\">15-0423<\/a><\/td><td>Szemerey \u00c1d\u00e1m<\/td><\/tr><tr><td>121<\/td><td>10-0086<\/td><td>Szerencsi G\u00e1bor<\/td><\/tr><tr><td>122<\/td><td>01-63846<\/td><td>Szil\u00e1gyi Andr\u00e1s<\/td><\/tr><tr><td>123<\/td><td>06-1176<\/td><td>Szombati Csaba<\/td><\/tr><tr><td>124<\/td><td>07-0390<\/td><td>Sz\u0151ke Ferenc<\/td><\/tr><tr><td>125<\/td><td>04-0166<\/td><td>Sztank\u00f3 Ilona<\/td><\/tr><tr><td>126<\/td><td>13-13945<\/td><td>Sz\u0171cs Mih\u00e1ly<\/td><\/tr><tr><td>127<\/td><td>01-10257<\/td><td>Tak\u00e1cs Mikl\u00f3s<\/td><\/tr><tr><td>128<\/td><td>01-7085<\/td><td>T\u00e1rczy L\u00e1szl\u00f3<\/td><\/tr><tr><td>129<\/td><td>08-0824<\/td><td>T\u00e9di Szabolcs<\/td><\/tr><tr><td>130<\/td><td>01-10961<\/td><td>T\u00f3th Csaba<\/td><\/tr><tr><td>131<\/td><td>01-11635<\/td><td>T\u00f3th Kinga M\u00e1rta<\/td><\/tr><tr><td>132<\/td><td>18-0191<\/td><td>T\u00f3th Tibor<\/td><\/tr><tr><td>133<\/td><td>01-2428<\/td><td>T\u00f6r\u0151 Gyula<\/td><\/tr><tr><td>134<\/td><td>01-5529<\/td><td>Trenka S\u00e1ndor<\/td><\/tr><tr><td>135<\/td><td>12-0109<\/td><td>\u00dcrm\u00f6ssy \u00c1kos<\/td><\/tr><tr><td>136<\/td><td>13-3158<\/td><td>V\u00e1rady Tam\u00e1s<\/td><\/tr><tr><td>137<\/td><td>04-0331<\/td><td>Varga Zsolt<\/td><\/tr><tr><td>138<\/td><td>01-8613<\/td><td>Vass G\u00e1bor<\/td><\/tr><tr><td>139<\/td><td>01-11140<\/td><td>V\u00f6r\u00f6s Attila dr.<\/td><\/tr><tr><td>140<\/td><td>01-1222<\/td><td>Wettstein Anik\u00f3<\/td><\/tr><tr><td>141<\/td><td>16-0858<\/td><td>Zombor Gabriella<\/td><\/tr><\/tbody><\/table><\/figure>\n","protected":false},"excerpt":{"rendered":"<p>A tagozat k\u00fcld\u00f6ttgy\u0171l\u00e9s\u00e9nek tagjai Sorsz. Kamarai sz\u00e1m N\u00e9v 1 01-6263 Adrovitz Mikl\u00f3s 2 14-00814 Andr\u00e1s Erik 3 01-14682 Asb\u00f3th Szabolcs 4 01-10032 Balogh Imre 5 11-0176 Barab\u00e1s Zsolt 6 13-11611 Barna Zsolt 7 01-11823 Beller Roland 8 01-8655 Berki Zsolt Dr. 9 13-11738 Bokory G\u00e1bor 10 01-7238 Boldvai Ern\u0151 11 06-0349 Bombolya Erzs\u00e9bet 12 10-0529 [&hellip;]<\/p>\n","protected":false},"author":873,"featured_media":0,"parent":0,"menu_order":0,"comment_status":"closed","ping_status":"closed","template":"","meta":{"footnotes":""},"class_list":["post-751","page","type-page","status-publish","hentry"],"_links":{"self":[{"href":"https:\/\/mernokvagyok.hu\/kozlekedesi\/wp-json\/wp\/v2\/pages\/751","targetHints":{"allow":["GET"]}}],"collection":[{"href":"https:\/\/mernokvagyok.hu\/kozlekedesi\/wp-json\/wp\/v2\/pages"}],"about":[{"href":"https:\/\/mernokvagyok.hu\/kozlekedesi\/wp-json\/wp\/v2\/types\/page"}],"author":[{"embeddable":true,"href":"https:\/\/mernokvagyok.hu\/kozlekedesi\/wp-json\/wp\/v2\/users\/873"}],"replies":[{"embeddable":true,"href":"https:\/\/mernokvagyok.hu\/kozlekedesi\/wp-json\/wp\/v2\/comments?post=751"}],"version-history":[{"count":9,"href":"https:\/\/mernokvagyok.hu\/kozlekedesi\/wp-json\/wp\/v2\/pages\/751\/revisions"}],"predecessor-version":[{"id":1201,"href":"https:\/\/mernokvagyok.hu\/kozlekedesi\/wp-json\/wp\/v2\/pages\/751\/revisions\/1201"}],"wp:attachment":[{"href":"https:\/\/mernokvagyok.hu\/kozlekedesi\/wp-json\/wp\/v2\/media?parent=751"}],"curies":[{"name":"wp","href":"https:\/\/api.w.org\/{rel}","templated":true}]}}