{"id":734,"date":"2021-06-08T12:30:25","date_gmt":"2021-06-08T10:30:25","guid":{"rendered":"https:\/\/mernokvagyok.hu\/kozlekedesi\/?page_id=734"},"modified":"2022-01-13T10:57:48","modified_gmt":"2022-01-13T09:57:48","slug":"kerekparos-szakosztaly","status":"publish","type":"page","link":"https:\/\/mernokvagyok.hu\/kozlekedesi\/kerekparos-szakosztaly\/","title":{"rendered":"Ker\u00e9kp\u00e1ros szakoszt\u00e1ly"},"content":{"rendered":"\n<figure class=\"wp-block-table is-style-stripes\"><table><tbody><tr><td>Barna Zsolt, eln\u00f6k<\/td><\/tr><tr><td>Dalos P\u00e9ter<\/td><\/tr><tr><td>Em\u0151dy Barbara<\/td><\/tr><tr><td>Kov\u00e1cs Gergely<\/td><\/tr><tr><td>Zal\u00e1n \u00c1kos<\/td><\/tr><\/tbody><\/table><\/figure>\n\n\n\n<p id=\"block-02c8a10b-25fb-41c6-a302-43c317e6a224\"><strong>Ker\u00e9kp\u00e1ros Szakoszt\u00e1ly \u00fcgyrendje:\u00a0<a rel=\"noreferrer noopener\" href=\"https:\/\/mernokvagyok.hu\/kozlekedesi\/wp-content\/uploads\/2021\/04\/MMK_Kozl_Tag_Kerekparos_Szakosztaly_Ugyrend_2017.pdf\" target=\"_blank\">let\u00f6lt\u00e9s<\/a><\/strong><br><strong>Ker\u00e9kp\u00e1ros Szakoszt\u00e1ly eln\u00f6kv\u00e1laszt\u00e1s taggy\u0171l\u00e9s jegyz\u0151k\u00f6nyve:\u00a0<a href=\"https:\/\/mernokvagyok.hu\/kozlekedesi\/wp-content\/uploads\/2022\/01\/20211118_elno%CC%88kse%CC%81gi_I_alakulo%CC%81.pdf\" target=\"_blank\" rel=\"noreferrer noopener\">let\u00f6lt\u00e9s<\/a><\/strong><\/p>\n\n\n\n<p>Eml\u00e9keztet\u0151 a Ker\u00e9kp\u00e1ros Szakoszt\u00e1ly \u00fcl\u00e9seir\u0151l: <a href=\"https:\/\/mernokvagyok.hu\/kozlekedesi\/emlekezteto-a-kerekparos-szakosztaly-uleseirol\/\">https:\/\/mernokvagyok.hu\/kozlekedesi\/emlekezteto-a-kerekparos-szakosztaly-uleseirol\/<\/a><\/p>\n\n\n\n<p><\/p>\n","protected":false},"excerpt":{"rendered":"<p>Barna Zsolt, eln\u00f6k Dalos P\u00e9ter Em\u0151dy Barbara Kov\u00e1cs Gergely Zal\u00e1n \u00c1kos Ker\u00e9kp\u00e1ros Szakoszt\u00e1ly \u00fcgyrendje:\u00a0let\u00f6lt\u00e9sKer\u00e9kp\u00e1ros Szakoszt\u00e1ly eln\u00f6kv\u00e1laszt\u00e1s taggy\u0171l\u00e9s jegyz\u0151k\u00f6nyve:\u00a0let\u00f6lt\u00e9s Eml\u00e9keztet\u0151 a Ker\u00e9kp\u00e1ros Szakoszt\u00e1ly \u00fcl\u00e9seir\u0151l: https:\/\/mernokvagyok.hu\/kozlekedesi\/emlekezteto-a-kerekparos-szakosztaly-uleseirol\/<\/p>\n","protected":false},"author":873,"featured_media":0,"parent":0,"menu_order":0,"comment_status":"closed","ping_status":"closed","template":"","meta":{"footnotes":""},"class_list":["post-734","page","type-page","status-publish","hentry"],"_links":{"self":[{"href":"https:\/\/mernokvagyok.hu\/kozlekedesi\/wp-json\/wp\/v2\/pages\/734","targetHints":{"allow":["GET"]}}],"collection":[{"href":"https:\/\/mernokvagyok.hu\/kozlekedesi\/wp-json\/wp\/v2\/pages"}],"about":[{"href":"https:\/\/mernokvagyok.hu\/kozlekedesi\/wp-json\/wp\/v2\/types\/page"}],"author":[{"embeddable":true,"href":"https:\/\/mernokvagyok.hu\/kozlekedesi\/wp-json\/wp\/v2\/users\/873"}],"replies":[{"embeddable":true,"href":"https:\/\/mernokvagyok.hu\/kozlekedesi\/wp-json\/wp\/v2\/comments?post=734"}],"version-history":[{"count":6,"href":"https:\/\/mernokvagyok.hu\/kozlekedesi\/wp-json\/wp\/v2\/pages\/734\/revisions"}],"predecessor-version":[{"id":1099,"href":"https:\/\/mernokvagyok.hu\/kozlekedesi\/wp-json\/wp\/v2\/pages\/734\/revisions\/1099"}],"wp:attachment":[{"href":"https:\/\/mernokvagyok.hu\/kozlekedesi\/wp-json\/wp\/v2\/media?parent=734"}],"curies":[{"name":"wp","href":"https:\/\/api.w.org\/{rel}","templated":true}]}}