{"id":732,"date":"2021-06-08T12:29:46","date_gmt":"2021-06-08T10:29:46","guid":{"rendered":"https:\/\/mernokvagyok.hu\/kozlekedesi\/?page_id=732"},"modified":"2021-06-08T12:38:29","modified_gmt":"2021-06-08T10:38:29","slug":"vasuti-szakosztaly","status":"publish","type":"page","link":"https:\/\/mernokvagyok.hu\/kozlekedesi\/vasuti-szakosztaly\/","title":{"rendered":"Vas\u00fati szakoszt\u00e1ly"},"content":{"rendered":"\n<p id=\"block-5310a2d0-5761-4cf9-acc1-f7a611e55858\"><\/p>\n\n\n\n<figure class=\"wp-block-table is-style-stripes\"><table><tbody><tr><td>Bokory G\u00e1bor, eln\u00f6k<\/td><\/tr><tr><td>Suteu Edith, helyettes<\/td><\/tr><tr><td>Cs\u00e1r\u00e1di J\u00e1nos<\/td><\/tr><tr><td>Csoma Andr\u00e1s<\/td><\/tr><tr><td>Fischer Szabolcs<\/td><\/tr><tr><td>Kuna Ferenc<\/td><\/tr><tr><td>Tak\u00e1cs K\u00e1roly<\/td><\/tr><\/tbody><\/table><\/figure>\n\n\n\n<h4 class=\"wp-block-heading\" id=\"block-ae1ab042-4362-4990-a38e-8d3ca5dd757c\">Eln\u00f6ks\u00e9gi \u00fcl\u00e9sek jegyz\u0151k\u00f6nyvei:<\/h4>\n\n\n\n<ul class=\"wp-block-list\" id=\"block-30c9c933-fce5-4251-bc5c-bf1d0db1625e\"><li><a href=\"https:\/\/mernokvagyok.hu\/kozlekedesi\/beszamolo-a-kt-vasuti-szakosztalyanak-vezetosegvalaszto-taggyuleserol\/\">Besz\u00e1mol\u00f3 a KT Vas\u00fati Szakoszt\u00e1ly vezet\u0151s\u00e9gv\u00e1laszt\u00f3 taggy\u0171l\u00e9s\u00e9r\u0151l<\/a><\/li><li><a href=\"https:\/\/mernokvagyok.hu\/kozlekedesi\/beszamolo-a-vasuti-szakosztaly-rendezte-felsovezeteki-szakmai-nap-rol\/\">Besz\u00e1mol\u00f3 a Vas\u00fati Szakoszt\u00e1ly &#8220;Fels\u0151vezet\u00e9ki szakmai nap&#8221; rendezv\u00e9ny\u00e9r\u0151l<\/a><\/li><li><a href=\"https:\/\/mernokvagyok.hu\/kozlekedesi\/beszamolo-a-vasuti-szakosztaly-szakmai-napjarol\/\">Besz\u00e1mol\u00f3 a Vas\u00fati Szakoszt\u00e1ly szakmai napj\u00e1r\u00f3l (2013.04.10.)<\/a><\/li><li><a href=\"https:\/\/mernokvagyok.hu\/kozlekedesi\/a-vasuti-szakosztaly-elnoksegi-ulesenek-jegyzokonyve-2014-06-25\/\">Vas\u00fati Szakoszt\u00e1ly eln\u00f6ks\u00e9gi \u00fcl\u00e9s jegyz\u0151k\u00f6nyv &#8211; 2014.06.25<\/a><\/li><li><a href=\"https:\/\/mernokvagyok.hu\/kozlekedesi\/a-vasuti-szakosztaly-elnoksegi-ulesenek-jegyzokonyve-2014-09-10\/\">Vas\u00fati Szakoszt\u00e1ly eln\u00f6ks\u00e9gi \u00fcl\u00e9s jegyz\u0151k\u00f6nyv &#8211; 2014.09.10<\/a><\/li><li><a href=\"https:\/\/mernokvagyok.hu\/kozlekedesi\/a-vasuti-szakosztaly-elnoksegi-ulesenek-jegyzokonyve-2014-10-22\/\">Vas\u00fati Szakoszt\u00e1ly eln\u00f6ks\u00e9gi \u00fcl\u00e9s jegyz\u0151k\u00f6nyv &#8211; 2014.10.22<\/a><\/li><li><a href=\"https:\/\/mernokvagyok.hu\/kozlekedesi\/a-vasuti-szakosztaly-elnoksegi-ulesenek-jegyzokonyve-2014-11-19\/\">Vas\u00fati Szakoszt\u00e1ly eln\u00f6ks\u00e9gi \u00fcl\u00e9s jegyz\u0151k\u00f6nyv &#8211; 2014.11.19<\/a><\/li><li><a href=\"https:\/\/mernokvagyok.hu\/kozlekedesi\/a-vasuti-szakosztaly-elnoksegi-ulesenek-jegyzokonyve-2014-12-18\/\">Vas\u00fati Szakoszt\u00e1ly eln\u00f6ks\u00e9gi \u00fcl\u00e9s jegyz\u0151k\u00f6nyv &#8211; 2014.12.18<\/a><\/li><li><a href=\"https:\/\/mernokvagyok.hu\/kozlekedesi\/a-vasuti-szakosztaly-elnoksegi-ulesenek-jegyzokonyve-2015-01-21\/\">Vas\u00fati Szakoszt\u00e1ly eln\u00f6ks\u00e9gi \u00fcl\u00e9s jegyz\u0151k\u00f6nyv &#8211; 2015.01.21<\/a><\/li><li><a href=\"https:\/\/mernokvagyok.hu\/kozlekedesi\/a-vasuti-szakosztaly-elnoksegi-ulesenek-jegyzokonyve-2015-02-25\/\">Vas\u00fati Szakoszt\u00e1ly eln\u00f6ks\u00e9gi \u00fcl\u00e9s jegyz\u0151k\u00f6nyv &#8211; 2015.02.25<\/a><\/li><li><a href=\"https:\/\/mernokvagyok.hu\/kozlekedesi\/a-vasuti-szakosztaly-elnoksegi-ulesenek-jegyzokonyve-2015-03-25\/\">Vas\u00fati Szakoszt\u00e1ly eln\u00f6ks\u00e9gi \u00fcl\u00e9s jegyz\u0151k\u00f6nyv &#8211; 2015.03.25<\/a><\/li><li><a href=\"https:\/\/mernokvagyok.hu\/kozlekedesi\/a-vasuti-szakosztaly-elnoksegi-ulesenek-jegyzokonyve-2015-10-21\/\">Vas\u00fati Szakoszt\u00e1ly eln\u00f6ks\u00e9gi \u00fcl\u00e9s jegyz\u0151k\u00f6nyv &#8211; 2015.10.21<\/a><\/li><li><a href=\"https:\/\/mernokvagyok.hu\/kozlekedesi\/a-vasuti-szakosztaly-elnoksegi-ulesenek-jegyzokonyve-2015-12-02\/\">Vas\u00fati Szakoszt\u00e1ly eln\u00f6ks\u00e9gi \u00fcl\u00e9s jegyz\u0151k\u00f6nyv &#8211; 2015.12.02<\/a><\/li><li><a href=\"https:\/\/mernokvagyok.hu\/kozlekedesi\/a-vasuti-szakosztaly-elnoksegi-ulesenek-jegyzokonyve-2016-01-13\/\">Vas\u00fati Szakoszt\u00e1ly eln\u00f6ks\u00e9gi \u00fcl\u00e9s jegyz\u0151k\u00f6nyv &#8211; 2016.01.13<\/a><\/li><li><a href=\"https:\/\/mernokvagyok.hu\/kozlekedesi\/a-vasuti-szakosztaly-elnoksegi-ulesenek-jegyzokonyve-2016-02-24\/\">Vas\u00fati Szakoszt\u00e1ly eln\u00f6ks\u00e9gi \u00fcl\u00e9s jegyz\u0151k\u00f6nyv &#8211; 2016.02.24<\/a><\/li><li><a href=\"https:\/\/mernokvagyok.hu\/kozlekedesi\/a-vasuti-szakosztaly-elnoksegi-ulesenek-jegyzokonyve-2016-03-09\/\">Vas\u00fati Szakoszt\u00e1ly eln\u00f6ks\u00e9gi \u00fcl\u00e9s jegyz\u0151k\u00f6nyv &#8211; 2016.03.09<\/a><\/li><li><a href=\"https:\/\/mernokvagyok.hu\/kozlekedesi\/a-vasuti-szakosztaly-elnoksegi-ulesenek-jegyzokonyve-2016-07-06\/\">Vas\u00fati Szakoszt\u00e1ly eln\u00f6ks\u00e9gi \u00fcl\u00e9s jegyz\u0151k\u00f6nyv &#8211; 2016.07.06<\/a><\/li><li><a href=\"https:\/\/mernokvagyok.hu\/kozlekedesi\/a-vasuti-szakosztaly-elnoksegi-ulesenek-jegyzokonyve-2016-10-19\/\">Vas\u00fati Szakoszt\u00e1ly eln\u00f6ks\u00e9gi \u00fcl\u00e9s jegyz\u0151k\u00f6nyv &#8211; 2016.10.19<\/a><\/li><\/ul>\n\n\n\n<h5 class=\"wp-block-heading\" id=\"block-014c8396-68dd-4761-89e2-36acd4cb79a0\">Vas\u00fati Szakoszt\u00e1ly \u00fcgyrendje:&nbsp;<a rel=\"noreferrer noopener\" href=\"https:\/\/mernokvagyok.hu\/kozlekedesi\/wp-content\/uploads\/2021\/04\/Vasuti_Szakosztaly_ugyrendje.pdf\" target=\"_blank\">let\u00f6lt\u00e9s<\/a><\/h5>\n\n\n\n<h5 class=\"wp-block-heading\" id=\"block-fae2f192-c715-4d8e-afb4-ef1ff2f83481\">Felh\u00edv\u00e1s!&nbsp;K\u00f6zlem\u00e9ny tiszt\u00faj\u00edt\u00e1sr\u00f3l:&nbsp;<a rel=\"noreferrer noopener\" href=\"https:\/\/mernokvagyok.hu\/kozlekedesi\/wp-content\/uploads\/2021\/04\/MMK_Vasut_Felhivas_2016.pdf\" target=\"_blank\">let\u00f6lt\u00e9s<\/a><\/h5>\n\n\n\n<h5 class=\"wp-block-heading\" id=\"block-f9c3aca7-0431-403b-af0b-dab3721c603e\">Megh\u00edv\u00f3 tiszt\u00faj\u00edt\u00e1sra:&nbsp;<a rel=\"noreferrer noopener\" href=\"https:\/\/mernokvagyok.hu\/kozlekedesi\/wp-content\/uploads\/2021\/04\/Meghivo-2016-04-28-Tisztujitas.pdf\" target=\"_blank\">let\u00f6lt\u00e9s<\/a>, jel\u00f6ltek&nbsp;<a rel=\"noreferrer noopener\" href=\"https:\/\/mernokvagyok.hu\/kozlekedesi\/wp-content\/uploads\/2021\/04\/Meghivo-2016-04-28-Tisztujitas.pdf\" target=\"_blank\">let\u00f6lt\u00e9s<\/a><\/h5>\n\n\n\n<h5 class=\"wp-block-heading\" id=\"block-8f08c639-5529-4c1a-8113-49bf74dfb0ec\">Tiszt\u00faj\u00edt\u00f3 k\u00f6zgy\u0171l\u00e9s jegyz\u0151k\u00f6nyve:&nbsp;<a rel=\"noreferrer noopener\" href=\"https:\/\/mernokvagyok.hu\/kozlekedesi\/wp-content\/uploads\/2021\/04\/Kozlekedesi_Tag_Vasuti_Szakosztaly_2016_evi_tisztujitas_jkv.pdf\" target=\"_blank\">let\u00f6l<\/a><a rel=\"noreferrer noopener\" href=\"http:\/\/www.fomterv.hu\/mmk\/sites\/default\/files\/Kozlekedesi_Tag_Vasuti_Szakosztaly_2016_evi_tisztujitas_jkv.pdf\" target=\"_blank\">t\u00e9s<\/a><\/h5>\n","protected":false},"excerpt":{"rendered":"<p>Bokory G\u00e1bor, eln\u00f6k Suteu Edith, helyettes Cs\u00e1r\u00e1di J\u00e1nos Csoma Andr\u00e1s Fischer Szabolcs Kuna Ferenc Tak\u00e1cs K\u00e1roly Eln\u00f6ks\u00e9gi \u00fcl\u00e9sek jegyz\u0151k\u00f6nyvei: Besz\u00e1mol\u00f3 a KT Vas\u00fati Szakoszt\u00e1ly vezet\u0151s\u00e9gv\u00e1laszt\u00f3 taggy\u0171l\u00e9s\u00e9r\u0151l Besz\u00e1mol\u00f3 a Vas\u00fati Szakoszt\u00e1ly &#8220;Fels\u0151vezet\u00e9ki szakmai nap&#8221; rendezv\u00e9ny\u00e9r\u0151l Besz\u00e1mol\u00f3 a Vas\u00fati Szakoszt\u00e1ly szakmai napj\u00e1r\u00f3l (2013.04.10.) Vas\u00fati Szakoszt\u00e1ly eln\u00f6ks\u00e9gi \u00fcl\u00e9s jegyz\u0151k\u00f6nyv &#8211; 2014.06.25 Vas\u00fati Szakoszt\u00e1ly eln\u00f6ks\u00e9gi \u00fcl\u00e9s jegyz\u0151k\u00f6nyv &#8211; 2014.09.10 [&hellip;]<\/p>\n","protected":false},"author":873,"featured_media":0,"parent":0,"menu_order":0,"comment_status":"closed","ping_status":"closed","template":"","meta":{"footnotes":""},"class_list":["post-732","page","type-page","status-publish","hentry"],"_links":{"self":[{"href":"https:\/\/mernokvagyok.hu\/kozlekedesi\/wp-json\/wp\/v2\/pages\/732","targetHints":{"allow":["GET"]}}],"collection":[{"href":"https:\/\/mernokvagyok.hu\/kozlekedesi\/wp-json\/wp\/v2\/pages"}],"about":[{"href":"https:\/\/mernokvagyok.hu\/kozlekedesi\/wp-json\/wp\/v2\/types\/page"}],"author":[{"embeddable":true,"href":"https:\/\/mernokvagyok.hu\/kozlekedesi\/wp-json\/wp\/v2\/users\/873"}],"replies":[{"embeddable":true,"href":"https:\/\/mernokvagyok.hu\/kozlekedesi\/wp-json\/wp\/v2\/comments?post=732"}],"version-history":[{"count":2,"href":"https:\/\/mernokvagyok.hu\/kozlekedesi\/wp-json\/wp\/v2\/pages\/732\/revisions"}],"predecessor-version":[{"id":746,"href":"https:\/\/mernokvagyok.hu\/kozlekedesi\/wp-json\/wp\/v2\/pages\/732\/revisions\/746"}],"wp:attachment":[{"href":"https:\/\/mernokvagyok.hu\/kozlekedesi\/wp-json\/wp\/v2\/media?parent=732"}],"curies":[{"name":"wp","href":"https:\/\/api.w.org\/{rel}","templated":true}]}}