{"id":730,"date":"2021-06-08T12:29:15","date_gmt":"2021-06-08T10:29:15","guid":{"rendered":"https:\/\/mernokvagyok.hu\/kozlekedesi\/?page_id=730"},"modified":"2021-06-08T12:29:16","modified_gmt":"2021-06-08T10:29:16","slug":"uzemeltetesi-szakosztaly","status":"publish","type":"page","link":"https:\/\/mernokvagyok.hu\/kozlekedesi\/uzemeltetesi-szakosztaly\/","title":{"rendered":"\u00dczemeltet\u00e9si szakoszt\u00e1ly"},"content":{"rendered":"\n<figure class=\"wp-block-table is-style-stripes\"><table><tbody><tr><td>Eln\u00f6k:<\/td><td>Czip\u00e1r Zolt\u00e1n<\/td><\/tr><tr><td>Eln\u00f6khelyettes:<\/td><td>Hunk\u00f3 J\u00f3zsef L\u00e1szl\u00f3<\/td><\/tr><tr><td>Eln\u00f6ks\u00e9gi tagok:<\/td><td>Rapcs\u00e1k R\u00f3bert<br>Moln\u00e1r Istv\u00e1n<br>Barab\u00e1s Zsolt<\/td><\/tr><tr><td>P\u00f3ttag:<\/td><td>Dobos Csaba<\/td><\/tr><\/tbody><\/table><\/figure>\n\n\n\n<p>A szakoszt\u00e1ly \u00fcgyrendje let\u00f6lthet\u0151:<\/p>\n\n\n\n<div class=\"wp-block-file\"><a href=\"https:\/\/mernokvagyok.hu\/kozlekedesi\/wp-content\/uploads\/2021\/04\/MMK_uzemeltetesi_szakosztaly_ugyrend_20180930.pdf\">MMK_uzemeltetesi_szakosztaly_ugyrend_20180930<\/a><a href=\"https:\/\/mernokvagyok.hu\/kozlekedesi\/wp-content\/uploads\/2021\/04\/MMK_uzemeltetesi_szakosztaly_ugyrend_20180930.pdf\" class=\"wp-block-file__button\" download>Let\u00f6lt\u00e9s<\/a><\/div>\n\n\n\n<p><\/p>\n","protected":false},"excerpt":{"rendered":"<p>Eln\u00f6k: Czip\u00e1r Zolt\u00e1n Eln\u00f6khelyettes: Hunk\u00f3 J\u00f3zsef L\u00e1szl\u00f3 Eln\u00f6ks\u00e9gi tagok: Rapcs\u00e1k R\u00f3bertMoln\u00e1r Istv\u00e1nBarab\u00e1s Zsolt P\u00f3ttag: Dobos Csaba A szakoszt\u00e1ly \u00fcgyrendje let\u00f6lthet\u0151:<\/p>\n","protected":false},"author":873,"featured_media":0,"parent":0,"menu_order":0,"comment_status":"closed","ping_status":"closed","template":"","meta":{"footnotes":""},"class_list":["post-730","page","type-page","status-publish","hentry"],"_links":{"self":[{"href":"https:\/\/mernokvagyok.hu\/kozlekedesi\/wp-json\/wp\/v2\/pages\/730","targetHints":{"allow":["GET"]}}],"collection":[{"href":"https:\/\/mernokvagyok.hu\/kozlekedesi\/wp-json\/wp\/v2\/pages"}],"about":[{"href":"https:\/\/mernokvagyok.hu\/kozlekedesi\/wp-json\/wp\/v2\/types\/page"}],"author":[{"embeddable":true,"href":"https:\/\/mernokvagyok.hu\/kozlekedesi\/wp-json\/wp\/v2\/users\/873"}],"replies":[{"embeddable":true,"href":"https:\/\/mernokvagyok.hu\/kozlekedesi\/wp-json\/wp\/v2\/comments?post=730"}],"version-history":[{"count":1,"href":"https:\/\/mernokvagyok.hu\/kozlekedesi\/wp-json\/wp\/v2\/pages\/730\/revisions"}],"predecessor-version":[{"id":731,"href":"https:\/\/mernokvagyok.hu\/kozlekedesi\/wp-json\/wp\/v2\/pages\/730\/revisions\/731"}],"wp:attachment":[{"href":"https:\/\/mernokvagyok.hu\/kozlekedesi\/wp-json\/wp\/v2\/media?parent=730"}],"curies":[{"name":"wp","href":"https:\/\/api.w.org\/{rel}","templated":true}]}}