{"id":712,"date":"2021-06-08T12:13:54","date_gmt":"2021-06-08T10:13:54","guid":{"rendered":"https:\/\/mernokvagyok.hu\/kozlekedesi\/?page_id=712"},"modified":"2022-06-17T11:28:54","modified_gmt":"2022-06-17T09:28:54","slug":"testuletek-tisztsegviselok","status":"publish","type":"page","link":"https:\/\/mernokvagyok.hu\/kozlekedesi\/testuletek-tisztsegviselok\/","title":{"rendered":"Test\u00fcletek, tiszts\u00e9gvisel\u0151k"},"content":{"rendered":"\n<h2 class=\"wp-block-heading\">A k\u00f6zleked\u00e9si tagozat eln\u00f6ks\u00e9ge:<\/h2>\n\n\n\n<p><\/p>\n\n\n\n<p><strong>Alap\u00edt\u00f3 \u00e9s tiszeletbeli eln\u00f6k\u00f6k<\/strong><\/p>\n\n\n\n<figure class=\"wp-block-table is-style-stripes\"><table><tbody><tr><th>N\u00e9v<\/th><\/tr><\/tbody><\/table><\/figure>\n\n\n\n<figure class=\"wp-block-table is-style-stripes\"><table><tbody><tr><td>Dr. Karsay L\u00e1szl\u00f3 alap\u00edt\u00f3 eln\u00f6k<\/td><\/tr><tr><td>Hamarn\u00e9 Szab\u00f3 M\u00e1ria tiszteletbeli eln\u00f6k<\/td><\/tr><tr><td>Moln\u00e1r L\u00e1szl\u00f3 tiszteletbeli eln\u00f6k<\/td><\/tr><\/tbody><\/table><\/figure>\n\n\n\n<p><\/p>\n\n\n\n<p id=\"block-ca100ff7-8968-4561-a38f-d2a1448db2aa\"><strong>A K\u00f6zleked\u00e9si Tagozat eln\u00f6ks\u00e9ge<\/strong><\/p>\n\n\n\n<figure class=\"wp-block-table is-style-stripes\"><table><tbody><tr><td>Lakits Gy\u00f6rgy eln\u00f6k<\/td><\/tr><tr><td>Kocsis T\u00fcnde eln\u00f6khelyettes<\/td><\/tr><tr><td>Kov\u00e1cs \u00c9va eln\u00f6khelyettes<\/td><\/tr><tr><td>Bokory G\u00e1bor<\/td><\/tr><tr><td>Perj\u00e9s Tam\u00e1s<\/td><\/tr><tr><td>Szerencsi G\u00e1bor<\/td><\/tr><tr><td>Szil\u00e1gyi Andr\u00e1s<\/td><\/tr><tr><td>Dr. T\u00f3th Csaba<\/td><\/tr><\/tbody><\/table><\/figure>\n\n\n\n<p><\/p>\n\n\n\n<p><\/p>\n\n\n\n<p id=\"block-02d98a9c-3a18-413a-a201-234b434a871c\"><strong>P\u00f3ttagok<\/strong><\/p>\n\n\n\n<figure class=\"wp-block-table is-style-stripes\"><table><tbody><tr><td>R\u00f3na Tivadar<\/td><\/tr><tr><td>Kov\u00e1cs G\u00e9za<\/td><\/tr><tr><td>R\u00e9dly L\u00e1szl\u00f3<\/td><\/tr><\/tbody><\/table><\/figure>\n\n\n\n<p id=\"block-7a9804bc-ee61-4782-9e47-f621c150c3fd\">Az eln\u00f6ks\u00e9gi \u00fcl\u00e9sek \u00e1lland\u00f3 megh\u00edvottjai:<\/p>\n\n\n\n<ul class=\"wp-block-list\" id=\"block-da38c6d7-f0e1-4446-aa00-036031517866\"><li>a Tagozat Min\u0151s\u00edt\u0151 Bizotts\u00e1g\u00e1nak eln\u00f6ke<\/li><li>a szakoszt\u00e1lyok eln\u00f6kei<\/li><li>a megyei szakcsoportok vezet\u0151i.<\/li><\/ul>\n\n\n\n<figure class=\"wp-block-table is-style-stripes\"><table><tbody><tr><td><\/td><\/tr><\/tbody><\/table><\/figure>\n\n\n\n<h2 class=\"wp-block-heading\">A szakmai gyakorlat szakir\u00e1ny\u00fas\u00e1g\u00e1t vizsg\u00e1l\u00f3 szak\u00e9rt\u0151i test\u00fclet:<\/h2>\n\n\n\n<figure class=\"wp-block-table is-style-stripes\"><table><tbody><tr><td>Wettstein Anik\u00f3 eln\u00f6k<\/td><\/tr><tr><td>Kocsis T\u00fcnde<\/td><\/tr><tr><td>Dr. Orosz Csaba<\/td><\/tr><tr><td>N\u00e1dasdy Tam\u00e1s<\/td><\/tr><tr><td>Bokory G\u00e1bor<\/td><\/tr><\/tbody><\/table><\/figure>\n\n\n\n<p id=\"block-51745415-074d-4f77-9891-444a6275c0c0\"><strong>P\u00f3ttagok:<\/strong><\/p>\n\n\n\n<figure class=\"wp-block-table is-style-stripes\"><table><tbody><tr><td>P\u00fcski Ott\u00f3<\/td><\/tr><tr><td>Mangel J\u00e1nos<\/td><\/tr><tr><td>Papp Ferenc Szil\u00e1rd<\/td><\/tr><\/tbody><\/table><\/figure>\n","protected":false},"excerpt":{"rendered":"<p>A k\u00f6zleked\u00e9si tagozat eln\u00f6ks\u00e9ge: Alap\u00edt\u00f3 \u00e9s tiszeletbeli eln\u00f6k\u00f6k N\u00e9v Dr. Karsay L\u00e1szl\u00f3 alap\u00edt\u00f3 eln\u00f6k Hamarn\u00e9 Szab\u00f3 M\u00e1ria tiszteletbeli eln\u00f6k Moln\u00e1r L\u00e1szl\u00f3 tiszteletbeli eln\u00f6k A K\u00f6zleked\u00e9si Tagozat eln\u00f6ks\u00e9ge Lakits Gy\u00f6rgy eln\u00f6k Kocsis T\u00fcnde eln\u00f6khelyettes Kov\u00e1cs \u00c9va eln\u00f6khelyettes Bokory G\u00e1bor Perj\u00e9s Tam\u00e1s Szerencsi G\u00e1bor Szil\u00e1gyi Andr\u00e1s Dr. T\u00f3th Csaba P\u00f3ttagok R\u00f3na Tivadar Kov\u00e1cs G\u00e9za R\u00e9dly L\u00e1szl\u00f3 Az [&hellip;]<\/p>\n","protected":false},"author":873,"featured_media":0,"parent":0,"menu_order":0,"comment_status":"closed","ping_status":"closed","template":"","meta":{"footnotes":""},"class_list":["post-712","page","type-page","status-publish","hentry"],"_links":{"self":[{"href":"https:\/\/mernokvagyok.hu\/kozlekedesi\/wp-json\/wp\/v2\/pages\/712","targetHints":{"allow":["GET"]}}],"collection":[{"href":"https:\/\/mernokvagyok.hu\/kozlekedesi\/wp-json\/wp\/v2\/pages"}],"about":[{"href":"https:\/\/mernokvagyok.hu\/kozlekedesi\/wp-json\/wp\/v2\/types\/page"}],"author":[{"embeddable":true,"href":"https:\/\/mernokvagyok.hu\/kozlekedesi\/wp-json\/wp\/v2\/users\/873"}],"replies":[{"embeddable":true,"href":"https:\/\/mernokvagyok.hu\/kozlekedesi\/wp-json\/wp\/v2\/comments?post=712"}],"version-history":[{"count":12,"href":"https:\/\/mernokvagyok.hu\/kozlekedesi\/wp-json\/wp\/v2\/pages\/712\/revisions"}],"predecessor-version":[{"id":1208,"href":"https:\/\/mernokvagyok.hu\/kozlekedesi\/wp-json\/wp\/v2\/pages\/712\/revisions\/1208"}],"wp:attachment":[{"href":"https:\/\/mernokvagyok.hu\/kozlekedesi\/wp-json\/wp\/v2\/media?parent=712"}],"curies":[{"name":"wp","href":"https:\/\/api.w.org\/{rel}","templated":true}]}}