{"id":689,"date":"2021-06-08T10:43:31","date_gmt":"2021-06-08T08:43:31","guid":{"rendered":"https:\/\/mernokvagyok.hu\/kozlekedesi\/?page_id=689"},"modified":"2025-07-15T09:39:07","modified_gmt":"2025-07-15T07:39:07","slug":"szakmai-allasfoglalasok","status":"publish","type":"page","link":"https:\/\/mernokvagyok.hu\/kozlekedesi\/szakmai-allasfoglalasok\/","title":{"rendered":"Szakmai \u00e1ll\u00e1sfoglal\u00e1sok"},"content":{"rendered":"\n<p><strong>MMK \u00faj Tervtartalmi Szab\u00e1lyzat elk\u00e9sz\u00edt\u00e9se<\/strong><br>1. Javaslat az MMK Szak\u00e1gi tervdokument\u00e1ci\u00f3k Tartalmi \u00e9s Formai\u00a0K\u00f6vetelm\u00e9nyei Szab\u00e1lyzata 5. sz. Fejezet\u00e9nek szakmaspecifikus alfejezete fel\u00e9p\u00edt\u00e9s\u00e9re Javaslat az MMK Szak\u00e1gi tervdokument\u00e1ci\u00f3k Tartalmi \u00e9s Formai\u00a0&#8211; <a href=\"https:\/\/mernokvagyok.hu\/kozlekedesi\/wp-content\/uploads\/2025\/07\/5.alfejezet_javasolt_felepites.pdf\">B\u0151vebben<\/a><\/p>\n\n\n\n<p>2. Szak\u00e1gi tervdokument\u00e1ci\u00f3k tartalmi \u00e9s formai k\u00f6vetelm\u00e9nyeinek szab\u00e1lyzata &#8211; <a href=\"https:\/\/mernokvagyok.hu\/kozlekedesi\/wp-content\/uploads\/2025\/07\/MUNKAKOZI_SZOVEG_Rev1__20250705.pdf\">B\u0151vebben<\/a><\/p>\n\n\n\n<p>&#8212;&#8212;<\/p>\n\n\n\n<p>Lev\u00e9l L\u00e1z\u00e1r J\u00e1nos \u00e9p\u00edt\u00e9si \u00e9s k\u00f6zleked\u00e9si miniszter \u00farnak a tervez\u0151i szervezetek t\u00e1mogat\u00e1sa kapcs\u00e1n &#8211; <a rel=\"noreferrer noopener\" href=\"https:\/\/mernokvagyok.hu\/kozlekedesi\/wp-content\/uploads\/2023\/04\/Lazar_Janos_Ur_reszere_MMK_A_234_1_2023.pdf\" target=\"_blank\">B\u0151vebben<\/a><\/p>\n\n\n\n<p>Lev\u00e9l L\u00e1z\u00e1r J\u00e1nos \u00e9p\u00edt\u00e9si \u00e9s k\u00f6zleked\u00e9si miniszter \u00farnak a magyar \u00e9p\u00edt\u00e9szetr\u0151l sz\u00f3l\u00f3 t\u00f6rv\u00e9ny kapcs\u00e1n &#8211; <a rel=\"noreferrer noopener\" href=\"https:\/\/mernokvagyok.hu\/kozlekedesi\/wp-content\/uploads\/2023\/02\/mmk_Lazar_Janos_level_20230203.pdf\" target=\"_blank\">B\u0151vebben<\/a><\/p>\n\n\n\n<p>L\u00e1z\u00e1r J\u00e1nos miniszter \u00far v\u00e1lasza Wagner Ern\u0151 eln\u00f6k \u00far r\u00e9sz\u00e9re &#8211; <a rel=\"noreferrer noopener\" href=\"https:\/\/mernokvagyok.hu\/kozlekedesi\/wp-content\/uploads\/2023\/02\/Lazar_Janos_valaszlevele.pdf\" data-type=\"URL\" data-id=\"https:\/\/mernokvagyok.hu\/kozlekedesi\/wp-content\/uploads\/2023\/02\/Lazar_Janos_valaszlevele.pdf\" target=\"_blank\">B\u0151vebben<\/a><\/p>\n\n\n\n<p>Szakmai \u00e1ll\u00e1sfoglal\u00e1s a vil\u00e1gj\u00e1rv\u00e1ny miatt bevezetend\u0151 k\u00f6zleked\u00e9si beavatkoz\u00e1sokr\u00f3l (2020.12.14.) &#8211; <a href=\"https:\/\/mernokvagyok.hu\/kozlekedesi\/szakmai-allasfoglalas-a-vilagjarvany-miatt-bevezetendo-kozlekedesi-beavatkozasokrol\/\" data-type=\"URL\" data-id=\"https:\/\/mernokvagyok.hu\/kozlekedesi\/szakmai-allasfoglalas-a-vilagjarvany-miatt-bevezetendo-kozlekedesi-beavatkozasokrol\/\">B\u0151vebben<\/a><\/p>\n\n\n\n<p>Szakmai \u00e1ll\u00e1sfoglal\u00e1s III. a D\u00e9li p\u00e1lyaudvar megsz\u00fcntet\u00e9s\u00e9vel kapcsolatban (2016.01.06.) &#8211; <a href=\"https:\/\/mernokvagyok.hu\/kozlekedesi\/az-mmk-kozlekedesi-tagozatanak-szakmai-allasfoglalasa\/\">B\u0151vebben<\/a><\/p>\n\n\n\n<p>Szakmai \u00e1ll\u00e1sfoglal\u00e1s II. a D\u00e9li p\u00e1lyaudvarhoz megsz\u00fcntet\u00e9s\u00e9vel, az alag\u00fat helyre\u00e1ll\u00edt\u00e1s\u00e1val kapcsolatban (2015.03.18.) &#8211; <a href=\"https:\/\/mernokvagyok.hu\/kozlekedesi\/az-mmk-kozlekedesi-tagozatanak-szakmai-allasfoglalasa\/\">B\u0151vebben<\/a><\/p>\n\n\n\n<p>Szakmai \u00e1ll\u00e1sfoglal\u00e1s I. a D\u00e9li p\u00e1lyaudvar megsz\u00fcntet\u00e9s\u00e9vel kapcsolatban (2015.03.11.) &#8211; <a href=\"https:\/\/mernokvagyok.hu\/kozlekedesi\/az-mmk-kozlekedesi-tagozatanak-szakmai-nyilatkozata-2\/\">B\u0151vebben<\/a><\/p>\n\n\n\n<p>K\u00f6zlem\u00e9ny: A magyarorsz\u00e1gi villamosenergia-ell\u00e1t\u00e1s forr\u00e1sai k\u00f6z\u00f6tt n\u00e9lk\u00fcl\u00f6zhetetlen az atomenergia (2014.01.24.) &#8211; <a href=\"https:\/\/mernokvagyok.hu\/kozlekedesi\/kozlemeny-a-magyarorszagi-villamosenergia-ellatas-forrasai-kozott-nelkulozhetetlen-az-atomenergia\/\">B\u0151vebben<\/a><\/p>\n\n\n\n<p><\/p>\n","protected":false},"excerpt":{"rendered":"<p>MMK \u00faj Tervtartalmi Szab\u00e1lyzat elk\u00e9sz\u00edt\u00e9se1. Javaslat az MMK Szak\u00e1gi tervdokument\u00e1ci\u00f3k Tartalmi \u00e9s Formai\u00a0K\u00f6vetelm\u00e9nyei Szab\u00e1lyzata 5. sz. Fejezet\u00e9nek szakmaspecifikus alfejezete fel\u00e9p\u00edt\u00e9s\u00e9re Javaslat az MMK Szak\u00e1gi tervdokument\u00e1ci\u00f3k Tartalmi \u00e9s Formai\u00a0&#8211; B\u0151vebben 2. Szak\u00e1gi tervdokument\u00e1ci\u00f3k tartalmi \u00e9s formai k\u00f6vetelm\u00e9nyeinek szab\u00e1lyzata &#8211; B\u0151vebben &#8212;&#8212; Lev\u00e9l L\u00e1z\u00e1r J\u00e1nos \u00e9p\u00edt\u00e9si \u00e9s k\u00f6zleked\u00e9si miniszter \u00farnak a tervez\u0151i szervezetek t\u00e1mogat\u00e1sa kapcs\u00e1n &#8211; B\u0151vebben [&hellip;]<\/p>\n","protected":false},"author":873,"featured_media":0,"parent":0,"menu_order":0,"comment_status":"closed","ping_status":"closed","template":"","meta":{"footnotes":""},"class_list":["post-689","page","type-page","status-publish","hentry"],"_links":{"self":[{"href":"https:\/\/mernokvagyok.hu\/kozlekedesi\/wp-json\/wp\/v2\/pages\/689","targetHints":{"allow":["GET"]}}],"collection":[{"href":"https:\/\/mernokvagyok.hu\/kozlekedesi\/wp-json\/wp\/v2\/pages"}],"about":[{"href":"https:\/\/mernokvagyok.hu\/kozlekedesi\/wp-json\/wp\/v2\/types\/page"}],"author":[{"embeddable":true,"href":"https:\/\/mernokvagyok.hu\/kozlekedesi\/wp-json\/wp\/v2\/users\/873"}],"replies":[{"embeddable":true,"href":"https:\/\/mernokvagyok.hu\/kozlekedesi\/wp-json\/wp\/v2\/comments?post=689"}],"version-history":[{"count":14,"href":"https:\/\/mernokvagyok.hu\/kozlekedesi\/wp-json\/wp\/v2\/pages\/689\/revisions"}],"predecessor-version":[{"id":1756,"href":"https:\/\/mernokvagyok.hu\/kozlekedesi\/wp-json\/wp\/v2\/pages\/689\/revisions\/1756"}],"wp:attachment":[{"href":"https:\/\/mernokvagyok.hu\/kozlekedesi\/wp-json\/wp\/v2\/media?parent=689"}],"curies":[{"name":"wp","href":"https:\/\/api.w.org\/{rel}","templated":true}]}}