{"id":605,"date":"2021-05-03T14:41:53","date_gmt":"2021-05-03T12:41:53","guid":{"rendered":"https:\/\/mernokvagyok.hu\/kozlekedesi\/?page_id=605"},"modified":"2021-06-11T15:18:55","modified_gmt":"2021-06-11T13:18:55","slug":"adatvedelmi-nyilatkozat","status":"publish","type":"page","link":"https:\/\/mernokvagyok.hu\/kozlekedesi\/adatvedelmi-nyilatkozat\/","title":{"rendered":"Adatv\u00e9delmi nyilatkozat"},"content":{"rendered":"\n<p><strong>Adatkezel\u00e9si \u00e9s felel\u0151ss\u00e9gi nyilatkozat<\/strong><\/p>\n\n\n\n<p>A Magyar M\u00e9rn\u00f6ki Kamara a jelsz\u00f3val v\u00e9dett tartalmakra, illetve a h\u00edrlev\u00e9lre val\u00f3 jelentkez\u00e9s regisztr\u00e1l\u00e1s\u00e1ra adatokat k\u00e9r be, a szolg\u00e1ltat\u00e1st haszn\u00e1lni k\u00edv\u00e1n\u00f3 szervezetekt\u0151l \u00e9s mag\u00e1nszem\u00e9lyekt\u0151l. A&nbsp; regisztr\u00e1ci\u00f3s elj\u00e1r\u00e1s sor\u00e1n a k\u00e9rd\u00e9sek \u00fatj\u00e1n bek\u00e9rt adatokon k\u00edv\u00fcl egy\u00e9b (\u00edgy p\u00e9ld\u00e1ul a bejelentkez\u00e9s hely\u00e9re, a bejelentkez\u00e9skor haszn\u00e1lt szoftverek t\u00edpus\u00e1ra, vagy a bejelentkez\u00e9s id\u0151pontj\u00e1ra utal\u00f3) adatokat semmilyen m\u00f3don nem gy\u0171jt, \u00e9s nem szerez meg. A&nbsp; regisztr\u00e1ci\u00f3s elj\u00e1r\u00e1sban beszerzett adatokat kiz\u00e1r\u00f3lag az ott megjel\u00f6lt c\u00e9lra haszn\u00e1lja fel, \u00e9s nem egyes\u00edti m\u00e1s forr\u00e1sb\u00f3l sz\u00e1rmaz\u00f3 adatb\u00e1zisaival. A regisztr\u00e1ci\u00f3s elj\u00e1r\u00e1s sor\u00e1n beszerzett adatokat harmadik f\u00e9lnek semmilyen form\u00e1ban nem adj\u00e1k \u00e1t.&nbsp; A regisztr\u00e1ci\u00f3s elj\u00e1r\u00e1s sor\u00e1n a regisztr\u00e1ci\u00f3t befejez\u0151 felhaszn\u00e1l\u00f3k j\u00f6v\u0151beni bejelentkez\u00e9s\u00e9t megk\u00f6nny\u00edt\u0151 kis sz\u00f6vegr\u00e9szleteket (cookie-kat) helyez el a felhaszn\u00e1l\u00f3k sz\u00e1m\u00edt\u00f3g\u00e9p\u00e9n. A cookie-k elfogad\u00e1sa nem teremt lehet\u0151s\u00e9get a kamara sz\u00e1m\u00e1ra sem a felhaszn\u00e1l\u00f3 sz\u00e1m\u00edt\u00f3g\u00e9p\u00e9hez, sem szem\u00e9lyes inform\u00e1ci\u00f3ihoz val\u00f3 hozz\u00e1f\u00e9r\u00e9sre azokon az adatokon k\u00edv\u00fcl, amelyekr\u0151l a felhaszn\u00e1l\u00f3 \u00fagy d\u00f6nt, hogy megismertet.&nbsp; Ezt az elj\u00e1r\u00e1st a kamara szigor\u00faan betartja. V\u00e1laszthat, hogy el k\u00edv\u00e1nja-e fogadni a cookie-kat. Amennyiben nem k\u00edv\u00e1nja elfogadni a cookie-k haszn\u00e1lat\u00e1t, akkor be\u00e1ll\u00edthatja web-b\u00f6ng\u00e9sz\u0151j\u00e9t olyan m\u00f3don, hogy az \u00e9rtes\u00edt\u00e9st k\u00fcldj\u00f6n a cookie-k elhelyez\u00e9s\u00e9nek k\u00e9relm\u00e9r\u0151l vagy automatikusan letiltsa a cookie-k haszn\u00e1lat\u00e1t.<\/p>\n\n\n\n<p>A kamara \u2013 b\u00e1r minden t\u0151le elv\u00e1rhat\u00f3t megtesz a regisztr\u00e1ci\u00f3s elj\u00e1r\u00e1s sor\u00e1n r\u00f6gz\u00edtett adatok titokban marad\u00e1s\u00e1\u00e9rt \u2013 a regisztr\u00e1ci\u00f3s rendszer m\u0171k\u00f6d\u00e9s\u00e9nek biztos\u00edt\u00e1s\u00e1\u00e9rt, nem felel\u0151s az adatok esetleges hardver vagy szoftverhiba miatti nyilv\u00e1noss\u00e1gra ker\u00fcl\u00e9s\u00e9\u00e9rt, sem azok\u00e9rt a k\u00e1rok\u00e9rt, amelyek a regisztr\u00e1ci\u00f3s oldalakkal \u00f6sszef\u00fcgg\u00e9sben, azok m\u0171k\u00f6d\u00e9sk\u00e9ptelens\u00e9g\u00e9b\u0151l, nem megfelel\u0151 haszn\u00e1lat\u00e1b\u00f3l, illetve sz\u00e1m\u00edt\u00f3g\u00e9pes v\u00edrusb\u00f3l, rendszerhib\u00e1b\u00f3l, adattov\u00e1bb\u00edt\u00e1si k\u00e9sedelemb\u0151l erednek, valamint a regisztr\u00e1ci\u00f3s oldalakon megtal\u00e1lhat\u00f3 adatok, inform\u00e1ci\u00f3k b\u00e1rki \u00e1ltal t\u00f6rt\u00e9n\u0151 illet\u00e9ktelen megv\u00e1ltoztat\u00e1s\u00e1val k\u00f6vetkeznek be. A kamara a regisztr\u00e1ci\u00f3s elj\u00e1r\u00e1s sor\u00e1n a felhaszn\u00e1l\u00f3kt\u00f3l gy\u0171jt\u00f6tt adatokat bizalmasan a hat\u00e1lyos jogszab\u00e1lyok k\u00fcl\u00f6n\u00f6sen az inform\u00e1ci\u00f3s \u00f6nrendelkez\u00e9si jogr\u00f3l \u00e9s az inform\u00e1ci\u00f3szabads\u00e1gr\u00f3l sz\u00f3l\u00f3 2011. \u00e9vi CXII. t\u00f6rv\u00e9ny \u00e9s az \u00e1ltal\u00e1nos adatv\u00e9delmi rendelet (EU\/2016\/679 eur\u00f3pai parlamenti \u00e9s tan\u00e1csi rendelet) rendelkez\u00e9seinek betart\u00e1s\u00e1val kezeli.<br><\/p>\n","protected":false},"excerpt":{"rendered":"<p>Adatkezel\u00e9si \u00e9s felel\u0151ss\u00e9gi nyilatkozat A Magyar M\u00e9rn\u00f6ki Kamara a jelsz\u00f3val v\u00e9dett tartalmakra, illetve a h\u00edrlev\u00e9lre val\u00f3 jelentkez\u00e9s regisztr\u00e1l\u00e1s\u00e1ra adatokat k\u00e9r be, a szolg\u00e1ltat\u00e1st haszn\u00e1lni k\u00edv\u00e1n\u00f3 szervezetekt\u0151l \u00e9s mag\u00e1nszem\u00e9lyekt\u0151l. A&nbsp; regisztr\u00e1ci\u00f3s elj\u00e1r\u00e1s sor\u00e1n a k\u00e9rd\u00e9sek \u00fatj\u00e1n bek\u00e9rt adatokon k\u00edv\u00fcl egy\u00e9b (\u00edgy p\u00e9ld\u00e1ul a bejelentkez\u00e9s hely\u00e9re, a bejelentkez\u00e9skor haszn\u00e1lt szoftverek t\u00edpus\u00e1ra, vagy a bejelentkez\u00e9s id\u0151pontj\u00e1ra utal\u00f3) adatokat [&hellip;]<\/p>\n","protected":false},"author":873,"featured_media":0,"parent":0,"menu_order":0,"comment_status":"closed","ping_status":"closed","template":"","meta":{"footnotes":""},"class_list":["post-605","page","type-page","status-publish","hentry"],"_links":{"self":[{"href":"https:\/\/mernokvagyok.hu\/kozlekedesi\/wp-json\/wp\/v2\/pages\/605","targetHints":{"allow":["GET"]}}],"collection":[{"href":"https:\/\/mernokvagyok.hu\/kozlekedesi\/wp-json\/wp\/v2\/pages"}],"about":[{"href":"https:\/\/mernokvagyok.hu\/kozlekedesi\/wp-json\/wp\/v2\/types\/page"}],"author":[{"embeddable":true,"href":"https:\/\/mernokvagyok.hu\/kozlekedesi\/wp-json\/wp\/v2\/users\/873"}],"replies":[{"embeddable":true,"href":"https:\/\/mernokvagyok.hu\/kozlekedesi\/wp-json\/wp\/v2\/comments?post=605"}],"version-history":[{"count":2,"href":"https:\/\/mernokvagyok.hu\/kozlekedesi\/wp-json\/wp\/v2\/pages\/605\/revisions"}],"predecessor-version":[{"id":911,"href":"https:\/\/mernokvagyok.hu\/kozlekedesi\/wp-json\/wp\/v2\/pages\/605\/revisions\/911"}],"wp:attachment":[{"href":"https:\/\/mernokvagyok.hu\/kozlekedesi\/wp-json\/wp\/v2\/media?parent=605"}],"curies":[{"name":"wp","href":"https:\/\/api.w.org\/{rel}","templated":true}]}}