{"id":603,"date":"2021-05-03T14:41:29","date_gmt":"2021-05-03T12:41:29","guid":{"rendered":"https:\/\/mernokvagyok.hu\/kozlekedesi\/?page_id=603"},"modified":"2021-06-11T15:20:33","modified_gmt":"2021-06-11T13:20:33","slug":"impresszum","status":"publish","type":"page","link":"https:\/\/mernokvagyok.hu\/kozlekedesi\/impresszum\/","title":{"rendered":"Impresszum"},"content":{"rendered":"\n<p><strong>Szolg\u00e1ltat\u00f3<\/strong><br>Magyar M\u00e9rn\u00f6ki Kamara<br>Nagy Gyula &#8211; eln\u00f6k<br>1117 Budapest, Szer\u00e9mi \u00fat 4.<br>E-mail: info@mmk.hu<br>Nyilv\u00e1ntart\u00f3 b\u00edr\u00f3s\u00e1g: F\u0151v\u00e1rosi T\u00f6rv\u00e9nysz\u00e9k C\u00e9gb\u00edr\u00f3s\u00e1ga<br><br><strong>Kapcsolat<br><\/strong>Magyar M\u00e9rn\u00f6ki Kamara &#8211; K\u00f6zleked\u00e9si Tagozat<br>1117 Budapest, Szer\u00e9mi \u00fat 4.<br>Tel: +36 1 345 9601<br>E-mail: kozlekedesi.tagozat@mmk.hu<br><br><strong>T\u00e1rhely szolg\u00e1ltat\u00f3<br><\/strong>C\u00e9gn\u00e9v: Reverse-Logic Kft.<br>C\u00edm: 1119 Budapest, Allende park 10. 1\/6.<br>Telefon: +36 70 342 6951<br>Ad\u00f3sz\u00e1m: 22635600-2-43<br>K\u00f6z\u00f6ss\u00e9gi ad\u00f3sz\u00e1m: HU22635600<br><br><strong>Szerz\u0151i jogok, Copyright<br><\/strong>Jelen honlap kiad\u00f3ja a Magyar M\u00e9rn\u00f6ki Kamara.<br>A Magyar M\u00e9rn\u00f6ki Kamara fenntart minden, a honlap b\u00e1rmely r\u00e9sz\u00e9nek (sz\u00f6veges tartalom, fot\u00f3k, stb.) b\u00e1rmilyen m\u00f3dszerrel, technik\u00e1val t\u00f6rt\u00e9n\u0151 m\u00e1sol\u00e1s\u00e1val \u00e9s terjeszt\u00e9s\u00e9vel kapcsolatos jogot. A laphoz tartoz\u00f3 oldalak tartalm\u00e1t \u00e9s kialak\u00edt\u00e1s\u00e1t nemzetk\u00f6zi \u00e9s magyar t\u00f6rv\u00e9nyek v\u00e9dik. Tilos azokat ak\u00e1r eredeti, ak\u00e1r \u00e1t\u00edrt form\u00e1ban b\u00e1rmilyen m\u00e9diumban k\u00f6z\u00f6lni, sug\u00e1rozni vagy tov\u00e1bbadni, r\u00e9szben vagy eg\u00e9szben sz\u00e1m\u00edt\u00f3g\u00e9pen t\u00e1rolni. A Kiad\u00f3 el\u0151zetes \u00edr\u00e1sos hozz\u00e1j\u00e1rul\u00e1sa n\u00e9lk\u00fcl tilos a honlap eg\u00e9sz\u00e9nek vagy r\u00e9szeinek feldolgoz\u00e1sa \u00e9s \u00e9rt\u00e9kes\u00edt\u00e9se.<br><br>Ez a nyilatkozat a szerz\u0151i jogr\u00f3l sz\u00f3l\u00f3 1999. \u00e9vi LXXVI. t\u00f6rv\u00e9ny 36. \u00a7 (2) bekezd\u00e9s\u00e9ben foglaltak szerinti tilt\u00f3 nyilatkozatnak min\u0151s\u00fcl.<\/p>\n","protected":false},"excerpt":{"rendered":"<p>Szolg\u00e1ltat\u00f3Magyar M\u00e9rn\u00f6ki KamaraNagy Gyula &#8211; eln\u00f6k1117 Budapest, Szer\u00e9mi \u00fat 4.E-mail: info@mmk.huNyilv\u00e1ntart\u00f3 b\u00edr\u00f3s\u00e1g: F\u0151v\u00e1rosi T\u00f6rv\u00e9nysz\u00e9k C\u00e9gb\u00edr\u00f3s\u00e1ga KapcsolatMagyar M\u00e9rn\u00f6ki Kamara &#8211; K\u00f6zleked\u00e9si Tagozat1117 Budapest, Szer\u00e9mi \u00fat 4.Tel: +36 1 345 9601E-mail: kozlekedesi.tagozat@mmk.hu T\u00e1rhely szolg\u00e1ltat\u00f3C\u00e9gn\u00e9v: Reverse-Logic Kft.C\u00edm: 1119 Budapest, Allende park 10. 1\/6.Telefon: +36 70 342 6951Ad\u00f3sz\u00e1m: 22635600-2-43K\u00f6z\u00f6ss\u00e9gi ad\u00f3sz\u00e1m: HU22635600 Szerz\u0151i jogok, CopyrightJelen honlap kiad\u00f3ja a Magyar M\u00e9rn\u00f6ki [&hellip;]<\/p>\n","protected":false},"author":873,"featured_media":0,"parent":0,"menu_order":0,"comment_status":"closed","ping_status":"closed","template":"","meta":{"footnotes":""},"class_list":["post-603","page","type-page","status-publish","hentry"],"_links":{"self":[{"href":"https:\/\/mernokvagyok.hu\/kozlekedesi\/wp-json\/wp\/v2\/pages\/603","targetHints":{"allow":["GET"]}}],"collection":[{"href":"https:\/\/mernokvagyok.hu\/kozlekedesi\/wp-json\/wp\/v2\/pages"}],"about":[{"href":"https:\/\/mernokvagyok.hu\/kozlekedesi\/wp-json\/wp\/v2\/types\/page"}],"author":[{"embeddable":true,"href":"https:\/\/mernokvagyok.hu\/kozlekedesi\/wp-json\/wp\/v2\/users\/873"}],"replies":[{"embeddable":true,"href":"https:\/\/mernokvagyok.hu\/kozlekedesi\/wp-json\/wp\/v2\/comments?post=603"}],"version-history":[{"count":5,"href":"https:\/\/mernokvagyok.hu\/kozlekedesi\/wp-json\/wp\/v2\/pages\/603\/revisions"}],"predecessor-version":[{"id":913,"href":"https:\/\/mernokvagyok.hu\/kozlekedesi\/wp-json\/wp\/v2\/pages\/603\/revisions\/913"}],"wp:attachment":[{"href":"https:\/\/mernokvagyok.hu\/kozlekedesi\/wp-json\/wp\/v2\/media?parent=603"}],"curies":[{"name":"wp","href":"https:\/\/api.w.org\/{rel}","templated":true}]}}