{"id":54,"date":"2021-04-13T09:38:02","date_gmt":"2021-04-13T07:38:02","guid":{"rendered":"https:\/\/mernokvagyok.hu\/kozlekedesi\/?page_id=54"},"modified":"2021-06-08T16:04:24","modified_gmt":"2021-06-08T14:04:24","slug":"hasznos-linkek","status":"publish","type":"page","link":"https:\/\/mernokvagyok.hu\/kozlekedesi\/hasznos-linkek\/","title":{"rendered":"Hasznos linkek"},"content":{"rendered":"\n<p><a href=\"https:\/\/www.maut.hu\/\">MAGYAR \u00daT- \u00c9S VAS\u00daT\u00dcGYI T\u00c1RSAS\u00c1G (maut.hu)<\/a><\/p>\n\n\n\n<p><a href=\"https:\/\/www.ktenet.hu\/\">Home (ktenet.hu)<\/a><\/p>\n\n\n\n<p><a href=\"https:\/\/nif.hu\/\">Nif Zrt.<\/a><\/p>\n\n\n\n<p><a href=\"https:\/\/internet.kozut.hu\/\">Magyar K\u00f6z\u00fat Nonprofit Zrt. (kozut.hu)<\/a><\/p>\n\n\n\n<p><a href=\"https:\/\/kormany.hu\/innovacios-es-technologiai-miniszterium\">Magyarorsz\u00e1g Korm\u00e1nya &#8211; Innov\u00e1ci\u00f3s \u00e9s Technol\u00f3giai Miniszt\u00e9rium (kormany.hu)<\/a><\/p>\n\n\n\n<p><a href=\"https:\/\/www.mavcsoport.hu\/\">M\u00c1V-csoport | (mavcsoport.hu)<\/a><\/p>\n\n\n\n<p><a href=\"https:\/\/bkk.hu\/\">BKK.hu<\/a><\/p>\n\n\n\n<p><a href=\"https:\/\/www.mahartpassnave.hu\/hu\/\">MAHART Passnave<\/a><\/p>\n\n\n\n<p><a href=\"https:\/\/airportal.hu\/\">AIRportal.hu | L\u00e9gik\u00f6zleked\u00e9s \u2708 L\u00e9giutaz\u00e1s \u2708 Rep\u00fcl\u00e9s<\/a><\/p>\n\n\n\n<p><a href=\"https:\/\/kerekparosklub.hu\/\">F\u0151oldal | Ker\u00e9kp\u00e1rosklub.hu (kerekparosklub.hu)<\/a><\/p>\n\n\n\n<p><a href=\"https:\/\/flowcycle.hu\/\">FLOWCYCLE &#8211; A bring\u00e1sok \u00faj kezd\u0151oldala!<\/a><\/p>\n\n\n\n<p><a href=\"https:\/\/molbubi.hu\/\">MOL Bubi<\/a><\/p>\n\n\n\n<p><a href=\"https:\/\/www.li.me\/en-us\/home\">Lime Micromobility | Electric Scooter and Bike Rentals<\/a><\/p>\n","protected":false},"excerpt":{"rendered":"<p>MAGYAR \u00daT- \u00c9S VAS\u00daT\u00dcGYI T\u00c1RSAS\u00c1G (maut.hu) Home (ktenet.hu) Nif Zrt. Magyar K\u00f6z\u00fat Nonprofit Zrt. (kozut.hu) Magyarorsz\u00e1g Korm\u00e1nya &#8211; Innov\u00e1ci\u00f3s \u00e9s Technol\u00f3giai Miniszt\u00e9rium (kormany.hu) M\u00c1V-csoport | (mavcsoport.hu) BKK.hu MAHART Passnave AIRportal.hu | L\u00e9gik\u00f6zleked\u00e9s \u2708 L\u00e9giutaz\u00e1s \u2708 Rep\u00fcl\u00e9s F\u0151oldal | Ker\u00e9kp\u00e1rosklub.hu (kerekparosklub.hu) FLOWCYCLE &#8211; A bring\u00e1sok \u00faj kezd\u0151oldala! MOL Bubi Lime Micromobility | Electric Scooter and Bike [&hellip;]<\/p>\n","protected":false},"author":873,"featured_media":0,"parent":0,"menu_order":0,"comment_status":"closed","ping_status":"closed","template":"","meta":{"footnotes":""},"class_list":["post-54","page","type-page","status-publish","hentry"],"_links":{"self":[{"href":"https:\/\/mernokvagyok.hu\/kozlekedesi\/wp-json\/wp\/v2\/pages\/54","targetHints":{"allow":["GET"]}}],"collection":[{"href":"https:\/\/mernokvagyok.hu\/kozlekedesi\/wp-json\/wp\/v2\/pages"}],"about":[{"href":"https:\/\/mernokvagyok.hu\/kozlekedesi\/wp-json\/wp\/v2\/types\/page"}],"author":[{"embeddable":true,"href":"https:\/\/mernokvagyok.hu\/kozlekedesi\/wp-json\/wp\/v2\/users\/873"}],"replies":[{"embeddable":true,"href":"https:\/\/mernokvagyok.hu\/kozlekedesi\/wp-json\/wp\/v2\/comments?post=54"}],"version-history":[{"count":2,"href":"https:\/\/mernokvagyok.hu\/kozlekedesi\/wp-json\/wp\/v2\/pages\/54\/revisions"}],"predecessor-version":[{"id":877,"href":"https:\/\/mernokvagyok.hu\/kozlekedesi\/wp-json\/wp\/v2\/pages\/54\/revisions\/877"}],"wp:attachment":[{"href":"https:\/\/mernokvagyok.hu\/kozlekedesi\/wp-json\/wp\/v2\/media?parent=54"}],"curies":[{"name":"wp","href":"https:\/\/api.w.org\/{rel}","templated":true}]}}