{"id":278,"date":"2021-04-27T14:07:29","date_gmt":"2021-04-27T12:07:29","guid":{"rendered":"https:\/\/mernokvagyok.hu\/kozlekedesi\/?page_id=278"},"modified":"2021-05-03T14:52:41","modified_gmt":"2021-05-03T12:52:41","slug":"kepzes","status":"publish","type":"page","link":"https:\/\/mernokvagyok.hu\/kozlekedesi\/kepzes\/","title":{"rendered":"K\u00e9pz\u00e9s"},"content":{"rendered":"\n<div class=\"wp-block-buttons is-layout-flex wp-block-buttons-is-layout-flex\">\n<div class=\"wp-block-button\"><a class=\"wp-block-button__link\" href=\"https:\/\/mernokvagyok.hu\/kozlekedesi\/szakmai-kiadvanyok\/\">Szakmai k\u00e9pz\u00e9s<\/a><\/div>\n\n\n\n<div class=\"wp-block-button\"><a class=\"wp-block-button__link\" href=\"https:\/\/mernokvagyok.hu\/kozlekedesi\/tagozati-kepzesi-kiadvanyok\/\">Tagozati k\u00e9pz\u00e9s<\/a><\/div>\n\n\n\n<div class=\"wp-block-button\"><a class=\"wp-block-button__link\" href=\"https:\/\/mernokvagyok.hu\/kozlekedesi\/kepzesi-rend\/\">K\u00e9pz\u00e9si rend<\/a><\/div>\n\n\n\n<div class=\"wp-block-button\"><a class=\"wp-block-button__link\">Szakmai k\u00e9pz\u00e9s t\u00e9mak\u00f6r\u00f6k, esem\u00e9nynapt\u00e1r<\/a><\/div>\n\n\n\n<div class=\"wp-block-button\"><a class=\"wp-block-button__link\" href=\"https:\/\/mernokvagyok.hu\/kozlekedesi\/jogi-kepzes-tananyag-idopontok\/\">Jogi k\u00e9pz\u00e9s, tananyag, id\u0151pontok<\/a><\/div>\n\n\n\n<div class=\"wp-block-button\"><a class=\"wp-block-button__link\" href=\"https:\/\/mernokvagyok.hu\/kozlekedesi\/ajanlott-kepzesek\/\">Aj\u00e1nlott k\u00e9pz\u00e9sek<\/a><\/div>\n\n\n\n<div class=\"wp-block-button\"><a class=\"wp-block-button__link\" href=\"https:\/\/mernokvagyok.hu\/kozlekedesi\/mesteriskola\/\">Mesteriskola<\/a><\/div>\n\n\n\n<div class=\"wp-block-button\"><a class=\"wp-block-button__link\" href=\"https:\/\/mernokvagyok.hu\/kozlekedesi\/auditor-kepzes\/\">Auditor k\u00e9pz\u00e9s<\/a><\/div>\n\n\n\n<div class=\"wp-block-button\"><a class=\"wp-block-button__link\" href=\"https:\/\/mernokvagyok.hu\/kozlekedesi\/tagozati-kepzesi-kiadvanyok\/\">Tagozati k\u00e9pz\u00e9si kiadv\u00e1nyok<\/a><\/div>\n\n\n\n<div class=\"wp-block-button\"><a class=\"wp-block-button__link\" href=\"https:\/\/mernokvagyok.hu\/kozlekedesi\/fap-anyagok-elerhetosege\/\">FAP anyagok el\u00e9rhet\u0151s\u00e9ge<\/a><\/div>\n<\/div>\n","protected":false},"excerpt":{"rendered":"","protected":false},"author":873,"featured_media":0,"parent":0,"menu_order":0,"comment_status":"closed","ping_status":"closed","template":"","meta":{"footnotes":""},"class_list":["post-278","page","type-page","status-publish","hentry"],"_links":{"self":[{"href":"https:\/\/mernokvagyok.hu\/kozlekedesi\/wp-json\/wp\/v2\/pages\/278","targetHints":{"allow":["GET"]}}],"collection":[{"href":"https:\/\/mernokvagyok.hu\/kozlekedesi\/wp-json\/wp\/v2\/pages"}],"about":[{"href":"https:\/\/mernokvagyok.hu\/kozlekedesi\/wp-json\/wp\/v2\/types\/page"}],"author":[{"embeddable":true,"href":"https:\/\/mernokvagyok.hu\/kozlekedesi\/wp-json\/wp\/v2\/users\/873"}],"replies":[{"embeddable":true,"href":"https:\/\/mernokvagyok.hu\/kozlekedesi\/wp-json\/wp\/v2\/comments?post=278"}],"version-history":[{"count":2,"href":"https:\/\/mernokvagyok.hu\/kozlekedesi\/wp-json\/wp\/v2\/pages\/278\/revisions"}],"predecessor-version":[{"id":623,"href":"https:\/\/mernokvagyok.hu\/kozlekedesi\/wp-json\/wp\/v2\/pages\/278\/revisions\/623"}],"wp:attachment":[{"href":"https:\/\/mernokvagyok.hu\/kozlekedesi\/wp-json\/wp\/v2\/media?parent=278"}],"curies":[{"name":"wp","href":"https:\/\/api.w.org\/{rel}","templated":true}]}}